{"id":783,"date":"2025-10-01T01:15:19","date_gmt":"2025-10-01T01:15:19","guid":{"rendered":"https:\/\/eveilintime.fr\/?post_type=product&#038;p=783"},"modified":"2025-10-03T22:08:22","modified_gmt":"2025-10-03T22:08:22","slug":"kit-coquin-4-pieces-menottes-2-plumes-et-masque-rouge","status":"publish","type":"product","link":"https:\/\/eveilintime.fr\/?product=kit-coquin-4-pieces-menottes-2-plumes-et-masque-rouge","title":{"rendered":"Kit coquin 4 pi\u00e8ces : Menottes, 2 plumes et masque rouge"},"content":{"rendered":"<p>Soir\u00e9e c\u00e2line, frissonnant et tr\u00e8s \u00e9rotique avec ce kit plaisirs et frissons. A vous imaginez l&rsquo;aventure que vous souhaitez pour passer une soir\u00e9e inoubliable avec votre partenaire.<\/p>\n<p>Votre set coquin rouge est compos\u00e9 d&rsquo;une paire de <strong>menottes garnie de fourrure amovible<\/strong>\u00a0(vendu avec 2 cl\u00e9s), Longueur de la chainette : 8 cm. D&rsquo;un masque en tissus avec \u00e9lastique et de 2 plumes en duvet.<\/p>\n<p>Composition : Plume, peluche et polyester<\/p>\n","protected":false},"excerpt":{"rendered":"<p>&nbsp;<\/p>\n<p style=\"text-align: center;\"><img decoding=\"async\" class=\"alignnone size-medium wp-image-756 lazyload\" data-src=\"https:\/\/eveilintime.fr\/wp-content\/uploads\/2025\/10\/paiement-securise-garanti-300x76.png\" alt=\"\" width=\"300\" height=\"76\" data-srcset=\"https:\/\/eveilintime.fr\/wp-content\/uploads\/2025\/10\/paiement-securise-garanti-300x76.png 300w, https:\/\/eveilintime.fr\/wp-content\/uploads\/2025\/10\/paiement-securise-garanti.png 446w\" data-sizes=\"(max-width: 300px) 100vw, 300px\" src=\"data:image\/svg+xml;base64,PHN2ZyB3aWR0aD0iMSIgaGVpZ2h0PSIxIiB4bWxucz0iaHR0cDovL3d3dy53My5vcmcvMjAwMC9zdmciPjwvc3ZnPg==\" style=\"--smush-placeholder-width: 300px; --smush-placeholder-aspect-ratio: 300\/76;\" \/><\/p>\n","protected":false},"featured_media":992,"comment_status":"open","ping_status":"closed","template":"","meta":[],"product_brand":[],"product_cat":[49],"product_tag":[52,55,53,54],"class_list":{"0":"post-783","1":"product","2":"type-product","3":"status-publish","4":"has-post-thumbnail","6":"product_cat-coffret-bdsm","7":"product_tag-bdsm","8":"product_tag-masque","9":"product_tag-menotte","10":"product_tag-plume","12":"first","13":"instock","14":"taxable","15":"shipping-taxable","16":"purchasable","17":"product-type-simple"},"yoast_head":"<!-- This site is optimized with the Yoast SEO plugin v27.1.1 - https:\/\/yoast.com\/product\/yoast-seo-wordpress\/ -->\n<title>Kit coquin 4 pi\u00e8ces : Menottes, 2 plumes et masque rouge - \u00c9veil Intime<\/title>\n<meta name=\"description\" content=\"Univers BDSM pour d\u00e9butants et initi\u00e9s : sextoys, accessoires de domination et jeux de r\u00f4le. Discr\u00e9tion garantie.\" \/>\n<meta name=\"robots\" content=\"index, follow, max-snippet:-1, max-image-preview:large, max-video-preview:-1\" \/>\n<link rel=\"canonical\" href=\"https:\/\/eveilintime.fr\/index.php\/produit\/kit-coquin-4-pieces-menottes-2-plumes-et-masque-rouge\/\" \/>\n<meta property=\"og:locale\" content=\"fr_FR\" \/>\n<meta property=\"og:type\" content=\"article\" \/>\n<meta property=\"og:title\" content=\"Kit coquin 4 pi\u00e8ces : Menottes, 2 plumes et masque rouge - \u00c9veil Intime\" \/>\n<meta property=\"og:description\" content=\"Univers BDSM pour d\u00e9butants et initi\u00e9s : sextoys, accessoires de domination et jeux de r\u00f4le. Discr\u00e9tion garantie.\" \/>\n<meta property=\"og:url\" content=\"https:\/\/eveilintime.fr\/index.php\/produit\/kit-coquin-4-pieces-menottes-2-plumes-et-masque-rouge\/\" \/>\n<meta property=\"og:site_name\" content=\"\u00c9veil Intime\" \/>\n<meta property=\"article:modified_time\" content=\"2025-10-03T22:08:22+00:00\" \/>\n<meta property=\"og:image\" content=\"https:\/\/eveilintime.fr\/wp-content\/uploads\/2025\/10\/kit-coquin-4-pieces-menottes-2-plumes-et-masque-rouge-332400005.jpg\" \/>\n\t<meta property=\"og:image:width\" content=\"492\" \/>\n\t<meta property=\"og:image:height\" content=\"653\" \/>\n\t<meta property=\"og:image:type\" content=\"image\/jpeg\" \/>\n<meta name=\"twitter:card\" content=\"summary_large_image\" \/>\n<meta name=\"twitter:label1\" content=\"Dur\u00e9e de lecture estim\u00e9e\" \/>\n\t<meta name=\"twitter:data1\" content=\"1 minute\" \/>\n<script type=\"application\/ld+json\" class=\"yoast-schema-graph\">{\"@context\":\"https:\/\/schema.org\",\"@graph\":[{\"@type\":\"WebPage\",\"@id\":\"https:\/\/eveilintime.fr\/index.php\/produit\/kit-coquin-4-pieces-menottes-2-plumes-et-masque-rouge\/\",\"url\":\"https:\/\/eveilintime.fr\/index.php\/produit\/kit-coquin-4-pieces-menottes-2-plumes-et-masque-rouge\/\",\"name\":\"Kit coquin 4 pi\u00e8ces : Menottes, 2 plumes et masque rouge - \u00c9veil Intime\",\"isPartOf\":{\"@id\":\"https:\/\/eveilintime.fr\/#website\"},\"primaryImageOfPage\":{\"@id\":\"https:\/\/eveilintime.fr\/index.php\/produit\/kit-coquin-4-pieces-menottes-2-plumes-et-masque-rouge\/#primaryimage\"},\"image\":{\"@id\":\"https:\/\/eveilintime.fr\/index.php\/produit\/kit-coquin-4-pieces-menottes-2-plumes-et-masque-rouge\/#primaryimage\"},\"thumbnailUrl\":\"https:\/\/eveilintime.fr\/wp-content\/uploads\/2025\/10\/kit-coquin-4-pieces-menottes-2-plumes-et-masque-rouge-332400005.jpg\",\"datePublished\":\"2025-10-01T01:15:19+00:00\",\"dateModified\":\"2025-10-03T22:08:22+00:00\",\"description\":\"Univers BDSM pour d\u00e9butants et initi\u00e9s : sextoys, accessoires de domination et jeux de r\u00f4le. Discr\u00e9tion garantie.\",\"breadcrumb\":{\"@id\":\"https:\/\/eveilintime.fr\/index.php\/produit\/kit-coquin-4-pieces-menottes-2-plumes-et-masque-rouge\/#breadcrumb\"},\"inLanguage\":\"fr-FR\",\"potentialAction\":[{\"@type\":\"ReadAction\",\"target\":[\"https:\/\/eveilintime.fr\/index.php\/produit\/kit-coquin-4-pieces-menottes-2-plumes-et-masque-rouge\/\"]}]},{\"@type\":\"ImageObject\",\"inLanguage\":\"fr-FR\",\"@id\":\"https:\/\/eveilintime.fr\/index.php\/produit\/kit-coquin-4-pieces-menottes-2-plumes-et-masque-rouge\/#primaryimage\",\"url\":\"https:\/\/eveilintime.fr\/wp-content\/uploads\/2025\/10\/kit-coquin-4-pieces-menottes-2-plumes-et-masque-rouge-332400005.jpg\",\"contentUrl\":\"https:\/\/eveilintime.fr\/wp-content\/uploads\/2025\/10\/kit-coquin-4-pieces-menottes-2-plumes-et-masque-rouge-332400005.jpg\",\"width\":492,\"height\":653},{\"@type\":\"BreadcrumbList\",\"@id\":\"https:\/\/eveilintime.fr\/index.php\/produit\/kit-coquin-4-pieces-menottes-2-plumes-et-masque-rouge\/#breadcrumb\",\"itemListElement\":[{\"@type\":\"ListItem\",\"position\":1,\"name\":\"Accueil\",\"item\":\"https:\/\/eveilintime.fr\/\"},{\"@type\":\"ListItem\",\"position\":2,\"name\":\"Boutique\",\"item\":\"https:\/\/eveilintime.fr\/?page_id=8\"},{\"@type\":\"ListItem\",\"position\":3,\"name\":\"Kit coquin 4 pi\u00e8ces : Menottes, 2 plumes et masque rouge\"}]},{\"@type\":\"WebSite\",\"@id\":\"https:\/\/eveilintime.fr\/#website\",\"url\":\"https:\/\/eveilintime.fr\/\",\"name\":\"\u00c9veilintime\",\"description\":\"Parce que l&#039;intime m\u00e9rite l&#039;\u00e9l\u00e9gance\",\"publisher\":{\"@id\":\"https:\/\/eveilintime.fr\/#organization\"},\"potentialAction\":[{\"@type\":\"SearchAction\",\"target\":{\"@type\":\"EntryPoint\",\"urlTemplate\":\"https:\/\/eveilintime.fr\/?s={search_term_string}\"},\"query-input\":{\"@type\":\"PropertyValueSpecification\",\"valueRequired\":true,\"valueName\":\"search_term_string\"}}],\"inLanguage\":\"fr-FR\"},{\"@type\":\"Organization\",\"@id\":\"https:\/\/eveilintime.fr\/#organization\",\"name\":\"\u00c9veilintime\",\"url\":\"https:\/\/eveilintime.fr\/\",\"logo\":{\"@type\":\"ImageObject\",\"inLanguage\":\"fr-FR\",\"@id\":\"https:\/\/eveilintime.fr\/#\/schema\/logo\/image\/\",\"url\":\"https:\/\/eveilintime.fr\/wp-content\/uploads\/2025\/09\/logo-Eveil-Intime.png\",\"contentUrl\":\"https:\/\/eveilintime.fr\/wp-content\/uploads\/2025\/09\/logo-Eveil-Intime.png\",\"width\":417,\"height\":160,\"caption\":\"\u00c9veilintime\"},\"image\":{\"@id\":\"https:\/\/eveilintime.fr\/#\/schema\/logo\/image\/\"}}]}<\/script>\n<!-- \/ Yoast SEO plugin. -->","yoast_head_json":{"title":"Kit coquin 4 pi\u00e8ces : Menottes, 2 plumes et masque rouge - \u00c9veil Intime","description":"Univers BDSM pour d\u00e9butants et initi\u00e9s : sextoys, accessoires de domination et jeux de r\u00f4le. Discr\u00e9tion garantie.","robots":{"index":"index","follow":"follow","max-snippet":"max-snippet:-1","max-image-preview":"max-image-preview:large","max-video-preview":"max-video-preview:-1"},"canonical":"https:\/\/eveilintime.fr\/index.php\/produit\/kit-coquin-4-pieces-menottes-2-plumes-et-masque-rouge\/","og_locale":"fr_FR","og_type":"article","og_title":"Kit coquin 4 pi\u00e8ces : Menottes, 2 plumes et masque rouge - \u00c9veil Intime","og_description":"Univers BDSM pour d\u00e9butants et initi\u00e9s : sextoys, accessoires de domination et jeux de r\u00f4le. Discr\u00e9tion garantie.","og_url":"https:\/\/eveilintime.fr\/index.php\/produit\/kit-coquin-4-pieces-menottes-2-plumes-et-masque-rouge\/","og_site_name":"\u00c9veil Intime","article_modified_time":"2025-10-03T22:08:22+00:00","og_image":[{"width":492,"height":653,"url":"https:\/\/eveilintime.fr\/wp-content\/uploads\/2025\/10\/kit-coquin-4-pieces-menottes-2-plumes-et-masque-rouge-332400005.jpg","type":"image\/jpeg"}],"twitter_card":"summary_large_image","twitter_misc":{"Dur\u00e9e de lecture estim\u00e9e":"1 minute"},"schema":{"@context":"https:\/\/schema.org","@graph":[{"@type":"WebPage","@id":"https:\/\/eveilintime.fr\/index.php\/produit\/kit-coquin-4-pieces-menottes-2-plumes-et-masque-rouge\/","url":"https:\/\/eveilintime.fr\/index.php\/produit\/kit-coquin-4-pieces-menottes-2-plumes-et-masque-rouge\/","name":"Kit coquin 4 pi\u00e8ces : Menottes, 2 plumes et masque rouge - \u00c9veil Intime","isPartOf":{"@id":"https:\/\/eveilintime.fr\/#website"},"primaryImageOfPage":{"@id":"https:\/\/eveilintime.fr\/index.php\/produit\/kit-coquin-4-pieces-menottes-2-plumes-et-masque-rouge\/#primaryimage"},"image":{"@id":"https:\/\/eveilintime.fr\/index.php\/produit\/kit-coquin-4-pieces-menottes-2-plumes-et-masque-rouge\/#primaryimage"},"thumbnailUrl":"https:\/\/eveilintime.fr\/wp-content\/uploads\/2025\/10\/kit-coquin-4-pieces-menottes-2-plumes-et-masque-rouge-332400005.jpg","datePublished":"2025-10-01T01:15:19+00:00","dateModified":"2025-10-03T22:08:22+00:00","description":"Univers BDSM pour d\u00e9butants et initi\u00e9s : sextoys, accessoires de domination et jeux de r\u00f4le. Discr\u00e9tion garantie.","breadcrumb":{"@id":"https:\/\/eveilintime.fr\/index.php\/produit\/kit-coquin-4-pieces-menottes-2-plumes-et-masque-rouge\/#breadcrumb"},"inLanguage":"fr-FR","potentialAction":[{"@type":"ReadAction","target":["https:\/\/eveilintime.fr\/index.php\/produit\/kit-coquin-4-pieces-menottes-2-plumes-et-masque-rouge\/"]}]},{"@type":"ImageObject","inLanguage":"fr-FR","@id":"https:\/\/eveilintime.fr\/index.php\/produit\/kit-coquin-4-pieces-menottes-2-plumes-et-masque-rouge\/#primaryimage","url":"https:\/\/eveilintime.fr\/wp-content\/uploads\/2025\/10\/kit-coquin-4-pieces-menottes-2-plumes-et-masque-rouge-332400005.jpg","contentUrl":"https:\/\/eveilintime.fr\/wp-content\/uploads\/2025\/10\/kit-coquin-4-pieces-menottes-2-plumes-et-masque-rouge-332400005.jpg","width":492,"height":653},{"@type":"BreadcrumbList","@id":"https:\/\/eveilintime.fr\/index.php\/produit\/kit-coquin-4-pieces-menottes-2-plumes-et-masque-rouge\/#breadcrumb","itemListElement":[{"@type":"ListItem","position":1,"name":"Accueil","item":"https:\/\/eveilintime.fr\/"},{"@type":"ListItem","position":2,"name":"Boutique","item":"https:\/\/eveilintime.fr\/?page_id=8"},{"@type":"ListItem","position":3,"name":"Kit coquin 4 pi\u00e8ces : Menottes, 2 plumes et masque rouge"}]},{"@type":"WebSite","@id":"https:\/\/eveilintime.fr\/#website","url":"https:\/\/eveilintime.fr\/","name":"\u00c9veilintime","description":"Parce que l&#039;intime m\u00e9rite l&#039;\u00e9l\u00e9gance","publisher":{"@id":"https:\/\/eveilintime.fr\/#organization"},"potentialAction":[{"@type":"SearchAction","target":{"@type":"EntryPoint","urlTemplate":"https:\/\/eveilintime.fr\/?s={search_term_string}"},"query-input":{"@type":"PropertyValueSpecification","valueRequired":true,"valueName":"search_term_string"}}],"inLanguage":"fr-FR"},{"@type":"Organization","@id":"https:\/\/eveilintime.fr\/#organization","name":"\u00c9veilintime","url":"https:\/\/eveilintime.fr\/","logo":{"@type":"ImageObject","inLanguage":"fr-FR","@id":"https:\/\/eveilintime.fr\/#\/schema\/logo\/image\/","url":"https:\/\/eveilintime.fr\/wp-content\/uploads\/2025\/09\/logo-Eveil-Intime.png","contentUrl":"https:\/\/eveilintime.fr\/wp-content\/uploads\/2025\/09\/logo-Eveil-Intime.png","width":417,"height":160,"caption":"\u00c9veilintime"},"image":{"@id":"https:\/\/eveilintime.fr\/#\/schema\/logo\/image\/"}}]}},"jetpack_sharing_enabled":true,"_links":{"self":[{"href":"https:\/\/eveilintime.fr\/index.php?rest_route=\/wp\/v2\/product\/783","targetHints":{"allow":["GET"]}}],"collection":[{"href":"https:\/\/eveilintime.fr\/index.php?rest_route=\/wp\/v2\/product"}],"about":[{"href":"https:\/\/eveilintime.fr\/index.php?rest_route=\/wp\/v2\/types\/product"}],"replies":[{"embeddable":true,"href":"https:\/\/eveilintime.fr\/index.php?rest_route=%2Fwp%2Fv2%2Fcomments&post=783"}],"version-history":[{"count":2,"href":"https:\/\/eveilintime.fr\/index.php?rest_route=\/wp\/v2\/product\/783\/revisions"}],"predecessor-version":[{"id":786,"href":"https:\/\/eveilintime.fr\/index.php?rest_route=\/wp\/v2\/product\/783\/revisions\/786"}],"wp:featuredmedia":[{"embeddable":true,"href":"https:\/\/eveilintime.fr\/index.php?rest_route=\/wp\/v2\/media\/992"}],"wp:attachment":[{"href":"https:\/\/eveilintime.fr\/index.php?rest_route=%2Fwp%2Fv2%2Fmedia&parent=783"}],"wp:term":[{"taxonomy":"product_brand","embeddable":true,"href":"https:\/\/eveilintime.fr\/index.php?rest_route=%2Fwp%2Fv2%2Fproduct_brand&post=783"},{"taxonomy":"product_cat","embeddable":true,"href":"https:\/\/eveilintime.fr\/index.php?rest_route=%2Fwp%2Fv2%2Fproduct_cat&post=783"},{"taxonomy":"product_tag","embeddable":true,"href":"https:\/\/eveilintime.fr\/index.php?rest_route=%2Fwp%2Fv2%2Fproduct_tag&post=783"}],"curies":[{"name":"wp","href":"https:\/\/api.w.org\/{rel}","templated":true}]}}