{"id":752,"date":"2025-10-01T00:26:36","date_gmt":"2025-10-01T00:26:36","guid":{"rendered":"https:\/\/eveilintime.fr\/?post_type=product&#038;p=752"},"modified":"2025-10-03T22:03:31","modified_gmt":"2025-10-03T22:03:31","slug":"bas-resille-noire-avec-strass","status":"publish","type":"product","link":"https:\/\/eveilintime.fr\/?product=bas-resille-noire-avec-strass","title":{"rendered":"Bas r\u00e9sille noire avec strass"},"content":{"rendered":"<p><strong>Bas noirs en r\u00e9sille<\/strong>\u00a0intemporels revisit\u00e9s avec des<strong>\u00a0strass scintillants<\/strong>, ajoutant une touche de luxe et de glamour \u00e0 toute tenue.<\/p>\n<p>Id\u00e9al pour sublimer un look s\u00e9duisant ou compl\u00e9ter une lingerie \u00e9l\u00e9gante.<\/p>\n<p>Conseils d&rsquo;entretien : Lavage \u00e0 la main. Ne pas blanchir. Ne pas repasser.<\/p>\n<p>Composition : 95% Polyamide 5% Elastane<\/p>\n<p>Taille unique<\/p>\n","protected":false},"excerpt":{"rendered":"<p>Bas en r\u00e9sille noire orn\u00e9s de strass de votre distributeur Mapal\u00e9.<\/p>\n<p>&nbsp;<\/p>\n<p style=\"text-align: center;\"><img decoding=\"async\" class=\"alignnone size-medium wp-image-756 lazyload\" data-src=\"https:\/\/eveilintime.fr\/wp-content\/uploads\/2025\/10\/paiement-securise-garanti-300x76.png\" alt=\"\" width=\"300\" height=\"76\" data-srcset=\"https:\/\/eveilintime.fr\/wp-content\/uploads\/2025\/10\/paiement-securise-garanti-300x76.png 300w, https:\/\/eveilintime.fr\/wp-content\/uploads\/2025\/10\/paiement-securise-garanti.png 446w\" data-sizes=\"(max-width: 300px) 100vw, 300px\" src=\"data:image\/svg+xml;base64,PHN2ZyB3aWR0aD0iMSIgaGVpZ2h0PSIxIiB4bWxucz0iaHR0cDovL3d3dy53My5vcmcvMjAwMC9zdmciPjwvc3ZnPg==\" style=\"--smush-placeholder-width: 300px; --smush-placeholder-aspect-ratio: 300\/76;\" \/><\/p>\n","protected":false},"featured_media":1000,"comment_status":"open","ping_status":"closed","template":"","meta":[],"product_brand":[29],"product_cat":[47],"product_tag":[48,33],"class_list":{"0":"post-752","1":"product","2":"type-product","3":"status-publish","4":"has-post-thumbnail","6":"product_brand-mapale","7":"product_cat-bas","8":"product_tag-bas","9":"product_tag-sexy","11":"first","12":"instock","13":"taxable","14":"shipping-taxable","15":"purchasable","16":"product-type-simple"},"yoast_head":"<!-- This site is optimized with the Yoast SEO plugin v27.1.1 - https:\/\/yoast.com\/product\/yoast-seo-wordpress\/ -->\n<title>Bas r\u00e9sille noire avec strass - \u00c9veil Intime<\/title>\n<meta name=\"description\" content=\"Boostez votre vie intime avec notre sexshop en ligne : jouets coquins, lingerie et accessoires pour pimenter vos moments \u00e0 deux.\" \/>\n<meta name=\"robots\" content=\"index, follow, max-snippet:-1, max-image-preview:large, max-video-preview:-1\" \/>\n<link rel=\"canonical\" href=\"https:\/\/eveilintime.fr\/index.php\/produit\/bas-resille-noire-avec-strass\/\" \/>\n<meta property=\"og:locale\" content=\"fr_FR\" \/>\n<meta property=\"og:type\" content=\"article\" \/>\n<meta property=\"og:title\" content=\"Bas r\u00e9sille noire avec strass - \u00c9veil Intime\" \/>\n<meta property=\"og:description\" content=\"Boostez votre vie intime avec notre sexshop en ligne : jouets coquins, lingerie et accessoires pour pimenter vos moments \u00e0 deux.\" \/>\n<meta property=\"og:url\" content=\"https:\/\/eveilintime.fr\/index.php\/produit\/bas-resille-noire-avec-strass\/\" \/>\n<meta property=\"og:site_name\" content=\"\u00c9veil Intime\" \/>\n<meta property=\"article:modified_time\" content=\"2025-10-03T22:03:31+00:00\" \/>\n<meta property=\"og:image\" content=\"https:\/\/eveilintime.fr\/wp-content\/uploads\/2025\/10\/bas-resilles-noir-avec-strass-mal1124bkrh.png\" \/>\n\t<meta property=\"og:image:width\" content=\"800\" \/>\n\t<meta property=\"og:image:height\" content=\"800\" \/>\n\t<meta property=\"og:image:type\" content=\"image\/png\" \/>\n<meta name=\"twitter:card\" content=\"summary_large_image\" \/>\n<meta name=\"twitter:label1\" content=\"Dur\u00e9e de lecture estim\u00e9e\" \/>\n\t<meta name=\"twitter:data1\" content=\"1 minute\" \/>\n<script type=\"application\/ld+json\" class=\"yoast-schema-graph\">{\"@context\":\"https:\/\/schema.org\",\"@graph\":[{\"@type\":\"WebPage\",\"@id\":\"https:\/\/eveilintime.fr\/index.php\/produit\/bas-resille-noire-avec-strass\/\",\"url\":\"https:\/\/eveilintime.fr\/index.php\/produit\/bas-resille-noire-avec-strass\/\",\"name\":\"Bas r\u00e9sille noire avec strass - \u00c9veil Intime\",\"isPartOf\":{\"@id\":\"https:\/\/eveilintime.fr\/#website\"},\"primaryImageOfPage\":{\"@id\":\"https:\/\/eveilintime.fr\/index.php\/produit\/bas-resille-noire-avec-strass\/#primaryimage\"},\"image\":{\"@id\":\"https:\/\/eveilintime.fr\/index.php\/produit\/bas-resille-noire-avec-strass\/#primaryimage\"},\"thumbnailUrl\":\"https:\/\/eveilintime.fr\/wp-content\/uploads\/2025\/10\/bas-resilles-noir-avec-strass-mal1124bkrh.png\",\"datePublished\":\"2025-10-01T00:26:36+00:00\",\"dateModified\":\"2025-10-03T22:03:31+00:00\",\"description\":\"Boostez votre vie intime avec notre sexshop en ligne : jouets coquins, lingerie et accessoires pour pimenter vos moments \u00e0 deux.\",\"breadcrumb\":{\"@id\":\"https:\/\/eveilintime.fr\/index.php\/produit\/bas-resille-noire-avec-strass\/#breadcrumb\"},\"inLanguage\":\"fr-FR\",\"potentialAction\":[{\"@type\":\"ReadAction\",\"target\":[\"https:\/\/eveilintime.fr\/index.php\/produit\/bas-resille-noire-avec-strass\/\"]}]},{\"@type\":\"ImageObject\",\"inLanguage\":\"fr-FR\",\"@id\":\"https:\/\/eveilintime.fr\/index.php\/produit\/bas-resille-noire-avec-strass\/#primaryimage\",\"url\":\"https:\/\/eveilintime.fr\/wp-content\/uploads\/2025\/10\/bas-resilles-noir-avec-strass-mal1124bkrh.png\",\"contentUrl\":\"https:\/\/eveilintime.fr\/wp-content\/uploads\/2025\/10\/bas-resilles-noir-avec-strass-mal1124bkrh.png\",\"width\":800,\"height\":800},{\"@type\":\"BreadcrumbList\",\"@id\":\"https:\/\/eveilintime.fr\/index.php\/produit\/bas-resille-noire-avec-strass\/#breadcrumb\",\"itemListElement\":[{\"@type\":\"ListItem\",\"position\":1,\"name\":\"Accueil\",\"item\":\"https:\/\/eveilintime.fr\/\"},{\"@type\":\"ListItem\",\"position\":2,\"name\":\"Boutique\",\"item\":\"https:\/\/eveilintime.fr\/?page_id=8\"},{\"@type\":\"ListItem\",\"position\":3,\"name\":\"Bas r\u00e9sille noire avec strass\"}]},{\"@type\":\"WebSite\",\"@id\":\"https:\/\/eveilintime.fr\/#website\",\"url\":\"https:\/\/eveilintime.fr\/\",\"name\":\"\u00c9veilintime\",\"description\":\"Parce que l&#039;intime m\u00e9rite l&#039;\u00e9l\u00e9gance\",\"publisher\":{\"@id\":\"https:\/\/eveilintime.fr\/#organization\"},\"potentialAction\":[{\"@type\":\"SearchAction\",\"target\":{\"@type\":\"EntryPoint\",\"urlTemplate\":\"https:\/\/eveilintime.fr\/?s={search_term_string}\"},\"query-input\":{\"@type\":\"PropertyValueSpecification\",\"valueRequired\":true,\"valueName\":\"search_term_string\"}}],\"inLanguage\":\"fr-FR\"},{\"@type\":\"Organization\",\"@id\":\"https:\/\/eveilintime.fr\/#organization\",\"name\":\"\u00c9veilintime\",\"url\":\"https:\/\/eveilintime.fr\/\",\"logo\":{\"@type\":\"ImageObject\",\"inLanguage\":\"fr-FR\",\"@id\":\"https:\/\/eveilintime.fr\/#\/schema\/logo\/image\/\",\"url\":\"https:\/\/eveilintime.fr\/wp-content\/uploads\/2025\/09\/logo-Eveil-Intime.png\",\"contentUrl\":\"https:\/\/eveilintime.fr\/wp-content\/uploads\/2025\/09\/logo-Eveil-Intime.png\",\"width\":417,\"height\":160,\"caption\":\"\u00c9veilintime\"},\"image\":{\"@id\":\"https:\/\/eveilintime.fr\/#\/schema\/logo\/image\/\"}}]}<\/script>\n<!-- \/ Yoast SEO plugin. -->","yoast_head_json":{"title":"Bas r\u00e9sille noire avec strass - \u00c9veil Intime","description":"Boostez votre vie intime avec notre sexshop en ligne : jouets coquins, lingerie et accessoires pour pimenter vos moments \u00e0 deux.","robots":{"index":"index","follow":"follow","max-snippet":"max-snippet:-1","max-image-preview":"max-image-preview:large","max-video-preview":"max-video-preview:-1"},"canonical":"https:\/\/eveilintime.fr\/index.php\/produit\/bas-resille-noire-avec-strass\/","og_locale":"fr_FR","og_type":"article","og_title":"Bas r\u00e9sille noire avec strass - \u00c9veil Intime","og_description":"Boostez votre vie intime avec notre sexshop en ligne : jouets coquins, lingerie et accessoires pour pimenter vos moments \u00e0 deux.","og_url":"https:\/\/eveilintime.fr\/index.php\/produit\/bas-resille-noire-avec-strass\/","og_site_name":"\u00c9veil Intime","article_modified_time":"2025-10-03T22:03:31+00:00","og_image":[{"width":800,"height":800,"url":"https:\/\/eveilintime.fr\/wp-content\/uploads\/2025\/10\/bas-resilles-noir-avec-strass-mal1124bkrh.png","type":"image\/png"}],"twitter_card":"summary_large_image","twitter_misc":{"Dur\u00e9e de lecture estim\u00e9e":"1 minute"},"schema":{"@context":"https:\/\/schema.org","@graph":[{"@type":"WebPage","@id":"https:\/\/eveilintime.fr\/index.php\/produit\/bas-resille-noire-avec-strass\/","url":"https:\/\/eveilintime.fr\/index.php\/produit\/bas-resille-noire-avec-strass\/","name":"Bas r\u00e9sille noire avec strass - \u00c9veil Intime","isPartOf":{"@id":"https:\/\/eveilintime.fr\/#website"},"primaryImageOfPage":{"@id":"https:\/\/eveilintime.fr\/index.php\/produit\/bas-resille-noire-avec-strass\/#primaryimage"},"image":{"@id":"https:\/\/eveilintime.fr\/index.php\/produit\/bas-resille-noire-avec-strass\/#primaryimage"},"thumbnailUrl":"https:\/\/eveilintime.fr\/wp-content\/uploads\/2025\/10\/bas-resilles-noir-avec-strass-mal1124bkrh.png","datePublished":"2025-10-01T00:26:36+00:00","dateModified":"2025-10-03T22:03:31+00:00","description":"Boostez votre vie intime avec notre sexshop en ligne : jouets coquins, lingerie et accessoires pour pimenter vos moments \u00e0 deux.","breadcrumb":{"@id":"https:\/\/eveilintime.fr\/index.php\/produit\/bas-resille-noire-avec-strass\/#breadcrumb"},"inLanguage":"fr-FR","potentialAction":[{"@type":"ReadAction","target":["https:\/\/eveilintime.fr\/index.php\/produit\/bas-resille-noire-avec-strass\/"]}]},{"@type":"ImageObject","inLanguage":"fr-FR","@id":"https:\/\/eveilintime.fr\/index.php\/produit\/bas-resille-noire-avec-strass\/#primaryimage","url":"https:\/\/eveilintime.fr\/wp-content\/uploads\/2025\/10\/bas-resilles-noir-avec-strass-mal1124bkrh.png","contentUrl":"https:\/\/eveilintime.fr\/wp-content\/uploads\/2025\/10\/bas-resilles-noir-avec-strass-mal1124bkrh.png","width":800,"height":800},{"@type":"BreadcrumbList","@id":"https:\/\/eveilintime.fr\/index.php\/produit\/bas-resille-noire-avec-strass\/#breadcrumb","itemListElement":[{"@type":"ListItem","position":1,"name":"Accueil","item":"https:\/\/eveilintime.fr\/"},{"@type":"ListItem","position":2,"name":"Boutique","item":"https:\/\/eveilintime.fr\/?page_id=8"},{"@type":"ListItem","position":3,"name":"Bas r\u00e9sille noire avec strass"}]},{"@type":"WebSite","@id":"https:\/\/eveilintime.fr\/#website","url":"https:\/\/eveilintime.fr\/","name":"\u00c9veilintime","description":"Parce que l&#039;intime m\u00e9rite l&#039;\u00e9l\u00e9gance","publisher":{"@id":"https:\/\/eveilintime.fr\/#organization"},"potentialAction":[{"@type":"SearchAction","target":{"@type":"EntryPoint","urlTemplate":"https:\/\/eveilintime.fr\/?s={search_term_string}"},"query-input":{"@type":"PropertyValueSpecification","valueRequired":true,"valueName":"search_term_string"}}],"inLanguage":"fr-FR"},{"@type":"Organization","@id":"https:\/\/eveilintime.fr\/#organization","name":"\u00c9veilintime","url":"https:\/\/eveilintime.fr\/","logo":{"@type":"ImageObject","inLanguage":"fr-FR","@id":"https:\/\/eveilintime.fr\/#\/schema\/logo\/image\/","url":"https:\/\/eveilintime.fr\/wp-content\/uploads\/2025\/09\/logo-Eveil-Intime.png","contentUrl":"https:\/\/eveilintime.fr\/wp-content\/uploads\/2025\/09\/logo-Eveil-Intime.png","width":417,"height":160,"caption":"\u00c9veilintime"},"image":{"@id":"https:\/\/eveilintime.fr\/#\/schema\/logo\/image\/"}}]}},"jetpack_sharing_enabled":true,"_links":{"self":[{"href":"https:\/\/eveilintime.fr\/index.php?rest_route=\/wp\/v2\/product\/752","targetHints":{"allow":["GET"]}}],"collection":[{"href":"https:\/\/eveilintime.fr\/index.php?rest_route=\/wp\/v2\/product"}],"about":[{"href":"https:\/\/eveilintime.fr\/index.php?rest_route=\/wp\/v2\/types\/product"}],"replies":[{"embeddable":true,"href":"https:\/\/eveilintime.fr\/index.php?rest_route=%2Fwp%2Fv2%2Fcomments&post=752"}],"version-history":[{"count":1,"href":"https:\/\/eveilintime.fr\/index.php?rest_route=\/wp\/v2\/product\/752\/revisions"}],"predecessor-version":[{"id":757,"href":"https:\/\/eveilintime.fr\/index.php?rest_route=\/wp\/v2\/product\/752\/revisions\/757"}],"wp:featuredmedia":[{"embeddable":true,"href":"https:\/\/eveilintime.fr\/index.php?rest_route=\/wp\/v2\/media\/1000"}],"wp:attachment":[{"href":"https:\/\/eveilintime.fr\/index.php?rest_route=%2Fwp%2Fv2%2Fmedia&parent=752"}],"wp:term":[{"taxonomy":"product_brand","embeddable":true,"href":"https:\/\/eveilintime.fr\/index.php?rest_route=%2Fwp%2Fv2%2Fproduct_brand&post=752"},{"taxonomy":"product_cat","embeddable":true,"href":"https:\/\/eveilintime.fr\/index.php?rest_route=%2Fwp%2Fv2%2Fproduct_cat&post=752"},{"taxonomy":"product_tag","embeddable":true,"href":"https:\/\/eveilintime.fr\/index.php?rest_route=%2Fwp%2Fv2%2Fproduct_tag&post=752"}],"curies":[{"name":"wp","href":"https:\/\/api.w.org\/{rel}","templated":true}]}}