{"id":669,"date":"2025-09-28T23:09:29","date_gmt":"2025-09-28T23:09:29","guid":{"rendered":"https:\/\/eveilintime.fr\/?post_type=product&#038;p=669"},"modified":"2025-11-23T23:28:07","modified_gmt":"2025-11-23T23:28:07","slug":"calendrier-de-lavent-coquin-satisfyer-deluxe-2025-24-surprises","status":"publish","type":"product","link":"https:\/\/eveilintime.fr\/?product=calendrier-de-lavent-coquin-satisfyer-deluxe-2025-24-surprises","title":{"rendered":"Calendrier de l\u2019Avent Coquin Satisfyer Deluxe 2025 \u2013 24 surprises"},"content":{"rendered":"<p>Plus qu\u2019un simple coffret, c\u2019est un concentr\u00e9 de plaisirs raffin\u00e9s, con\u00e7u pour transformer l\u2019attente de No\u00ebl en une aventure sensorielle inoubliable.<\/p>\n<p>Pens\u00e9 pour les couples comme pour les explorateurs en solo, ce calendrier premium r\u00e9unit\u00a0<strong>24 surprises intimes<\/strong>\u00a0alliant accessoires coquins, sextoys et produits de bien-\u00eatre \u00e9rotique. Chaque jour de d\u00e9cembre r\u00e9serve un nouvel objet de plaisir, soigneusement s\u00e9lectionn\u00e9 pour \u00e9veiller les sens et varier les exp\u00e9riences.<\/p>\n<p><strong>Contenu du calendrier Satisfyer Deluxe 2025 :<\/strong><\/p>\n<ul>\n<li>Boule de geisha<\/li>\n<li>Bougie de massage Satisfyer<\/li>\n<li>Huile de massage Satisfyer<\/li>\n<li>Jeu de cartes \u00e9rotiques (EN\/DE)<\/li>\n<li>Lubrifiant Satisfyer (x2)<\/li>\n<li>\u0152uf masturbateur Satisfyer<\/li>\n<li>Nettoyant pour sextoys<\/li>\n<li>Masque en satin pour les yeux<\/li>\n<li>Chapelet anal<\/li>\n<li>Menottes<\/li>\n<li>Pinces \u00e0 t\u00e9tons<\/li>\n<li>Fouet<\/li>\n<li>Gaine p\u00e9nienne \u00e0 picots<\/li>\n<li>Plumeau coquin<\/li>\n<li>Vibromasseur \u00e0 ondes de pression Fun Factory \u00ab Intense \u00bb<\/li>\n<li>Bodystocking Penthouse taille unique (al\u00e9atoire)<\/li>\n<li>Coupe menstruelle Fun Factory \u00ab Fun Cup \u00bb taille A<\/li>\n<li>Culotte de No\u00ebl Penthouse<\/li>\n<li>Satisfyer \u00ab Booty Call \u00bb en silicone (1 pi\u00e8ce)<\/li>\n<li>Ruban de bondage<\/li>\n<li>Vibro-bullet puissant<\/li>\n<li>Jeu de d\u00e9s \u00e9rotiques (2 pi\u00e8ces)<\/li>\n<li>Vibromasseur Fun Factory \u00ab Ange Wicked Wings \u00bb<\/li>\n<\/ul>\n<p>Avec sa s\u00e9lection premium et vari\u00e9e, le\u00a0<strong>Satisfyer Deluxe 2025<\/strong>\u00a0s\u2019impose comme un produit phare en p\u00e9riode de f\u00eates. Parfait pour r\u00e9pondre \u00e0 la demande croissante de cadeaux coquins originaux.<\/p>\n<p>&nbsp;<\/p>\n<p>Retrouvez nous sur Facebook :<\/p>\n<p><a href=\"https:\/\/www.facebook.com\/profile.php?id=61580816765623&amp;locale=fr_FR\">https:\/\/www.facebook.com\/profile.php?id=61580816765623&amp;locale=fr_FR<\/a><\/p>\n<p>&nbsp;<\/p>\n<p>Retrouvez tout les produits de notre boutique :<\/p>\n<p><a href=\"https:\/\/eveilintime.fr\/index.php\/shop\/\">https:\/\/eveilintime.fr\/index.php\/shop\/<\/a><\/p>\n","protected":false},"excerpt":{"rendered":"<p>Une \u00e9dition exclusive de l\u2019Avent avec 24 accessoires sensuels et produits Satisfyer pour un mois de d\u00e9cembre inoubliable, de votre distributeur Satisfyer Calendrier de l&rsquo;Avent.<\/p>\n<p>&nbsp;<\/p>\n<p><img decoding=\"async\" class=\"alignnone size-medium wp-image-434 aligncenter lazyload\" data-src=\"https:\/\/eveilintime.fr\/wp-content\/uploads\/2025\/09\/paiement-securise-garanti-1-300x76.png\" alt=\"Paiement s\u00e9curis\u00e9 garanti\" width=\"300\" height=\"76\" src=\"data:image\/svg+xml;base64,PHN2ZyB3aWR0aD0iMSIgaGVpZ2h0PSIxIiB4bWxucz0iaHR0cDovL3d3dy53My5vcmcvMjAwMC9zdmciPjwvc3ZnPg==\" style=\"--smush-placeholder-width: 300px; --smush-placeholder-aspect-ratio: 300\/76;\" \/><\/p>\n","protected":false},"featured_media":974,"comment_status":"open","ping_status":"closed","template":"","meta":[],"product_brand":[20],"product_cat":[134],"product_tag":[38,31,39,37],"class_list":{"0":"post-669","1":"product","2":"type-product","3":"status-publish","4":"has-post-thumbnail","6":"product_brand-satisfyer","7":"product_cat-calendrier-de-lavent","8":"product_tag-calendrier","9":"product_tag-lingerie","10":"product_tag-noel","11":"product_tag-sextoys","13":"first","14":"instock","15":"taxable","16":"shipping-taxable","17":"purchasable","18":"product-type-simple"},"yoast_head":"<!-- This site is optimized with the Yoast SEO plugin v27.1.1 - https:\/\/yoast.com\/product\/yoast-seo-wordpress\/ -->\n<title>Calendrier de l\u2019Avent Coquin Satisfyer Deluxe 2025 \u2013 24 surprises - \u00c9veil Intime<\/title>\n<meta name=\"description\" content=\"Lingerie sensuelle et sextoys de qualit\u00e9. Offrez-vous plaisir et \u00e9l\u00e9gance gr\u00e2ce \u00e0 notre boutique en ligne, avec exp\u00e9dition rapide et discr\u00e8te.\" \/>\n<meta name=\"robots\" content=\"index, follow, max-snippet:-1, max-image-preview:large, max-video-preview:-1\" \/>\n<link rel=\"canonical\" href=\"https:\/\/eveilintime.fr\/?product=calendrier-de-lavent-coquin-satisfyer-deluxe-2025-24-surprises\" \/>\n<meta property=\"og:locale\" content=\"fr_FR\" \/>\n<meta property=\"og:type\" content=\"article\" \/>\n<meta property=\"og:title\" content=\"Calendrier de l\u2019Avent Coquin Satisfyer Deluxe 2025 \u2013 24 surprises - \u00c9veil Intime\" \/>\n<meta property=\"og:description\" content=\"Lingerie sensuelle et sextoys de qualit\u00e9. Offrez-vous plaisir et \u00e9l\u00e9gance gr\u00e2ce \u00e0 notre boutique en ligne, avec exp\u00e9dition rapide et discr\u00e8te.\" \/>\n<meta property=\"og:url\" content=\"https:\/\/eveilintime.fr\/?product=calendrier-de-lavent-coquin-satisfyer-deluxe-2025-24-surprises\" \/>\n<meta property=\"og:site_name\" content=\"\u00c9veil Intime\" \/>\n<meta property=\"article:modified_time\" content=\"2025-11-23T23:28:07+00:00\" \/>\n<meta property=\"og:image\" content=\"https:\/\/eveilintime.fr\/wp-content\/uploads\/2025\/09\/calendrier-de-l-avent-coquin-satisfyer-deluxe-cc-3-1.png\" \/>\n\t<meta property=\"og:image:width\" content=\"800\" \/>\n\t<meta property=\"og:image:height\" content=\"800\" \/>\n\t<meta property=\"og:image:type\" content=\"image\/png\" \/>\n<meta name=\"twitter:card\" content=\"summary_large_image\" \/>\n<meta name=\"twitter:label1\" content=\"Dur\u00e9e de lecture estim\u00e9e\" \/>\n\t<meta name=\"twitter:data1\" content=\"2 minutes\" \/>\n<script type=\"application\/ld+json\" class=\"yoast-schema-graph\">{\"@context\":\"https:\/\/schema.org\",\"@graph\":[{\"@type\":\"WebPage\",\"@id\":\"https:\/\/eveilintime.fr\/?product=calendrier-de-lavent-coquin-satisfyer-deluxe-2025-24-surprises\",\"url\":\"https:\/\/eveilintime.fr\/?product=calendrier-de-lavent-coquin-satisfyer-deluxe-2025-24-surprises\",\"name\":\"Calendrier de l\u2019Avent Coquin Satisfyer Deluxe 2025 \u2013 24 surprises - \u00c9veil Intime\",\"isPartOf\":{\"@id\":\"https:\/\/eveilintime.fr\/#website\"},\"primaryImageOfPage\":{\"@id\":\"https:\/\/eveilintime.fr\/?product=calendrier-de-lavent-coquin-satisfyer-deluxe-2025-24-surprises#primaryimage\"},\"image\":{\"@id\":\"https:\/\/eveilintime.fr\/?product=calendrier-de-lavent-coquin-satisfyer-deluxe-2025-24-surprises#primaryimage\"},\"thumbnailUrl\":\"https:\/\/eveilintime.fr\/wp-content\/uploads\/2025\/09\/calendrier-de-l-avent-coquin-satisfyer-deluxe-cc-3-1.png\",\"datePublished\":\"2025-09-28T23:09:29+00:00\",\"dateModified\":\"2025-11-23T23:28:07+00:00\",\"description\":\"Lingerie sensuelle et sextoys de qualit\u00e9. Offrez-vous plaisir et \u00e9l\u00e9gance gr\u00e2ce \u00e0 notre boutique en ligne, avec exp\u00e9dition rapide et discr\u00e8te.\",\"breadcrumb\":{\"@id\":\"https:\/\/eveilintime.fr\/?product=calendrier-de-lavent-coquin-satisfyer-deluxe-2025-24-surprises#breadcrumb\"},\"inLanguage\":\"fr-FR\",\"potentialAction\":[{\"@type\":\"ReadAction\",\"target\":[\"https:\/\/eveilintime.fr\/?product=calendrier-de-lavent-coquin-satisfyer-deluxe-2025-24-surprises\"]}]},{\"@type\":\"ImageObject\",\"inLanguage\":\"fr-FR\",\"@id\":\"https:\/\/eveilintime.fr\/?product=calendrier-de-lavent-coquin-satisfyer-deluxe-2025-24-surprises#primaryimage\",\"url\":\"https:\/\/eveilintime.fr\/wp-content\/uploads\/2025\/09\/calendrier-de-l-avent-coquin-satisfyer-deluxe-cc-3-1.png\",\"contentUrl\":\"https:\/\/eveilintime.fr\/wp-content\/uploads\/2025\/09\/calendrier-de-l-avent-coquin-satisfyer-deluxe-cc-3-1.png\",\"width\":800,\"height\":800},{\"@type\":\"BreadcrumbList\",\"@id\":\"https:\/\/eveilintime.fr\/?product=calendrier-de-lavent-coquin-satisfyer-deluxe-2025-24-surprises#breadcrumb\",\"itemListElement\":[{\"@type\":\"ListItem\",\"position\":1,\"name\":\"Accueil\",\"item\":\"https:\/\/eveilintime.fr\/\"},{\"@type\":\"ListItem\",\"position\":2,\"name\":\"Boutique\",\"item\":\"https:\/\/eveilintime.fr\/?page_id=8\"},{\"@type\":\"ListItem\",\"position\":3,\"name\":\"Calendrier de l\u2019Avent Coquin Satisfyer Deluxe 2025 \u2013 24 surprises\"}]},{\"@type\":\"WebSite\",\"@id\":\"https:\/\/eveilintime.fr\/#website\",\"url\":\"https:\/\/eveilintime.fr\/\",\"name\":\"\u00c9veilintime\",\"description\":\"Parce que l&#039;intime m\u00e9rite l&#039;\u00e9l\u00e9gance\",\"publisher\":{\"@id\":\"https:\/\/eveilintime.fr\/#organization\"},\"potentialAction\":[{\"@type\":\"SearchAction\",\"target\":{\"@type\":\"EntryPoint\",\"urlTemplate\":\"https:\/\/eveilintime.fr\/?s={search_term_string}\"},\"query-input\":{\"@type\":\"PropertyValueSpecification\",\"valueRequired\":true,\"valueName\":\"search_term_string\"}}],\"inLanguage\":\"fr-FR\"},{\"@type\":\"Organization\",\"@id\":\"https:\/\/eveilintime.fr\/#organization\",\"name\":\"\u00c9veilintime\",\"url\":\"https:\/\/eveilintime.fr\/\",\"logo\":{\"@type\":\"ImageObject\",\"inLanguage\":\"fr-FR\",\"@id\":\"https:\/\/eveilintime.fr\/#\/schema\/logo\/image\/\",\"url\":\"https:\/\/eveilintime.fr\/wp-content\/uploads\/2025\/09\/logo-Eveil-Intime.png\",\"contentUrl\":\"https:\/\/eveilintime.fr\/wp-content\/uploads\/2025\/09\/logo-Eveil-Intime.png\",\"width\":417,\"height\":160,\"caption\":\"\u00c9veilintime\"},\"image\":{\"@id\":\"https:\/\/eveilintime.fr\/#\/schema\/logo\/image\/\"}}]}<\/script>\n<!-- \/ Yoast SEO plugin. -->","yoast_head_json":{"title":"Calendrier de l\u2019Avent Coquin Satisfyer Deluxe 2025 \u2013 24 surprises - \u00c9veil Intime","description":"Lingerie sensuelle et sextoys de qualit\u00e9. Offrez-vous plaisir et \u00e9l\u00e9gance gr\u00e2ce \u00e0 notre boutique en ligne, avec exp\u00e9dition rapide et discr\u00e8te.","robots":{"index":"index","follow":"follow","max-snippet":"max-snippet:-1","max-image-preview":"max-image-preview:large","max-video-preview":"max-video-preview:-1"},"canonical":"https:\/\/eveilintime.fr\/?product=calendrier-de-lavent-coquin-satisfyer-deluxe-2025-24-surprises","og_locale":"fr_FR","og_type":"article","og_title":"Calendrier de l\u2019Avent Coquin Satisfyer Deluxe 2025 \u2013 24 surprises - \u00c9veil Intime","og_description":"Lingerie sensuelle et sextoys de qualit\u00e9. Offrez-vous plaisir et \u00e9l\u00e9gance gr\u00e2ce \u00e0 notre boutique en ligne, avec exp\u00e9dition rapide et discr\u00e8te.","og_url":"https:\/\/eveilintime.fr\/?product=calendrier-de-lavent-coquin-satisfyer-deluxe-2025-24-surprises","og_site_name":"\u00c9veil Intime","article_modified_time":"2025-11-23T23:28:07+00:00","og_image":[{"width":800,"height":800,"url":"https:\/\/eveilintime.fr\/wp-content\/uploads\/2025\/09\/calendrier-de-l-avent-coquin-satisfyer-deluxe-cc-3-1.png","type":"image\/png"}],"twitter_card":"summary_large_image","twitter_misc":{"Dur\u00e9e de lecture estim\u00e9e":"2 minutes"},"schema":{"@context":"https:\/\/schema.org","@graph":[{"@type":"WebPage","@id":"https:\/\/eveilintime.fr\/?product=calendrier-de-lavent-coquin-satisfyer-deluxe-2025-24-surprises","url":"https:\/\/eveilintime.fr\/?product=calendrier-de-lavent-coquin-satisfyer-deluxe-2025-24-surprises","name":"Calendrier de l\u2019Avent Coquin Satisfyer Deluxe 2025 \u2013 24 surprises - \u00c9veil Intime","isPartOf":{"@id":"https:\/\/eveilintime.fr\/#website"},"primaryImageOfPage":{"@id":"https:\/\/eveilintime.fr\/?product=calendrier-de-lavent-coquin-satisfyer-deluxe-2025-24-surprises#primaryimage"},"image":{"@id":"https:\/\/eveilintime.fr\/?product=calendrier-de-lavent-coquin-satisfyer-deluxe-2025-24-surprises#primaryimage"},"thumbnailUrl":"https:\/\/eveilintime.fr\/wp-content\/uploads\/2025\/09\/calendrier-de-l-avent-coquin-satisfyer-deluxe-cc-3-1.png","datePublished":"2025-09-28T23:09:29+00:00","dateModified":"2025-11-23T23:28:07+00:00","description":"Lingerie sensuelle et sextoys de qualit\u00e9. Offrez-vous plaisir et \u00e9l\u00e9gance gr\u00e2ce \u00e0 notre boutique en ligne, avec exp\u00e9dition rapide et discr\u00e8te.","breadcrumb":{"@id":"https:\/\/eveilintime.fr\/?product=calendrier-de-lavent-coquin-satisfyer-deluxe-2025-24-surprises#breadcrumb"},"inLanguage":"fr-FR","potentialAction":[{"@type":"ReadAction","target":["https:\/\/eveilintime.fr\/?product=calendrier-de-lavent-coquin-satisfyer-deluxe-2025-24-surprises"]}]},{"@type":"ImageObject","inLanguage":"fr-FR","@id":"https:\/\/eveilintime.fr\/?product=calendrier-de-lavent-coquin-satisfyer-deluxe-2025-24-surprises#primaryimage","url":"https:\/\/eveilintime.fr\/wp-content\/uploads\/2025\/09\/calendrier-de-l-avent-coquin-satisfyer-deluxe-cc-3-1.png","contentUrl":"https:\/\/eveilintime.fr\/wp-content\/uploads\/2025\/09\/calendrier-de-l-avent-coquin-satisfyer-deluxe-cc-3-1.png","width":800,"height":800},{"@type":"BreadcrumbList","@id":"https:\/\/eveilintime.fr\/?product=calendrier-de-lavent-coquin-satisfyer-deluxe-2025-24-surprises#breadcrumb","itemListElement":[{"@type":"ListItem","position":1,"name":"Accueil","item":"https:\/\/eveilintime.fr\/"},{"@type":"ListItem","position":2,"name":"Boutique","item":"https:\/\/eveilintime.fr\/?page_id=8"},{"@type":"ListItem","position":3,"name":"Calendrier de l\u2019Avent Coquin Satisfyer Deluxe 2025 \u2013 24 surprises"}]},{"@type":"WebSite","@id":"https:\/\/eveilintime.fr\/#website","url":"https:\/\/eveilintime.fr\/","name":"\u00c9veilintime","description":"Parce que l&#039;intime m\u00e9rite l&#039;\u00e9l\u00e9gance","publisher":{"@id":"https:\/\/eveilintime.fr\/#organization"},"potentialAction":[{"@type":"SearchAction","target":{"@type":"EntryPoint","urlTemplate":"https:\/\/eveilintime.fr\/?s={search_term_string}"},"query-input":{"@type":"PropertyValueSpecification","valueRequired":true,"valueName":"search_term_string"}}],"inLanguage":"fr-FR"},{"@type":"Organization","@id":"https:\/\/eveilintime.fr\/#organization","name":"\u00c9veilintime","url":"https:\/\/eveilintime.fr\/","logo":{"@type":"ImageObject","inLanguage":"fr-FR","@id":"https:\/\/eveilintime.fr\/#\/schema\/logo\/image\/","url":"https:\/\/eveilintime.fr\/wp-content\/uploads\/2025\/09\/logo-Eveil-Intime.png","contentUrl":"https:\/\/eveilintime.fr\/wp-content\/uploads\/2025\/09\/logo-Eveil-Intime.png","width":417,"height":160,"caption":"\u00c9veilintime"},"image":{"@id":"https:\/\/eveilintime.fr\/#\/schema\/logo\/image\/"}}]}},"jetpack_sharing_enabled":true,"_links":{"self":[{"href":"https:\/\/eveilintime.fr\/index.php?rest_route=\/wp\/v2\/product\/669","targetHints":{"allow":["GET"]}}],"collection":[{"href":"https:\/\/eveilintime.fr\/index.php?rest_route=\/wp\/v2\/product"}],"about":[{"href":"https:\/\/eveilintime.fr\/index.php?rest_route=\/wp\/v2\/types\/product"}],"replies":[{"embeddable":true,"href":"https:\/\/eveilintime.fr\/index.php?rest_route=%2Fwp%2Fv2%2Fcomments&post=669"}],"version-history":[{"count":3,"href":"https:\/\/eveilintime.fr\/index.php?rest_route=\/wp\/v2\/product\/669\/revisions"}],"predecessor-version":[{"id":1670,"href":"https:\/\/eveilintime.fr\/index.php?rest_route=\/wp\/v2\/product\/669\/revisions\/1670"}],"wp:featuredmedia":[{"embeddable":true,"href":"https:\/\/eveilintime.fr\/index.php?rest_route=\/wp\/v2\/media\/974"}],"wp:attachment":[{"href":"https:\/\/eveilintime.fr\/index.php?rest_route=%2Fwp%2Fv2%2Fmedia&parent=669"}],"wp:term":[{"taxonomy":"product_brand","embeddable":true,"href":"https:\/\/eveilintime.fr\/index.php?rest_route=%2Fwp%2Fv2%2Fproduct_brand&post=669"},{"taxonomy":"product_cat","embeddable":true,"href":"https:\/\/eveilintime.fr\/index.php?rest_route=%2Fwp%2Fv2%2Fproduct_cat&post=669"},{"taxonomy":"product_tag","embeddable":true,"href":"https:\/\/eveilintime.fr\/index.php?rest_route=%2Fwp%2Fv2%2Fproduct_tag&post=669"}],"curies":[{"name":"wp","href":"https:\/\/api.w.org\/{rel}","templated":true}]}}