{"id":524,"date":"2025-09-26T22:15:54","date_gmt":"2025-09-26T22:15:54","guid":{"rendered":"https:\/\/eveilintime.fr\/?post_type=product&#038;p=524"},"modified":"2025-10-03T21:48:51","modified_gmt":"2025-10-03T21:48:51","slug":"babydoll-mapale-avec-string-en-dentelle","status":"publish","type":"product","link":"https:\/\/eveilintime.fr\/?product=babydoll-mapale-avec-string-en-dentelle","title":{"rendered":"Babydoll Mapal\u00e9 avec string en dentelle"},"content":{"rendered":"<section id=\"DESCRIPTION\" class=\"elementor-element elementor-element-7824a04e elementor-widget-nav-menu elementor-section-tabbed elementor-section-boxed elementor-section-height-default elementor-section-height-default elementor-section elementor-top-section\" data-id=\"7824a04e\" data-element_type=\"section\">\n<div class=\"elementor-container elementor-column-gap-default\">\n<div class=\"elementor-row\">\n<div class=\"elementor-element elementor-element-23d0278 description elementor-column elementor-col-100 elementor-top-column elementor-active\" data-id=\"23d0278\" data-element_type=\"column\">\n<div class=\"elementor-column-wrap elementor-element-populated\">\n<div class=\"elementor-widget-wrap\">\n<div class=\"elementor-element elementor-element-2c16be9 elementor-widget elementor-widget-product-description elementor-widget-text-editor\" data-id=\"2c16be9\" data-element_type=\"widget\" data-widget_type=\"product-description.default\">\n<div class=\"elementor-widget-container\">\n<p>Succombez au charme de cette\u00a0<strong>babydoll sensuelle<\/strong>\u00a0sign\u00e9e\u00a0<strong>Mapal\u00e9<\/strong>, pens\u00e9e pour s\u00e9duire avec \u00e9l\u00e9gance et audace. Son\u00a0<strong>d\u00e9collet\u00e9 plongeant<\/strong>\u00a0met en valeur la poitrine, tandis que son\u00a0<strong>lien avant coquin<\/strong>\u00a0et ses\u00a0<strong>n\u0153uds d\u00e9coratifs d\u00e9licats<\/strong>\u00a0apportent une touche espi\u00e8gle et raffin\u00e9e.<\/p>\n<p>Pour un look complet et harmonieux, la babydoll est accompagn\u00e9e d\u2019un\u00a0<strong>string en dentelle assorti<\/strong>, qui souligne la silhouette avec sensualit\u00e9.<\/p>\n<h3>D\u00e9tails et mati\u00e8res<\/h3>\n<ul>\n<li>Babydoll : 100% Polyamide \u2013 Dentelle : 85% Polyamide, 15% \u00c9lasthanne \u2013 Ruban satin : 100% Polyester<\/li>\n<li>String : 100% Polyamide \u2013 Dentelle : 85% Polyamide, 15% \u00c9lasthanne<\/li>\n<\/ul>\n<h3>Entretien<\/h3>\n<ul>\n<li>Lavage \u00e0 la main recommand\u00e9<\/li>\n<li>Ne pas blanchir<\/li>\n<li>Ne pas repasser<\/li>\n<\/ul>\n<h3>Points forts<\/h3>\n<ul>\n<li>Babydoll sexy avec d\u00e9collet\u00e9 plongeant<\/li>\n<li>Lien avant coquin et n\u0153uds d\u00e9coratifs \u00e9l\u00e9gants<\/li>\n<li>String en dentelle assorti inclus<\/li>\n<li>Coupe raffin\u00e9e et sensuelle qui sublime les courbes<\/li>\n<li>Cr\u00e9ation Mapal\u00e9, f\u00e9minine et s\u00e9duisante<\/li>\n<\/ul>\n<p>&nbsp;<\/p>\n<p><strong>Fabriqu\u00e9 en Colombie<\/strong><\/p>\n<\/div>\n<\/div>\n<\/div>\n<\/div>\n<\/div>\n<\/div>\n<\/div>\n<\/section>\n<section class=\"elementor-element elementor-element-78a1835 elementor-section-boxed elementor-section-height-default elementor-section-height-default elementor-section elementor-top-section\" data-id=\"78a1835\" data-element_type=\"section\">\n<div class=\"elementor-container elementor-column-gap-default\">\n<div class=\"elementor-row\">\n<div class=\"elementor-element elementor-element-e9f2151 elementor-column elementor-col-100 elementor-top-column\" data-id=\"e9f2151\" data-element_type=\"column\">\n<div class=\"elementor-column-wrap elementor-element-populated\">\n<div class=\"elementor-widget-wrap\">\n<div class=\"elementor-element elementor-element-4ac083b elementor-widget elementor-widget-spacer\" data-id=\"4ac083b\" data-element_type=\"widget\" data-widget_type=\"spacer.default\">\n<div class=\"elementor-widget-container\">\n<div class=\"elementor-spacer\"><\/div>\n<\/div>\n<\/div>\n<\/div>\n<\/div>\n<\/div>\n<\/div>\n<\/div>\n<\/section>\n","protected":false},"excerpt":{"rendered":"<p>S\u00e9duisante et raffin\u00e9e, cette babydoll Mapal\u00e9 au d\u00e9collet\u00e9 plongeant s\u2019accompagne d\u2019un string en dentelle assorti pour un look irr\u00e9sistible, de votre distributeur Mapal\u00e9.<\/p>\n<p>&nbsp;<\/p>\n<p style=\"text-align: center;\"><img decoding=\"async\" class=\"alignnone size-medium wp-image-434 lazyload\" data-src=\"https:\/\/eveilintime.fr\/wp-content\/uploads\/2025\/09\/paiement-securise-garanti-1-300x76.png\" alt=\"Paiement s\u00e9curis\u00e9 garanti\" width=\"300\" height=\"76\" src=\"data:image\/svg+xml;base64,PHN2ZyB3aWR0aD0iMSIgaGVpZ2h0PSIxIiB4bWxucz0iaHR0cDovL3d3dy53My5vcmcvMjAwMC9zdmciPjwvc3ZnPg==\" style=\"--smush-placeholder-width: 300px; --smush-placeholder-aspect-ratio: 300\/76;\" \/><\/p>\n","protected":false},"featured_media":931,"comment_status":"open","ping_status":"closed","template":"","meta":[],"product_brand":[29],"product_cat":[45],"product_tag":[31,33],"class_list":{"0":"post-524","1":"product","2":"type-product","3":"status-publish","4":"has-post-thumbnail","6":"product_brand-mapale","7":"product_cat-babydoll-nuisette","8":"product_tag-lingerie","9":"product_tag-sexy","11":"first","12":"instock","13":"taxable","14":"shipping-taxable","15":"purchasable","16":"product-type-variable"},"yoast_head":"<!-- This site is optimized with the Yoast SEO plugin v27.1.1 - https:\/\/yoast.com\/product\/yoast-seo-wordpress\/ -->\n<title>Babydoll Mapal\u00e9 avec string en dentelle - \u00c9veil Intime<\/title>\n<meta name=\"description\" content=\"S\u00e9duisante et raffin\u00e9e, cette babydoll Mapal\u00e9 au d\u00e9collet\u00e9 plongeant s\u2019accompagne d\u2019un string en dentelle assorti pour un look irr\u00e9sistible.\" \/>\n<meta name=\"robots\" content=\"index, follow, max-snippet:-1, max-image-preview:large, max-video-preview:-1\" \/>\n<link rel=\"canonical\" href=\"https:\/\/eveilintime.fr\/index.php\/produit\/babydoll-mapale-avec-string-en-dentelle\/\" \/>\n<meta property=\"og:locale\" content=\"fr_FR\" \/>\n<meta property=\"og:type\" content=\"article\" \/>\n<meta property=\"og:title\" content=\"Babydoll Mapal\u00e9 avec string en dentelle - \u00c9veil Intime\" \/>\n<meta property=\"og:description\" content=\"S\u00e9duisante et raffin\u00e9e, cette babydoll Mapal\u00e9 au d\u00e9collet\u00e9 plongeant s\u2019accompagne d\u2019un string en dentelle assorti pour un look irr\u00e9sistible.\" \/>\n<meta property=\"og:url\" content=\"https:\/\/eveilintime.fr\/index.php\/produit\/babydoll-mapale-avec-string-en-dentelle\/\" \/>\n<meta property=\"og:site_name\" content=\"\u00c9veil Intime\" \/>\n<meta property=\"article:modified_time\" content=\"2025-10-03T21:48:51+00:00\" \/>\n<meta property=\"og:image\" content=\"https:\/\/eveilintime.fr\/wp-content\/uploads\/2025\/09\/prod20111-5.png\" \/>\n\t<meta property=\"og:image:width\" content=\"800\" \/>\n\t<meta property=\"og:image:height\" content=\"800\" \/>\n\t<meta property=\"og:image:type\" content=\"image\/png\" \/>\n<meta name=\"twitter:card\" content=\"summary_large_image\" \/>\n<meta name=\"twitter:label1\" content=\"Dur\u00e9e de lecture estim\u00e9e\" \/>\n\t<meta name=\"twitter:data1\" content=\"1 minute\" \/>\n<script type=\"application\/ld+json\" class=\"yoast-schema-graph\">{\"@context\":\"https:\/\/schema.org\",\"@graph\":[{\"@type\":\"WebPage\",\"@id\":\"https:\/\/eveilintime.fr\/index.php\/produit\/babydoll-mapale-avec-string-en-dentelle\/\",\"url\":\"https:\/\/eveilintime.fr\/index.php\/produit\/babydoll-mapale-avec-string-en-dentelle\/\",\"name\":\"Babydoll Mapal\u00e9 avec string en dentelle - \u00c9veil Intime\",\"isPartOf\":{\"@id\":\"https:\/\/eveilintime.fr\/#website\"},\"primaryImageOfPage\":{\"@id\":\"https:\/\/eveilintime.fr\/index.php\/produit\/babydoll-mapale-avec-string-en-dentelle\/#primaryimage\"},\"image\":{\"@id\":\"https:\/\/eveilintime.fr\/index.php\/produit\/babydoll-mapale-avec-string-en-dentelle\/#primaryimage\"},\"thumbnailUrl\":\"https:\/\/eveilintime.fr\/wp-content\/uploads\/2025\/09\/prod20111-5.png\",\"datePublished\":\"2025-09-26T22:15:54+00:00\",\"dateModified\":\"2025-10-03T21:48:51+00:00\",\"description\":\"S\u00e9duisante et raffin\u00e9e, cette babydoll Mapal\u00e9 au d\u00e9collet\u00e9 plongeant s\u2019accompagne d\u2019un string en dentelle assorti pour un look irr\u00e9sistible.\",\"breadcrumb\":{\"@id\":\"https:\/\/eveilintime.fr\/index.php\/produit\/babydoll-mapale-avec-string-en-dentelle\/#breadcrumb\"},\"inLanguage\":\"fr-FR\",\"potentialAction\":[{\"@type\":\"ReadAction\",\"target\":[\"https:\/\/eveilintime.fr\/index.php\/produit\/babydoll-mapale-avec-string-en-dentelle\/\"]}]},{\"@type\":\"ImageObject\",\"inLanguage\":\"fr-FR\",\"@id\":\"https:\/\/eveilintime.fr\/index.php\/produit\/babydoll-mapale-avec-string-en-dentelle\/#primaryimage\",\"url\":\"https:\/\/eveilintime.fr\/wp-content\/uploads\/2025\/09\/prod20111-5.png\",\"contentUrl\":\"https:\/\/eveilintime.fr\/wp-content\/uploads\/2025\/09\/prod20111-5.png\",\"width\":800,\"height\":800},{\"@type\":\"BreadcrumbList\",\"@id\":\"https:\/\/eveilintime.fr\/index.php\/produit\/babydoll-mapale-avec-string-en-dentelle\/#breadcrumb\",\"itemListElement\":[{\"@type\":\"ListItem\",\"position\":1,\"name\":\"Accueil\",\"item\":\"https:\/\/eveilintime.fr\/\"},{\"@type\":\"ListItem\",\"position\":2,\"name\":\"Boutique\",\"item\":\"https:\/\/eveilintime.fr\/?page_id=8\"},{\"@type\":\"ListItem\",\"position\":3,\"name\":\"Babydoll Mapal\u00e9 avec string en dentelle\"}]},{\"@type\":\"WebSite\",\"@id\":\"https:\/\/eveilintime.fr\/#website\",\"url\":\"https:\/\/eveilintime.fr\/\",\"name\":\"\u00c9veilintime\",\"description\":\"Parce que l&#039;intime m\u00e9rite l&#039;\u00e9l\u00e9gance\",\"publisher\":{\"@id\":\"https:\/\/eveilintime.fr\/#organization\"},\"potentialAction\":[{\"@type\":\"SearchAction\",\"target\":{\"@type\":\"EntryPoint\",\"urlTemplate\":\"https:\/\/eveilintime.fr\/?s={search_term_string}\"},\"query-input\":{\"@type\":\"PropertyValueSpecification\",\"valueRequired\":true,\"valueName\":\"search_term_string\"}}],\"inLanguage\":\"fr-FR\"},{\"@type\":\"Organization\",\"@id\":\"https:\/\/eveilintime.fr\/#organization\",\"name\":\"\u00c9veilintime\",\"url\":\"https:\/\/eveilintime.fr\/\",\"logo\":{\"@type\":\"ImageObject\",\"inLanguage\":\"fr-FR\",\"@id\":\"https:\/\/eveilintime.fr\/#\/schema\/logo\/image\/\",\"url\":\"https:\/\/eveilintime.fr\/wp-content\/uploads\/2025\/09\/logo-Eveil-Intime.png\",\"contentUrl\":\"https:\/\/eveilintime.fr\/wp-content\/uploads\/2025\/09\/logo-Eveil-Intime.png\",\"width\":417,\"height\":160,\"caption\":\"\u00c9veilintime\"},\"image\":{\"@id\":\"https:\/\/eveilintime.fr\/#\/schema\/logo\/image\/\"}}]}<\/script>\n<!-- \/ Yoast SEO plugin. -->","yoast_head_json":{"title":"Babydoll Mapal\u00e9 avec string en dentelle - \u00c9veil Intime","description":"S\u00e9duisante et raffin\u00e9e, cette babydoll Mapal\u00e9 au d\u00e9collet\u00e9 plongeant s\u2019accompagne d\u2019un string en dentelle assorti pour un look irr\u00e9sistible.","robots":{"index":"index","follow":"follow","max-snippet":"max-snippet:-1","max-image-preview":"max-image-preview:large","max-video-preview":"max-video-preview:-1"},"canonical":"https:\/\/eveilintime.fr\/index.php\/produit\/babydoll-mapale-avec-string-en-dentelle\/","og_locale":"fr_FR","og_type":"article","og_title":"Babydoll Mapal\u00e9 avec string en dentelle - \u00c9veil Intime","og_description":"S\u00e9duisante et raffin\u00e9e, cette babydoll Mapal\u00e9 au d\u00e9collet\u00e9 plongeant s\u2019accompagne d\u2019un string en dentelle assorti pour un look irr\u00e9sistible.","og_url":"https:\/\/eveilintime.fr\/index.php\/produit\/babydoll-mapale-avec-string-en-dentelle\/","og_site_name":"\u00c9veil Intime","article_modified_time":"2025-10-03T21:48:51+00:00","og_image":[{"width":800,"height":800,"url":"https:\/\/eveilintime.fr\/wp-content\/uploads\/2025\/09\/prod20111-5.png","type":"image\/png"}],"twitter_card":"summary_large_image","twitter_misc":{"Dur\u00e9e de lecture estim\u00e9e":"1 minute"},"schema":{"@context":"https:\/\/schema.org","@graph":[{"@type":"WebPage","@id":"https:\/\/eveilintime.fr\/index.php\/produit\/babydoll-mapale-avec-string-en-dentelle\/","url":"https:\/\/eveilintime.fr\/index.php\/produit\/babydoll-mapale-avec-string-en-dentelle\/","name":"Babydoll Mapal\u00e9 avec string en dentelle - \u00c9veil Intime","isPartOf":{"@id":"https:\/\/eveilintime.fr\/#website"},"primaryImageOfPage":{"@id":"https:\/\/eveilintime.fr\/index.php\/produit\/babydoll-mapale-avec-string-en-dentelle\/#primaryimage"},"image":{"@id":"https:\/\/eveilintime.fr\/index.php\/produit\/babydoll-mapale-avec-string-en-dentelle\/#primaryimage"},"thumbnailUrl":"https:\/\/eveilintime.fr\/wp-content\/uploads\/2025\/09\/prod20111-5.png","datePublished":"2025-09-26T22:15:54+00:00","dateModified":"2025-10-03T21:48:51+00:00","description":"S\u00e9duisante et raffin\u00e9e, cette babydoll Mapal\u00e9 au d\u00e9collet\u00e9 plongeant s\u2019accompagne d\u2019un string en dentelle assorti pour un look irr\u00e9sistible.","breadcrumb":{"@id":"https:\/\/eveilintime.fr\/index.php\/produit\/babydoll-mapale-avec-string-en-dentelle\/#breadcrumb"},"inLanguage":"fr-FR","potentialAction":[{"@type":"ReadAction","target":["https:\/\/eveilintime.fr\/index.php\/produit\/babydoll-mapale-avec-string-en-dentelle\/"]}]},{"@type":"ImageObject","inLanguage":"fr-FR","@id":"https:\/\/eveilintime.fr\/index.php\/produit\/babydoll-mapale-avec-string-en-dentelle\/#primaryimage","url":"https:\/\/eveilintime.fr\/wp-content\/uploads\/2025\/09\/prod20111-5.png","contentUrl":"https:\/\/eveilintime.fr\/wp-content\/uploads\/2025\/09\/prod20111-5.png","width":800,"height":800},{"@type":"BreadcrumbList","@id":"https:\/\/eveilintime.fr\/index.php\/produit\/babydoll-mapale-avec-string-en-dentelle\/#breadcrumb","itemListElement":[{"@type":"ListItem","position":1,"name":"Accueil","item":"https:\/\/eveilintime.fr\/"},{"@type":"ListItem","position":2,"name":"Boutique","item":"https:\/\/eveilintime.fr\/?page_id=8"},{"@type":"ListItem","position":3,"name":"Babydoll Mapal\u00e9 avec string en dentelle"}]},{"@type":"WebSite","@id":"https:\/\/eveilintime.fr\/#website","url":"https:\/\/eveilintime.fr\/","name":"\u00c9veilintime","description":"Parce que l&#039;intime m\u00e9rite l&#039;\u00e9l\u00e9gance","publisher":{"@id":"https:\/\/eveilintime.fr\/#organization"},"potentialAction":[{"@type":"SearchAction","target":{"@type":"EntryPoint","urlTemplate":"https:\/\/eveilintime.fr\/?s={search_term_string}"},"query-input":{"@type":"PropertyValueSpecification","valueRequired":true,"valueName":"search_term_string"}}],"inLanguage":"fr-FR"},{"@type":"Organization","@id":"https:\/\/eveilintime.fr\/#organization","name":"\u00c9veilintime","url":"https:\/\/eveilintime.fr\/","logo":{"@type":"ImageObject","inLanguage":"fr-FR","@id":"https:\/\/eveilintime.fr\/#\/schema\/logo\/image\/","url":"https:\/\/eveilintime.fr\/wp-content\/uploads\/2025\/09\/logo-Eveil-Intime.png","contentUrl":"https:\/\/eveilintime.fr\/wp-content\/uploads\/2025\/09\/logo-Eveil-Intime.png","width":417,"height":160,"caption":"\u00c9veilintime"},"image":{"@id":"https:\/\/eveilintime.fr\/#\/schema\/logo\/image\/"}}]}},"jetpack_sharing_enabled":true,"_links":{"self":[{"href":"https:\/\/eveilintime.fr\/index.php?rest_route=\/wp\/v2\/product\/524","targetHints":{"allow":["GET"]}}],"collection":[{"href":"https:\/\/eveilintime.fr\/index.php?rest_route=\/wp\/v2\/product"}],"about":[{"href":"https:\/\/eveilintime.fr\/index.php?rest_route=\/wp\/v2\/types\/product"}],"replies":[{"embeddable":true,"href":"https:\/\/eveilintime.fr\/index.php?rest_route=%2Fwp%2Fv2%2Fcomments&post=524"}],"version-history":[{"count":2,"href":"https:\/\/eveilintime.fr\/index.php?rest_route=\/wp\/v2\/product\/524\/revisions"}],"predecessor-version":[{"id":615,"href":"https:\/\/eveilintime.fr\/index.php?rest_route=\/wp\/v2\/product\/524\/revisions\/615"}],"wp:featuredmedia":[{"embeddable":true,"href":"https:\/\/eveilintime.fr\/index.php?rest_route=\/wp\/v2\/media\/931"}],"wp:attachment":[{"href":"https:\/\/eveilintime.fr\/index.php?rest_route=%2Fwp%2Fv2%2Fmedia&parent=524"}],"wp:term":[{"taxonomy":"product_brand","embeddable":true,"href":"https:\/\/eveilintime.fr\/index.php?rest_route=%2Fwp%2Fv2%2Fproduct_brand&post=524"},{"taxonomy":"product_cat","embeddable":true,"href":"https:\/\/eveilintime.fr\/index.php?rest_route=%2Fwp%2Fv2%2Fproduct_cat&post=524"},{"taxonomy":"product_tag","embeddable":true,"href":"https:\/\/eveilintime.fr\/index.php?rest_route=%2Fwp%2Fv2%2Fproduct_tag&post=524"}],"curies":[{"name":"wp","href":"https:\/\/api.w.org\/{rel}","templated":true}]}}