{"id":463,"date":"2025-09-26T21:18:13","date_gmt":"2025-09-26T21:18:13","guid":{"rendered":"https:\/\/eveilintime.fr\/?post_type=product&#038;p=463"},"modified":"2025-10-14T22:08:44","modified_gmt":"2025-10-14T22:08:44","slug":"body-mapale-en-resille-transparente-a-sequins","status":"publish","type":"product","link":"https:\/\/eveilintime.fr\/?product=body-mapale-en-resille-transparente-a-sequins","title":{"rendered":"Body Mapal\u00e9 en r\u00e9sille transparente \u00e0 sequins"},"content":{"rendered":"<section id=\"DESCRIPTION\" class=\"elementor-element elementor-element-7824a04e elementor-widget-nav-menu elementor-section-tabbed elementor-section-boxed elementor-section-height-default elementor-section-height-default elementor-section elementor-top-section\" data-id=\"7824a04e\" data-element_type=\"section\">\n<div class=\"elementor-container elementor-column-gap-default\">\n<div class=\"elementor-row\">\n<div class=\"elementor-element elementor-element-23d0278 description elementor-column elementor-col-100 elementor-top-column elementor-active\" data-id=\"23d0278\" data-element_type=\"column\">\n<div class=\"elementor-column-wrap elementor-element-populated\">\n<div class=\"elementor-widget-wrap\">\n<div class=\"elementor-element elementor-element-2c16be9 elementor-widget elementor-widget-product-description elementor-widget-text-editor\" data-id=\"2c16be9\" data-element_type=\"widget\" data-widget_type=\"product-description.default\">\n<div class=\"elementor-widget-container\">\n<h2>Raffin\u00e9 et sensuel, ce\u00a0<strong>body en r\u00e9sille transparente brod\u00e9e de sequins<\/strong>\u00a0sign\u00e9\u00a0<strong>Mapal\u00e9<\/strong>\u00a0est une pi\u00e8ce de lingerie qui attire tous les regards. Ses\u00a0<strong>armatures int\u00e9gr\u00e9es<\/strong>\u00a0assurent maintien et galbe, tandis que les\u00a0<strong>bretelles r\u00e9glables<\/strong>\u00a0permettent un ajustement parfait.<\/h2>\n<p>Avec sa\u00a0<strong>coupe string flatteuse<\/strong>, ses\u00a0<strong>jarretelles lat\u00e9rales<\/strong>\u00a0et sa\u00a0<strong>fermeture \u00e0 boutons-pression \u00e0 l\u2019entrejambe<\/strong>, ce body conjugue s\u00e9duction et praticit\u00e9. Un mod\u00e8le chic et irr\u00e9sistible, id\u00e9al pour briller de sensualit\u00e9.<\/p>\n<h3>D\u00e9tails et mati\u00e8res<\/h3>\n<ul>\n<li>R\u00e9sille : 84% Polyamide, 16% \u00c9lasthanne<\/li>\n<li>Dentelle : 100% Polyester<\/li>\n<li>\u00c9lastiques repli\u00e9s et bretelles : 78% Polyamide, 22% \u00c9lasthanne<\/li>\n<\/ul>\n<h3>Entretien<\/h3>\n<ul>\n<li>Lavage \u00e0 la main recommand\u00e9<\/li>\n<li>Ne pas blanchir<\/li>\n<li>Ne pas repasser<\/li>\n<\/ul>\n<h3>Points forts<\/h3>\n<ul>\n<li>Body sexy en r\u00e9sille transparente brod\u00e9e de sequins<\/li>\n<li>Armatures int\u00e9gr\u00e9es pour un maintien optimal<\/li>\n<li>Bretelles r\u00e9glables pour un ajustement personnalis\u00e9<\/li>\n<li>Jarretelles lat\u00e9rales pour un style encore plus sensuel<\/li>\n<li>Coupe string et fermeture \u00e0 l\u2019entrejambe pratique<\/li>\n<li>Cr\u00e9ation Mapal\u00e9, raffin\u00e9e et glamour<\/li>\n<\/ul>\n<p>&nbsp;<\/p>\n<p>Retrouvez nous sur Facebook :<\/p>\n<p><a href=\"https:\/\/www.facebook.com\/profile.php?id=61580816765623&amp;locale=fr_FR\">https:\/\/www.facebook.com\/profile.php?id=61580816765623&amp;locale=fr_FR<\/a><\/p>\n<p>Retrouvez tout les produits de notre boutique :<\/p>\n<p><a href=\"https:\/\/eveilintime.fr\/index.php\/shop\/\">https:\/\/eveilintime.fr\/index.php\/shop\/<\/a><\/p>\n<p>&nbsp;<\/p>\n<\/div>\n<\/div>\n<\/div>\n<\/div>\n<\/div>\n<\/div>\n<\/div>\n<\/section>\n<section class=\"elementor-element elementor-element-78a1835 elementor-section-boxed elementor-section-height-default elementor-section-height-default elementor-section elementor-top-section\" data-id=\"78a1835\" data-element_type=\"section\">\n<div class=\"elementor-container elementor-column-gap-default\">\n<div class=\"elementor-row\">\n<div class=\"elementor-element elementor-element-e9f2151 elementor-column elementor-col-100 elementor-top-column\" data-id=\"e9f2151\" data-element_type=\"column\">\n<div class=\"elementor-column-wrap elementor-element-populated\">\n<div class=\"elementor-widget-wrap\">\n<div class=\"elementor-element elementor-element-4ac083b elementor-widget elementor-widget-spacer\" data-id=\"4ac083b\" data-element_type=\"widget\" data-widget_type=\"spacer.default\">\n<div class=\"elementor-widget-container\">\n<div class=\"elementor-spacer\"><\/div>\n<\/div>\n<\/div>\n<\/div>\n<\/div>\n<\/div>\n<\/div>\n<\/div>\n<\/section>\n","protected":false},"excerpt":{"rendered":"<p>Raffin\u00e9 et sensuel, ce body Mapal\u00e9 en r\u00e9sille transparente brod\u00e9e de sequins s\u00e9duit par son glamour \u00e9tincelant et sa coupe audacieuse, de votre distributeur Mapal\u00e9.<\/p>\n<p>&nbsp;<\/p>\n<p style=\"text-align: center;\"><img decoding=\"async\" class=\"alignnone size-medium wp-image-434 lazyload\" data-src=\"https:\/\/eveilintime.fr\/wp-content\/uploads\/2025\/09\/paiement-securise-garanti-1-300x76.png\" alt=\"Paiement s\u00e9curis\u00e9 garanti\" width=\"300\" height=\"76\" src=\"data:image\/svg+xml;base64,PHN2ZyB3aWR0aD0iMSIgaGVpZ2h0PSIxIiB4bWxucz0iaHR0cDovL3d3dy53My5vcmcvMjAwMC9zdmciPjwvc3ZnPg==\" style=\"--smush-placeholder-width: 300px; --smush-placeholder-aspect-ratio: 300\/76;\" \/><\/p>\n","protected":false},"featured_media":909,"comment_status":"open","ping_status":"closed","template":"","meta":[],"product_brand":[29],"product_cat":[46],"product_tag":[30,31,33],"class_list":{"0":"post-463","1":"product","2":"type-product","3":"status-publish","4":"has-post-thumbnail","6":"product_brand-mapale","7":"product_cat-body","8":"product_tag-body","9":"product_tag-lingerie","10":"product_tag-sexy","12":"first","13":"instock","14":"taxable","15":"shipping-taxable","16":"purchasable","17":"product-type-variable"},"yoast_head":"<!-- This site is optimized with the Yoast SEO plugin v27.1.1 - https:\/\/yoast.com\/product\/yoast-seo-wordpress\/ -->\n<title>Body Mapal\u00e9 en r\u00e9sille transparente \u00e0 sequins - \u00c9veil Intime<\/title>\n<meta name=\"description\" content=\"Raffin\u00e9 et sensuel, ce body Mapal\u00e9 en r\u00e9sille transparente brod\u00e9e de sequins s\u00e9duit par son glamour \u00e9tincelant et sa coupe audacieuse.\" \/>\n<meta name=\"robots\" content=\"index, follow, max-snippet:-1, max-image-preview:large, max-video-preview:-1\" \/>\n<link rel=\"canonical\" href=\"https:\/\/eveilintime.fr\/index.php\/produit\/body-mapale-en-resille-transparente-a-sequins\/\" \/>\n<meta property=\"og:locale\" content=\"fr_FR\" \/>\n<meta property=\"og:type\" content=\"article\" \/>\n<meta property=\"og:title\" content=\"Body Mapal\u00e9 en r\u00e9sille transparente \u00e0 sequins - \u00c9veil Intime\" \/>\n<meta property=\"og:description\" content=\"Raffin\u00e9 et sensuel, ce body Mapal\u00e9 en r\u00e9sille transparente brod\u00e9e de sequins s\u00e9duit par son glamour \u00e9tincelant et sa coupe audacieuse.\" \/>\n<meta property=\"og:url\" content=\"https:\/\/eveilintime.fr\/index.php\/produit\/body-mapale-en-resille-transparente-a-sequins\/\" \/>\n<meta property=\"og:site_name\" content=\"\u00c9veil Intime\" \/>\n<meta property=\"article:modified_time\" content=\"2025-10-14T22:08:44+00:00\" \/>\n<meta property=\"og:image\" content=\"https:\/\/eveilintime.fr\/wp-content\/uploads\/2025\/09\/prod20112-5.png\" \/>\n\t<meta property=\"og:image:width\" content=\"800\" \/>\n\t<meta property=\"og:image:height\" content=\"800\" \/>\n\t<meta property=\"og:image:type\" content=\"image\/png\" \/>\n<meta name=\"twitter:card\" content=\"summary_large_image\" \/>\n<meta name=\"twitter:label1\" content=\"Dur\u00e9e de lecture estim\u00e9e\" \/>\n\t<meta name=\"twitter:data1\" content=\"1 minute\" \/>\n<script type=\"application\/ld+json\" class=\"yoast-schema-graph\">{\"@context\":\"https:\/\/schema.org\",\"@graph\":[{\"@type\":\"WebPage\",\"@id\":\"https:\/\/eveilintime.fr\/index.php\/produit\/body-mapale-en-resille-transparente-a-sequins\/\",\"url\":\"https:\/\/eveilintime.fr\/index.php\/produit\/body-mapale-en-resille-transparente-a-sequins\/\",\"name\":\"Body Mapal\u00e9 en r\u00e9sille transparente \u00e0 sequins - \u00c9veil Intime\",\"isPartOf\":{\"@id\":\"https:\/\/eveilintime.fr\/#website\"},\"primaryImageOfPage\":{\"@id\":\"https:\/\/eveilintime.fr\/index.php\/produit\/body-mapale-en-resille-transparente-a-sequins\/#primaryimage\"},\"image\":{\"@id\":\"https:\/\/eveilintime.fr\/index.php\/produit\/body-mapale-en-resille-transparente-a-sequins\/#primaryimage\"},\"thumbnailUrl\":\"https:\/\/eveilintime.fr\/wp-content\/uploads\/2025\/09\/prod20112-5.png\",\"datePublished\":\"2025-09-26T21:18:13+00:00\",\"dateModified\":\"2025-10-14T22:08:44+00:00\",\"description\":\"Raffin\u00e9 et sensuel, ce body Mapal\u00e9 en r\u00e9sille transparente brod\u00e9e de sequins s\u00e9duit par son glamour \u00e9tincelant et sa coupe audacieuse.\",\"breadcrumb\":{\"@id\":\"https:\/\/eveilintime.fr\/index.php\/produit\/body-mapale-en-resille-transparente-a-sequins\/#breadcrumb\"},\"inLanguage\":\"fr-FR\",\"potentialAction\":[{\"@type\":\"ReadAction\",\"target\":[\"https:\/\/eveilintime.fr\/index.php\/produit\/body-mapale-en-resille-transparente-a-sequins\/\"]}]},{\"@type\":\"ImageObject\",\"inLanguage\":\"fr-FR\",\"@id\":\"https:\/\/eveilintime.fr\/index.php\/produit\/body-mapale-en-resille-transparente-a-sequins\/#primaryimage\",\"url\":\"https:\/\/eveilintime.fr\/wp-content\/uploads\/2025\/09\/prod20112-5.png\",\"contentUrl\":\"https:\/\/eveilintime.fr\/wp-content\/uploads\/2025\/09\/prod20112-5.png\",\"width\":800,\"height\":800},{\"@type\":\"BreadcrumbList\",\"@id\":\"https:\/\/eveilintime.fr\/index.php\/produit\/body-mapale-en-resille-transparente-a-sequins\/#breadcrumb\",\"itemListElement\":[{\"@type\":\"ListItem\",\"position\":1,\"name\":\"Accueil\",\"item\":\"https:\/\/eveilintime.fr\/\"},{\"@type\":\"ListItem\",\"position\":2,\"name\":\"Boutique\",\"item\":\"https:\/\/eveilintime.fr\/?page_id=8\"},{\"@type\":\"ListItem\",\"position\":3,\"name\":\"Body Mapal\u00e9 en r\u00e9sille transparente \u00e0 sequins\"}]},{\"@type\":\"WebSite\",\"@id\":\"https:\/\/eveilintime.fr\/#website\",\"url\":\"https:\/\/eveilintime.fr\/\",\"name\":\"\u00c9veilintime\",\"description\":\"Parce que l&#039;intime m\u00e9rite l&#039;\u00e9l\u00e9gance\",\"publisher\":{\"@id\":\"https:\/\/eveilintime.fr\/#organization\"},\"potentialAction\":[{\"@type\":\"SearchAction\",\"target\":{\"@type\":\"EntryPoint\",\"urlTemplate\":\"https:\/\/eveilintime.fr\/?s={search_term_string}\"},\"query-input\":{\"@type\":\"PropertyValueSpecification\",\"valueRequired\":true,\"valueName\":\"search_term_string\"}}],\"inLanguage\":\"fr-FR\"},{\"@type\":\"Organization\",\"@id\":\"https:\/\/eveilintime.fr\/#organization\",\"name\":\"\u00c9veilintime\",\"url\":\"https:\/\/eveilintime.fr\/\",\"logo\":{\"@type\":\"ImageObject\",\"inLanguage\":\"fr-FR\",\"@id\":\"https:\/\/eveilintime.fr\/#\/schema\/logo\/image\/\",\"url\":\"https:\/\/eveilintime.fr\/wp-content\/uploads\/2025\/09\/logo-Eveil-Intime.png\",\"contentUrl\":\"https:\/\/eveilintime.fr\/wp-content\/uploads\/2025\/09\/logo-Eveil-Intime.png\",\"width\":417,\"height\":160,\"caption\":\"\u00c9veilintime\"},\"image\":{\"@id\":\"https:\/\/eveilintime.fr\/#\/schema\/logo\/image\/\"}}]}<\/script>\n<!-- \/ Yoast SEO plugin. -->","yoast_head_json":{"title":"Body Mapal\u00e9 en r\u00e9sille transparente \u00e0 sequins - \u00c9veil Intime","description":"Raffin\u00e9 et sensuel, ce body Mapal\u00e9 en r\u00e9sille transparente brod\u00e9e de sequins s\u00e9duit par son glamour \u00e9tincelant et sa coupe audacieuse.","robots":{"index":"index","follow":"follow","max-snippet":"max-snippet:-1","max-image-preview":"max-image-preview:large","max-video-preview":"max-video-preview:-1"},"canonical":"https:\/\/eveilintime.fr\/index.php\/produit\/body-mapale-en-resille-transparente-a-sequins\/","og_locale":"fr_FR","og_type":"article","og_title":"Body Mapal\u00e9 en r\u00e9sille transparente \u00e0 sequins - \u00c9veil Intime","og_description":"Raffin\u00e9 et sensuel, ce body Mapal\u00e9 en r\u00e9sille transparente brod\u00e9e de sequins s\u00e9duit par son glamour \u00e9tincelant et sa coupe audacieuse.","og_url":"https:\/\/eveilintime.fr\/index.php\/produit\/body-mapale-en-resille-transparente-a-sequins\/","og_site_name":"\u00c9veil Intime","article_modified_time":"2025-10-14T22:08:44+00:00","og_image":[{"width":800,"height":800,"url":"https:\/\/eveilintime.fr\/wp-content\/uploads\/2025\/09\/prod20112-5.png","type":"image\/png"}],"twitter_card":"summary_large_image","twitter_misc":{"Dur\u00e9e de lecture estim\u00e9e":"1 minute"},"schema":{"@context":"https:\/\/schema.org","@graph":[{"@type":"WebPage","@id":"https:\/\/eveilintime.fr\/index.php\/produit\/body-mapale-en-resille-transparente-a-sequins\/","url":"https:\/\/eveilintime.fr\/index.php\/produit\/body-mapale-en-resille-transparente-a-sequins\/","name":"Body Mapal\u00e9 en r\u00e9sille transparente \u00e0 sequins - \u00c9veil Intime","isPartOf":{"@id":"https:\/\/eveilintime.fr\/#website"},"primaryImageOfPage":{"@id":"https:\/\/eveilintime.fr\/index.php\/produit\/body-mapale-en-resille-transparente-a-sequins\/#primaryimage"},"image":{"@id":"https:\/\/eveilintime.fr\/index.php\/produit\/body-mapale-en-resille-transparente-a-sequins\/#primaryimage"},"thumbnailUrl":"https:\/\/eveilintime.fr\/wp-content\/uploads\/2025\/09\/prod20112-5.png","datePublished":"2025-09-26T21:18:13+00:00","dateModified":"2025-10-14T22:08:44+00:00","description":"Raffin\u00e9 et sensuel, ce body Mapal\u00e9 en r\u00e9sille transparente brod\u00e9e de sequins s\u00e9duit par son glamour \u00e9tincelant et sa coupe audacieuse.","breadcrumb":{"@id":"https:\/\/eveilintime.fr\/index.php\/produit\/body-mapale-en-resille-transparente-a-sequins\/#breadcrumb"},"inLanguage":"fr-FR","potentialAction":[{"@type":"ReadAction","target":["https:\/\/eveilintime.fr\/index.php\/produit\/body-mapale-en-resille-transparente-a-sequins\/"]}]},{"@type":"ImageObject","inLanguage":"fr-FR","@id":"https:\/\/eveilintime.fr\/index.php\/produit\/body-mapale-en-resille-transparente-a-sequins\/#primaryimage","url":"https:\/\/eveilintime.fr\/wp-content\/uploads\/2025\/09\/prod20112-5.png","contentUrl":"https:\/\/eveilintime.fr\/wp-content\/uploads\/2025\/09\/prod20112-5.png","width":800,"height":800},{"@type":"BreadcrumbList","@id":"https:\/\/eveilintime.fr\/index.php\/produit\/body-mapale-en-resille-transparente-a-sequins\/#breadcrumb","itemListElement":[{"@type":"ListItem","position":1,"name":"Accueil","item":"https:\/\/eveilintime.fr\/"},{"@type":"ListItem","position":2,"name":"Boutique","item":"https:\/\/eveilintime.fr\/?page_id=8"},{"@type":"ListItem","position":3,"name":"Body Mapal\u00e9 en r\u00e9sille transparente \u00e0 sequins"}]},{"@type":"WebSite","@id":"https:\/\/eveilintime.fr\/#website","url":"https:\/\/eveilintime.fr\/","name":"\u00c9veilintime","description":"Parce que l&#039;intime m\u00e9rite l&#039;\u00e9l\u00e9gance","publisher":{"@id":"https:\/\/eveilintime.fr\/#organization"},"potentialAction":[{"@type":"SearchAction","target":{"@type":"EntryPoint","urlTemplate":"https:\/\/eveilintime.fr\/?s={search_term_string}"},"query-input":{"@type":"PropertyValueSpecification","valueRequired":true,"valueName":"search_term_string"}}],"inLanguage":"fr-FR"},{"@type":"Organization","@id":"https:\/\/eveilintime.fr\/#organization","name":"\u00c9veilintime","url":"https:\/\/eveilintime.fr\/","logo":{"@type":"ImageObject","inLanguage":"fr-FR","@id":"https:\/\/eveilintime.fr\/#\/schema\/logo\/image\/","url":"https:\/\/eveilintime.fr\/wp-content\/uploads\/2025\/09\/logo-Eveil-Intime.png","contentUrl":"https:\/\/eveilintime.fr\/wp-content\/uploads\/2025\/09\/logo-Eveil-Intime.png","width":417,"height":160,"caption":"\u00c9veilintime"},"image":{"@id":"https:\/\/eveilintime.fr\/#\/schema\/logo\/image\/"}}]}},"jetpack_sharing_enabled":true,"_links":{"self":[{"href":"https:\/\/eveilintime.fr\/index.php?rest_route=\/wp\/v2\/product\/463","targetHints":{"allow":["GET"]}}],"collection":[{"href":"https:\/\/eveilintime.fr\/index.php?rest_route=\/wp\/v2\/product"}],"about":[{"href":"https:\/\/eveilintime.fr\/index.php?rest_route=\/wp\/v2\/types\/product"}],"replies":[{"embeddable":true,"href":"https:\/\/eveilintime.fr\/index.php?rest_route=%2Fwp%2Fv2%2Fcomments&post=463"}],"version-history":[{"count":4,"href":"https:\/\/eveilintime.fr\/index.php?rest_route=\/wp\/v2\/product\/463\/revisions"}],"predecessor-version":[{"id":1665,"href":"https:\/\/eveilintime.fr\/index.php?rest_route=\/wp\/v2\/product\/463\/revisions\/1665"}],"wp:featuredmedia":[{"embeddable":true,"href":"https:\/\/eveilintime.fr\/index.php?rest_route=\/wp\/v2\/media\/909"}],"wp:attachment":[{"href":"https:\/\/eveilintime.fr\/index.php?rest_route=%2Fwp%2Fv2%2Fmedia&parent=463"}],"wp:term":[{"taxonomy":"product_brand","embeddable":true,"href":"https:\/\/eveilintime.fr\/index.php?rest_route=%2Fwp%2Fv2%2Fproduct_brand&post=463"},{"taxonomy":"product_cat","embeddable":true,"href":"https:\/\/eveilintime.fr\/index.php?rest_route=%2Fwp%2Fv2%2Fproduct_cat&post=463"},{"taxonomy":"product_tag","embeddable":true,"href":"https:\/\/eveilintime.fr\/index.php?rest_route=%2Fwp%2Fv2%2Fproduct_tag&post=463"}],"curies":[{"name":"wp","href":"https:\/\/api.w.org\/{rel}","templated":true}]}}