{"id":429,"date":"2025-09-26T20:53:08","date_gmt":"2025-09-26T20:53:08","guid":{"rendered":"https:\/\/eveilintime.fr\/?post_type=product&#038;p=429"},"modified":"2025-10-01T22:16:17","modified_gmt":"2025-10-01T22:16:17","slug":"body-sexy-en-dentelle-a-col-licou-avec-details-laces","status":"publish","type":"product","link":"https:\/\/eveilintime.fr\/?product=body-sexy-en-dentelle-a-col-licou-avec-details-laces","title":{"rendered":"Body sexy en dentelle \u00e0 col licou avec d\u00e9tails lac\u00e9s"},"content":{"rendered":"<p>Affirmez votre sensualit\u00e9 avec ce\u00a0<strong>body en dentelle \u00e0 col licou<\/strong>\u00a0sign\u00e9\u00a0<strong>Mapal\u00e9<\/strong>, une pi\u00e8ce \u00e0 la fois espi\u00e8gle et raffin\u00e9e, con\u00e7ue pour sublimer la silhouette. Son design s\u00e9ducteur r\u00e9v\u00e8le des\u00a0<strong>d\u00e9tails lac\u00e9s sur les c\u00f4t\u00e9s<\/strong>, qui dessinent les courbes et ajoutent une touche audacieuse.<\/p>\n<p>Pratique et sensuel, il est dot\u00e9 d\u2019une\u00a0<strong>fermeture \u00e0 agrafes \u00e0 l\u2019entrejambe<\/strong>, pour un confort optimal et une utilisation facilit\u00e9e.<\/p>\n<h3>D\u00e9tails et mati\u00e8res<\/h3>\n<ul>\n<li>Tissu principal : 100% Polyamide<\/li>\n<li>Bande de maintien : 87% Polyamide, 13% \u00c9lasthanne<\/li>\n<li>\u00c9lastique repli\u00e9 : 87,33% Polyamide, 12,67% \u00c9lasthanne<\/li>\n<li>\u00c9lastique picot : 78,51% Polyamide, 21,49% \u00c9lasthanne<\/li>\n<li>Ruban satin : 100% Polyester<\/li>\n<\/ul>\n<h3>Entretien<\/h3>\n<ul>\n<li>Lavage \u00e0 la main recommand\u00e9<\/li>\n<li>Ne pas blanchir<\/li>\n<li>Ne pas repasser<\/li>\n<\/ul>\n<h3>Points forts<\/h3>\n<ul>\n<li>Body sexy en dentelle avec col licou flatteur<\/li>\n<li>D\u00e9tails lac\u00e9s sur les c\u00f4t\u00e9s pour un look audacieux<\/li>\n<li>Fermeture \u00e0 l\u2019entrejambe pratique et confortable<\/li>\n<li>Mati\u00e8res extensibles et raffin\u00e9es pour sublimer les formes<\/li>\n<li>Design Mapal\u00e9, alliant \u00e9l\u00e9gance et provocation<\/li>\n<\/ul>\n<p>&nbsp;<\/p>\n<p><strong>Fabriqu\u00e9 en Colombie<\/strong><\/p>\n","protected":false},"excerpt":{"rendered":"<p>Body sexy Mapal\u00e9 en dentelle \u00e0 col licou avec c\u00f4t\u00e9s lac\u00e9s et fermeture pratique \u00e0 l\u2019entrejambe, pour un look audacieux et raffin\u00e9, de votre distributeur Mapal\u00e9.<\/p>\n<p>&nbsp;<\/p>\n<p style=\"text-align: center;\"><img decoding=\"async\" class=\"alignnone size-medium wp-image-434 lazyload\" data-src=\"https:\/\/eveilintime.fr\/wp-content\/uploads\/2025\/09\/paiement-securise-garanti-1-300x76.png\" alt=\"Paiement s\u00e9curis\u00e9 garanti\" width=\"300\" height=\"76\" src=\"data:image\/svg+xml;base64,PHN2ZyB3aWR0aD0iMSIgaGVpZ2h0PSIxIiB4bWxucz0iaHR0cDovL3d3dy53My5vcmcvMjAwMC9zdmciPjwvc3ZnPg==\" style=\"--smush-placeholder-width: 300px; --smush-placeholder-aspect-ratio: 300\/76;\" \/><\/p>\n","protected":false},"featured_media":894,"comment_status":"open","ping_status":"closed","template":"","meta":[],"product_brand":[29],"product_cat":[46],"product_tag":[30,31],"class_list":{"0":"post-429","1":"product","2":"type-product","3":"status-publish","4":"has-post-thumbnail","6":"product_brand-mapale","7":"product_cat-body","8":"product_tag-body","9":"product_tag-lingerie","11":"first","12":"outofstock","13":"taxable","14":"shipping-taxable","15":"purchasable","16":"product-type-simple"},"yoast_head":"<!-- This site is optimized with the Yoast SEO plugin v27.1.1 - https:\/\/yoast.com\/product\/yoast-seo-wordpress\/ -->\n<title>Body sexy en dentelle \u00e0 col licou avec d\u00e9tails lac\u00e9s - \u00c9veil Intime<\/title>\n<meta name=\"description\" content=\"Body sexy Mapal\u00e9 en dentelle \u00e0 col licou avec c\u00f4t\u00e9s lac\u00e9s et fermeture pratique \u00e0 l\u2019entrejambe, pour un look audacieux et raffin\u00e9.\" \/>\n<meta name=\"robots\" content=\"index, follow, max-snippet:-1, max-image-preview:large, max-video-preview:-1\" \/>\n<link rel=\"canonical\" href=\"https:\/\/eveilintime.fr\/index.php\/produit\/body-sexy-en-dentelle-a-col-licou-avec-details-laces\/\" \/>\n<meta property=\"og:locale\" content=\"fr_FR\" \/>\n<meta property=\"og:type\" content=\"article\" \/>\n<meta property=\"og:title\" content=\"Body sexy en dentelle \u00e0 col licou avec d\u00e9tails lac\u00e9s - \u00c9veil Intime\" \/>\n<meta property=\"og:description\" content=\"Body sexy Mapal\u00e9 en dentelle \u00e0 col licou avec c\u00f4t\u00e9s lac\u00e9s et fermeture pratique \u00e0 l\u2019entrejambe, pour un look audacieux et raffin\u00e9.\" \/>\n<meta property=\"og:url\" content=\"https:\/\/eveilintime.fr\/index.php\/produit\/body-sexy-en-dentelle-a-col-licou-avec-details-laces\/\" \/>\n<meta property=\"og:site_name\" content=\"\u00c9veil Intime\" \/>\n<meta property=\"article:modified_time\" content=\"2025-10-01T22:16:17+00:00\" \/>\n<meta property=\"og:image\" content=\"https:\/\/eveilintime.fr\/wp-content\/uploads\/2025\/09\/prod20138-4.png\" \/>\n\t<meta property=\"og:image:width\" content=\"800\" \/>\n\t<meta property=\"og:image:height\" content=\"800\" \/>\n\t<meta property=\"og:image:type\" content=\"image\/png\" \/>\n<meta name=\"twitter:card\" content=\"summary_large_image\" \/>\n<meta name=\"twitter:label1\" content=\"Dur\u00e9e de lecture estim\u00e9e\" \/>\n\t<meta name=\"twitter:data1\" content=\"1 minute\" \/>\n<script type=\"application\/ld+json\" class=\"yoast-schema-graph\">{\"@context\":\"https:\/\/schema.org\",\"@graph\":[{\"@type\":\"WebPage\",\"@id\":\"https:\/\/eveilintime.fr\/index.php\/produit\/body-sexy-en-dentelle-a-col-licou-avec-details-laces\/\",\"url\":\"https:\/\/eveilintime.fr\/index.php\/produit\/body-sexy-en-dentelle-a-col-licou-avec-details-laces\/\",\"name\":\"Body sexy en dentelle \u00e0 col licou avec d\u00e9tails lac\u00e9s - \u00c9veil Intime\",\"isPartOf\":{\"@id\":\"https:\/\/eveilintime.fr\/#website\"},\"primaryImageOfPage\":{\"@id\":\"https:\/\/eveilintime.fr\/index.php\/produit\/body-sexy-en-dentelle-a-col-licou-avec-details-laces\/#primaryimage\"},\"image\":{\"@id\":\"https:\/\/eveilintime.fr\/index.php\/produit\/body-sexy-en-dentelle-a-col-licou-avec-details-laces\/#primaryimage\"},\"thumbnailUrl\":\"https:\/\/eveilintime.fr\/wp-content\/uploads\/2025\/09\/prod20138-4.png\",\"datePublished\":\"2025-09-26T20:53:08+00:00\",\"dateModified\":\"2025-10-01T22:16:17+00:00\",\"description\":\"Body sexy Mapal\u00e9 en dentelle \u00e0 col licou avec c\u00f4t\u00e9s lac\u00e9s et fermeture pratique \u00e0 l\u2019entrejambe, pour un look audacieux et raffin\u00e9.\",\"breadcrumb\":{\"@id\":\"https:\/\/eveilintime.fr\/index.php\/produit\/body-sexy-en-dentelle-a-col-licou-avec-details-laces\/#breadcrumb\"},\"inLanguage\":\"fr-FR\",\"potentialAction\":[{\"@type\":\"ReadAction\",\"target\":[\"https:\/\/eveilintime.fr\/index.php\/produit\/body-sexy-en-dentelle-a-col-licou-avec-details-laces\/\"]}]},{\"@type\":\"ImageObject\",\"inLanguage\":\"fr-FR\",\"@id\":\"https:\/\/eveilintime.fr\/index.php\/produit\/body-sexy-en-dentelle-a-col-licou-avec-details-laces\/#primaryimage\",\"url\":\"https:\/\/eveilintime.fr\/wp-content\/uploads\/2025\/09\/prod20138-4.png\",\"contentUrl\":\"https:\/\/eveilintime.fr\/wp-content\/uploads\/2025\/09\/prod20138-4.png\",\"width\":800,\"height\":800},{\"@type\":\"BreadcrumbList\",\"@id\":\"https:\/\/eveilintime.fr\/index.php\/produit\/body-sexy-en-dentelle-a-col-licou-avec-details-laces\/#breadcrumb\",\"itemListElement\":[{\"@type\":\"ListItem\",\"position\":1,\"name\":\"Accueil\",\"item\":\"https:\/\/eveilintime.fr\/\"},{\"@type\":\"ListItem\",\"position\":2,\"name\":\"Boutique\",\"item\":\"https:\/\/eveilintime.fr\/?page_id=8\"},{\"@type\":\"ListItem\",\"position\":3,\"name\":\"Body sexy en dentelle \u00e0 col licou avec d\u00e9tails lac\u00e9s\"}]},{\"@type\":\"WebSite\",\"@id\":\"https:\/\/eveilintime.fr\/#website\",\"url\":\"https:\/\/eveilintime.fr\/\",\"name\":\"\u00c9veilintime\",\"description\":\"Parce que l&#039;intime m\u00e9rite l&#039;\u00e9l\u00e9gance\",\"publisher\":{\"@id\":\"https:\/\/eveilintime.fr\/#organization\"},\"potentialAction\":[{\"@type\":\"SearchAction\",\"target\":{\"@type\":\"EntryPoint\",\"urlTemplate\":\"https:\/\/eveilintime.fr\/?s={search_term_string}\"},\"query-input\":{\"@type\":\"PropertyValueSpecification\",\"valueRequired\":true,\"valueName\":\"search_term_string\"}}],\"inLanguage\":\"fr-FR\"},{\"@type\":\"Organization\",\"@id\":\"https:\/\/eveilintime.fr\/#organization\",\"name\":\"\u00c9veilintime\",\"url\":\"https:\/\/eveilintime.fr\/\",\"logo\":{\"@type\":\"ImageObject\",\"inLanguage\":\"fr-FR\",\"@id\":\"https:\/\/eveilintime.fr\/#\/schema\/logo\/image\/\",\"url\":\"https:\/\/eveilintime.fr\/wp-content\/uploads\/2025\/09\/logo-Eveil-Intime.png\",\"contentUrl\":\"https:\/\/eveilintime.fr\/wp-content\/uploads\/2025\/09\/logo-Eveil-Intime.png\",\"width\":417,\"height\":160,\"caption\":\"\u00c9veilintime\"},\"image\":{\"@id\":\"https:\/\/eveilintime.fr\/#\/schema\/logo\/image\/\"}}]}<\/script>\n<!-- \/ Yoast SEO plugin. -->","yoast_head_json":{"title":"Body sexy en dentelle \u00e0 col licou avec d\u00e9tails lac\u00e9s - \u00c9veil Intime","description":"Body sexy Mapal\u00e9 en dentelle \u00e0 col licou avec c\u00f4t\u00e9s lac\u00e9s et fermeture pratique \u00e0 l\u2019entrejambe, pour un look audacieux et raffin\u00e9.","robots":{"index":"index","follow":"follow","max-snippet":"max-snippet:-1","max-image-preview":"max-image-preview:large","max-video-preview":"max-video-preview:-1"},"canonical":"https:\/\/eveilintime.fr\/index.php\/produit\/body-sexy-en-dentelle-a-col-licou-avec-details-laces\/","og_locale":"fr_FR","og_type":"article","og_title":"Body sexy en dentelle \u00e0 col licou avec d\u00e9tails lac\u00e9s - \u00c9veil Intime","og_description":"Body sexy Mapal\u00e9 en dentelle \u00e0 col licou avec c\u00f4t\u00e9s lac\u00e9s et fermeture pratique \u00e0 l\u2019entrejambe, pour un look audacieux et raffin\u00e9.","og_url":"https:\/\/eveilintime.fr\/index.php\/produit\/body-sexy-en-dentelle-a-col-licou-avec-details-laces\/","og_site_name":"\u00c9veil Intime","article_modified_time":"2025-10-01T22:16:17+00:00","og_image":[{"width":800,"height":800,"url":"https:\/\/eveilintime.fr\/wp-content\/uploads\/2025\/09\/prod20138-4.png","type":"image\/png"}],"twitter_card":"summary_large_image","twitter_misc":{"Dur\u00e9e de lecture estim\u00e9e":"1 minute"},"schema":{"@context":"https:\/\/schema.org","@graph":[{"@type":"WebPage","@id":"https:\/\/eveilintime.fr\/index.php\/produit\/body-sexy-en-dentelle-a-col-licou-avec-details-laces\/","url":"https:\/\/eveilintime.fr\/index.php\/produit\/body-sexy-en-dentelle-a-col-licou-avec-details-laces\/","name":"Body sexy en dentelle \u00e0 col licou avec d\u00e9tails lac\u00e9s - \u00c9veil Intime","isPartOf":{"@id":"https:\/\/eveilintime.fr\/#website"},"primaryImageOfPage":{"@id":"https:\/\/eveilintime.fr\/index.php\/produit\/body-sexy-en-dentelle-a-col-licou-avec-details-laces\/#primaryimage"},"image":{"@id":"https:\/\/eveilintime.fr\/index.php\/produit\/body-sexy-en-dentelle-a-col-licou-avec-details-laces\/#primaryimage"},"thumbnailUrl":"https:\/\/eveilintime.fr\/wp-content\/uploads\/2025\/09\/prod20138-4.png","datePublished":"2025-09-26T20:53:08+00:00","dateModified":"2025-10-01T22:16:17+00:00","description":"Body sexy Mapal\u00e9 en dentelle \u00e0 col licou avec c\u00f4t\u00e9s lac\u00e9s et fermeture pratique \u00e0 l\u2019entrejambe, pour un look audacieux et raffin\u00e9.","breadcrumb":{"@id":"https:\/\/eveilintime.fr\/index.php\/produit\/body-sexy-en-dentelle-a-col-licou-avec-details-laces\/#breadcrumb"},"inLanguage":"fr-FR","potentialAction":[{"@type":"ReadAction","target":["https:\/\/eveilintime.fr\/index.php\/produit\/body-sexy-en-dentelle-a-col-licou-avec-details-laces\/"]}]},{"@type":"ImageObject","inLanguage":"fr-FR","@id":"https:\/\/eveilintime.fr\/index.php\/produit\/body-sexy-en-dentelle-a-col-licou-avec-details-laces\/#primaryimage","url":"https:\/\/eveilintime.fr\/wp-content\/uploads\/2025\/09\/prod20138-4.png","contentUrl":"https:\/\/eveilintime.fr\/wp-content\/uploads\/2025\/09\/prod20138-4.png","width":800,"height":800},{"@type":"BreadcrumbList","@id":"https:\/\/eveilintime.fr\/index.php\/produit\/body-sexy-en-dentelle-a-col-licou-avec-details-laces\/#breadcrumb","itemListElement":[{"@type":"ListItem","position":1,"name":"Accueil","item":"https:\/\/eveilintime.fr\/"},{"@type":"ListItem","position":2,"name":"Boutique","item":"https:\/\/eveilintime.fr\/?page_id=8"},{"@type":"ListItem","position":3,"name":"Body sexy en dentelle \u00e0 col licou avec d\u00e9tails lac\u00e9s"}]},{"@type":"WebSite","@id":"https:\/\/eveilintime.fr\/#website","url":"https:\/\/eveilintime.fr\/","name":"\u00c9veilintime","description":"Parce que l&#039;intime m\u00e9rite l&#039;\u00e9l\u00e9gance","publisher":{"@id":"https:\/\/eveilintime.fr\/#organization"},"potentialAction":[{"@type":"SearchAction","target":{"@type":"EntryPoint","urlTemplate":"https:\/\/eveilintime.fr\/?s={search_term_string}"},"query-input":{"@type":"PropertyValueSpecification","valueRequired":true,"valueName":"search_term_string"}}],"inLanguage":"fr-FR"},{"@type":"Organization","@id":"https:\/\/eveilintime.fr\/#organization","name":"\u00c9veilintime","url":"https:\/\/eveilintime.fr\/","logo":{"@type":"ImageObject","inLanguage":"fr-FR","@id":"https:\/\/eveilintime.fr\/#\/schema\/logo\/image\/","url":"https:\/\/eveilintime.fr\/wp-content\/uploads\/2025\/09\/logo-Eveil-Intime.png","contentUrl":"https:\/\/eveilintime.fr\/wp-content\/uploads\/2025\/09\/logo-Eveil-Intime.png","width":417,"height":160,"caption":"\u00c9veilintime"},"image":{"@id":"https:\/\/eveilintime.fr\/#\/schema\/logo\/image\/"}}]}},"jetpack_sharing_enabled":true,"_links":{"self":[{"href":"https:\/\/eveilintime.fr\/index.php?rest_route=\/wp\/v2\/product\/429","targetHints":{"allow":["GET"]}}],"collection":[{"href":"https:\/\/eveilintime.fr\/index.php?rest_route=\/wp\/v2\/product"}],"about":[{"href":"https:\/\/eveilintime.fr\/index.php?rest_route=\/wp\/v2\/types\/product"}],"replies":[{"embeddable":true,"href":"https:\/\/eveilintime.fr\/index.php?rest_route=%2Fwp%2Fv2%2Fcomments&post=429"}],"version-history":[{"count":2,"href":"https:\/\/eveilintime.fr\/index.php?rest_route=\/wp\/v2\/product\/429\/revisions"}],"predecessor-version":[{"id":891,"href":"https:\/\/eveilintime.fr\/index.php?rest_route=\/wp\/v2\/product\/429\/revisions\/891"}],"wp:featuredmedia":[{"embeddable":true,"href":"https:\/\/eveilintime.fr\/index.php?rest_route=\/wp\/v2\/media\/894"}],"wp:attachment":[{"href":"https:\/\/eveilintime.fr\/index.php?rest_route=%2Fwp%2Fv2%2Fmedia&parent=429"}],"wp:term":[{"taxonomy":"product_brand","embeddable":true,"href":"https:\/\/eveilintime.fr\/index.php?rest_route=%2Fwp%2Fv2%2Fproduct_brand&post=429"},{"taxonomy":"product_cat","embeddable":true,"href":"https:\/\/eveilintime.fr\/index.php?rest_route=%2Fwp%2Fv2%2Fproduct_cat&post=429"},{"taxonomy":"product_tag","embeddable":true,"href":"https:\/\/eveilintime.fr\/index.php?rest_route=%2Fwp%2Fv2%2Fproduct_tag&post=429"}],"curies":[{"name":"wp","href":"https:\/\/api.w.org\/{rel}","templated":true}]}}