{"id":380,"date":"2025-09-25T18:07:17","date_gmt":"2025-09-25T18:07:17","guid":{"rendered":"https:\/\/eveilintime.fr\/?post_type=product&#038;p=380"},"modified":"2025-10-03T21:08:14","modified_gmt":"2025-10-03T21:08:14","slug":"vibromasseur-silicone-10-modes-de-vibration-usb-bleu","status":"publish","type":"product","link":"https:\/\/eveilintime.fr\/?product=vibromasseur-silicone-10-modes-de-vibration-usb-bleu","title":{"rendered":"Vibromasseur silicone 10 modes de vibration USB bleu"},"content":{"rendered":"<p><strong>Vibromasseur<\/strong>, dot\u00e9 de\u00a0<strong>10 modes de vibration<\/strong>\u00a0de la collection Plaisir Emoi<\/p>\n<p>Dot\u00e9 de 2 boutons pour changer les modes et\/ou revenir en arri\u00e8re, suivant vos envies.<\/p>\n<p>Mati\u00e8re : Silicone et ABS<\/p>\n<p>Facile \u00e0 nettoyer<\/p>\n<p>Etanche &#8211; Silencieux<\/p>\n<p>Cable de charge magn\u00e9tique USB inclus &#8211; Temps de charge 90 minutes &#8211; utilisation 150 minutes.<\/p>\n<p>Dimensions : Longueur 21,5 avec un diam\u00e8tre de 3,2 cm<\/p>\n<p>Utiliser un nettoyant avant et apr\u00e8s utilisation<\/p>\n","protected":false},"excerpt":{"rendered":"<p><strong>Vibromasseur turquoise en silicone<\/strong>, dot\u00e9 de\u00a0<strong>10 modes de vibration\u00a0<\/strong>de la collection Plaisir Emoi.<\/p>\n<p>&nbsp;<\/p>\n<p style=\"text-align: center;\"><img decoding=\"async\" class=\"alignnone size-medium wp-image-150 lazyload\" data-src=\"https:\/\/eveilintime.fr\/wp-content\/uploads\/2025\/09\/paiement-securise-garanti-300x76.png\" alt=\"Paiement s\u00e9curis\u00e9\" width=\"300\" height=\"76\" data-srcset=\"https:\/\/eveilintime.fr\/wp-content\/uploads\/2025\/09\/paiement-securise-garanti-300x76.png 300w, https:\/\/eveilintime.fr\/wp-content\/uploads\/2025\/09\/paiement-securise-garanti.png 446w\" data-sizes=\"(max-width: 300px) 100vw, 300px\" src=\"data:image\/svg+xml;base64,PHN2ZyB3aWR0aD0iMSIgaGVpZ2h0PSIxIiB4bWxucz0iaHR0cDovL3d3dy53My5vcmcvMjAwMC9zdmciPjwvc3ZnPg==\" style=\"--smush-placeholder-width: 300px; --smush-placeholder-aspect-ratio: 300\/76;\" \/><\/p>\n","protected":false},"featured_media":886,"comment_status":"open","ping_status":"closed","template":"","meta":[],"product_brand":[25],"product_cat":[36],"product_tag":[21],"class_list":{"0":"post-380","1":"product","2":"type-product","3":"status-publish","4":"has-post-thumbnail","6":"product_brand-plaisir-emoi","7":"product_cat-vibromasseur","8":"product_tag-vibromasseur","10":"first","11":"instock","12":"taxable","13":"shipping-taxable","14":"purchasable","15":"product-type-simple"},"yoast_head":"<!-- This site is optimized with the Yoast SEO plugin v27.1.1 - https:\/\/yoast.com\/product\/yoast-seo-wordpress\/ -->\n<title>Vibromasseur silicone 10 modes de vibration USB bleu - \u00c9veil Intime<\/title>\n<meta name=\"description\" content=\"Explorez notre sexshop en ligne : sextoys, lingerie sexy et accessoires \u00e9rotiques pour tous vos d\u00e9sirs. Offrez-vous des instants de plaisir inoubliables.\" \/>\n<meta name=\"robots\" content=\"index, follow, max-snippet:-1, max-image-preview:large, max-video-preview:-1\" \/>\n<link rel=\"canonical\" href=\"https:\/\/eveilintime.fr\/index.php\/produit\/vibromasseur-silicone-10-modes-de-vibration-usb-bleu\/\" \/>\n<meta property=\"og:locale\" content=\"fr_FR\" \/>\n<meta property=\"og:type\" content=\"article\" \/>\n<meta property=\"og:title\" content=\"Vibromasseur silicone 10 modes de vibration USB bleu - \u00c9veil Intime\" \/>\n<meta property=\"og:description\" content=\"Explorez notre sexshop en ligne : sextoys, lingerie sexy et accessoires \u00e9rotiques pour tous vos d\u00e9sirs. Offrez-vous des instants de plaisir inoubliables.\" \/>\n<meta property=\"og:url\" content=\"https:\/\/eveilintime.fr\/index.php\/produit\/vibromasseur-silicone-10-modes-de-vibration-usb-bleu\/\" \/>\n<meta property=\"og:site_name\" content=\"\u00c9veil Intime\" \/>\n<meta property=\"article:modified_time\" content=\"2025-10-03T21:08:14+00:00\" \/>\n<meta property=\"og:image\" content=\"https:\/\/eveilintime.fr\/wp-content\/uploads\/2025\/09\/vibromasseur-silicone-10-modes-de-vibration-usb-bleu-boz-053tur-3.jpg\" \/>\n\t<meta property=\"og:image:width\" content=\"800\" \/>\n\t<meta property=\"og:image:height\" content=\"800\" \/>\n\t<meta property=\"og:image:type\" content=\"image\/jpeg\" \/>\n<meta name=\"twitter:card\" content=\"summary_large_image\" \/>\n<meta name=\"twitter:label1\" content=\"Dur\u00e9e de lecture estim\u00e9e\" \/>\n\t<meta name=\"twitter:data1\" content=\"1 minute\" \/>\n<script type=\"application\/ld+json\" class=\"yoast-schema-graph\">{\"@context\":\"https:\/\/schema.org\",\"@graph\":[{\"@type\":\"WebPage\",\"@id\":\"https:\/\/eveilintime.fr\/index.php\/produit\/vibromasseur-silicone-10-modes-de-vibration-usb-bleu\/\",\"url\":\"https:\/\/eveilintime.fr\/index.php\/produit\/vibromasseur-silicone-10-modes-de-vibration-usb-bleu\/\",\"name\":\"Vibromasseur silicone 10 modes de vibration USB bleu - \u00c9veil Intime\",\"isPartOf\":{\"@id\":\"https:\/\/eveilintime.fr\/#website\"},\"primaryImageOfPage\":{\"@id\":\"https:\/\/eveilintime.fr\/index.php\/produit\/vibromasseur-silicone-10-modes-de-vibration-usb-bleu\/#primaryimage\"},\"image\":{\"@id\":\"https:\/\/eveilintime.fr\/index.php\/produit\/vibromasseur-silicone-10-modes-de-vibration-usb-bleu\/#primaryimage\"},\"thumbnailUrl\":\"https:\/\/eveilintime.fr\/wp-content\/uploads\/2025\/09\/vibromasseur-silicone-10-modes-de-vibration-usb-bleu-boz-053tur-3.jpg\",\"datePublished\":\"2025-09-25T18:07:17+00:00\",\"dateModified\":\"2025-10-03T21:08:14+00:00\",\"description\":\"Explorez notre sexshop en ligne : sextoys, lingerie sexy et accessoires \u00e9rotiques pour tous vos d\u00e9sirs. Offrez-vous des instants de plaisir inoubliables.\",\"breadcrumb\":{\"@id\":\"https:\/\/eveilintime.fr\/index.php\/produit\/vibromasseur-silicone-10-modes-de-vibration-usb-bleu\/#breadcrumb\"},\"inLanguage\":\"fr-FR\",\"potentialAction\":[{\"@type\":\"ReadAction\",\"target\":[\"https:\/\/eveilintime.fr\/index.php\/produit\/vibromasseur-silicone-10-modes-de-vibration-usb-bleu\/\"]}]},{\"@type\":\"ImageObject\",\"inLanguage\":\"fr-FR\",\"@id\":\"https:\/\/eveilintime.fr\/index.php\/produit\/vibromasseur-silicone-10-modes-de-vibration-usb-bleu\/#primaryimage\",\"url\":\"https:\/\/eveilintime.fr\/wp-content\/uploads\/2025\/09\/vibromasseur-silicone-10-modes-de-vibration-usb-bleu-boz-053tur-3.jpg\",\"contentUrl\":\"https:\/\/eveilintime.fr\/wp-content\/uploads\/2025\/09\/vibromasseur-silicone-10-modes-de-vibration-usb-bleu-boz-053tur-3.jpg\",\"width\":800,\"height\":800},{\"@type\":\"BreadcrumbList\",\"@id\":\"https:\/\/eveilintime.fr\/index.php\/produit\/vibromasseur-silicone-10-modes-de-vibration-usb-bleu\/#breadcrumb\",\"itemListElement\":[{\"@type\":\"ListItem\",\"position\":1,\"name\":\"Accueil\",\"item\":\"https:\/\/eveilintime.fr\/\"},{\"@type\":\"ListItem\",\"position\":2,\"name\":\"Boutique\",\"item\":\"https:\/\/eveilintime.fr\/?page_id=8\"},{\"@type\":\"ListItem\",\"position\":3,\"name\":\"Vibromasseur silicone 10 modes de vibration USB bleu\"}]},{\"@type\":\"WebSite\",\"@id\":\"https:\/\/eveilintime.fr\/#website\",\"url\":\"https:\/\/eveilintime.fr\/\",\"name\":\"\u00c9veilintime\",\"description\":\"Parce que l&#039;intime m\u00e9rite l&#039;\u00e9l\u00e9gance\",\"publisher\":{\"@id\":\"https:\/\/eveilintime.fr\/#organization\"},\"potentialAction\":[{\"@type\":\"SearchAction\",\"target\":{\"@type\":\"EntryPoint\",\"urlTemplate\":\"https:\/\/eveilintime.fr\/?s={search_term_string}\"},\"query-input\":{\"@type\":\"PropertyValueSpecification\",\"valueRequired\":true,\"valueName\":\"search_term_string\"}}],\"inLanguage\":\"fr-FR\"},{\"@type\":\"Organization\",\"@id\":\"https:\/\/eveilintime.fr\/#organization\",\"name\":\"\u00c9veilintime\",\"url\":\"https:\/\/eveilintime.fr\/\",\"logo\":{\"@type\":\"ImageObject\",\"inLanguage\":\"fr-FR\",\"@id\":\"https:\/\/eveilintime.fr\/#\/schema\/logo\/image\/\",\"url\":\"https:\/\/eveilintime.fr\/wp-content\/uploads\/2025\/09\/logo-Eveil-Intime.png\",\"contentUrl\":\"https:\/\/eveilintime.fr\/wp-content\/uploads\/2025\/09\/logo-Eveil-Intime.png\",\"width\":417,\"height\":160,\"caption\":\"\u00c9veilintime\"},\"image\":{\"@id\":\"https:\/\/eveilintime.fr\/#\/schema\/logo\/image\/\"}}]}<\/script>\n<!-- \/ Yoast SEO plugin. -->","yoast_head_json":{"title":"Vibromasseur silicone 10 modes de vibration USB bleu - \u00c9veil Intime","description":"Explorez notre sexshop en ligne : sextoys, lingerie sexy et accessoires \u00e9rotiques pour tous vos d\u00e9sirs. Offrez-vous des instants de plaisir inoubliables.","robots":{"index":"index","follow":"follow","max-snippet":"max-snippet:-1","max-image-preview":"max-image-preview:large","max-video-preview":"max-video-preview:-1"},"canonical":"https:\/\/eveilintime.fr\/index.php\/produit\/vibromasseur-silicone-10-modes-de-vibration-usb-bleu\/","og_locale":"fr_FR","og_type":"article","og_title":"Vibromasseur silicone 10 modes de vibration USB bleu - \u00c9veil Intime","og_description":"Explorez notre sexshop en ligne : sextoys, lingerie sexy et accessoires \u00e9rotiques pour tous vos d\u00e9sirs. Offrez-vous des instants de plaisir inoubliables.","og_url":"https:\/\/eveilintime.fr\/index.php\/produit\/vibromasseur-silicone-10-modes-de-vibration-usb-bleu\/","og_site_name":"\u00c9veil Intime","article_modified_time":"2025-10-03T21:08:14+00:00","og_image":[{"width":800,"height":800,"url":"https:\/\/eveilintime.fr\/wp-content\/uploads\/2025\/09\/vibromasseur-silicone-10-modes-de-vibration-usb-bleu-boz-053tur-3.jpg","type":"image\/jpeg"}],"twitter_card":"summary_large_image","twitter_misc":{"Dur\u00e9e de lecture estim\u00e9e":"1 minute"},"schema":{"@context":"https:\/\/schema.org","@graph":[{"@type":"WebPage","@id":"https:\/\/eveilintime.fr\/index.php\/produit\/vibromasseur-silicone-10-modes-de-vibration-usb-bleu\/","url":"https:\/\/eveilintime.fr\/index.php\/produit\/vibromasseur-silicone-10-modes-de-vibration-usb-bleu\/","name":"Vibromasseur silicone 10 modes de vibration USB bleu - \u00c9veil Intime","isPartOf":{"@id":"https:\/\/eveilintime.fr\/#website"},"primaryImageOfPage":{"@id":"https:\/\/eveilintime.fr\/index.php\/produit\/vibromasseur-silicone-10-modes-de-vibration-usb-bleu\/#primaryimage"},"image":{"@id":"https:\/\/eveilintime.fr\/index.php\/produit\/vibromasseur-silicone-10-modes-de-vibration-usb-bleu\/#primaryimage"},"thumbnailUrl":"https:\/\/eveilintime.fr\/wp-content\/uploads\/2025\/09\/vibromasseur-silicone-10-modes-de-vibration-usb-bleu-boz-053tur-3.jpg","datePublished":"2025-09-25T18:07:17+00:00","dateModified":"2025-10-03T21:08:14+00:00","description":"Explorez notre sexshop en ligne : sextoys, lingerie sexy et accessoires \u00e9rotiques pour tous vos d\u00e9sirs. Offrez-vous des instants de plaisir inoubliables.","breadcrumb":{"@id":"https:\/\/eveilintime.fr\/index.php\/produit\/vibromasseur-silicone-10-modes-de-vibration-usb-bleu\/#breadcrumb"},"inLanguage":"fr-FR","potentialAction":[{"@type":"ReadAction","target":["https:\/\/eveilintime.fr\/index.php\/produit\/vibromasseur-silicone-10-modes-de-vibration-usb-bleu\/"]}]},{"@type":"ImageObject","inLanguage":"fr-FR","@id":"https:\/\/eveilintime.fr\/index.php\/produit\/vibromasseur-silicone-10-modes-de-vibration-usb-bleu\/#primaryimage","url":"https:\/\/eveilintime.fr\/wp-content\/uploads\/2025\/09\/vibromasseur-silicone-10-modes-de-vibration-usb-bleu-boz-053tur-3.jpg","contentUrl":"https:\/\/eveilintime.fr\/wp-content\/uploads\/2025\/09\/vibromasseur-silicone-10-modes-de-vibration-usb-bleu-boz-053tur-3.jpg","width":800,"height":800},{"@type":"BreadcrumbList","@id":"https:\/\/eveilintime.fr\/index.php\/produit\/vibromasseur-silicone-10-modes-de-vibration-usb-bleu\/#breadcrumb","itemListElement":[{"@type":"ListItem","position":1,"name":"Accueil","item":"https:\/\/eveilintime.fr\/"},{"@type":"ListItem","position":2,"name":"Boutique","item":"https:\/\/eveilintime.fr\/?page_id=8"},{"@type":"ListItem","position":3,"name":"Vibromasseur silicone 10 modes de vibration USB bleu"}]},{"@type":"WebSite","@id":"https:\/\/eveilintime.fr\/#website","url":"https:\/\/eveilintime.fr\/","name":"\u00c9veilintime","description":"Parce que l&#039;intime m\u00e9rite l&#039;\u00e9l\u00e9gance","publisher":{"@id":"https:\/\/eveilintime.fr\/#organization"},"potentialAction":[{"@type":"SearchAction","target":{"@type":"EntryPoint","urlTemplate":"https:\/\/eveilintime.fr\/?s={search_term_string}"},"query-input":{"@type":"PropertyValueSpecification","valueRequired":true,"valueName":"search_term_string"}}],"inLanguage":"fr-FR"},{"@type":"Organization","@id":"https:\/\/eveilintime.fr\/#organization","name":"\u00c9veilintime","url":"https:\/\/eveilintime.fr\/","logo":{"@type":"ImageObject","inLanguage":"fr-FR","@id":"https:\/\/eveilintime.fr\/#\/schema\/logo\/image\/","url":"https:\/\/eveilintime.fr\/wp-content\/uploads\/2025\/09\/logo-Eveil-Intime.png","contentUrl":"https:\/\/eveilintime.fr\/wp-content\/uploads\/2025\/09\/logo-Eveil-Intime.png","width":417,"height":160,"caption":"\u00c9veilintime"},"image":{"@id":"https:\/\/eveilintime.fr\/#\/schema\/logo\/image\/"}}]}},"jetpack_sharing_enabled":true,"_links":{"self":[{"href":"https:\/\/eveilintime.fr\/index.php?rest_route=\/wp\/v2\/product\/380","targetHints":{"allow":["GET"]}}],"collection":[{"href":"https:\/\/eveilintime.fr\/index.php?rest_route=\/wp\/v2\/product"}],"about":[{"href":"https:\/\/eveilintime.fr\/index.php?rest_route=\/wp\/v2\/types\/product"}],"replies":[{"embeddable":true,"href":"https:\/\/eveilintime.fr\/index.php?rest_route=%2Fwp%2Fv2%2Fcomments&post=380"}],"version-history":[{"count":1,"href":"https:\/\/eveilintime.fr\/index.php?rest_route=\/wp\/v2\/product\/380\/revisions"}],"predecessor-version":[{"id":384,"href":"https:\/\/eveilintime.fr\/index.php?rest_route=\/wp\/v2\/product\/380\/revisions\/384"}],"wp:featuredmedia":[{"embeddable":true,"href":"https:\/\/eveilintime.fr\/index.php?rest_route=\/wp\/v2\/media\/886"}],"wp:attachment":[{"href":"https:\/\/eveilintime.fr\/index.php?rest_route=%2Fwp%2Fv2%2Fmedia&parent=380"}],"wp:term":[{"taxonomy":"product_brand","embeddable":true,"href":"https:\/\/eveilintime.fr\/index.php?rest_route=%2Fwp%2Fv2%2Fproduct_brand&post=380"},{"taxonomy":"product_cat","embeddable":true,"href":"https:\/\/eveilintime.fr\/index.php?rest_route=%2Fwp%2Fv2%2Fproduct_cat&post=380"},{"taxonomy":"product_tag","embeddable":true,"href":"https:\/\/eveilintime.fr\/index.php?rest_route=%2Fwp%2Fv2%2Fproduct_tag&post=380"}],"curies":[{"name":"wp","href":"https:\/\/api.w.org\/{rel}","templated":true}]}}