{"id":2178,"date":"2025-11-30T22:43:31","date_gmt":"2025-11-30T22:43:31","guid":{"rendered":"https:\/\/eveilintime.fr\/?post_type=product&#038;p=2178"},"modified":"2025-11-30T22:43:31","modified_gmt":"2025-11-30T22:43:31","slug":"buste-masturbateur-vibrant-vagin-et-anus","status":"publish","type":"product","link":"https:\/\/eveilintime.fr\/?product=buste-masturbateur-vibrant-vagin-et-anus","title":{"rendered":"Buste masturbateur vibrant vagin et anus"},"content":{"rendered":"<p>D\u00e9couvrez le buste masturbateur Amber \u00e0 forte poitrine de Real Body, con\u00e7u pour une exp\u00e9rience sensuelle r\u00e9aliste et inoubliable. Ultra-r\u00e9aliste, ce buste de 25 cm de longueur et 18 cm de largeur est id\u00e9al pour des moments de plaisir intenses. Avec un poids de 2,48 kg, il est accompagn\u00e9 d\u2019un \u0153uf vibrant pour encore plus de sensations.<\/p>\n<p>Poids : 2,48 kg<\/p>\n<p>Largeur : 18 cm<\/p>\n<p>Longueur : 25 cm<\/p>\n<p>Mati\u00e8re du buste : TPE<\/p>\n<p>Mati\u00e8re de l\u2019\u0153uf : ABS<\/p>\n<p>Inclus : buste + \u0153uf vibrant<\/p>\n","protected":false},"excerpt":{"rendered":"<p>Buste vibrant<\/p>\n<p>Deux orifices (vagin et anus)<\/p>\n<p>&nbsp;<\/p>\n<p style=\"text-align: center;\"><img decoding=\"async\" class=\"alignnone size-medium wp-image-1631 lazyload\" data-src=\"https:\/\/eveilintime.fr\/wp-content\/uploads\/2025\/10\/paiement-securise-garanti-1-300x76.png\" alt=\"\" width=\"300\" height=\"76\" data-srcset=\"https:\/\/eveilintime.fr\/wp-content\/uploads\/2025\/10\/paiement-securise-garanti-1-300x76.png 300w, https:\/\/eveilintime.fr\/wp-content\/uploads\/2025\/10\/paiement-securise-garanti-1.png 446w\" data-sizes=\"(max-width: 300px) 100vw, 300px\" src=\"data:image\/svg+xml;base64,PHN2ZyB3aWR0aD0iMSIgaGVpZ2h0PSIxIiB4bWxucz0iaHR0cDovL3d3dy53My5vcmcvMjAwMC9zdmciPjwvc3ZnPg==\" style=\"--smush-placeholder-width: 300px; --smush-placeholder-aspect-ratio: 300\/76;\" \/><\/p>\n","protected":false},"featured_media":2179,"comment_status":"open","ping_status":"closed","template":"","meta":[],"product_brand":[],"product_cat":[179],"product_tag":[],"class_list":{"0":"post-2178","1":"product","2":"type-product","3":"status-publish","4":"has-post-thumbnail","6":"product_cat-pour-homme","8":"first","9":"instock","10":"taxable","11":"shipping-taxable","12":"purchasable","13":"product-type-simple"},"yoast_head":"<!-- This site is optimized with the Yoast SEO plugin v27.1.1 - https:\/\/yoast.com\/product\/yoast-seo-wordpress\/ -->\n<title>Buste masturbateur vibrant vagin et anus - \u00c9veil Intime<\/title>\n<meta name=\"robots\" content=\"index, follow, max-snippet:-1, max-image-preview:large, max-video-preview:-1\" \/>\n<link rel=\"canonical\" href=\"https:\/\/eveilintime.fr\/?product=buste-masturbateur-vibrant-vagin-et-anus\" \/>\n<meta property=\"og:locale\" content=\"fr_FR\" \/>\n<meta property=\"og:type\" content=\"article\" \/>\n<meta property=\"og:title\" content=\"Buste masturbateur vibrant vagin et anus - \u00c9veil Intime\" \/>\n<meta property=\"og:description\" content=\"Buste vibrant  Deux orifices (vagin et anus)  &nbsp;\" \/>\n<meta property=\"og:url\" content=\"https:\/\/eveilintime.fr\/?product=buste-masturbateur-vibrant-vagin-et-anus\" \/>\n<meta property=\"og:site_name\" content=\"\u00c9veil Intime\" \/>\n<meta property=\"og:image\" content=\"https:\/\/eveilintime.fr\/wp-content\/uploads\/2025\/11\/real-briana-fessier-masturbateur-vibrant-vagin-et-anus-4.png\" \/>\n\t<meta property=\"og:image:width\" content=\"800\" \/>\n\t<meta property=\"og:image:height\" content=\"800\" \/>\n\t<meta property=\"og:image:type\" content=\"image\/png\" \/>\n<meta name=\"twitter:card\" content=\"summary_large_image\" \/>\n<meta name=\"twitter:label1\" content=\"Dur\u00e9e de lecture estim\u00e9e\" \/>\n\t<meta name=\"twitter:data1\" content=\"1 minute\" \/>\n<script type=\"application\/ld+json\" class=\"yoast-schema-graph\">{\"@context\":\"https:\/\/schema.org\",\"@graph\":[{\"@type\":\"WebPage\",\"@id\":\"https:\/\/eveilintime.fr\/?product=buste-masturbateur-vibrant-vagin-et-anus\",\"url\":\"https:\/\/eveilintime.fr\/?product=buste-masturbateur-vibrant-vagin-et-anus\",\"name\":\"Buste masturbateur vibrant vagin et anus - \u00c9veil Intime\",\"isPartOf\":{\"@id\":\"https:\/\/eveilintime.fr\/#website\"},\"primaryImageOfPage\":{\"@id\":\"https:\/\/eveilintime.fr\/?product=buste-masturbateur-vibrant-vagin-et-anus#primaryimage\"},\"image\":{\"@id\":\"https:\/\/eveilintime.fr\/?product=buste-masturbateur-vibrant-vagin-et-anus#primaryimage\"},\"thumbnailUrl\":\"https:\/\/eveilintime.fr\/wp-content\/uploads\/2025\/11\/real-briana-fessier-masturbateur-vibrant-vagin-et-anus-4.png\",\"datePublished\":\"2025-11-30T22:43:31+00:00\",\"breadcrumb\":{\"@id\":\"https:\/\/eveilintime.fr\/?product=buste-masturbateur-vibrant-vagin-et-anus#breadcrumb\"},\"inLanguage\":\"fr-FR\",\"potentialAction\":[{\"@type\":\"ReadAction\",\"target\":[\"https:\/\/eveilintime.fr\/?product=buste-masturbateur-vibrant-vagin-et-anus\"]}]},{\"@type\":\"ImageObject\",\"inLanguage\":\"fr-FR\",\"@id\":\"https:\/\/eveilintime.fr\/?product=buste-masturbateur-vibrant-vagin-et-anus#primaryimage\",\"url\":\"https:\/\/eveilintime.fr\/wp-content\/uploads\/2025\/11\/real-briana-fessier-masturbateur-vibrant-vagin-et-anus-4.png\",\"contentUrl\":\"https:\/\/eveilintime.fr\/wp-content\/uploads\/2025\/11\/real-briana-fessier-masturbateur-vibrant-vagin-et-anus-4.png\",\"width\":800,\"height\":800},{\"@type\":\"BreadcrumbList\",\"@id\":\"https:\/\/eveilintime.fr\/?product=buste-masturbateur-vibrant-vagin-et-anus#breadcrumb\",\"itemListElement\":[{\"@type\":\"ListItem\",\"position\":1,\"name\":\"Accueil\",\"item\":\"https:\/\/eveilintime.fr\/\"},{\"@type\":\"ListItem\",\"position\":2,\"name\":\"Boutique\",\"item\":\"https:\/\/eveilintime.fr\/?page_id=8\"},{\"@type\":\"ListItem\",\"position\":3,\"name\":\"Buste masturbateur vibrant vagin et anus\"}]},{\"@type\":\"WebSite\",\"@id\":\"https:\/\/eveilintime.fr\/#website\",\"url\":\"https:\/\/eveilintime.fr\/\",\"name\":\"\u00c9veilintime\",\"description\":\"Parce que l&#039;intime m\u00e9rite l&#039;\u00e9l\u00e9gance\",\"publisher\":{\"@id\":\"https:\/\/eveilintime.fr\/#organization\"},\"potentialAction\":[{\"@type\":\"SearchAction\",\"target\":{\"@type\":\"EntryPoint\",\"urlTemplate\":\"https:\/\/eveilintime.fr\/?s={search_term_string}\"},\"query-input\":{\"@type\":\"PropertyValueSpecification\",\"valueRequired\":true,\"valueName\":\"search_term_string\"}}],\"inLanguage\":\"fr-FR\"},{\"@type\":\"Organization\",\"@id\":\"https:\/\/eveilintime.fr\/#organization\",\"name\":\"\u00c9veilintime\",\"url\":\"https:\/\/eveilintime.fr\/\",\"logo\":{\"@type\":\"ImageObject\",\"inLanguage\":\"fr-FR\",\"@id\":\"https:\/\/eveilintime.fr\/#\/schema\/logo\/image\/\",\"url\":\"https:\/\/eveilintime.fr\/wp-content\/uploads\/2025\/09\/logo-Eveil-Intime.png\",\"contentUrl\":\"https:\/\/eveilintime.fr\/wp-content\/uploads\/2025\/09\/logo-Eveil-Intime.png\",\"width\":417,\"height\":160,\"caption\":\"\u00c9veilintime\"},\"image\":{\"@id\":\"https:\/\/eveilintime.fr\/#\/schema\/logo\/image\/\"}}]}<\/script>\n<!-- \/ Yoast SEO plugin. -->","yoast_head_json":{"title":"Buste masturbateur vibrant vagin et anus - \u00c9veil Intime","robots":{"index":"index","follow":"follow","max-snippet":"max-snippet:-1","max-image-preview":"max-image-preview:large","max-video-preview":"max-video-preview:-1"},"canonical":"https:\/\/eveilintime.fr\/?product=buste-masturbateur-vibrant-vagin-et-anus","og_locale":"fr_FR","og_type":"article","og_title":"Buste masturbateur vibrant vagin et anus - \u00c9veil Intime","og_description":"Buste vibrant  Deux orifices (vagin et anus)  &nbsp;","og_url":"https:\/\/eveilintime.fr\/?product=buste-masturbateur-vibrant-vagin-et-anus","og_site_name":"\u00c9veil Intime","og_image":[{"width":800,"height":800,"url":"https:\/\/eveilintime.fr\/wp-content\/uploads\/2025\/11\/real-briana-fessier-masturbateur-vibrant-vagin-et-anus-4.png","type":"image\/png"}],"twitter_card":"summary_large_image","twitter_misc":{"Dur\u00e9e de lecture estim\u00e9e":"1 minute"},"schema":{"@context":"https:\/\/schema.org","@graph":[{"@type":"WebPage","@id":"https:\/\/eveilintime.fr\/?product=buste-masturbateur-vibrant-vagin-et-anus","url":"https:\/\/eveilintime.fr\/?product=buste-masturbateur-vibrant-vagin-et-anus","name":"Buste masturbateur vibrant vagin et anus - \u00c9veil Intime","isPartOf":{"@id":"https:\/\/eveilintime.fr\/#website"},"primaryImageOfPage":{"@id":"https:\/\/eveilintime.fr\/?product=buste-masturbateur-vibrant-vagin-et-anus#primaryimage"},"image":{"@id":"https:\/\/eveilintime.fr\/?product=buste-masturbateur-vibrant-vagin-et-anus#primaryimage"},"thumbnailUrl":"https:\/\/eveilintime.fr\/wp-content\/uploads\/2025\/11\/real-briana-fessier-masturbateur-vibrant-vagin-et-anus-4.png","datePublished":"2025-11-30T22:43:31+00:00","breadcrumb":{"@id":"https:\/\/eveilintime.fr\/?product=buste-masturbateur-vibrant-vagin-et-anus#breadcrumb"},"inLanguage":"fr-FR","potentialAction":[{"@type":"ReadAction","target":["https:\/\/eveilintime.fr\/?product=buste-masturbateur-vibrant-vagin-et-anus"]}]},{"@type":"ImageObject","inLanguage":"fr-FR","@id":"https:\/\/eveilintime.fr\/?product=buste-masturbateur-vibrant-vagin-et-anus#primaryimage","url":"https:\/\/eveilintime.fr\/wp-content\/uploads\/2025\/11\/real-briana-fessier-masturbateur-vibrant-vagin-et-anus-4.png","contentUrl":"https:\/\/eveilintime.fr\/wp-content\/uploads\/2025\/11\/real-briana-fessier-masturbateur-vibrant-vagin-et-anus-4.png","width":800,"height":800},{"@type":"BreadcrumbList","@id":"https:\/\/eveilintime.fr\/?product=buste-masturbateur-vibrant-vagin-et-anus#breadcrumb","itemListElement":[{"@type":"ListItem","position":1,"name":"Accueil","item":"https:\/\/eveilintime.fr\/"},{"@type":"ListItem","position":2,"name":"Boutique","item":"https:\/\/eveilintime.fr\/?page_id=8"},{"@type":"ListItem","position":3,"name":"Buste masturbateur vibrant vagin et anus"}]},{"@type":"WebSite","@id":"https:\/\/eveilintime.fr\/#website","url":"https:\/\/eveilintime.fr\/","name":"\u00c9veilintime","description":"Parce que l&#039;intime m\u00e9rite l&#039;\u00e9l\u00e9gance","publisher":{"@id":"https:\/\/eveilintime.fr\/#organization"},"potentialAction":[{"@type":"SearchAction","target":{"@type":"EntryPoint","urlTemplate":"https:\/\/eveilintime.fr\/?s={search_term_string}"},"query-input":{"@type":"PropertyValueSpecification","valueRequired":true,"valueName":"search_term_string"}}],"inLanguage":"fr-FR"},{"@type":"Organization","@id":"https:\/\/eveilintime.fr\/#organization","name":"\u00c9veilintime","url":"https:\/\/eveilintime.fr\/","logo":{"@type":"ImageObject","inLanguage":"fr-FR","@id":"https:\/\/eveilintime.fr\/#\/schema\/logo\/image\/","url":"https:\/\/eveilintime.fr\/wp-content\/uploads\/2025\/09\/logo-Eveil-Intime.png","contentUrl":"https:\/\/eveilintime.fr\/wp-content\/uploads\/2025\/09\/logo-Eveil-Intime.png","width":417,"height":160,"caption":"\u00c9veilintime"},"image":{"@id":"https:\/\/eveilintime.fr\/#\/schema\/logo\/image\/"}}]}},"jetpack_sharing_enabled":true,"_links":{"self":[{"href":"https:\/\/eveilintime.fr\/index.php?rest_route=\/wp\/v2\/product\/2178","targetHints":{"allow":["GET"]}}],"collection":[{"href":"https:\/\/eveilintime.fr\/index.php?rest_route=\/wp\/v2\/product"}],"about":[{"href":"https:\/\/eveilintime.fr\/index.php?rest_route=\/wp\/v2\/types\/product"}],"replies":[{"embeddable":true,"href":"https:\/\/eveilintime.fr\/index.php?rest_route=%2Fwp%2Fv2%2Fcomments&post=2178"}],"version-history":[{"count":1,"href":"https:\/\/eveilintime.fr\/index.php?rest_route=\/wp\/v2\/product\/2178\/revisions"}],"predecessor-version":[{"id":2181,"href":"https:\/\/eveilintime.fr\/index.php?rest_route=\/wp\/v2\/product\/2178\/revisions\/2181"}],"wp:featuredmedia":[{"embeddable":true,"href":"https:\/\/eveilintime.fr\/index.php?rest_route=\/wp\/v2\/media\/2179"}],"wp:attachment":[{"href":"https:\/\/eveilintime.fr\/index.php?rest_route=%2Fwp%2Fv2%2Fmedia&parent=2178"}],"wp:term":[{"taxonomy":"product_brand","embeddable":true,"href":"https:\/\/eveilintime.fr\/index.php?rest_route=%2Fwp%2Fv2%2Fproduct_brand&post=2178"},{"taxonomy":"product_cat","embeddable":true,"href":"https:\/\/eveilintime.fr\/index.php?rest_route=%2Fwp%2Fv2%2Fproduct_cat&post=2178"},{"taxonomy":"product_tag","embeddable":true,"href":"https:\/\/eveilintime.fr\/index.php?rest_route=%2Fwp%2Fv2%2Fproduct_tag&post=2178"}],"curies":[{"name":"wp","href":"https:\/\/api.w.org\/{rel}","templated":true}]}}