{"id":2089,"date":"2025-11-25T22:08:21","date_gmt":"2025-11-25T22:08:21","guid":{"rendered":"https:\/\/eveilintime.fr\/?post_type=product&#038;p=2089"},"modified":"2025-11-25T22:08:21","modified_gmt":"2025-11-25T22:08:21","slug":"pompe-penis-manometre-blue-junker","status":"publish","type":"product","link":"https:\/\/eveilintime.fr\/?product=pompe-penis-manometre-blue-junker","title":{"rendered":"Pompe p\u00e9nis manom\u00e8tre Blue Junker"},"content":{"rendered":"<p>Ce d\u00e9veloppeur par extension sous vide d&rsquo;air est con\u00e7u pour remplir efficacement ses fonctions. \u00c9quip\u00e9e d&rsquo;un manom\u00e8tre pour mesurer la d\u00e9pression d\u2019air, cette pompe \u00e0 p\u00e9nis, utilis\u00e9e r\u00e9guli\u00e8rement, favorise l&rsquo;augmentation de la taille du p\u00e9nis. Une valve de d\u00e9compression permet de contr\u00f4ler ou de stopper le vide d\u2019air en toute s\u00e9curit\u00e9. Sa poign\u00e9e ergonomique assure une prise en main facile, et le joint ainsi que le tuyau sont en silicone pour une utilisation confortable et durable.<\/p>\n<p>Mati\u00e8res : ABS, Silicone et TPR<\/p>\n<p>Dimensions du tube : 24.5 cm et 6.2cm de diam\u00e8tre.<\/p>\n","protected":false},"excerpt":{"rendered":"<p>Ce d\u00e9veloppeur par extension sous vide d&rsquo;air est con\u00e7u pour remplir efficacement ses fonctions. \u00c9quip\u00e9e d&rsquo;un manom\u00e8tre pour mesurer la d\u00e9pression d\u2019air, cette pompe \u00e0 p\u00e9nis, utilis\u00e9e r\u00e9guli\u00e8rement, favorise l&rsquo;augmentation de la taille du p\u00e9nis. Une valve de d\u00e9compression permet de contr\u00f4ler ou de stopper le vide d\u2019air en toute s\u00e9curit\u00e9. Sa poign\u00e9e ergonomique assure [&hellip;]<\/p>\n","protected":false},"featured_media":2092,"comment_status":"open","ping_status":"closed","template":"","meta":[],"product_brand":[],"product_cat":[179],"product_tag":[],"class_list":{"0":"post-2089","1":"product","2":"type-product","3":"status-publish","4":"has-post-thumbnail","6":"product_cat-pour-homme","8":"first","9":"instock","10":"taxable","11":"shipping-taxable","12":"purchasable","13":"product-type-simple"},"yoast_head":"<!-- This site is optimized with the Yoast SEO plugin v27.1.1 - https:\/\/yoast.com\/product\/yoast-seo-wordpress\/ -->\n<title>Pompe p\u00e9nis manom\u00e8tre Blue Junker - \u00c9veil Intime<\/title>\n<meta name=\"robots\" content=\"index, follow, max-snippet:-1, max-image-preview:large, max-video-preview:-1\" \/>\n<link rel=\"canonical\" href=\"https:\/\/eveilintime.fr\/?product=pompe-penis-manometre-blue-junker\" \/>\n<meta property=\"og:locale\" content=\"fr_FR\" \/>\n<meta property=\"og:type\" content=\"article\" \/>\n<meta property=\"og:title\" content=\"Pompe p\u00e9nis manom\u00e8tre Blue Junker - \u00c9veil Intime\" \/>\n<meta property=\"og:description\" content=\"Ce d\u00e9veloppeur par extension sous vide d&rsquo;air est con\u00e7u pour remplir efficacement ses fonctions. \u00c9quip\u00e9e d&rsquo;un manom\u00e8tre pour mesurer la d\u00e9pression d\u2019air, cette pompe \u00e0 p\u00e9nis, utilis\u00e9e r\u00e9guli\u00e8rement, favorise l&rsquo;augmentation de la taille du p\u00e9nis. Une valve de d\u00e9compression permet de contr\u00f4ler ou de stopper le vide d\u2019air en toute s\u00e9curit\u00e9. Sa poign\u00e9e ergonomique assure [&hellip;]\" \/>\n<meta property=\"og:url\" content=\"https:\/\/eveilintime.fr\/?product=pompe-penis-manometre-blue-junker\" \/>\n<meta property=\"og:site_name\" content=\"\u00c9veil Intime\" \/>\n<meta property=\"og:image\" content=\"https:\/\/eveilintime.fr\/wp-content\/uploads\/2025\/11\/pompe-penis-manometre-blue-junker-cc570061.png\" \/>\n\t<meta property=\"og:image:width\" content=\"800\" \/>\n\t<meta property=\"og:image:height\" content=\"800\" \/>\n\t<meta property=\"og:image:type\" content=\"image\/png\" \/>\n<meta name=\"twitter:card\" content=\"summary_large_image\" \/>\n<meta name=\"twitter:label1\" content=\"Dur\u00e9e de lecture estim\u00e9e\" \/>\n\t<meta name=\"twitter:data1\" content=\"1 minute\" \/>\n<script type=\"application\/ld+json\" class=\"yoast-schema-graph\">{\"@context\":\"https:\/\/schema.org\",\"@graph\":[{\"@type\":\"WebPage\",\"@id\":\"https:\/\/eveilintime.fr\/?product=pompe-penis-manometre-blue-junker\",\"url\":\"https:\/\/eveilintime.fr\/?product=pompe-penis-manometre-blue-junker\",\"name\":\"Pompe p\u00e9nis manom\u00e8tre Blue Junker - \u00c9veil Intime\",\"isPartOf\":{\"@id\":\"https:\/\/eveilintime.fr\/#website\"},\"primaryImageOfPage\":{\"@id\":\"https:\/\/eveilintime.fr\/?product=pompe-penis-manometre-blue-junker#primaryimage\"},\"image\":{\"@id\":\"https:\/\/eveilintime.fr\/?product=pompe-penis-manometre-blue-junker#primaryimage\"},\"thumbnailUrl\":\"https:\/\/eveilintime.fr\/wp-content\/uploads\/2025\/11\/pompe-penis-manometre-blue-junker-cc570061.png\",\"datePublished\":\"2025-11-25T22:08:21+00:00\",\"breadcrumb\":{\"@id\":\"https:\/\/eveilintime.fr\/?product=pompe-penis-manometre-blue-junker#breadcrumb\"},\"inLanguage\":\"fr-FR\",\"potentialAction\":[{\"@type\":\"ReadAction\",\"target\":[\"https:\/\/eveilintime.fr\/?product=pompe-penis-manometre-blue-junker\"]}]},{\"@type\":\"ImageObject\",\"inLanguage\":\"fr-FR\",\"@id\":\"https:\/\/eveilintime.fr\/?product=pompe-penis-manometre-blue-junker#primaryimage\",\"url\":\"https:\/\/eveilintime.fr\/wp-content\/uploads\/2025\/11\/pompe-penis-manometre-blue-junker-cc570061.png\",\"contentUrl\":\"https:\/\/eveilintime.fr\/wp-content\/uploads\/2025\/11\/pompe-penis-manometre-blue-junker-cc570061.png\",\"width\":800,\"height\":800},{\"@type\":\"BreadcrumbList\",\"@id\":\"https:\/\/eveilintime.fr\/?product=pompe-penis-manometre-blue-junker#breadcrumb\",\"itemListElement\":[{\"@type\":\"ListItem\",\"position\":1,\"name\":\"Accueil\",\"item\":\"https:\/\/eveilintime.fr\/\"},{\"@type\":\"ListItem\",\"position\":2,\"name\":\"Boutique\",\"item\":\"https:\/\/eveilintime.fr\/?page_id=8\"},{\"@type\":\"ListItem\",\"position\":3,\"name\":\"Pompe p\u00e9nis manom\u00e8tre Blue Junker\"}]},{\"@type\":\"WebSite\",\"@id\":\"https:\/\/eveilintime.fr\/#website\",\"url\":\"https:\/\/eveilintime.fr\/\",\"name\":\"\u00c9veilintime\",\"description\":\"Parce que l&#039;intime m\u00e9rite l&#039;\u00e9l\u00e9gance\",\"publisher\":{\"@id\":\"https:\/\/eveilintime.fr\/#organization\"},\"potentialAction\":[{\"@type\":\"SearchAction\",\"target\":{\"@type\":\"EntryPoint\",\"urlTemplate\":\"https:\/\/eveilintime.fr\/?s={search_term_string}\"},\"query-input\":{\"@type\":\"PropertyValueSpecification\",\"valueRequired\":true,\"valueName\":\"search_term_string\"}}],\"inLanguage\":\"fr-FR\"},{\"@type\":\"Organization\",\"@id\":\"https:\/\/eveilintime.fr\/#organization\",\"name\":\"\u00c9veilintime\",\"url\":\"https:\/\/eveilintime.fr\/\",\"logo\":{\"@type\":\"ImageObject\",\"inLanguage\":\"fr-FR\",\"@id\":\"https:\/\/eveilintime.fr\/#\/schema\/logo\/image\/\",\"url\":\"https:\/\/eveilintime.fr\/wp-content\/uploads\/2025\/09\/logo-Eveil-Intime.png\",\"contentUrl\":\"https:\/\/eveilintime.fr\/wp-content\/uploads\/2025\/09\/logo-Eveil-Intime.png\",\"width\":417,\"height\":160,\"caption\":\"\u00c9veilintime\"},\"image\":{\"@id\":\"https:\/\/eveilintime.fr\/#\/schema\/logo\/image\/\"}}]}<\/script>\n<!-- \/ Yoast SEO plugin. -->","yoast_head_json":{"title":"Pompe p\u00e9nis manom\u00e8tre Blue Junker - \u00c9veil Intime","robots":{"index":"index","follow":"follow","max-snippet":"max-snippet:-1","max-image-preview":"max-image-preview:large","max-video-preview":"max-video-preview:-1"},"canonical":"https:\/\/eveilintime.fr\/?product=pompe-penis-manometre-blue-junker","og_locale":"fr_FR","og_type":"article","og_title":"Pompe p\u00e9nis manom\u00e8tre Blue Junker - \u00c9veil Intime","og_description":"Ce d\u00e9veloppeur par extension sous vide d&rsquo;air est con\u00e7u pour remplir efficacement ses fonctions. \u00c9quip\u00e9e d&rsquo;un manom\u00e8tre pour mesurer la d\u00e9pression d\u2019air, cette pompe \u00e0 p\u00e9nis, utilis\u00e9e r\u00e9guli\u00e8rement, favorise l&rsquo;augmentation de la taille du p\u00e9nis. Une valve de d\u00e9compression permet de contr\u00f4ler ou de stopper le vide d\u2019air en toute s\u00e9curit\u00e9. Sa poign\u00e9e ergonomique assure [&hellip;]","og_url":"https:\/\/eveilintime.fr\/?product=pompe-penis-manometre-blue-junker","og_site_name":"\u00c9veil Intime","og_image":[{"width":800,"height":800,"url":"https:\/\/eveilintime.fr\/wp-content\/uploads\/2025\/11\/pompe-penis-manometre-blue-junker-cc570061.png","type":"image\/png"}],"twitter_card":"summary_large_image","twitter_misc":{"Dur\u00e9e de lecture estim\u00e9e":"1 minute"},"schema":{"@context":"https:\/\/schema.org","@graph":[{"@type":"WebPage","@id":"https:\/\/eveilintime.fr\/?product=pompe-penis-manometre-blue-junker","url":"https:\/\/eveilintime.fr\/?product=pompe-penis-manometre-blue-junker","name":"Pompe p\u00e9nis manom\u00e8tre Blue Junker - \u00c9veil Intime","isPartOf":{"@id":"https:\/\/eveilintime.fr\/#website"},"primaryImageOfPage":{"@id":"https:\/\/eveilintime.fr\/?product=pompe-penis-manometre-blue-junker#primaryimage"},"image":{"@id":"https:\/\/eveilintime.fr\/?product=pompe-penis-manometre-blue-junker#primaryimage"},"thumbnailUrl":"https:\/\/eveilintime.fr\/wp-content\/uploads\/2025\/11\/pompe-penis-manometre-blue-junker-cc570061.png","datePublished":"2025-11-25T22:08:21+00:00","breadcrumb":{"@id":"https:\/\/eveilintime.fr\/?product=pompe-penis-manometre-blue-junker#breadcrumb"},"inLanguage":"fr-FR","potentialAction":[{"@type":"ReadAction","target":["https:\/\/eveilintime.fr\/?product=pompe-penis-manometre-blue-junker"]}]},{"@type":"ImageObject","inLanguage":"fr-FR","@id":"https:\/\/eveilintime.fr\/?product=pompe-penis-manometre-blue-junker#primaryimage","url":"https:\/\/eveilintime.fr\/wp-content\/uploads\/2025\/11\/pompe-penis-manometre-blue-junker-cc570061.png","contentUrl":"https:\/\/eveilintime.fr\/wp-content\/uploads\/2025\/11\/pompe-penis-manometre-blue-junker-cc570061.png","width":800,"height":800},{"@type":"BreadcrumbList","@id":"https:\/\/eveilintime.fr\/?product=pompe-penis-manometre-blue-junker#breadcrumb","itemListElement":[{"@type":"ListItem","position":1,"name":"Accueil","item":"https:\/\/eveilintime.fr\/"},{"@type":"ListItem","position":2,"name":"Boutique","item":"https:\/\/eveilintime.fr\/?page_id=8"},{"@type":"ListItem","position":3,"name":"Pompe p\u00e9nis manom\u00e8tre Blue Junker"}]},{"@type":"WebSite","@id":"https:\/\/eveilintime.fr\/#website","url":"https:\/\/eveilintime.fr\/","name":"\u00c9veilintime","description":"Parce que l&#039;intime m\u00e9rite l&#039;\u00e9l\u00e9gance","publisher":{"@id":"https:\/\/eveilintime.fr\/#organization"},"potentialAction":[{"@type":"SearchAction","target":{"@type":"EntryPoint","urlTemplate":"https:\/\/eveilintime.fr\/?s={search_term_string}"},"query-input":{"@type":"PropertyValueSpecification","valueRequired":true,"valueName":"search_term_string"}}],"inLanguage":"fr-FR"},{"@type":"Organization","@id":"https:\/\/eveilintime.fr\/#organization","name":"\u00c9veilintime","url":"https:\/\/eveilintime.fr\/","logo":{"@type":"ImageObject","inLanguage":"fr-FR","@id":"https:\/\/eveilintime.fr\/#\/schema\/logo\/image\/","url":"https:\/\/eveilintime.fr\/wp-content\/uploads\/2025\/09\/logo-Eveil-Intime.png","contentUrl":"https:\/\/eveilintime.fr\/wp-content\/uploads\/2025\/09\/logo-Eveil-Intime.png","width":417,"height":160,"caption":"\u00c9veilintime"},"image":{"@id":"https:\/\/eveilintime.fr\/#\/schema\/logo\/image\/"}}]}},"jetpack_sharing_enabled":true,"_links":{"self":[{"href":"https:\/\/eveilintime.fr\/index.php?rest_route=\/wp\/v2\/product\/2089","targetHints":{"allow":["GET"]}}],"collection":[{"href":"https:\/\/eveilintime.fr\/index.php?rest_route=\/wp\/v2\/product"}],"about":[{"href":"https:\/\/eveilintime.fr\/index.php?rest_route=\/wp\/v2\/types\/product"}],"replies":[{"embeddable":true,"href":"https:\/\/eveilintime.fr\/index.php?rest_route=%2Fwp%2Fv2%2Fcomments&post=2089"}],"version-history":[{"count":1,"href":"https:\/\/eveilintime.fr\/index.php?rest_route=\/wp\/v2\/product\/2089\/revisions"}],"predecessor-version":[{"id":2093,"href":"https:\/\/eveilintime.fr\/index.php?rest_route=\/wp\/v2\/product\/2089\/revisions\/2093"}],"wp:featuredmedia":[{"embeddable":true,"href":"https:\/\/eveilintime.fr\/index.php?rest_route=\/wp\/v2\/media\/2092"}],"wp:attachment":[{"href":"https:\/\/eveilintime.fr\/index.php?rest_route=%2Fwp%2Fv2%2Fmedia&parent=2089"}],"wp:term":[{"taxonomy":"product_brand","embeddable":true,"href":"https:\/\/eveilintime.fr\/index.php?rest_route=%2Fwp%2Fv2%2Fproduct_brand&post=2089"},{"taxonomy":"product_cat","embeddable":true,"href":"https:\/\/eveilintime.fr\/index.php?rest_route=%2Fwp%2Fv2%2Fproduct_cat&post=2089"},{"taxonomy":"product_tag","embeddable":true,"href":"https:\/\/eveilintime.fr\/index.php?rest_route=%2Fwp%2Fv2%2Fproduct_tag&post=2089"}],"curies":[{"name":"wp","href":"https:\/\/api.w.org\/{rel}","templated":true}]}}