{"id":2066,"date":"2025-11-25T00:52:36","date_gmt":"2025-11-25T00:52:36","guid":{"rendered":"https:\/\/eveilintime.fr\/?post_type=product&#038;p=2066"},"modified":"2025-11-25T00:52:36","modified_gmt":"2025-11-25T00:52:36","slug":"robe-moulante-en-resille-noire-le-numero-4-collection-robe","status":"publish","type":"product","link":"https:\/\/eveilintime.fr\/?product=robe-moulante-en-resille-noire-le-numero-4-collection-robe","title":{"rendered":"Robe moulante en r\u00e9sille noire &#8211; Le Num\u00e9ro 4 &#8211; Collection Robe"},"content":{"rendered":"<p><strong>Petite robe noire moulante, Clara Morgane<\/strong>,\u00a0 \u00e9pousera parfaitement vos formes. Ses ouvertures sont habilement plac\u00e9es puisqu\u2019elles d\u00e9voilent les hanches, la taille et la poitrine. Des bretelles en lani\u00e8res et l\u2019encolure ronde subliment votre d\u00e9collet\u00e9 et vos \u00e9paules.<\/p>\n<p>Son tissu souple et extensible offre un effet seconde peau comme une caresse.<\/p>\n<p>Composition : 92% polyamide et 8% \u00e9lasthanne<\/p>\n<p>Taille unique<\/p>\n","protected":false},"excerpt":{"rendered":"<p><strong>Robe moulante sexy noire<\/strong> en r\u00e9sille de la collection Clara Morgane.<\/p>\n<p>&nbsp;<\/p>\n<p style=\"text-align: center;\"><img decoding=\"async\" class=\"alignnone size-medium wp-image-1631 lazyload\" data-src=\"https:\/\/eveilintime.fr\/wp-content\/uploads\/2025\/10\/paiement-securise-garanti-1-300x76.png\" alt=\"\" width=\"300\" height=\"76\" data-srcset=\"https:\/\/eveilintime.fr\/wp-content\/uploads\/2025\/10\/paiement-securise-garanti-1-300x76.png 300w, https:\/\/eveilintime.fr\/wp-content\/uploads\/2025\/10\/paiement-securise-garanti-1.png 446w\" data-sizes=\"(max-width: 300px) 100vw, 300px\" src=\"data:image\/svg+xml;base64,PHN2ZyB3aWR0aD0iMSIgaGVpZ2h0PSIxIiB4bWxucz0iaHR0cDovL3d3dy53My5vcmcvMjAwMC9zdmciPjwvc3ZnPg==\" style=\"--smush-placeholder-width: 300px; --smush-placeholder-aspect-ratio: 300\/76;\" \/><\/p>\n","protected":false},"featured_media":2068,"comment_status":"open","ping_status":"closed","template":"","meta":[],"product_brand":[175],"product_cat":[103],"product_tag":[],"class_list":{"0":"post-2066","1":"product","2":"type-product","3":"status-publish","4":"has-post-thumbnail","6":"product_brand-clara-morgane","7":"product_cat-robe","9":"first","10":"instock","11":"taxable","12":"shipping-taxable","13":"purchasable","14":"product-type-simple"},"yoast_head":"<!-- This site is optimized with the Yoast SEO plugin v27.1.1 - https:\/\/yoast.com\/product\/yoast-seo-wordpress\/ -->\n<title>Robe moulante en r\u00e9sille noire - Le Num\u00e9ro 4 - Collection Robe - \u00c9veil Intime<\/title>\n<meta name=\"robots\" content=\"index, follow, max-snippet:-1, max-image-preview:large, max-video-preview:-1\" \/>\n<link rel=\"canonical\" href=\"https:\/\/eveilintime.fr\/?product=robe-moulante-en-resille-noire-le-numero-4-collection-robe\" \/>\n<meta property=\"og:locale\" content=\"fr_FR\" \/>\n<meta property=\"og:type\" content=\"article\" \/>\n<meta property=\"og:title\" content=\"Robe moulante en r\u00e9sille noire - Le Num\u00e9ro 4 - Collection Robe - \u00c9veil Intime\" \/>\n<meta property=\"og:description\" content=\"Robe moulante sexy noire en r\u00e9sille de la collection Clara Morgane.  &nbsp;\" \/>\n<meta property=\"og:url\" content=\"https:\/\/eveilintime.fr\/?product=robe-moulante-en-resille-noire-le-numero-4-collection-robe\" \/>\n<meta property=\"og:site_name\" content=\"\u00c9veil Intime\" \/>\n<meta property=\"og:image\" content=\"https:\/\/eveilintime.fr\/wp-content\/uploads\/2025\/11\/robe-moulante-en-resille-noire-le-numero-4-collection-robe-cm97004.jpg\" \/>\n\t<meta property=\"og:image:width\" content=\"800\" \/>\n\t<meta property=\"og:image:height\" content=\"800\" \/>\n\t<meta property=\"og:image:type\" content=\"image\/jpeg\" \/>\n<meta name=\"twitter:card\" content=\"summary_large_image\" \/>\n<meta name=\"twitter:label1\" content=\"Dur\u00e9e de lecture estim\u00e9e\" \/>\n\t<meta name=\"twitter:data1\" content=\"1 minute\" \/>\n<script type=\"application\/ld+json\" class=\"yoast-schema-graph\">{\"@context\":\"https:\/\/schema.org\",\"@graph\":[{\"@type\":\"WebPage\",\"@id\":\"https:\/\/eveilintime.fr\/?product=robe-moulante-en-resille-noire-le-numero-4-collection-robe\",\"url\":\"https:\/\/eveilintime.fr\/?product=robe-moulante-en-resille-noire-le-numero-4-collection-robe\",\"name\":\"Robe moulante en r\u00e9sille noire - Le Num\u00e9ro 4 - Collection Robe - \u00c9veil Intime\",\"isPartOf\":{\"@id\":\"https:\/\/eveilintime.fr\/#website\"},\"primaryImageOfPage\":{\"@id\":\"https:\/\/eveilintime.fr\/?product=robe-moulante-en-resille-noire-le-numero-4-collection-robe#primaryimage\"},\"image\":{\"@id\":\"https:\/\/eveilintime.fr\/?product=robe-moulante-en-resille-noire-le-numero-4-collection-robe#primaryimage\"},\"thumbnailUrl\":\"https:\/\/eveilintime.fr\/wp-content\/uploads\/2025\/11\/robe-moulante-en-resille-noire-le-numero-4-collection-robe-cm97004.jpg\",\"datePublished\":\"2025-11-25T00:52:36+00:00\",\"breadcrumb\":{\"@id\":\"https:\/\/eveilintime.fr\/?product=robe-moulante-en-resille-noire-le-numero-4-collection-robe#breadcrumb\"},\"inLanguage\":\"fr-FR\",\"potentialAction\":[{\"@type\":\"ReadAction\",\"target\":[\"https:\/\/eveilintime.fr\/?product=robe-moulante-en-resille-noire-le-numero-4-collection-robe\"]}]},{\"@type\":\"ImageObject\",\"inLanguage\":\"fr-FR\",\"@id\":\"https:\/\/eveilintime.fr\/?product=robe-moulante-en-resille-noire-le-numero-4-collection-robe#primaryimage\",\"url\":\"https:\/\/eveilintime.fr\/wp-content\/uploads\/2025\/11\/robe-moulante-en-resille-noire-le-numero-4-collection-robe-cm97004.jpg\",\"contentUrl\":\"https:\/\/eveilintime.fr\/wp-content\/uploads\/2025\/11\/robe-moulante-en-resille-noire-le-numero-4-collection-robe-cm97004.jpg\",\"width\":800,\"height\":800},{\"@type\":\"BreadcrumbList\",\"@id\":\"https:\/\/eveilintime.fr\/?product=robe-moulante-en-resille-noire-le-numero-4-collection-robe#breadcrumb\",\"itemListElement\":[{\"@type\":\"ListItem\",\"position\":1,\"name\":\"Accueil\",\"item\":\"https:\/\/eveilintime.fr\/\"},{\"@type\":\"ListItem\",\"position\":2,\"name\":\"Boutique\",\"item\":\"https:\/\/eveilintime.fr\/?page_id=8\"},{\"@type\":\"ListItem\",\"position\":3,\"name\":\"Robe moulante en r\u00e9sille noire &#8211; Le Num\u00e9ro 4 &#8211; Collection Robe\"}]},{\"@type\":\"WebSite\",\"@id\":\"https:\/\/eveilintime.fr\/#website\",\"url\":\"https:\/\/eveilintime.fr\/\",\"name\":\"\u00c9veilintime\",\"description\":\"Parce que l&#039;intime m\u00e9rite l&#039;\u00e9l\u00e9gance\",\"publisher\":{\"@id\":\"https:\/\/eveilintime.fr\/#organization\"},\"potentialAction\":[{\"@type\":\"SearchAction\",\"target\":{\"@type\":\"EntryPoint\",\"urlTemplate\":\"https:\/\/eveilintime.fr\/?s={search_term_string}\"},\"query-input\":{\"@type\":\"PropertyValueSpecification\",\"valueRequired\":true,\"valueName\":\"search_term_string\"}}],\"inLanguage\":\"fr-FR\"},{\"@type\":\"Organization\",\"@id\":\"https:\/\/eveilintime.fr\/#organization\",\"name\":\"\u00c9veilintime\",\"url\":\"https:\/\/eveilintime.fr\/\",\"logo\":{\"@type\":\"ImageObject\",\"inLanguage\":\"fr-FR\",\"@id\":\"https:\/\/eveilintime.fr\/#\/schema\/logo\/image\/\",\"url\":\"https:\/\/eveilintime.fr\/wp-content\/uploads\/2025\/09\/logo-Eveil-Intime.png\",\"contentUrl\":\"https:\/\/eveilintime.fr\/wp-content\/uploads\/2025\/09\/logo-Eveil-Intime.png\",\"width\":417,\"height\":160,\"caption\":\"\u00c9veilintime\"},\"image\":{\"@id\":\"https:\/\/eveilintime.fr\/#\/schema\/logo\/image\/\"}}]}<\/script>\n<!-- \/ Yoast SEO plugin. -->","yoast_head_json":{"title":"Robe moulante en r\u00e9sille noire - Le Num\u00e9ro 4 - Collection Robe - \u00c9veil Intime","robots":{"index":"index","follow":"follow","max-snippet":"max-snippet:-1","max-image-preview":"max-image-preview:large","max-video-preview":"max-video-preview:-1"},"canonical":"https:\/\/eveilintime.fr\/?product=robe-moulante-en-resille-noire-le-numero-4-collection-robe","og_locale":"fr_FR","og_type":"article","og_title":"Robe moulante en r\u00e9sille noire - Le Num\u00e9ro 4 - Collection Robe - \u00c9veil Intime","og_description":"Robe moulante sexy noire en r\u00e9sille de la collection Clara Morgane.  &nbsp;","og_url":"https:\/\/eveilintime.fr\/?product=robe-moulante-en-resille-noire-le-numero-4-collection-robe","og_site_name":"\u00c9veil Intime","og_image":[{"width":800,"height":800,"url":"https:\/\/eveilintime.fr\/wp-content\/uploads\/2025\/11\/robe-moulante-en-resille-noire-le-numero-4-collection-robe-cm97004.jpg","type":"image\/jpeg"}],"twitter_card":"summary_large_image","twitter_misc":{"Dur\u00e9e de lecture estim\u00e9e":"1 minute"},"schema":{"@context":"https:\/\/schema.org","@graph":[{"@type":"WebPage","@id":"https:\/\/eveilintime.fr\/?product=robe-moulante-en-resille-noire-le-numero-4-collection-robe","url":"https:\/\/eveilintime.fr\/?product=robe-moulante-en-resille-noire-le-numero-4-collection-robe","name":"Robe moulante en r\u00e9sille noire - Le Num\u00e9ro 4 - Collection Robe - \u00c9veil Intime","isPartOf":{"@id":"https:\/\/eveilintime.fr\/#website"},"primaryImageOfPage":{"@id":"https:\/\/eveilintime.fr\/?product=robe-moulante-en-resille-noire-le-numero-4-collection-robe#primaryimage"},"image":{"@id":"https:\/\/eveilintime.fr\/?product=robe-moulante-en-resille-noire-le-numero-4-collection-robe#primaryimage"},"thumbnailUrl":"https:\/\/eveilintime.fr\/wp-content\/uploads\/2025\/11\/robe-moulante-en-resille-noire-le-numero-4-collection-robe-cm97004.jpg","datePublished":"2025-11-25T00:52:36+00:00","breadcrumb":{"@id":"https:\/\/eveilintime.fr\/?product=robe-moulante-en-resille-noire-le-numero-4-collection-robe#breadcrumb"},"inLanguage":"fr-FR","potentialAction":[{"@type":"ReadAction","target":["https:\/\/eveilintime.fr\/?product=robe-moulante-en-resille-noire-le-numero-4-collection-robe"]}]},{"@type":"ImageObject","inLanguage":"fr-FR","@id":"https:\/\/eveilintime.fr\/?product=robe-moulante-en-resille-noire-le-numero-4-collection-robe#primaryimage","url":"https:\/\/eveilintime.fr\/wp-content\/uploads\/2025\/11\/robe-moulante-en-resille-noire-le-numero-4-collection-robe-cm97004.jpg","contentUrl":"https:\/\/eveilintime.fr\/wp-content\/uploads\/2025\/11\/robe-moulante-en-resille-noire-le-numero-4-collection-robe-cm97004.jpg","width":800,"height":800},{"@type":"BreadcrumbList","@id":"https:\/\/eveilintime.fr\/?product=robe-moulante-en-resille-noire-le-numero-4-collection-robe#breadcrumb","itemListElement":[{"@type":"ListItem","position":1,"name":"Accueil","item":"https:\/\/eveilintime.fr\/"},{"@type":"ListItem","position":2,"name":"Boutique","item":"https:\/\/eveilintime.fr\/?page_id=8"},{"@type":"ListItem","position":3,"name":"Robe moulante en r\u00e9sille noire &#8211; Le Num\u00e9ro 4 &#8211; Collection Robe"}]},{"@type":"WebSite","@id":"https:\/\/eveilintime.fr\/#website","url":"https:\/\/eveilintime.fr\/","name":"\u00c9veilintime","description":"Parce que l&#039;intime m\u00e9rite l&#039;\u00e9l\u00e9gance","publisher":{"@id":"https:\/\/eveilintime.fr\/#organization"},"potentialAction":[{"@type":"SearchAction","target":{"@type":"EntryPoint","urlTemplate":"https:\/\/eveilintime.fr\/?s={search_term_string}"},"query-input":{"@type":"PropertyValueSpecification","valueRequired":true,"valueName":"search_term_string"}}],"inLanguage":"fr-FR"},{"@type":"Organization","@id":"https:\/\/eveilintime.fr\/#organization","name":"\u00c9veilintime","url":"https:\/\/eveilintime.fr\/","logo":{"@type":"ImageObject","inLanguage":"fr-FR","@id":"https:\/\/eveilintime.fr\/#\/schema\/logo\/image\/","url":"https:\/\/eveilintime.fr\/wp-content\/uploads\/2025\/09\/logo-Eveil-Intime.png","contentUrl":"https:\/\/eveilintime.fr\/wp-content\/uploads\/2025\/09\/logo-Eveil-Intime.png","width":417,"height":160,"caption":"\u00c9veilintime"},"image":{"@id":"https:\/\/eveilintime.fr\/#\/schema\/logo\/image\/"}}]}},"jetpack_sharing_enabled":true,"_links":{"self":[{"href":"https:\/\/eveilintime.fr\/index.php?rest_route=\/wp\/v2\/product\/2066","targetHints":{"allow":["GET"]}}],"collection":[{"href":"https:\/\/eveilintime.fr\/index.php?rest_route=\/wp\/v2\/product"}],"about":[{"href":"https:\/\/eveilintime.fr\/index.php?rest_route=\/wp\/v2\/types\/product"}],"replies":[{"embeddable":true,"href":"https:\/\/eveilintime.fr\/index.php?rest_route=%2Fwp%2Fv2%2Fcomments&post=2066"}],"version-history":[{"count":1,"href":"https:\/\/eveilintime.fr\/index.php?rest_route=\/wp\/v2\/product\/2066\/revisions"}],"predecessor-version":[{"id":2069,"href":"https:\/\/eveilintime.fr\/index.php?rest_route=\/wp\/v2\/product\/2066\/revisions\/2069"}],"wp:featuredmedia":[{"embeddable":true,"href":"https:\/\/eveilintime.fr\/index.php?rest_route=\/wp\/v2\/media\/2068"}],"wp:attachment":[{"href":"https:\/\/eveilintime.fr\/index.php?rest_route=%2Fwp%2Fv2%2Fmedia&parent=2066"}],"wp:term":[{"taxonomy":"product_brand","embeddable":true,"href":"https:\/\/eveilintime.fr\/index.php?rest_route=%2Fwp%2Fv2%2Fproduct_brand&post=2066"},{"taxonomy":"product_cat","embeddable":true,"href":"https:\/\/eveilintime.fr\/index.php?rest_route=%2Fwp%2Fv2%2Fproduct_cat&post=2066"},{"taxonomy":"product_tag","embeddable":true,"href":"https:\/\/eveilintime.fr\/index.php?rest_route=%2Fwp%2Fv2%2Fproduct_tag&post=2066"}],"curies":[{"name":"wp","href":"https:\/\/api.w.org\/{rel}","templated":true}]}}