{"id":2053,"date":"2025-11-25T00:32:52","date_gmt":"2025-11-25T00:32:52","guid":{"rendered":"https:\/\/eveilintime.fr\/?post_type=product&#038;p=2053"},"modified":"2025-11-25T00:32:52","modified_gmt":"2025-11-25T00:32:52","slug":"petite-robe-noir-en-resille-le-numero-1-collection-robe","status":"publish","type":"product","link":"https:\/\/eveilintime.fr\/?product=petite-robe-noir-en-resille-le-numero-1-collection-robe","title":{"rendered":"Petite robe noir en r\u00e9sille &#8211; Le Num\u00e9ro 1 &#8211; Collection Robe"},"content":{"rendered":"<p>Cette petite\u00a0<strong>robe noire<\/strong>\u00a0<strong>Clara Morgane<\/strong>,\u00a0 saura vous s\u00e9duire, ajour\u00e9e l\u00e0 o\u00f9 il faut pour \u00e9veiller les sens les plus \u00e9rotiques, L\u2019attache dans le cou.<\/p>\n<p>Le tissu effet seconde peau de cette petite robe \u00e9pousera parfaitement vos courbes.<\/p>\n<p>Composition : 92% polyamide et 8% \u00e9lasthanne<\/p>\n<p>Taille unique<\/p>\n","protected":false},"excerpt":{"rendered":"<p><strong>Robe sexy noir en r\u00e9sille de la collection Clara Morgane.\u00a0<\/strong><\/p>\n<p>&nbsp;<\/p>\n<p style=\"text-align: center;\"><img decoding=\"async\" class=\"alignnone size-medium wp-image-1631 lazyload\" data-src=\"https:\/\/eveilintime.fr\/wp-content\/uploads\/2025\/10\/paiement-securise-garanti-1-300x76.png\" alt=\"\" width=\"300\" height=\"76\" data-srcset=\"https:\/\/eveilintime.fr\/wp-content\/uploads\/2025\/10\/paiement-securise-garanti-1-300x76.png 300w, https:\/\/eveilintime.fr\/wp-content\/uploads\/2025\/10\/paiement-securise-garanti-1.png 446w\" data-sizes=\"(max-width: 300px) 100vw, 300px\" src=\"data:image\/svg+xml;base64,PHN2ZyB3aWR0aD0iMSIgaGVpZ2h0PSIxIiB4bWxucz0iaHR0cDovL3d3dy53My5vcmcvMjAwMC9zdmciPjwvc3ZnPg==\" style=\"--smush-placeholder-width: 300px; --smush-placeholder-aspect-ratio: 300\/76;\" \/><\/p>\n","protected":false},"featured_media":2055,"comment_status":"open","ping_status":"closed","template":"","meta":[],"product_brand":[175],"product_cat":[103],"product_tag":[78,104],"class_list":{"0":"post-2053","1":"product","2":"type-product","3":"status-publish","4":"has-post-thumbnail","6":"product_brand-clara-morgane","7":"product_cat-robe","8":"product_tag-resille","9":"product_tag-robe","11":"first","12":"instock","13":"taxable","14":"shipping-taxable","15":"purchasable","16":"product-type-simple"},"yoast_head":"<!-- This site is optimized with the Yoast SEO plugin v27.1.1 - https:\/\/yoast.com\/product\/yoast-seo-wordpress\/ -->\n<title>Petite robe noir en r\u00e9sille - Le Num\u00e9ro 1 - Collection Robe - \u00c9veil Intime<\/title>\n<meta name=\"robots\" content=\"index, follow, max-snippet:-1, max-image-preview:large, max-video-preview:-1\" \/>\n<link rel=\"canonical\" href=\"https:\/\/eveilintime.fr\/?product=petite-robe-noir-en-resille-le-numero-1-collection-robe\" \/>\n<meta property=\"og:locale\" content=\"fr_FR\" \/>\n<meta property=\"og:type\" content=\"article\" \/>\n<meta property=\"og:title\" content=\"Petite robe noir en r\u00e9sille - Le Num\u00e9ro 1 - Collection Robe - \u00c9veil Intime\" \/>\n<meta property=\"og:description\" content=\"Robe sexy noir en r\u00e9sille de la collection Clara Morgane.\u00a0  &nbsp;\" \/>\n<meta property=\"og:url\" content=\"https:\/\/eveilintime.fr\/?product=petite-robe-noir-en-resille-le-numero-1-collection-robe\" \/>\n<meta property=\"og:site_name\" content=\"\u00c9veil Intime\" \/>\n<meta property=\"og:image\" content=\"https:\/\/eveilintime.fr\/wp-content\/uploads\/2025\/11\/petite-robe-noir-en-resille-le-numero-1-collection-robe-cm97001.jpg\" \/>\n\t<meta property=\"og:image:width\" content=\"800\" \/>\n\t<meta property=\"og:image:height\" content=\"800\" \/>\n\t<meta property=\"og:image:type\" content=\"image\/jpeg\" \/>\n<meta name=\"twitter:card\" content=\"summary_large_image\" \/>\n<meta name=\"twitter:label1\" content=\"Dur\u00e9e de lecture estim\u00e9e\" \/>\n\t<meta name=\"twitter:data1\" content=\"1 minute\" \/>\n<script type=\"application\/ld+json\" class=\"yoast-schema-graph\">{\"@context\":\"https:\/\/schema.org\",\"@graph\":[{\"@type\":\"WebPage\",\"@id\":\"https:\/\/eveilintime.fr\/?product=petite-robe-noir-en-resille-le-numero-1-collection-robe\",\"url\":\"https:\/\/eveilintime.fr\/?product=petite-robe-noir-en-resille-le-numero-1-collection-robe\",\"name\":\"Petite robe noir en r\u00e9sille - Le Num\u00e9ro 1 - Collection Robe - \u00c9veil Intime\",\"isPartOf\":{\"@id\":\"https:\/\/eveilintime.fr\/#website\"},\"primaryImageOfPage\":{\"@id\":\"https:\/\/eveilintime.fr\/?product=petite-robe-noir-en-resille-le-numero-1-collection-robe#primaryimage\"},\"image\":{\"@id\":\"https:\/\/eveilintime.fr\/?product=petite-robe-noir-en-resille-le-numero-1-collection-robe#primaryimage\"},\"thumbnailUrl\":\"https:\/\/eveilintime.fr\/wp-content\/uploads\/2025\/11\/petite-robe-noir-en-resille-le-numero-1-collection-robe-cm97001.jpg\",\"datePublished\":\"2025-11-25T00:32:52+00:00\",\"breadcrumb\":{\"@id\":\"https:\/\/eveilintime.fr\/?product=petite-robe-noir-en-resille-le-numero-1-collection-robe#breadcrumb\"},\"inLanguage\":\"fr-FR\",\"potentialAction\":[{\"@type\":\"ReadAction\",\"target\":[\"https:\/\/eveilintime.fr\/?product=petite-robe-noir-en-resille-le-numero-1-collection-robe\"]}]},{\"@type\":\"ImageObject\",\"inLanguage\":\"fr-FR\",\"@id\":\"https:\/\/eveilintime.fr\/?product=petite-robe-noir-en-resille-le-numero-1-collection-robe#primaryimage\",\"url\":\"https:\/\/eveilintime.fr\/wp-content\/uploads\/2025\/11\/petite-robe-noir-en-resille-le-numero-1-collection-robe-cm97001.jpg\",\"contentUrl\":\"https:\/\/eveilintime.fr\/wp-content\/uploads\/2025\/11\/petite-robe-noir-en-resille-le-numero-1-collection-robe-cm97001.jpg\",\"width\":800,\"height\":800},{\"@type\":\"BreadcrumbList\",\"@id\":\"https:\/\/eveilintime.fr\/?product=petite-robe-noir-en-resille-le-numero-1-collection-robe#breadcrumb\",\"itemListElement\":[{\"@type\":\"ListItem\",\"position\":1,\"name\":\"Accueil\",\"item\":\"https:\/\/eveilintime.fr\/\"},{\"@type\":\"ListItem\",\"position\":2,\"name\":\"Boutique\",\"item\":\"https:\/\/eveilintime.fr\/?page_id=8\"},{\"@type\":\"ListItem\",\"position\":3,\"name\":\"Petite robe noir en r\u00e9sille &#8211; Le Num\u00e9ro 1 &#8211; Collection Robe\"}]},{\"@type\":\"WebSite\",\"@id\":\"https:\/\/eveilintime.fr\/#website\",\"url\":\"https:\/\/eveilintime.fr\/\",\"name\":\"\u00c9veilintime\",\"description\":\"Parce que l&#039;intime m\u00e9rite l&#039;\u00e9l\u00e9gance\",\"publisher\":{\"@id\":\"https:\/\/eveilintime.fr\/#organization\"},\"potentialAction\":[{\"@type\":\"SearchAction\",\"target\":{\"@type\":\"EntryPoint\",\"urlTemplate\":\"https:\/\/eveilintime.fr\/?s={search_term_string}\"},\"query-input\":{\"@type\":\"PropertyValueSpecification\",\"valueRequired\":true,\"valueName\":\"search_term_string\"}}],\"inLanguage\":\"fr-FR\"},{\"@type\":\"Organization\",\"@id\":\"https:\/\/eveilintime.fr\/#organization\",\"name\":\"\u00c9veilintime\",\"url\":\"https:\/\/eveilintime.fr\/\",\"logo\":{\"@type\":\"ImageObject\",\"inLanguage\":\"fr-FR\",\"@id\":\"https:\/\/eveilintime.fr\/#\/schema\/logo\/image\/\",\"url\":\"https:\/\/eveilintime.fr\/wp-content\/uploads\/2025\/09\/logo-Eveil-Intime.png\",\"contentUrl\":\"https:\/\/eveilintime.fr\/wp-content\/uploads\/2025\/09\/logo-Eveil-Intime.png\",\"width\":417,\"height\":160,\"caption\":\"\u00c9veilintime\"},\"image\":{\"@id\":\"https:\/\/eveilintime.fr\/#\/schema\/logo\/image\/\"}}]}<\/script>\n<!-- \/ Yoast SEO plugin. -->","yoast_head_json":{"title":"Petite robe noir en r\u00e9sille - Le Num\u00e9ro 1 - Collection Robe - \u00c9veil Intime","robots":{"index":"index","follow":"follow","max-snippet":"max-snippet:-1","max-image-preview":"max-image-preview:large","max-video-preview":"max-video-preview:-1"},"canonical":"https:\/\/eveilintime.fr\/?product=petite-robe-noir-en-resille-le-numero-1-collection-robe","og_locale":"fr_FR","og_type":"article","og_title":"Petite robe noir en r\u00e9sille - Le Num\u00e9ro 1 - Collection Robe - \u00c9veil Intime","og_description":"Robe sexy noir en r\u00e9sille de la collection Clara Morgane.\u00a0  &nbsp;","og_url":"https:\/\/eveilintime.fr\/?product=petite-robe-noir-en-resille-le-numero-1-collection-robe","og_site_name":"\u00c9veil Intime","og_image":[{"width":800,"height":800,"url":"https:\/\/eveilintime.fr\/wp-content\/uploads\/2025\/11\/petite-robe-noir-en-resille-le-numero-1-collection-robe-cm97001.jpg","type":"image\/jpeg"}],"twitter_card":"summary_large_image","twitter_misc":{"Dur\u00e9e de lecture estim\u00e9e":"1 minute"},"schema":{"@context":"https:\/\/schema.org","@graph":[{"@type":"WebPage","@id":"https:\/\/eveilintime.fr\/?product=petite-robe-noir-en-resille-le-numero-1-collection-robe","url":"https:\/\/eveilintime.fr\/?product=petite-robe-noir-en-resille-le-numero-1-collection-robe","name":"Petite robe noir en r\u00e9sille - Le Num\u00e9ro 1 - Collection Robe - \u00c9veil Intime","isPartOf":{"@id":"https:\/\/eveilintime.fr\/#website"},"primaryImageOfPage":{"@id":"https:\/\/eveilintime.fr\/?product=petite-robe-noir-en-resille-le-numero-1-collection-robe#primaryimage"},"image":{"@id":"https:\/\/eveilintime.fr\/?product=petite-robe-noir-en-resille-le-numero-1-collection-robe#primaryimage"},"thumbnailUrl":"https:\/\/eveilintime.fr\/wp-content\/uploads\/2025\/11\/petite-robe-noir-en-resille-le-numero-1-collection-robe-cm97001.jpg","datePublished":"2025-11-25T00:32:52+00:00","breadcrumb":{"@id":"https:\/\/eveilintime.fr\/?product=petite-robe-noir-en-resille-le-numero-1-collection-robe#breadcrumb"},"inLanguage":"fr-FR","potentialAction":[{"@type":"ReadAction","target":["https:\/\/eveilintime.fr\/?product=petite-robe-noir-en-resille-le-numero-1-collection-robe"]}]},{"@type":"ImageObject","inLanguage":"fr-FR","@id":"https:\/\/eveilintime.fr\/?product=petite-robe-noir-en-resille-le-numero-1-collection-robe#primaryimage","url":"https:\/\/eveilintime.fr\/wp-content\/uploads\/2025\/11\/petite-robe-noir-en-resille-le-numero-1-collection-robe-cm97001.jpg","contentUrl":"https:\/\/eveilintime.fr\/wp-content\/uploads\/2025\/11\/petite-robe-noir-en-resille-le-numero-1-collection-robe-cm97001.jpg","width":800,"height":800},{"@type":"BreadcrumbList","@id":"https:\/\/eveilintime.fr\/?product=petite-robe-noir-en-resille-le-numero-1-collection-robe#breadcrumb","itemListElement":[{"@type":"ListItem","position":1,"name":"Accueil","item":"https:\/\/eveilintime.fr\/"},{"@type":"ListItem","position":2,"name":"Boutique","item":"https:\/\/eveilintime.fr\/?page_id=8"},{"@type":"ListItem","position":3,"name":"Petite robe noir en r\u00e9sille &#8211; Le Num\u00e9ro 1 &#8211; Collection Robe"}]},{"@type":"WebSite","@id":"https:\/\/eveilintime.fr\/#website","url":"https:\/\/eveilintime.fr\/","name":"\u00c9veilintime","description":"Parce que l&#039;intime m\u00e9rite l&#039;\u00e9l\u00e9gance","publisher":{"@id":"https:\/\/eveilintime.fr\/#organization"},"potentialAction":[{"@type":"SearchAction","target":{"@type":"EntryPoint","urlTemplate":"https:\/\/eveilintime.fr\/?s={search_term_string}"},"query-input":{"@type":"PropertyValueSpecification","valueRequired":true,"valueName":"search_term_string"}}],"inLanguage":"fr-FR"},{"@type":"Organization","@id":"https:\/\/eveilintime.fr\/#organization","name":"\u00c9veilintime","url":"https:\/\/eveilintime.fr\/","logo":{"@type":"ImageObject","inLanguage":"fr-FR","@id":"https:\/\/eveilintime.fr\/#\/schema\/logo\/image\/","url":"https:\/\/eveilintime.fr\/wp-content\/uploads\/2025\/09\/logo-Eveil-Intime.png","contentUrl":"https:\/\/eveilintime.fr\/wp-content\/uploads\/2025\/09\/logo-Eveil-Intime.png","width":417,"height":160,"caption":"\u00c9veilintime"},"image":{"@id":"https:\/\/eveilintime.fr\/#\/schema\/logo\/image\/"}}]}},"jetpack_sharing_enabled":true,"_links":{"self":[{"href":"https:\/\/eveilintime.fr\/index.php?rest_route=\/wp\/v2\/product\/2053","targetHints":{"allow":["GET"]}}],"collection":[{"href":"https:\/\/eveilintime.fr\/index.php?rest_route=\/wp\/v2\/product"}],"about":[{"href":"https:\/\/eveilintime.fr\/index.php?rest_route=\/wp\/v2\/types\/product"}],"replies":[{"embeddable":true,"href":"https:\/\/eveilintime.fr\/index.php?rest_route=%2Fwp%2Fv2%2Fcomments&post=2053"}],"version-history":[{"count":1,"href":"https:\/\/eveilintime.fr\/index.php?rest_route=\/wp\/v2\/product\/2053\/revisions"}],"predecessor-version":[{"id":2056,"href":"https:\/\/eveilintime.fr\/index.php?rest_route=\/wp\/v2\/product\/2053\/revisions\/2056"}],"wp:featuredmedia":[{"embeddable":true,"href":"https:\/\/eveilintime.fr\/index.php?rest_route=\/wp\/v2\/media\/2055"}],"wp:attachment":[{"href":"https:\/\/eveilintime.fr\/index.php?rest_route=%2Fwp%2Fv2%2Fmedia&parent=2053"}],"wp:term":[{"taxonomy":"product_brand","embeddable":true,"href":"https:\/\/eveilintime.fr\/index.php?rest_route=%2Fwp%2Fv2%2Fproduct_brand&post=2053"},{"taxonomy":"product_cat","embeddable":true,"href":"https:\/\/eveilintime.fr\/index.php?rest_route=%2Fwp%2Fv2%2Fproduct_cat&post=2053"},{"taxonomy":"product_tag","embeddable":true,"href":"https:\/\/eveilintime.fr\/index.php?rest_route=%2Fwp%2Fv2%2Fproduct_tag&post=2053"}],"curies":[{"name":"wp","href":"https:\/\/api.w.org\/{rel}","templated":true}]}}