{"id":204,"date":"2025-09-24T21:55:33","date_gmt":"2025-09-24T21:55:33","guid":{"rendered":"https:\/\/eveilintime.fr\/?post_type=product&#038;p=204"},"modified":"2025-10-01T17:09:21","modified_gmt":"2025-10-01T17:09:21","slug":"vibromasseur-nymphe-haute-precision-a-double-action","status":"publish","type":"product","link":"https:\/\/eveilintime.fr\/?product=vibromasseur-nymphe-haute-precision-a-double-action","title":{"rendered":"Vibromasseur NYMPHE Haute Pr\u00e9cision \u00e0 Double Action"},"content":{"rendered":"<p>\u00c9l\u00e9gant, performant et intuitif, le\u00a0<strong>NYMPHE<\/strong>\u00a0est un vibromasseur con\u00e7u pour celles qui recherchent \u00e0 la fois confort et pr\u00e9cision. Il associe une\u00a0<strong>t\u00eate arrondie parfaite pour la stimulation du point G<\/strong>\u00a0\u00e0 une technologie interne de\u00a0<strong>tapotement et glissement automatique<\/strong>.<\/p>\n<p>Avec\u00a0<strong>9 modes de vibration puissants<\/strong>\u00a0et\u00a0<strong>9 modes de slide\/tapping<\/strong>, il offre une large palette de sensations<\/p>\n<p>Utilisation :<\/p>\n<ul>\n<li><strong>Bouton Power (bas)<\/strong>\u00a0: Appui long 2s pour allumer\/\u00e9teindre \u2013 clic court pour changer les vibrations<\/li>\n<li><strong>Bouton Fonction (haut)<\/strong>\u00a0: clic pour activer les modes de glissement\/tapotement \u2013 appui long pour les arr\u00eater<\/li>\n<\/ul>\n<p><strong>Recharge magn\u00e9tique<\/strong>\u00a0\u2013 90 minutes de charge pour 45 minutes d\u2019utilisation<br \/>\n<strong>Dimensions :<\/strong>\u00a0Voir image produit<br \/>\n<strong>Poids :<\/strong>\u00a0154,2 g<br \/>\n<strong>Silicone m\u00e9dical waterproof<\/strong>\u00a0\u2013 hygi\u00e9nique et doux<\/p>\n","protected":false},"excerpt":{"rendered":"<p>Un vibromasseur puissant et ergonomique avec\u00a0<strong>9 modes de vibration<\/strong>,\u00a0<strong>9 modes de glissement et rotation<\/strong>, de votre distributeur Coeur Ardent.<\/p>\n<p>&nbsp;<\/p>\n<p><img decoding=\"async\" class=\"alignnone size-medium wp-image-150 aligncenter lazyload\" data-src=\"https:\/\/eveilintime.fr\/wp-content\/uploads\/2025\/09\/paiement-securise-garanti-300x76.png\" alt=\"Paiement s\u00e9curis\u00e9\" width=\"300\" height=\"76\" data-srcset=\"https:\/\/eveilintime.fr\/wp-content\/uploads\/2025\/09\/paiement-securise-garanti-300x76.png 300w, https:\/\/eveilintime.fr\/wp-content\/uploads\/2025\/09\/paiement-securise-garanti.png 446w\" data-sizes=\"(max-width: 300px) 100vw, 300px\" src=\"data:image\/svg+xml;base64,PHN2ZyB3aWR0aD0iMSIgaGVpZ2h0PSIxIiB4bWxucz0iaHR0cDovL3d3dy53My5vcmcvMjAwMC9zdmciPjwvc3ZnPg==\" style=\"--smush-placeholder-width: 300px; --smush-placeholder-aspect-ratio: 300\/76;\" \/><\/p>\n","protected":false},"featured_media":806,"comment_status":"open","ping_status":"closed","template":"","meta":[],"product_brand":[24],"product_cat":[36],"product_tag":[21],"class_list":{"0":"post-204","1":"product","2":"type-product","3":"status-publish","4":"has-post-thumbnail","6":"product_brand-coeur-ardent","7":"product_cat-vibromasseur","8":"product_tag-vibromasseur","10":"first","11":"instock","12":"taxable","13":"shipping-taxable","14":"purchasable","15":"product-type-simple"},"yoast_head":"<!-- This site is optimized with the Yoast SEO plugin v27.1.1 - https:\/\/yoast.com\/product\/yoast-seo-wordpress\/ -->\n<title>Vibromasseur NYMPHE Haute Pr\u00e9cision \u00e0 Double Action - \u00c9veil Intime<\/title>\n<meta name=\"description\" content=\"D\u00e9couvrez notre boutique en ligne sp\u00e9cialis\u00e9e dans les articles \u00e9rotiques : lingerie sexy, sextoys, accessoires intimes et bien plus. Livraison discr\u00e8te.\" \/>\n<meta name=\"robots\" content=\"index, follow, max-snippet:-1, max-image-preview:large, max-video-preview:-1\" \/>\n<link rel=\"canonical\" href=\"https:\/\/eveilintime.fr\/index.php\/produit\/vibromasseur-nymphe-haute-precision-a-double-action\/\" \/>\n<meta property=\"og:locale\" content=\"fr_FR\" \/>\n<meta property=\"og:type\" content=\"article\" \/>\n<meta property=\"og:title\" content=\"Vibromasseur NYMPHE Haute Pr\u00e9cision \u00e0 Double Action - \u00c9veil Intime\" \/>\n<meta property=\"og:description\" content=\"D\u00e9couvrez notre boutique en ligne sp\u00e9cialis\u00e9e dans les articles \u00e9rotiques : lingerie sexy, sextoys, accessoires intimes et bien plus. Livraison discr\u00e8te.\" \/>\n<meta property=\"og:url\" content=\"https:\/\/eveilintime.fr\/index.php\/produit\/vibromasseur-nymphe-haute-precision-a-double-action\/\" \/>\n<meta property=\"og:site_name\" content=\"\u00c9veil Intime\" \/>\n<meta property=\"article:modified_time\" content=\"2025-10-01T17:09:21+00:00\" \/>\n<meta property=\"og:image\" content=\"https:\/\/eveilintime.fr\/wp-content\/uploads\/2025\/09\/nymphe-5.png\" \/>\n\t<meta property=\"og:image:width\" content=\"800\" \/>\n\t<meta property=\"og:image:height\" content=\"800\" \/>\n\t<meta property=\"og:image:type\" content=\"image\/png\" \/>\n<meta name=\"twitter:card\" content=\"summary_large_image\" \/>\n<meta name=\"twitter:label1\" content=\"Dur\u00e9e de lecture estim\u00e9e\" \/>\n\t<meta name=\"twitter:data1\" content=\"1 minute\" \/>\n<script type=\"application\/ld+json\" class=\"yoast-schema-graph\">{\"@context\":\"https:\/\/schema.org\",\"@graph\":[{\"@type\":\"WebPage\",\"@id\":\"https:\/\/eveilintime.fr\/index.php\/produit\/vibromasseur-nymphe-haute-precision-a-double-action\/\",\"url\":\"https:\/\/eveilintime.fr\/index.php\/produit\/vibromasseur-nymphe-haute-precision-a-double-action\/\",\"name\":\"Vibromasseur NYMPHE Haute Pr\u00e9cision \u00e0 Double Action - \u00c9veil Intime\",\"isPartOf\":{\"@id\":\"https:\/\/eveilintime.fr\/#website\"},\"primaryImageOfPage\":{\"@id\":\"https:\/\/eveilintime.fr\/index.php\/produit\/vibromasseur-nymphe-haute-precision-a-double-action\/#primaryimage\"},\"image\":{\"@id\":\"https:\/\/eveilintime.fr\/index.php\/produit\/vibromasseur-nymphe-haute-precision-a-double-action\/#primaryimage\"},\"thumbnailUrl\":\"https:\/\/eveilintime.fr\/wp-content\/uploads\/2025\/09\/nymphe-5.png\",\"datePublished\":\"2025-09-24T21:55:33+00:00\",\"dateModified\":\"2025-10-01T17:09:21+00:00\",\"description\":\"D\u00e9couvrez notre boutique en ligne sp\u00e9cialis\u00e9e dans les articles \u00e9rotiques : lingerie sexy, sextoys, accessoires intimes et bien plus. Livraison discr\u00e8te.\",\"breadcrumb\":{\"@id\":\"https:\/\/eveilintime.fr\/index.php\/produit\/vibromasseur-nymphe-haute-precision-a-double-action\/#breadcrumb\"},\"inLanguage\":\"fr-FR\",\"potentialAction\":[{\"@type\":\"ReadAction\",\"target\":[\"https:\/\/eveilintime.fr\/index.php\/produit\/vibromasseur-nymphe-haute-precision-a-double-action\/\"]}]},{\"@type\":\"ImageObject\",\"inLanguage\":\"fr-FR\",\"@id\":\"https:\/\/eveilintime.fr\/index.php\/produit\/vibromasseur-nymphe-haute-precision-a-double-action\/#primaryimage\",\"url\":\"https:\/\/eveilintime.fr\/wp-content\/uploads\/2025\/09\/nymphe-5.png\",\"contentUrl\":\"https:\/\/eveilintime.fr\/wp-content\/uploads\/2025\/09\/nymphe-5.png\",\"width\":800,\"height\":800},{\"@type\":\"BreadcrumbList\",\"@id\":\"https:\/\/eveilintime.fr\/index.php\/produit\/vibromasseur-nymphe-haute-precision-a-double-action\/#breadcrumb\",\"itemListElement\":[{\"@type\":\"ListItem\",\"position\":1,\"name\":\"Accueil\",\"item\":\"https:\/\/eveilintime.fr\/\"},{\"@type\":\"ListItem\",\"position\":2,\"name\":\"Boutique\",\"item\":\"https:\/\/eveilintime.fr\/?page_id=8\"},{\"@type\":\"ListItem\",\"position\":3,\"name\":\"Vibromasseur NYMPHE Haute Pr\u00e9cision \u00e0 Double Action\"}]},{\"@type\":\"WebSite\",\"@id\":\"https:\/\/eveilintime.fr\/#website\",\"url\":\"https:\/\/eveilintime.fr\/\",\"name\":\"\u00c9veilintime\",\"description\":\"Parce que l&#039;intime m\u00e9rite l&#039;\u00e9l\u00e9gance\",\"publisher\":{\"@id\":\"https:\/\/eveilintime.fr\/#organization\"},\"potentialAction\":[{\"@type\":\"SearchAction\",\"target\":{\"@type\":\"EntryPoint\",\"urlTemplate\":\"https:\/\/eveilintime.fr\/?s={search_term_string}\"},\"query-input\":{\"@type\":\"PropertyValueSpecification\",\"valueRequired\":true,\"valueName\":\"search_term_string\"}}],\"inLanguage\":\"fr-FR\"},{\"@type\":\"Organization\",\"@id\":\"https:\/\/eveilintime.fr\/#organization\",\"name\":\"\u00c9veilintime\",\"url\":\"https:\/\/eveilintime.fr\/\",\"logo\":{\"@type\":\"ImageObject\",\"inLanguage\":\"fr-FR\",\"@id\":\"https:\/\/eveilintime.fr\/#\/schema\/logo\/image\/\",\"url\":\"https:\/\/eveilintime.fr\/wp-content\/uploads\/2025\/09\/logo-Eveil-Intime.png\",\"contentUrl\":\"https:\/\/eveilintime.fr\/wp-content\/uploads\/2025\/09\/logo-Eveil-Intime.png\",\"width\":417,\"height\":160,\"caption\":\"\u00c9veilintime\"},\"image\":{\"@id\":\"https:\/\/eveilintime.fr\/#\/schema\/logo\/image\/\"}}]}<\/script>\n<!-- \/ Yoast SEO plugin. -->","yoast_head_json":{"title":"Vibromasseur NYMPHE Haute Pr\u00e9cision \u00e0 Double Action - \u00c9veil Intime","description":"D\u00e9couvrez notre boutique en ligne sp\u00e9cialis\u00e9e dans les articles \u00e9rotiques : lingerie sexy, sextoys, accessoires intimes et bien plus. Livraison discr\u00e8te.","robots":{"index":"index","follow":"follow","max-snippet":"max-snippet:-1","max-image-preview":"max-image-preview:large","max-video-preview":"max-video-preview:-1"},"canonical":"https:\/\/eveilintime.fr\/index.php\/produit\/vibromasseur-nymphe-haute-precision-a-double-action\/","og_locale":"fr_FR","og_type":"article","og_title":"Vibromasseur NYMPHE Haute Pr\u00e9cision \u00e0 Double Action - \u00c9veil Intime","og_description":"D\u00e9couvrez notre boutique en ligne sp\u00e9cialis\u00e9e dans les articles \u00e9rotiques : lingerie sexy, sextoys, accessoires intimes et bien plus. Livraison discr\u00e8te.","og_url":"https:\/\/eveilintime.fr\/index.php\/produit\/vibromasseur-nymphe-haute-precision-a-double-action\/","og_site_name":"\u00c9veil Intime","article_modified_time":"2025-10-01T17:09:21+00:00","og_image":[{"width":800,"height":800,"url":"https:\/\/eveilintime.fr\/wp-content\/uploads\/2025\/09\/nymphe-5.png","type":"image\/png"}],"twitter_card":"summary_large_image","twitter_misc":{"Dur\u00e9e de lecture estim\u00e9e":"1 minute"},"schema":{"@context":"https:\/\/schema.org","@graph":[{"@type":"WebPage","@id":"https:\/\/eveilintime.fr\/index.php\/produit\/vibromasseur-nymphe-haute-precision-a-double-action\/","url":"https:\/\/eveilintime.fr\/index.php\/produit\/vibromasseur-nymphe-haute-precision-a-double-action\/","name":"Vibromasseur NYMPHE Haute Pr\u00e9cision \u00e0 Double Action - \u00c9veil Intime","isPartOf":{"@id":"https:\/\/eveilintime.fr\/#website"},"primaryImageOfPage":{"@id":"https:\/\/eveilintime.fr\/index.php\/produit\/vibromasseur-nymphe-haute-precision-a-double-action\/#primaryimage"},"image":{"@id":"https:\/\/eveilintime.fr\/index.php\/produit\/vibromasseur-nymphe-haute-precision-a-double-action\/#primaryimage"},"thumbnailUrl":"https:\/\/eveilintime.fr\/wp-content\/uploads\/2025\/09\/nymphe-5.png","datePublished":"2025-09-24T21:55:33+00:00","dateModified":"2025-10-01T17:09:21+00:00","description":"D\u00e9couvrez notre boutique en ligne sp\u00e9cialis\u00e9e dans les articles \u00e9rotiques : lingerie sexy, sextoys, accessoires intimes et bien plus. Livraison discr\u00e8te.","breadcrumb":{"@id":"https:\/\/eveilintime.fr\/index.php\/produit\/vibromasseur-nymphe-haute-precision-a-double-action\/#breadcrumb"},"inLanguage":"fr-FR","potentialAction":[{"@type":"ReadAction","target":["https:\/\/eveilintime.fr\/index.php\/produit\/vibromasseur-nymphe-haute-precision-a-double-action\/"]}]},{"@type":"ImageObject","inLanguage":"fr-FR","@id":"https:\/\/eveilintime.fr\/index.php\/produit\/vibromasseur-nymphe-haute-precision-a-double-action\/#primaryimage","url":"https:\/\/eveilintime.fr\/wp-content\/uploads\/2025\/09\/nymphe-5.png","contentUrl":"https:\/\/eveilintime.fr\/wp-content\/uploads\/2025\/09\/nymphe-5.png","width":800,"height":800},{"@type":"BreadcrumbList","@id":"https:\/\/eveilintime.fr\/index.php\/produit\/vibromasseur-nymphe-haute-precision-a-double-action\/#breadcrumb","itemListElement":[{"@type":"ListItem","position":1,"name":"Accueil","item":"https:\/\/eveilintime.fr\/"},{"@type":"ListItem","position":2,"name":"Boutique","item":"https:\/\/eveilintime.fr\/?page_id=8"},{"@type":"ListItem","position":3,"name":"Vibromasseur NYMPHE Haute Pr\u00e9cision \u00e0 Double Action"}]},{"@type":"WebSite","@id":"https:\/\/eveilintime.fr\/#website","url":"https:\/\/eveilintime.fr\/","name":"\u00c9veilintime","description":"Parce que l&#039;intime m\u00e9rite l&#039;\u00e9l\u00e9gance","publisher":{"@id":"https:\/\/eveilintime.fr\/#organization"},"potentialAction":[{"@type":"SearchAction","target":{"@type":"EntryPoint","urlTemplate":"https:\/\/eveilintime.fr\/?s={search_term_string}"},"query-input":{"@type":"PropertyValueSpecification","valueRequired":true,"valueName":"search_term_string"}}],"inLanguage":"fr-FR"},{"@type":"Organization","@id":"https:\/\/eveilintime.fr\/#organization","name":"\u00c9veilintime","url":"https:\/\/eveilintime.fr\/","logo":{"@type":"ImageObject","inLanguage":"fr-FR","@id":"https:\/\/eveilintime.fr\/#\/schema\/logo\/image\/","url":"https:\/\/eveilintime.fr\/wp-content\/uploads\/2025\/09\/logo-Eveil-Intime.png","contentUrl":"https:\/\/eveilintime.fr\/wp-content\/uploads\/2025\/09\/logo-Eveil-Intime.png","width":417,"height":160,"caption":"\u00c9veilintime"},"image":{"@id":"https:\/\/eveilintime.fr\/#\/schema\/logo\/image\/"}}]}},"jetpack_sharing_enabled":true,"_links":{"self":[{"href":"https:\/\/eveilintime.fr\/index.php?rest_route=\/wp\/v2\/product\/204","targetHints":{"allow":["GET"]}}],"collection":[{"href":"https:\/\/eveilintime.fr\/index.php?rest_route=\/wp\/v2\/product"}],"about":[{"href":"https:\/\/eveilintime.fr\/index.php?rest_route=\/wp\/v2\/types\/product"}],"replies":[{"embeddable":true,"href":"https:\/\/eveilintime.fr\/index.php?rest_route=%2Fwp%2Fv2%2Fcomments&post=204"}],"version-history":[{"count":3,"href":"https:\/\/eveilintime.fr\/index.php?rest_route=\/wp\/v2\/product\/204\/revisions"}],"predecessor-version":[{"id":568,"href":"https:\/\/eveilintime.fr\/index.php?rest_route=\/wp\/v2\/product\/204\/revisions\/568"}],"wp:featuredmedia":[{"embeddable":true,"href":"https:\/\/eveilintime.fr\/index.php?rest_route=\/wp\/v2\/media\/806"}],"wp:attachment":[{"href":"https:\/\/eveilintime.fr\/index.php?rest_route=%2Fwp%2Fv2%2Fmedia&parent=204"}],"wp:term":[{"taxonomy":"product_brand","embeddable":true,"href":"https:\/\/eveilintime.fr\/index.php?rest_route=%2Fwp%2Fv2%2Fproduct_brand&post=204"},{"taxonomy":"product_cat","embeddable":true,"href":"https:\/\/eveilintime.fr\/index.php?rest_route=%2Fwp%2Fv2%2Fproduct_cat&post=204"},{"taxonomy":"product_tag","embeddable":true,"href":"https:\/\/eveilintime.fr\/index.php?rest_route=%2Fwp%2Fv2%2Fproduct_tag&post=204"}],"curies":[{"name":"wp","href":"https:\/\/api.w.org\/{rel}","templated":true}]}}