{"id":1991,"date":"2025-11-23T22:35:12","date_gmt":"2025-11-23T22:35:12","guid":{"rendered":"https:\/\/eveilintime.fr\/?post_type=product&#038;p=1991"},"modified":"2025-11-23T22:35:12","modified_gmt":"2025-11-23T22:35:12","slug":"body-resille-noir-avec-chainettes-et-menottes","status":"publish","type":"product","link":"https:\/\/eveilintime.fr\/?product=body-resille-noir-avec-chainettes-et-menottes","title":{"rendered":"Body r\u00e9sille noir avec chainettes et menottes"},"content":{"rendered":"<p>Body en fine r\u00e9sille avec un col haut en simili cuir clout\u00e9 avec une fermeture \u00e0 crochet et \u00e0 \u0153il. d\u00e9coupe sur le devant, enti\u00e8rement ouverte avec chainettes pendantes. Sangle sur arri\u00e8re, r\u00e9glable &#8211; body string<\/p>\n<p>&#8211; Des attaches de poignet extensibles avec de chainettes.<\/p>\n<p>Composition :\u00a0 90% Polyester 10%<\/p>\n<p>Conseil d&rsquo;entretien : Laver \u00e0 la main \u00e0 l&rsquo;eau froide, pas de s\u00e8che linge<\/p>\n<p>Taille unique<\/p>\n","protected":false},"excerpt":{"rendered":"<p><b>Body en fine r\u00e9sille avec chaines noires, accompagn\u00e9 de menottes tissu et chaines,<\/b><strong> ouvert \u00e0 l&rsquo;entrejambe.<\/strong><\/p>\n<p>&nbsp;<\/p>\n<p style=\"text-align: center;\"><img decoding=\"async\" class=\"alignnone size-medium wp-image-1631 lazyload\" data-src=\"https:\/\/eveilintime.fr\/wp-content\/uploads\/2025\/10\/paiement-securise-garanti-1-300x76.png\" alt=\"\" width=\"300\" height=\"76\" data-srcset=\"https:\/\/eveilintime.fr\/wp-content\/uploads\/2025\/10\/paiement-securise-garanti-1-300x76.png 300w, https:\/\/eveilintime.fr\/wp-content\/uploads\/2025\/10\/paiement-securise-garanti-1.png 446w\" data-sizes=\"(max-width: 300px) 100vw, 300px\" src=\"data:image\/svg+xml;base64,PHN2ZyB3aWR0aD0iMSIgaGVpZ2h0PSIxIiB4bWxucz0iaHR0cDovL3d3dy53My5vcmcvMjAwMC9zdmciPjwvc3ZnPg==\" style=\"--smush-placeholder-width: 300px; --smush-placeholder-aspect-ratio: 300\/76;\" \/><\/p>\n<p style=\"text-align: center;\">\n","protected":false},"featured_media":1992,"comment_status":"open","ping_status":"closed","template":"","meta":[],"product_brand":[72],"product_cat":[46],"product_tag":[],"class_list":{"0":"post-1991","1":"product","2":"type-product","3":"status-publish","4":"has-post-thumbnail","6":"product_brand-dreamgirl","7":"product_cat-body","9":"first","10":"instock","11":"taxable","12":"shipping-taxable","13":"purchasable","14":"product-type-simple"},"yoast_head":"<!-- This site is optimized with the Yoast SEO plugin v27.1.1 - https:\/\/yoast.com\/product\/yoast-seo-wordpress\/ -->\n<title>Body r\u00e9sille noir avec chainettes et menottes - \u00c9veil Intime<\/title>\n<meta name=\"robots\" content=\"index, follow, max-snippet:-1, max-image-preview:large, max-video-preview:-1\" \/>\n<link rel=\"canonical\" href=\"https:\/\/eveilintime.fr\/?product=body-resille-noir-avec-chainettes-et-menottes\" \/>\n<meta property=\"og:locale\" content=\"fr_FR\" \/>\n<meta property=\"og:type\" content=\"article\" \/>\n<meta property=\"og:title\" content=\"Body r\u00e9sille noir avec chainettes et menottes - \u00c9veil Intime\" \/>\n<meta property=\"og:description\" content=\"Body en fine r\u00e9sille avec chaines noires, accompagn\u00e9 de menottes tissu et chaines, ouvert \u00e0 l&#039;entrejambe.  &nbsp;\" \/>\n<meta property=\"og:url\" content=\"https:\/\/eveilintime.fr\/?product=body-resille-noir-avec-chainettes-et-menottes\" \/>\n<meta property=\"og:site_name\" content=\"\u00c9veil Intime\" \/>\n<meta property=\"og:image\" content=\"https:\/\/eveilintime.fr\/wp-content\/uploads\/2025\/11\/body-resille-noir-avec-chainettes-et-menottes-dg12815blk.jpg\" \/>\n\t<meta property=\"og:image:width\" content=\"800\" \/>\n\t<meta property=\"og:image:height\" content=\"800\" \/>\n\t<meta property=\"og:image:type\" content=\"image\/jpeg\" \/>\n<meta name=\"twitter:card\" content=\"summary_large_image\" \/>\n<meta name=\"twitter:label1\" content=\"Dur\u00e9e de lecture estim\u00e9e\" \/>\n\t<meta name=\"twitter:data1\" content=\"1 minute\" \/>\n<script type=\"application\/ld+json\" class=\"yoast-schema-graph\">{\"@context\":\"https:\/\/schema.org\",\"@graph\":[{\"@type\":\"WebPage\",\"@id\":\"https:\/\/eveilintime.fr\/?product=body-resille-noir-avec-chainettes-et-menottes\",\"url\":\"https:\/\/eveilintime.fr\/?product=body-resille-noir-avec-chainettes-et-menottes\",\"name\":\"Body r\u00e9sille noir avec chainettes et menottes - \u00c9veil Intime\",\"isPartOf\":{\"@id\":\"https:\/\/eveilintime.fr\/#website\"},\"primaryImageOfPage\":{\"@id\":\"https:\/\/eveilintime.fr\/?product=body-resille-noir-avec-chainettes-et-menottes#primaryimage\"},\"image\":{\"@id\":\"https:\/\/eveilintime.fr\/?product=body-resille-noir-avec-chainettes-et-menottes#primaryimage\"},\"thumbnailUrl\":\"https:\/\/eveilintime.fr\/wp-content\/uploads\/2025\/11\/body-resille-noir-avec-chainettes-et-menottes-dg12815blk.jpg\",\"datePublished\":\"2025-11-23T22:35:12+00:00\",\"breadcrumb\":{\"@id\":\"https:\/\/eveilintime.fr\/?product=body-resille-noir-avec-chainettes-et-menottes#breadcrumb\"},\"inLanguage\":\"fr-FR\",\"potentialAction\":[{\"@type\":\"ReadAction\",\"target\":[\"https:\/\/eveilintime.fr\/?product=body-resille-noir-avec-chainettes-et-menottes\"]}]},{\"@type\":\"ImageObject\",\"inLanguage\":\"fr-FR\",\"@id\":\"https:\/\/eveilintime.fr\/?product=body-resille-noir-avec-chainettes-et-menottes#primaryimage\",\"url\":\"https:\/\/eveilintime.fr\/wp-content\/uploads\/2025\/11\/body-resille-noir-avec-chainettes-et-menottes-dg12815blk.jpg\",\"contentUrl\":\"https:\/\/eveilintime.fr\/wp-content\/uploads\/2025\/11\/body-resille-noir-avec-chainettes-et-menottes-dg12815blk.jpg\",\"width\":800,\"height\":800},{\"@type\":\"BreadcrumbList\",\"@id\":\"https:\/\/eveilintime.fr\/?product=body-resille-noir-avec-chainettes-et-menottes#breadcrumb\",\"itemListElement\":[{\"@type\":\"ListItem\",\"position\":1,\"name\":\"Accueil\",\"item\":\"https:\/\/eveilintime.fr\/\"},{\"@type\":\"ListItem\",\"position\":2,\"name\":\"Boutique\",\"item\":\"https:\/\/eveilintime.fr\/?page_id=8\"},{\"@type\":\"ListItem\",\"position\":3,\"name\":\"Body r\u00e9sille noir avec chainettes et menottes\"}]},{\"@type\":\"WebSite\",\"@id\":\"https:\/\/eveilintime.fr\/#website\",\"url\":\"https:\/\/eveilintime.fr\/\",\"name\":\"\u00c9veilintime\",\"description\":\"Parce que l&#039;intime m\u00e9rite l&#039;\u00e9l\u00e9gance\",\"publisher\":{\"@id\":\"https:\/\/eveilintime.fr\/#organization\"},\"potentialAction\":[{\"@type\":\"SearchAction\",\"target\":{\"@type\":\"EntryPoint\",\"urlTemplate\":\"https:\/\/eveilintime.fr\/?s={search_term_string}\"},\"query-input\":{\"@type\":\"PropertyValueSpecification\",\"valueRequired\":true,\"valueName\":\"search_term_string\"}}],\"inLanguage\":\"fr-FR\"},{\"@type\":\"Organization\",\"@id\":\"https:\/\/eveilintime.fr\/#organization\",\"name\":\"\u00c9veilintime\",\"url\":\"https:\/\/eveilintime.fr\/\",\"logo\":{\"@type\":\"ImageObject\",\"inLanguage\":\"fr-FR\",\"@id\":\"https:\/\/eveilintime.fr\/#\/schema\/logo\/image\/\",\"url\":\"https:\/\/eveilintime.fr\/wp-content\/uploads\/2025\/09\/logo-Eveil-Intime.png\",\"contentUrl\":\"https:\/\/eveilintime.fr\/wp-content\/uploads\/2025\/09\/logo-Eveil-Intime.png\",\"width\":417,\"height\":160,\"caption\":\"\u00c9veilintime\"},\"image\":{\"@id\":\"https:\/\/eveilintime.fr\/#\/schema\/logo\/image\/\"}}]}<\/script>\n<!-- \/ Yoast SEO plugin. -->","yoast_head_json":{"title":"Body r\u00e9sille noir avec chainettes et menottes - \u00c9veil Intime","robots":{"index":"index","follow":"follow","max-snippet":"max-snippet:-1","max-image-preview":"max-image-preview:large","max-video-preview":"max-video-preview:-1"},"canonical":"https:\/\/eveilintime.fr\/?product=body-resille-noir-avec-chainettes-et-menottes","og_locale":"fr_FR","og_type":"article","og_title":"Body r\u00e9sille noir avec chainettes et menottes - \u00c9veil Intime","og_description":"Body en fine r\u00e9sille avec chaines noires, accompagn\u00e9 de menottes tissu et chaines, ouvert \u00e0 l'entrejambe.  &nbsp;","og_url":"https:\/\/eveilintime.fr\/?product=body-resille-noir-avec-chainettes-et-menottes","og_site_name":"\u00c9veil Intime","og_image":[{"width":800,"height":800,"url":"https:\/\/eveilintime.fr\/wp-content\/uploads\/2025\/11\/body-resille-noir-avec-chainettes-et-menottes-dg12815blk.jpg","type":"image\/jpeg"}],"twitter_card":"summary_large_image","twitter_misc":{"Dur\u00e9e de lecture estim\u00e9e":"1 minute"},"schema":{"@context":"https:\/\/schema.org","@graph":[{"@type":"WebPage","@id":"https:\/\/eveilintime.fr\/?product=body-resille-noir-avec-chainettes-et-menottes","url":"https:\/\/eveilintime.fr\/?product=body-resille-noir-avec-chainettes-et-menottes","name":"Body r\u00e9sille noir avec chainettes et menottes - \u00c9veil Intime","isPartOf":{"@id":"https:\/\/eveilintime.fr\/#website"},"primaryImageOfPage":{"@id":"https:\/\/eveilintime.fr\/?product=body-resille-noir-avec-chainettes-et-menottes#primaryimage"},"image":{"@id":"https:\/\/eveilintime.fr\/?product=body-resille-noir-avec-chainettes-et-menottes#primaryimage"},"thumbnailUrl":"https:\/\/eveilintime.fr\/wp-content\/uploads\/2025\/11\/body-resille-noir-avec-chainettes-et-menottes-dg12815blk.jpg","datePublished":"2025-11-23T22:35:12+00:00","breadcrumb":{"@id":"https:\/\/eveilintime.fr\/?product=body-resille-noir-avec-chainettes-et-menottes#breadcrumb"},"inLanguage":"fr-FR","potentialAction":[{"@type":"ReadAction","target":["https:\/\/eveilintime.fr\/?product=body-resille-noir-avec-chainettes-et-menottes"]}]},{"@type":"ImageObject","inLanguage":"fr-FR","@id":"https:\/\/eveilintime.fr\/?product=body-resille-noir-avec-chainettes-et-menottes#primaryimage","url":"https:\/\/eveilintime.fr\/wp-content\/uploads\/2025\/11\/body-resille-noir-avec-chainettes-et-menottes-dg12815blk.jpg","contentUrl":"https:\/\/eveilintime.fr\/wp-content\/uploads\/2025\/11\/body-resille-noir-avec-chainettes-et-menottes-dg12815blk.jpg","width":800,"height":800},{"@type":"BreadcrumbList","@id":"https:\/\/eveilintime.fr\/?product=body-resille-noir-avec-chainettes-et-menottes#breadcrumb","itemListElement":[{"@type":"ListItem","position":1,"name":"Accueil","item":"https:\/\/eveilintime.fr\/"},{"@type":"ListItem","position":2,"name":"Boutique","item":"https:\/\/eveilintime.fr\/?page_id=8"},{"@type":"ListItem","position":3,"name":"Body r\u00e9sille noir avec chainettes et menottes"}]},{"@type":"WebSite","@id":"https:\/\/eveilintime.fr\/#website","url":"https:\/\/eveilintime.fr\/","name":"\u00c9veilintime","description":"Parce que l&#039;intime m\u00e9rite l&#039;\u00e9l\u00e9gance","publisher":{"@id":"https:\/\/eveilintime.fr\/#organization"},"potentialAction":[{"@type":"SearchAction","target":{"@type":"EntryPoint","urlTemplate":"https:\/\/eveilintime.fr\/?s={search_term_string}"},"query-input":{"@type":"PropertyValueSpecification","valueRequired":true,"valueName":"search_term_string"}}],"inLanguage":"fr-FR"},{"@type":"Organization","@id":"https:\/\/eveilintime.fr\/#organization","name":"\u00c9veilintime","url":"https:\/\/eveilintime.fr\/","logo":{"@type":"ImageObject","inLanguage":"fr-FR","@id":"https:\/\/eveilintime.fr\/#\/schema\/logo\/image\/","url":"https:\/\/eveilintime.fr\/wp-content\/uploads\/2025\/09\/logo-Eveil-Intime.png","contentUrl":"https:\/\/eveilintime.fr\/wp-content\/uploads\/2025\/09\/logo-Eveil-Intime.png","width":417,"height":160,"caption":"\u00c9veilintime"},"image":{"@id":"https:\/\/eveilintime.fr\/#\/schema\/logo\/image\/"}}]}},"jetpack_sharing_enabled":true,"_links":{"self":[{"href":"https:\/\/eveilintime.fr\/index.php?rest_route=\/wp\/v2\/product\/1991","targetHints":{"allow":["GET"]}}],"collection":[{"href":"https:\/\/eveilintime.fr\/index.php?rest_route=\/wp\/v2\/product"}],"about":[{"href":"https:\/\/eveilintime.fr\/index.php?rest_route=\/wp\/v2\/types\/product"}],"replies":[{"embeddable":true,"href":"https:\/\/eveilintime.fr\/index.php?rest_route=%2Fwp%2Fv2%2Fcomments&post=1991"}],"version-history":[{"count":1,"href":"https:\/\/eveilintime.fr\/index.php?rest_route=\/wp\/v2\/product\/1991\/revisions"}],"predecessor-version":[{"id":1994,"href":"https:\/\/eveilintime.fr\/index.php?rest_route=\/wp\/v2\/product\/1991\/revisions\/1994"}],"wp:featuredmedia":[{"embeddable":true,"href":"https:\/\/eveilintime.fr\/index.php?rest_route=\/wp\/v2\/media\/1992"}],"wp:attachment":[{"href":"https:\/\/eveilintime.fr\/index.php?rest_route=%2Fwp%2Fv2%2Fmedia&parent=1991"}],"wp:term":[{"taxonomy":"product_brand","embeddable":true,"href":"https:\/\/eveilintime.fr\/index.php?rest_route=%2Fwp%2Fv2%2Fproduct_brand&post=1991"},{"taxonomy":"product_cat","embeddable":true,"href":"https:\/\/eveilintime.fr\/index.php?rest_route=%2Fwp%2Fv2%2Fproduct_cat&post=1991"},{"taxonomy":"product_tag","embeddable":true,"href":"https:\/\/eveilintime.fr\/index.php?rest_route=%2Fwp%2Fv2%2Fproduct_tag&post=1991"}],"curies":[{"name":"wp","href":"https:\/\/api.w.org\/{rel}","templated":true}]}}