{"id":1870,"date":"2025-10-23T00:48:55","date_gmt":"2025-10-23T00:48:55","guid":{"rendered":"https:\/\/eveilintime.fr\/?post_type=product&#038;p=1870"},"modified":"2025-10-23T00:54:07","modified_gmt":"2025-10-23T00:54:07","slug":"stimulateur-prostate-telecommande-usb","status":"publish","type":"product","link":"https:\/\/eveilintime.fr\/?product=stimulateur-prostate-telecommande-usb","title":{"rendered":"ELIOT, Stimulateur de prostate USB, avec t\u00e9l\u00e9commande"},"content":{"rendered":"<p><strong>ELIOT est un Stimulateur de prostate<\/strong>, dot\u00e9 de\u00a0<strong>2 moteurs puissants<\/strong>, avec\u00a0<strong>t\u00e9l\u00e9commande \u00e0 distanc<\/strong>e, pour une exp\u00e9rience intime et efficace. Dans un silicone doux et lisse. Dot\u00e9 de\u00a0<strong>10 modes de vibration et 3 vitesses\u00a0\u00a0<\/strong><\/p>\n<p>Utilisez la t\u00e9l\u00e9commande pour changer les modes de vibration et la vitesse &#8211; Avec une interface (Marche\/Arr\u00eat) pour l&rsquo;allumer et changer les modes de vibration et ( + et &#8211; ) Pour augmenter ou diminuer sa vitesse&#8230;de Doux \u00e0 tr\u00e8s intense.<\/p>\n<p>Waterproof<\/p>\n<p>Silencieux avec moins de 45dB max.<\/p>\n<p>Dimensions:115&#215;80 mm<\/p>\n<p>Temps de charge 60 minutes pour 90 minutes de plaisir &#8211; Charge USB (c\u00e2ble fourni)<\/p>\n<p>T\u00e9l\u00e9commande avec pile plate fournie.<\/p>\n<p>Mati\u00e8res: Silicone et ABS &#8211; sans phtalates<\/p>\n<p>Poids 110 Gr &#8211;<\/p>\n<p>&nbsp;<\/p>\n<p>&nbsp;<\/p>\n<p>Retrouvez nous sur Facebook :<\/p>\n<p><a href=\"https:\/\/www.facebook.com\/profile.php?id=61580816765623&amp;locale=fr_FR\">https:\/\/www.facebook.com\/profile.php?id=61580816765623&amp;locale=fr_FR<\/a><\/p>\n<p>Retrouvez tout les produits de notre boutique :<\/p>\n<p><a href=\"https:\/\/eveilintime.fr\/\">https:\/\/eveilintime.fr\/<\/a><\/p>\n","protected":false},"excerpt":{"rendered":"<p><strong>ELIOT, Stimulateur de prostate<\/strong>\u00a0en silicone doux,\u00a0<strong>double moteurs puissants<\/strong>. Dot\u00e9 de 10 modes de vibration et 3 vitesses avec\u00a0<strong>T\u00e9l\u00e9commande \u00e0 distance.<\/strong><\/p>\n<p>&nbsp;<\/p>\n<p><img decoding=\"async\" class=\"alignnone size-medium wp-image-1631 aligncenter lazyload\" data-src=\"https:\/\/eveilintime.fr\/wp-content\/uploads\/2025\/10\/paiement-securise-garanti-1-300x76.png\" alt=\"\" width=\"300\" height=\"76\" data-srcset=\"https:\/\/eveilintime.fr\/wp-content\/uploads\/2025\/10\/paiement-securise-garanti-1-300x76.png 300w, https:\/\/eveilintime.fr\/wp-content\/uploads\/2025\/10\/paiement-securise-garanti-1.png 446w\" data-sizes=\"(max-width: 300px) 100vw, 300px\" src=\"data:image\/svg+xml;base64,PHN2ZyB3aWR0aD0iMSIgaGVpZ2h0PSIxIiB4bWxucz0iaHR0cDovL3d3dy53My5vcmcvMjAwMC9zdmciPjwvc3ZnPg==\" style=\"--smush-placeholder-width: 300px; --smush-placeholder-aspect-ratio: 300\/76;\" \/><\/p>\n","protected":false},"featured_media":1873,"comment_status":"open","ping_status":"closed","template":"","meta":[],"product_brand":[24],"product_cat":[169],"product_tag":[84,26],"class_list":{"0":"post-1870","1":"product","2":"type-product","3":"status-publish","4":"has-post-thumbnail","6":"product_brand-coeur-ardent","7":"product_cat-stimulateur-prostate","8":"product_tag-prostate","9":"product_tag-stimulateur","11":"first","12":"instock","13":"taxable","14":"shipping-taxable","15":"purchasable","16":"product-type-simple"},"yoast_head":"<!-- This site is optimized with the Yoast SEO plugin v27.1.1 - https:\/\/yoast.com\/product\/yoast-seo-wordpress\/ -->\n<title>ELIOT, Stimulateur de prostate USB, avec t\u00e9l\u00e9commande - \u00c9veil Intime<\/title>\n<meta name=\"description\" content=\"ELIOT, Stimulateur de prostate en silicone doux, double moteurs puissants. Dot\u00e9 de 10 modes de vibration et 3 vitesses avec T\u00e9l\u00e9commande \u00e0 distance.\" \/>\n<meta name=\"robots\" content=\"index, follow, max-snippet:-1, max-image-preview:large, max-video-preview:-1\" \/>\n<link rel=\"canonical\" href=\"https:\/\/eveilintime.fr\/?product=stimulateur-prostate-telecommande-usb\" \/>\n<meta property=\"og:locale\" content=\"fr_FR\" \/>\n<meta property=\"og:type\" content=\"article\" \/>\n<meta property=\"og:title\" content=\"ELIOT, Stimulateur de prostate USB, avec t\u00e9l\u00e9commande - \u00c9veil Intime\" \/>\n<meta property=\"og:description\" content=\"ELIOT, Stimulateur de prostate en silicone doux, double moteurs puissants. Dot\u00e9 de 10 modes de vibration et 3 vitesses avec T\u00e9l\u00e9commande \u00e0 distance.\" \/>\n<meta property=\"og:url\" content=\"https:\/\/eveilintime.fr\/?product=stimulateur-prostate-telecommande-usb\" \/>\n<meta property=\"og:site_name\" content=\"\u00c9veil Intime\" \/>\n<meta property=\"article:modified_time\" content=\"2025-10-23T00:54:07+00:00\" \/>\n<meta property=\"og:image\" content=\"https:\/\/eveilintime.fr\/wp-content\/uploads\/2025\/10\/eliot-stimulateur-de-prostate-usb-avec-telecommande-en-silicone-medical-bq149blk.png\" \/>\n\t<meta property=\"og:image:width\" content=\"800\" \/>\n\t<meta property=\"og:image:height\" content=\"800\" \/>\n\t<meta property=\"og:image:type\" content=\"image\/png\" \/>\n<meta name=\"twitter:card\" content=\"summary_large_image\" \/>\n<meta name=\"twitter:label1\" content=\"Dur\u00e9e de lecture estim\u00e9e\" \/>\n\t<meta name=\"twitter:data1\" content=\"1 minute\" \/>\n<script type=\"application\/ld+json\" class=\"yoast-schema-graph\">{\"@context\":\"https:\/\/schema.org\",\"@graph\":[{\"@type\":\"WebPage\",\"@id\":\"https:\/\/eveilintime.fr\/?product=stimulateur-prostate-telecommande-usb\",\"url\":\"https:\/\/eveilintime.fr\/?product=stimulateur-prostate-telecommande-usb\",\"name\":\"ELIOT, Stimulateur de prostate USB, avec t\u00e9l\u00e9commande - \u00c9veil Intime\",\"isPartOf\":{\"@id\":\"https:\/\/eveilintime.fr\/#website\"},\"primaryImageOfPage\":{\"@id\":\"https:\/\/eveilintime.fr\/?product=stimulateur-prostate-telecommande-usb#primaryimage\"},\"image\":{\"@id\":\"https:\/\/eveilintime.fr\/?product=stimulateur-prostate-telecommande-usb#primaryimage\"},\"thumbnailUrl\":\"https:\/\/eveilintime.fr\/wp-content\/uploads\/2025\/10\/eliot-stimulateur-de-prostate-usb-avec-telecommande-en-silicone-medical-bq149blk.png\",\"datePublished\":\"2025-10-23T00:48:55+00:00\",\"dateModified\":\"2025-10-23T00:54:07+00:00\",\"description\":\"ELIOT, Stimulateur de prostate en silicone doux, double moteurs puissants. Dot\u00e9 de 10 modes de vibration et 3 vitesses avec T\u00e9l\u00e9commande \u00e0 distance.\",\"breadcrumb\":{\"@id\":\"https:\/\/eveilintime.fr\/?product=stimulateur-prostate-telecommande-usb#breadcrumb\"},\"inLanguage\":\"fr-FR\",\"potentialAction\":[{\"@type\":\"ReadAction\",\"target\":[\"https:\/\/eveilintime.fr\/?product=stimulateur-prostate-telecommande-usb\"]}]},{\"@type\":\"ImageObject\",\"inLanguage\":\"fr-FR\",\"@id\":\"https:\/\/eveilintime.fr\/?product=stimulateur-prostate-telecommande-usb#primaryimage\",\"url\":\"https:\/\/eveilintime.fr\/wp-content\/uploads\/2025\/10\/eliot-stimulateur-de-prostate-usb-avec-telecommande-en-silicone-medical-bq149blk.png\",\"contentUrl\":\"https:\/\/eveilintime.fr\/wp-content\/uploads\/2025\/10\/eliot-stimulateur-de-prostate-usb-avec-telecommande-en-silicone-medical-bq149blk.png\",\"width\":800,\"height\":800},{\"@type\":\"BreadcrumbList\",\"@id\":\"https:\/\/eveilintime.fr\/?product=stimulateur-prostate-telecommande-usb#breadcrumb\",\"itemListElement\":[{\"@type\":\"ListItem\",\"position\":1,\"name\":\"Accueil\",\"item\":\"https:\/\/eveilintime.fr\/\"},{\"@type\":\"ListItem\",\"position\":2,\"name\":\"Boutique\",\"item\":\"https:\/\/eveilintime.fr\/?page_id=8\"},{\"@type\":\"ListItem\",\"position\":3,\"name\":\"ELIOT, Stimulateur de prostate USB, avec t\u00e9l\u00e9commande\"}]},{\"@type\":\"WebSite\",\"@id\":\"https:\/\/eveilintime.fr\/#website\",\"url\":\"https:\/\/eveilintime.fr\/\",\"name\":\"\u00c9veilintime\",\"description\":\"Parce que l&#039;intime m\u00e9rite l&#039;\u00e9l\u00e9gance\",\"publisher\":{\"@id\":\"https:\/\/eveilintime.fr\/#organization\"},\"potentialAction\":[{\"@type\":\"SearchAction\",\"target\":{\"@type\":\"EntryPoint\",\"urlTemplate\":\"https:\/\/eveilintime.fr\/?s={search_term_string}\"},\"query-input\":{\"@type\":\"PropertyValueSpecification\",\"valueRequired\":true,\"valueName\":\"search_term_string\"}}],\"inLanguage\":\"fr-FR\"},{\"@type\":\"Organization\",\"@id\":\"https:\/\/eveilintime.fr\/#organization\",\"name\":\"\u00c9veilintime\",\"url\":\"https:\/\/eveilintime.fr\/\",\"logo\":{\"@type\":\"ImageObject\",\"inLanguage\":\"fr-FR\",\"@id\":\"https:\/\/eveilintime.fr\/#\/schema\/logo\/image\/\",\"url\":\"https:\/\/eveilintime.fr\/wp-content\/uploads\/2025\/09\/logo-Eveil-Intime.png\",\"contentUrl\":\"https:\/\/eveilintime.fr\/wp-content\/uploads\/2025\/09\/logo-Eveil-Intime.png\",\"width\":417,\"height\":160,\"caption\":\"\u00c9veilintime\"},\"image\":{\"@id\":\"https:\/\/eveilintime.fr\/#\/schema\/logo\/image\/\"}}]}<\/script>\n<!-- \/ Yoast SEO plugin. -->","yoast_head_json":{"title":"ELIOT, Stimulateur de prostate USB, avec t\u00e9l\u00e9commande - \u00c9veil Intime","description":"ELIOT, Stimulateur de prostate en silicone doux, double moteurs puissants. Dot\u00e9 de 10 modes de vibration et 3 vitesses avec T\u00e9l\u00e9commande \u00e0 distance.","robots":{"index":"index","follow":"follow","max-snippet":"max-snippet:-1","max-image-preview":"max-image-preview:large","max-video-preview":"max-video-preview:-1"},"canonical":"https:\/\/eveilintime.fr\/?product=stimulateur-prostate-telecommande-usb","og_locale":"fr_FR","og_type":"article","og_title":"ELIOT, Stimulateur de prostate USB, avec t\u00e9l\u00e9commande - \u00c9veil Intime","og_description":"ELIOT, Stimulateur de prostate en silicone doux, double moteurs puissants. Dot\u00e9 de 10 modes de vibration et 3 vitesses avec T\u00e9l\u00e9commande \u00e0 distance.","og_url":"https:\/\/eveilintime.fr\/?product=stimulateur-prostate-telecommande-usb","og_site_name":"\u00c9veil Intime","article_modified_time":"2025-10-23T00:54:07+00:00","og_image":[{"width":800,"height":800,"url":"https:\/\/eveilintime.fr\/wp-content\/uploads\/2025\/10\/eliot-stimulateur-de-prostate-usb-avec-telecommande-en-silicone-medical-bq149blk.png","type":"image\/png"}],"twitter_card":"summary_large_image","twitter_misc":{"Dur\u00e9e de lecture estim\u00e9e":"1 minute"},"schema":{"@context":"https:\/\/schema.org","@graph":[{"@type":"WebPage","@id":"https:\/\/eveilintime.fr\/?product=stimulateur-prostate-telecommande-usb","url":"https:\/\/eveilintime.fr\/?product=stimulateur-prostate-telecommande-usb","name":"ELIOT, Stimulateur de prostate USB, avec t\u00e9l\u00e9commande - \u00c9veil Intime","isPartOf":{"@id":"https:\/\/eveilintime.fr\/#website"},"primaryImageOfPage":{"@id":"https:\/\/eveilintime.fr\/?product=stimulateur-prostate-telecommande-usb#primaryimage"},"image":{"@id":"https:\/\/eveilintime.fr\/?product=stimulateur-prostate-telecommande-usb#primaryimage"},"thumbnailUrl":"https:\/\/eveilintime.fr\/wp-content\/uploads\/2025\/10\/eliot-stimulateur-de-prostate-usb-avec-telecommande-en-silicone-medical-bq149blk.png","datePublished":"2025-10-23T00:48:55+00:00","dateModified":"2025-10-23T00:54:07+00:00","description":"ELIOT, Stimulateur de prostate en silicone doux, double moteurs puissants. Dot\u00e9 de 10 modes de vibration et 3 vitesses avec T\u00e9l\u00e9commande \u00e0 distance.","breadcrumb":{"@id":"https:\/\/eveilintime.fr\/?product=stimulateur-prostate-telecommande-usb#breadcrumb"},"inLanguage":"fr-FR","potentialAction":[{"@type":"ReadAction","target":["https:\/\/eveilintime.fr\/?product=stimulateur-prostate-telecommande-usb"]}]},{"@type":"ImageObject","inLanguage":"fr-FR","@id":"https:\/\/eveilintime.fr\/?product=stimulateur-prostate-telecommande-usb#primaryimage","url":"https:\/\/eveilintime.fr\/wp-content\/uploads\/2025\/10\/eliot-stimulateur-de-prostate-usb-avec-telecommande-en-silicone-medical-bq149blk.png","contentUrl":"https:\/\/eveilintime.fr\/wp-content\/uploads\/2025\/10\/eliot-stimulateur-de-prostate-usb-avec-telecommande-en-silicone-medical-bq149blk.png","width":800,"height":800},{"@type":"BreadcrumbList","@id":"https:\/\/eveilintime.fr\/?product=stimulateur-prostate-telecommande-usb#breadcrumb","itemListElement":[{"@type":"ListItem","position":1,"name":"Accueil","item":"https:\/\/eveilintime.fr\/"},{"@type":"ListItem","position":2,"name":"Boutique","item":"https:\/\/eveilintime.fr\/?page_id=8"},{"@type":"ListItem","position":3,"name":"ELIOT, Stimulateur de prostate USB, avec t\u00e9l\u00e9commande"}]},{"@type":"WebSite","@id":"https:\/\/eveilintime.fr\/#website","url":"https:\/\/eveilintime.fr\/","name":"\u00c9veilintime","description":"Parce que l&#039;intime m\u00e9rite l&#039;\u00e9l\u00e9gance","publisher":{"@id":"https:\/\/eveilintime.fr\/#organization"},"potentialAction":[{"@type":"SearchAction","target":{"@type":"EntryPoint","urlTemplate":"https:\/\/eveilintime.fr\/?s={search_term_string}"},"query-input":{"@type":"PropertyValueSpecification","valueRequired":true,"valueName":"search_term_string"}}],"inLanguage":"fr-FR"},{"@type":"Organization","@id":"https:\/\/eveilintime.fr\/#organization","name":"\u00c9veilintime","url":"https:\/\/eveilintime.fr\/","logo":{"@type":"ImageObject","inLanguage":"fr-FR","@id":"https:\/\/eveilintime.fr\/#\/schema\/logo\/image\/","url":"https:\/\/eveilintime.fr\/wp-content\/uploads\/2025\/09\/logo-Eveil-Intime.png","contentUrl":"https:\/\/eveilintime.fr\/wp-content\/uploads\/2025\/09\/logo-Eveil-Intime.png","width":417,"height":160,"caption":"\u00c9veilintime"},"image":{"@id":"https:\/\/eveilintime.fr\/#\/schema\/logo\/image\/"}}]}},"jetpack_sharing_enabled":true,"_links":{"self":[{"href":"https:\/\/eveilintime.fr\/index.php?rest_route=\/wp\/v2\/product\/1870","targetHints":{"allow":["GET"]}}],"collection":[{"href":"https:\/\/eveilintime.fr\/index.php?rest_route=\/wp\/v2\/product"}],"about":[{"href":"https:\/\/eveilintime.fr\/index.php?rest_route=\/wp\/v2\/types\/product"}],"replies":[{"embeddable":true,"href":"https:\/\/eveilintime.fr\/index.php?rest_route=%2Fwp%2Fv2%2Fcomments&post=1870"}],"version-history":[{"count":3,"href":"https:\/\/eveilintime.fr\/index.php?rest_route=\/wp\/v2\/product\/1870\/revisions"}],"predecessor-version":[{"id":1876,"href":"https:\/\/eveilintime.fr\/index.php?rest_route=\/wp\/v2\/product\/1870\/revisions\/1876"}],"wp:featuredmedia":[{"embeddable":true,"href":"https:\/\/eveilintime.fr\/index.php?rest_route=\/wp\/v2\/media\/1873"}],"wp:attachment":[{"href":"https:\/\/eveilintime.fr\/index.php?rest_route=%2Fwp%2Fv2%2Fmedia&parent=1870"}],"wp:term":[{"taxonomy":"product_brand","embeddable":true,"href":"https:\/\/eveilintime.fr\/index.php?rest_route=%2Fwp%2Fv2%2Fproduct_brand&post=1870"},{"taxonomy":"product_cat","embeddable":true,"href":"https:\/\/eveilintime.fr\/index.php?rest_route=%2Fwp%2Fv2%2Fproduct_cat&post=1870"},{"taxonomy":"product_tag","embeddable":true,"href":"https:\/\/eveilintime.fr\/index.php?rest_route=%2Fwp%2Fv2%2Fproduct_tag&post=1870"}],"curies":[{"name":"wp","href":"https:\/\/api.w.org\/{rel}","templated":true}]}}