{"id":1863,"date":"2025-10-23T00:34:47","date_gmt":"2025-10-23T00:34:47","guid":{"rendered":"https:\/\/eveilintime.fr\/?post_type=product&#038;p=1863"},"modified":"2025-10-23T00:34:47","modified_gmt":"2025-10-23T00:34:47","slug":"oscar-stimulateur-de-prostate-vibrant-avec-10-modes-de-vibration","status":"publish","type":"product","link":"https:\/\/eveilintime.fr\/?product=oscar-stimulateur-de-prostate-vibrant-avec-10-modes-de-vibration","title":{"rendered":"OSCAR, Stimulateur de prostate vibrant avec 10 modes de vibration"},"content":{"rendered":"<p><strong>OSCAR, Un Stimulateur de prostate<\/strong>\u00a0en silicone doux et lisse. Dot\u00e9 de 10 modes de vibration. Son\u00a0<strong>Mini bullet \u00e0 ins\u00e9rer<\/strong>\u00a0\u00e0 l\u2019int\u00e9rieur, vous apportera toute la puissance n\u00e9cessaire pour des sensations gradu\u00e9s, de doux \u00e0 intenses. Dispose d\u2019une partie\u00a0<strong>stimulation prostatique et d\u2019un cockring<\/strong>.<\/p>\n<p>&nbsp;<\/p>\n<p>Fonctionne avec 1pile AAA.<\/p>\n<p>R\u00e9alisez un appui court sur le bouton Power pour allumer et \u00e9teindre, puis changer vos mode de vibrations de votre sex toys.<\/p>\n<p>Silencieux avec moins de 50dB max.<\/p>\n<p>Dimensions : 150 x 28 mm tout compris<\/p>\n<p>Mati\u00e8res : Silicone et ABS &#8211; sans phtalates<\/p>\n<p>Poids 85 Gr &#8211;<\/p>\n","protected":false},"excerpt":{"rendered":"<p><strong>OSCAR, Stimulateur de prostatique<\/strong>\u00a0dans un silicone doux, dot\u00e9 d&rsquo;un\u00a0<strong>mini bullet avec 10 modes de vibration.<\/strong><\/p>\n<p>&nbsp;<\/p>\n<p style=\"text-align: center;\"><img decoding=\"async\" class=\"alignnone size-medium wp-image-1631 lazyload\" data-src=\"https:\/\/eveilintime.fr\/wp-content\/uploads\/2025\/10\/paiement-securise-garanti-1-300x76.png\" alt=\"\" width=\"300\" height=\"76\" data-srcset=\"https:\/\/eveilintime.fr\/wp-content\/uploads\/2025\/10\/paiement-securise-garanti-1-300x76.png 300w, https:\/\/eveilintime.fr\/wp-content\/uploads\/2025\/10\/paiement-securise-garanti-1.png 446w\" data-sizes=\"(max-width: 300px) 100vw, 300px\" src=\"data:image\/svg+xml;base64,PHN2ZyB3aWR0aD0iMSIgaGVpZ2h0PSIxIiB4bWxucz0iaHR0cDovL3d3dy53My5vcmcvMjAwMC9zdmciPjwvc3ZnPg==\" style=\"--smush-placeholder-width: 300px; --smush-placeholder-aspect-ratio: 300\/76;\" \/><\/p>\n","protected":false},"featured_media":1864,"comment_status":"open","ping_status":"closed","template":"","meta":[],"product_brand":[],"product_cat":[15],"product_tag":[],"class_list":{"0":"post-1863","1":"product","2":"type-product","3":"status-publish","4":"has-post-thumbnail","6":"product_cat-non-classe","8":"first","9":"instock","10":"taxable","11":"shipping-taxable","12":"purchasable","13":"product-type-simple"},"yoast_head":"<!-- This site is optimized with the Yoast SEO plugin v27.1.1 - https:\/\/yoast.com\/product\/yoast-seo-wordpress\/ -->\n<title>OSCAR, Stimulateur de prostate vibrant avec 10 modes de vibration - \u00c9veil Intime<\/title>\n<meta name=\"robots\" content=\"index, follow, max-snippet:-1, max-image-preview:large, max-video-preview:-1\" \/>\n<link rel=\"canonical\" href=\"https:\/\/eveilintime.fr\/?product=oscar-stimulateur-de-prostate-vibrant-avec-10-modes-de-vibration\" \/>\n<meta property=\"og:locale\" content=\"fr_FR\" \/>\n<meta property=\"og:type\" content=\"article\" \/>\n<meta property=\"og:title\" content=\"OSCAR, Stimulateur de prostate vibrant avec 10 modes de vibration - \u00c9veil Intime\" \/>\n<meta property=\"og:description\" content=\"OSCAR, Stimulateur de prostatique\u00a0dans un silicone doux, dot\u00e9 d&#039;un\u00a0mini bullet avec 10 modes de vibration.  &nbsp;\" \/>\n<meta property=\"og:url\" content=\"https:\/\/eveilintime.fr\/?product=oscar-stimulateur-de-prostate-vibrant-avec-10-modes-de-vibration\" \/>\n<meta property=\"og:site_name\" content=\"\u00c9veil Intime\" \/>\n<meta property=\"og:image\" content=\"https:\/\/eveilintime.fr\/wp-content\/uploads\/2025\/10\/oscar-stimulateur-de-prostate-vibrant-avec-10-modes-de-viobration-aop054blk-1.png\" \/>\n\t<meta property=\"og:image:width\" content=\"800\" \/>\n\t<meta property=\"og:image:height\" content=\"800\" \/>\n\t<meta property=\"og:image:type\" content=\"image\/png\" \/>\n<meta name=\"twitter:card\" content=\"summary_large_image\" \/>\n<meta name=\"twitter:label1\" content=\"Dur\u00e9e de lecture estim\u00e9e\" \/>\n\t<meta name=\"twitter:data1\" content=\"1 minute\" \/>\n<script type=\"application\/ld+json\" class=\"yoast-schema-graph\">{\"@context\":\"https:\/\/schema.org\",\"@graph\":[{\"@type\":\"WebPage\",\"@id\":\"https:\/\/eveilintime.fr\/?product=oscar-stimulateur-de-prostate-vibrant-avec-10-modes-de-vibration\",\"url\":\"https:\/\/eveilintime.fr\/?product=oscar-stimulateur-de-prostate-vibrant-avec-10-modes-de-vibration\",\"name\":\"OSCAR, Stimulateur de prostate vibrant avec 10 modes de vibration - \u00c9veil Intime\",\"isPartOf\":{\"@id\":\"https:\/\/eveilintime.fr\/#website\"},\"primaryImageOfPage\":{\"@id\":\"https:\/\/eveilintime.fr\/?product=oscar-stimulateur-de-prostate-vibrant-avec-10-modes-de-vibration#primaryimage\"},\"image\":{\"@id\":\"https:\/\/eveilintime.fr\/?product=oscar-stimulateur-de-prostate-vibrant-avec-10-modes-de-vibration#primaryimage\"},\"thumbnailUrl\":\"https:\/\/eveilintime.fr\/wp-content\/uploads\/2025\/10\/oscar-stimulateur-de-prostate-vibrant-avec-10-modes-de-viobration-aop054blk-1.png\",\"datePublished\":\"2025-10-23T00:34:47+00:00\",\"breadcrumb\":{\"@id\":\"https:\/\/eveilintime.fr\/?product=oscar-stimulateur-de-prostate-vibrant-avec-10-modes-de-vibration#breadcrumb\"},\"inLanguage\":\"fr-FR\",\"potentialAction\":[{\"@type\":\"ReadAction\",\"target\":[\"https:\/\/eveilintime.fr\/?product=oscar-stimulateur-de-prostate-vibrant-avec-10-modes-de-vibration\"]}]},{\"@type\":\"ImageObject\",\"inLanguage\":\"fr-FR\",\"@id\":\"https:\/\/eveilintime.fr\/?product=oscar-stimulateur-de-prostate-vibrant-avec-10-modes-de-vibration#primaryimage\",\"url\":\"https:\/\/eveilintime.fr\/wp-content\/uploads\/2025\/10\/oscar-stimulateur-de-prostate-vibrant-avec-10-modes-de-viobration-aop054blk-1.png\",\"contentUrl\":\"https:\/\/eveilintime.fr\/wp-content\/uploads\/2025\/10\/oscar-stimulateur-de-prostate-vibrant-avec-10-modes-de-viobration-aop054blk-1.png\",\"width\":800,\"height\":800},{\"@type\":\"BreadcrumbList\",\"@id\":\"https:\/\/eveilintime.fr\/?product=oscar-stimulateur-de-prostate-vibrant-avec-10-modes-de-vibration#breadcrumb\",\"itemListElement\":[{\"@type\":\"ListItem\",\"position\":1,\"name\":\"Accueil\",\"item\":\"https:\/\/eveilintime.fr\/\"},{\"@type\":\"ListItem\",\"position\":2,\"name\":\"Boutique\",\"item\":\"https:\/\/eveilintime.fr\/?page_id=8\"},{\"@type\":\"ListItem\",\"position\":3,\"name\":\"OSCAR, Stimulateur de prostate vibrant avec 10 modes de vibration\"}]},{\"@type\":\"WebSite\",\"@id\":\"https:\/\/eveilintime.fr\/#website\",\"url\":\"https:\/\/eveilintime.fr\/\",\"name\":\"\u00c9veilintime\",\"description\":\"Parce que l&#039;intime m\u00e9rite l&#039;\u00e9l\u00e9gance\",\"publisher\":{\"@id\":\"https:\/\/eveilintime.fr\/#organization\"},\"potentialAction\":[{\"@type\":\"SearchAction\",\"target\":{\"@type\":\"EntryPoint\",\"urlTemplate\":\"https:\/\/eveilintime.fr\/?s={search_term_string}\"},\"query-input\":{\"@type\":\"PropertyValueSpecification\",\"valueRequired\":true,\"valueName\":\"search_term_string\"}}],\"inLanguage\":\"fr-FR\"},{\"@type\":\"Organization\",\"@id\":\"https:\/\/eveilintime.fr\/#organization\",\"name\":\"\u00c9veilintime\",\"url\":\"https:\/\/eveilintime.fr\/\",\"logo\":{\"@type\":\"ImageObject\",\"inLanguage\":\"fr-FR\",\"@id\":\"https:\/\/eveilintime.fr\/#\/schema\/logo\/image\/\",\"url\":\"https:\/\/eveilintime.fr\/wp-content\/uploads\/2025\/09\/logo-Eveil-Intime.png\",\"contentUrl\":\"https:\/\/eveilintime.fr\/wp-content\/uploads\/2025\/09\/logo-Eveil-Intime.png\",\"width\":417,\"height\":160,\"caption\":\"\u00c9veilintime\"},\"image\":{\"@id\":\"https:\/\/eveilintime.fr\/#\/schema\/logo\/image\/\"}}]}<\/script>\n<!-- \/ Yoast SEO plugin. -->","yoast_head_json":{"title":"OSCAR, Stimulateur de prostate vibrant avec 10 modes de vibration - \u00c9veil Intime","robots":{"index":"index","follow":"follow","max-snippet":"max-snippet:-1","max-image-preview":"max-image-preview:large","max-video-preview":"max-video-preview:-1"},"canonical":"https:\/\/eveilintime.fr\/?product=oscar-stimulateur-de-prostate-vibrant-avec-10-modes-de-vibration","og_locale":"fr_FR","og_type":"article","og_title":"OSCAR, Stimulateur de prostate vibrant avec 10 modes de vibration - \u00c9veil Intime","og_description":"OSCAR, Stimulateur de prostatique\u00a0dans un silicone doux, dot\u00e9 d'un\u00a0mini bullet avec 10 modes de vibration.  &nbsp;","og_url":"https:\/\/eveilintime.fr\/?product=oscar-stimulateur-de-prostate-vibrant-avec-10-modes-de-vibration","og_site_name":"\u00c9veil Intime","og_image":[{"width":800,"height":800,"url":"https:\/\/eveilintime.fr\/wp-content\/uploads\/2025\/10\/oscar-stimulateur-de-prostate-vibrant-avec-10-modes-de-viobration-aop054blk-1.png","type":"image\/png"}],"twitter_card":"summary_large_image","twitter_misc":{"Dur\u00e9e de lecture estim\u00e9e":"1 minute"},"schema":{"@context":"https:\/\/schema.org","@graph":[{"@type":"WebPage","@id":"https:\/\/eveilintime.fr\/?product=oscar-stimulateur-de-prostate-vibrant-avec-10-modes-de-vibration","url":"https:\/\/eveilintime.fr\/?product=oscar-stimulateur-de-prostate-vibrant-avec-10-modes-de-vibration","name":"OSCAR, Stimulateur de prostate vibrant avec 10 modes de vibration - \u00c9veil Intime","isPartOf":{"@id":"https:\/\/eveilintime.fr\/#website"},"primaryImageOfPage":{"@id":"https:\/\/eveilintime.fr\/?product=oscar-stimulateur-de-prostate-vibrant-avec-10-modes-de-vibration#primaryimage"},"image":{"@id":"https:\/\/eveilintime.fr\/?product=oscar-stimulateur-de-prostate-vibrant-avec-10-modes-de-vibration#primaryimage"},"thumbnailUrl":"https:\/\/eveilintime.fr\/wp-content\/uploads\/2025\/10\/oscar-stimulateur-de-prostate-vibrant-avec-10-modes-de-viobration-aop054blk-1.png","datePublished":"2025-10-23T00:34:47+00:00","breadcrumb":{"@id":"https:\/\/eveilintime.fr\/?product=oscar-stimulateur-de-prostate-vibrant-avec-10-modes-de-vibration#breadcrumb"},"inLanguage":"fr-FR","potentialAction":[{"@type":"ReadAction","target":["https:\/\/eveilintime.fr\/?product=oscar-stimulateur-de-prostate-vibrant-avec-10-modes-de-vibration"]}]},{"@type":"ImageObject","inLanguage":"fr-FR","@id":"https:\/\/eveilintime.fr\/?product=oscar-stimulateur-de-prostate-vibrant-avec-10-modes-de-vibration#primaryimage","url":"https:\/\/eveilintime.fr\/wp-content\/uploads\/2025\/10\/oscar-stimulateur-de-prostate-vibrant-avec-10-modes-de-viobration-aop054blk-1.png","contentUrl":"https:\/\/eveilintime.fr\/wp-content\/uploads\/2025\/10\/oscar-stimulateur-de-prostate-vibrant-avec-10-modes-de-viobration-aop054blk-1.png","width":800,"height":800},{"@type":"BreadcrumbList","@id":"https:\/\/eveilintime.fr\/?product=oscar-stimulateur-de-prostate-vibrant-avec-10-modes-de-vibration#breadcrumb","itemListElement":[{"@type":"ListItem","position":1,"name":"Accueil","item":"https:\/\/eveilintime.fr\/"},{"@type":"ListItem","position":2,"name":"Boutique","item":"https:\/\/eveilintime.fr\/?page_id=8"},{"@type":"ListItem","position":3,"name":"OSCAR, Stimulateur de prostate vibrant avec 10 modes de vibration"}]},{"@type":"WebSite","@id":"https:\/\/eveilintime.fr\/#website","url":"https:\/\/eveilintime.fr\/","name":"\u00c9veilintime","description":"Parce que l&#039;intime m\u00e9rite l&#039;\u00e9l\u00e9gance","publisher":{"@id":"https:\/\/eveilintime.fr\/#organization"},"potentialAction":[{"@type":"SearchAction","target":{"@type":"EntryPoint","urlTemplate":"https:\/\/eveilintime.fr\/?s={search_term_string}"},"query-input":{"@type":"PropertyValueSpecification","valueRequired":true,"valueName":"search_term_string"}}],"inLanguage":"fr-FR"},{"@type":"Organization","@id":"https:\/\/eveilintime.fr\/#organization","name":"\u00c9veilintime","url":"https:\/\/eveilintime.fr\/","logo":{"@type":"ImageObject","inLanguage":"fr-FR","@id":"https:\/\/eveilintime.fr\/#\/schema\/logo\/image\/","url":"https:\/\/eveilintime.fr\/wp-content\/uploads\/2025\/09\/logo-Eveil-Intime.png","contentUrl":"https:\/\/eveilintime.fr\/wp-content\/uploads\/2025\/09\/logo-Eveil-Intime.png","width":417,"height":160,"caption":"\u00c9veilintime"},"image":{"@id":"https:\/\/eveilintime.fr\/#\/schema\/logo\/image\/"}}]}},"jetpack_sharing_enabled":true,"_links":{"self":[{"href":"https:\/\/eveilintime.fr\/index.php?rest_route=\/wp\/v2\/product\/1863","targetHints":{"allow":["GET"]}}],"collection":[{"href":"https:\/\/eveilintime.fr\/index.php?rest_route=\/wp\/v2\/product"}],"about":[{"href":"https:\/\/eveilintime.fr\/index.php?rest_route=\/wp\/v2\/types\/product"}],"replies":[{"embeddable":true,"href":"https:\/\/eveilintime.fr\/index.php?rest_route=%2Fwp%2Fv2%2Fcomments&post=1863"}],"version-history":[{"count":1,"href":"https:\/\/eveilintime.fr\/index.php?rest_route=\/wp\/v2\/product\/1863\/revisions"}],"predecessor-version":[{"id":1867,"href":"https:\/\/eveilintime.fr\/index.php?rest_route=\/wp\/v2\/product\/1863\/revisions\/1867"}],"wp:featuredmedia":[{"embeddable":true,"href":"https:\/\/eveilintime.fr\/index.php?rest_route=\/wp\/v2\/media\/1864"}],"wp:attachment":[{"href":"https:\/\/eveilintime.fr\/index.php?rest_route=%2Fwp%2Fv2%2Fmedia&parent=1863"}],"wp:term":[{"taxonomy":"product_brand","embeddable":true,"href":"https:\/\/eveilintime.fr\/index.php?rest_route=%2Fwp%2Fv2%2Fproduct_brand&post=1863"},{"taxonomy":"product_cat","embeddable":true,"href":"https:\/\/eveilintime.fr\/index.php?rest_route=%2Fwp%2Fv2%2Fproduct_cat&post=1863"},{"taxonomy":"product_tag","embeddable":true,"href":"https:\/\/eveilintime.fr\/index.php?rest_route=%2Fwp%2Fv2%2Fproduct_tag&post=1863"}],"curies":[{"name":"wp","href":"https:\/\/api.w.org\/{rel}","templated":true}]}}