{"id":1858,"date":"2025-10-20T22:54:26","date_gmt":"2025-10-20T22:54:26","guid":{"rendered":"https:\/\/eveilintime.fr\/?post_type=product&#038;p=1858"},"modified":"2025-10-23T00:33:54","modified_gmt":"2025-10-23T00:33:54","slug":"gaston-stimulateur-prostatique-dans-un-silicone-doux-et-lisse","status":"publish","type":"product","link":"https:\/\/eveilintime.fr\/?product=gaston-stimulateur-prostatique-dans-un-silicone-doux-et-lisse","title":{"rendered":"GASTON, Stimulateur Prostatique dans un silicone doux et lisse"},"content":{"rendered":"<p><strong>GASTON, un Stimulateur de prostate en silicone<\/strong>. Il est compos\u00e9 d\u2019une partie\u00a0<strong>stimulation de prostate<\/strong>\u00a0et d\u2019un cockring.<\/p>\n<p>&nbsp;<\/p>\n<p>Dimensions : 150 x 28 mm tout compris<\/p>\n<p>Mati\u00e8res : Silicone et ABS &#8211; sans phtalates<\/p>\n<p>Poids 60 Gr &#8211;<\/p>\n","protected":false},"excerpt":{"rendered":"<p><strong>GASTON, Stimulateur Prostatique<\/strong>\u00a0dans un\u00a0<strong>silicone<\/strong>\u00a0doux et lisse avec sa partie\u00a0<strong>plug \u00e0 ins\u00e9rer<\/strong> et son cockring.<\/p>\n<p>&nbsp;<\/p>\n<p style=\"text-align: center;\"><img decoding=\"async\" class=\"alignnone size-medium wp-image-1631 lazyload\" data-src=\"https:\/\/eveilintime.fr\/wp-content\/uploads\/2025\/10\/paiement-securise-garanti-1-300x76.png\" alt=\"\" width=\"300\" height=\"76\" data-srcset=\"https:\/\/eveilintime.fr\/wp-content\/uploads\/2025\/10\/paiement-securise-garanti-1-300x76.png 300w, https:\/\/eveilintime.fr\/wp-content\/uploads\/2025\/10\/paiement-securise-garanti-1.png 446w\" data-sizes=\"(max-width: 300px) 100vw, 300px\" src=\"data:image\/svg+xml;base64,PHN2ZyB3aWR0aD0iMSIgaGVpZ2h0PSIxIiB4bWxucz0iaHR0cDovL3d3dy53My5vcmcvMjAwMC9zdmciPjwvc3ZnPg==\" style=\"--smush-placeholder-width: 300px; --smush-placeholder-aspect-ratio: 300\/76;\" \/><\/p>\n<p>&nbsp;<\/p>\n","protected":false},"featured_media":1861,"comment_status":"open","ping_status":"closed","template":"","meta":[],"product_brand":[24],"product_cat":[169],"product_tag":[170,26],"class_list":{"0":"post-1858","1":"product","2":"type-product","3":"status-publish","4":"has-post-thumbnail","6":"product_brand-coeur-ardent","7":"product_cat-stimulateur-prostate","8":"product_tag-prostatique","9":"product_tag-stimulateur","11":"first","12":"instock","13":"taxable","14":"shipping-taxable","15":"purchasable","16":"product-type-simple"},"yoast_head":"<!-- This site is optimized with the Yoast SEO plugin v27.1.1 - https:\/\/yoast.com\/product\/yoast-seo-wordpress\/ -->\n<title>GASTON, Stimulateur Prostatique dans un silicone doux et lisse - \u00c9veil Intime<\/title>\n<meta name=\"robots\" content=\"index, follow, max-snippet:-1, max-image-preview:large, max-video-preview:-1\" \/>\n<link rel=\"canonical\" href=\"https:\/\/eveilintime.fr\/?product=gaston-stimulateur-prostatique-dans-un-silicone-doux-et-lisse\" \/>\n<meta property=\"og:locale\" content=\"fr_FR\" \/>\n<meta property=\"og:type\" content=\"article\" \/>\n<meta property=\"og:title\" content=\"GASTON, Stimulateur Prostatique dans un silicone doux et lisse - \u00c9veil Intime\" \/>\n<meta property=\"og:description\" content=\"GASTON, Stimulateur Prostatique\u00a0dans un\u00a0silicone\u00a0doux et lisse avec sa partie\u00a0plug \u00e0 ins\u00e9rer et son cockring.  &nbsp;  &nbsp;\" \/>\n<meta property=\"og:url\" content=\"https:\/\/eveilintime.fr\/?product=gaston-stimulateur-prostatique-dans-un-silicone-doux-et-lisse\" \/>\n<meta property=\"og:site_name\" content=\"\u00c9veil Intime\" \/>\n<meta property=\"article:modified_time\" content=\"2025-10-23T00:33:54+00:00\" \/>\n<meta property=\"og:image\" content=\"https:\/\/eveilintime.fr\/wp-content\/uploads\/2025\/10\/gaston-stimulateur-prostatique-dans-un-silicone-doux-et-lisse-pom014blk.png\" \/>\n\t<meta property=\"og:image:width\" content=\"800\" \/>\n\t<meta property=\"og:image:height\" content=\"800\" \/>\n\t<meta property=\"og:image:type\" content=\"image\/png\" \/>\n<meta name=\"twitter:card\" content=\"summary_large_image\" \/>\n<meta name=\"twitter:label1\" content=\"Dur\u00e9e de lecture estim\u00e9e\" \/>\n\t<meta name=\"twitter:data1\" content=\"1 minute\" \/>\n<script type=\"application\/ld+json\" class=\"yoast-schema-graph\">{\"@context\":\"https:\/\/schema.org\",\"@graph\":[{\"@type\":\"WebPage\",\"@id\":\"https:\/\/eveilintime.fr\/?product=gaston-stimulateur-prostatique-dans-un-silicone-doux-et-lisse\",\"url\":\"https:\/\/eveilintime.fr\/?product=gaston-stimulateur-prostatique-dans-un-silicone-doux-et-lisse\",\"name\":\"GASTON, Stimulateur Prostatique dans un silicone doux et lisse - \u00c9veil Intime\",\"isPartOf\":{\"@id\":\"https:\/\/eveilintime.fr\/#website\"},\"primaryImageOfPage\":{\"@id\":\"https:\/\/eveilintime.fr\/?product=gaston-stimulateur-prostatique-dans-un-silicone-doux-et-lisse#primaryimage\"},\"image\":{\"@id\":\"https:\/\/eveilintime.fr\/?product=gaston-stimulateur-prostatique-dans-un-silicone-doux-et-lisse#primaryimage\"},\"thumbnailUrl\":\"https:\/\/eveilintime.fr\/wp-content\/uploads\/2025\/10\/gaston-stimulateur-prostatique-dans-un-silicone-doux-et-lisse-pom014blk.png\",\"datePublished\":\"2025-10-20T22:54:26+00:00\",\"dateModified\":\"2025-10-23T00:33:54+00:00\",\"breadcrumb\":{\"@id\":\"https:\/\/eveilintime.fr\/?product=gaston-stimulateur-prostatique-dans-un-silicone-doux-et-lisse#breadcrumb\"},\"inLanguage\":\"fr-FR\",\"potentialAction\":[{\"@type\":\"ReadAction\",\"target\":[\"https:\/\/eveilintime.fr\/?product=gaston-stimulateur-prostatique-dans-un-silicone-doux-et-lisse\"]}]},{\"@type\":\"ImageObject\",\"inLanguage\":\"fr-FR\",\"@id\":\"https:\/\/eveilintime.fr\/?product=gaston-stimulateur-prostatique-dans-un-silicone-doux-et-lisse#primaryimage\",\"url\":\"https:\/\/eveilintime.fr\/wp-content\/uploads\/2025\/10\/gaston-stimulateur-prostatique-dans-un-silicone-doux-et-lisse-pom014blk.png\",\"contentUrl\":\"https:\/\/eveilintime.fr\/wp-content\/uploads\/2025\/10\/gaston-stimulateur-prostatique-dans-un-silicone-doux-et-lisse-pom014blk.png\",\"width\":800,\"height\":800},{\"@type\":\"BreadcrumbList\",\"@id\":\"https:\/\/eveilintime.fr\/?product=gaston-stimulateur-prostatique-dans-un-silicone-doux-et-lisse#breadcrumb\",\"itemListElement\":[{\"@type\":\"ListItem\",\"position\":1,\"name\":\"Accueil\",\"item\":\"https:\/\/eveilintime.fr\/\"},{\"@type\":\"ListItem\",\"position\":2,\"name\":\"Boutique\",\"item\":\"https:\/\/eveilintime.fr\/?page_id=8\"},{\"@type\":\"ListItem\",\"position\":3,\"name\":\"GASTON, Stimulateur Prostatique dans un silicone doux et lisse\"}]},{\"@type\":\"WebSite\",\"@id\":\"https:\/\/eveilintime.fr\/#website\",\"url\":\"https:\/\/eveilintime.fr\/\",\"name\":\"\u00c9veilintime\",\"description\":\"Parce que l&#039;intime m\u00e9rite l&#039;\u00e9l\u00e9gance\",\"publisher\":{\"@id\":\"https:\/\/eveilintime.fr\/#organization\"},\"potentialAction\":[{\"@type\":\"SearchAction\",\"target\":{\"@type\":\"EntryPoint\",\"urlTemplate\":\"https:\/\/eveilintime.fr\/?s={search_term_string}\"},\"query-input\":{\"@type\":\"PropertyValueSpecification\",\"valueRequired\":true,\"valueName\":\"search_term_string\"}}],\"inLanguage\":\"fr-FR\"},{\"@type\":\"Organization\",\"@id\":\"https:\/\/eveilintime.fr\/#organization\",\"name\":\"\u00c9veilintime\",\"url\":\"https:\/\/eveilintime.fr\/\",\"logo\":{\"@type\":\"ImageObject\",\"inLanguage\":\"fr-FR\",\"@id\":\"https:\/\/eveilintime.fr\/#\/schema\/logo\/image\/\",\"url\":\"https:\/\/eveilintime.fr\/wp-content\/uploads\/2025\/09\/logo-Eveil-Intime.png\",\"contentUrl\":\"https:\/\/eveilintime.fr\/wp-content\/uploads\/2025\/09\/logo-Eveil-Intime.png\",\"width\":417,\"height\":160,\"caption\":\"\u00c9veilintime\"},\"image\":{\"@id\":\"https:\/\/eveilintime.fr\/#\/schema\/logo\/image\/\"}}]}<\/script>\n<!-- \/ Yoast SEO plugin. -->","yoast_head_json":{"title":"GASTON, Stimulateur Prostatique dans un silicone doux et lisse - \u00c9veil Intime","robots":{"index":"index","follow":"follow","max-snippet":"max-snippet:-1","max-image-preview":"max-image-preview:large","max-video-preview":"max-video-preview:-1"},"canonical":"https:\/\/eveilintime.fr\/?product=gaston-stimulateur-prostatique-dans-un-silicone-doux-et-lisse","og_locale":"fr_FR","og_type":"article","og_title":"GASTON, Stimulateur Prostatique dans un silicone doux et lisse - \u00c9veil Intime","og_description":"GASTON, Stimulateur Prostatique\u00a0dans un\u00a0silicone\u00a0doux et lisse avec sa partie\u00a0plug \u00e0 ins\u00e9rer et son cockring.  &nbsp;  &nbsp;","og_url":"https:\/\/eveilintime.fr\/?product=gaston-stimulateur-prostatique-dans-un-silicone-doux-et-lisse","og_site_name":"\u00c9veil Intime","article_modified_time":"2025-10-23T00:33:54+00:00","og_image":[{"width":800,"height":800,"url":"https:\/\/eveilintime.fr\/wp-content\/uploads\/2025\/10\/gaston-stimulateur-prostatique-dans-un-silicone-doux-et-lisse-pom014blk.png","type":"image\/png"}],"twitter_card":"summary_large_image","twitter_misc":{"Dur\u00e9e de lecture estim\u00e9e":"1 minute"},"schema":{"@context":"https:\/\/schema.org","@graph":[{"@type":"WebPage","@id":"https:\/\/eveilintime.fr\/?product=gaston-stimulateur-prostatique-dans-un-silicone-doux-et-lisse","url":"https:\/\/eveilintime.fr\/?product=gaston-stimulateur-prostatique-dans-un-silicone-doux-et-lisse","name":"GASTON, Stimulateur Prostatique dans un silicone doux et lisse - \u00c9veil Intime","isPartOf":{"@id":"https:\/\/eveilintime.fr\/#website"},"primaryImageOfPage":{"@id":"https:\/\/eveilintime.fr\/?product=gaston-stimulateur-prostatique-dans-un-silicone-doux-et-lisse#primaryimage"},"image":{"@id":"https:\/\/eveilintime.fr\/?product=gaston-stimulateur-prostatique-dans-un-silicone-doux-et-lisse#primaryimage"},"thumbnailUrl":"https:\/\/eveilintime.fr\/wp-content\/uploads\/2025\/10\/gaston-stimulateur-prostatique-dans-un-silicone-doux-et-lisse-pom014blk.png","datePublished":"2025-10-20T22:54:26+00:00","dateModified":"2025-10-23T00:33:54+00:00","breadcrumb":{"@id":"https:\/\/eveilintime.fr\/?product=gaston-stimulateur-prostatique-dans-un-silicone-doux-et-lisse#breadcrumb"},"inLanguage":"fr-FR","potentialAction":[{"@type":"ReadAction","target":["https:\/\/eveilintime.fr\/?product=gaston-stimulateur-prostatique-dans-un-silicone-doux-et-lisse"]}]},{"@type":"ImageObject","inLanguage":"fr-FR","@id":"https:\/\/eveilintime.fr\/?product=gaston-stimulateur-prostatique-dans-un-silicone-doux-et-lisse#primaryimage","url":"https:\/\/eveilintime.fr\/wp-content\/uploads\/2025\/10\/gaston-stimulateur-prostatique-dans-un-silicone-doux-et-lisse-pom014blk.png","contentUrl":"https:\/\/eveilintime.fr\/wp-content\/uploads\/2025\/10\/gaston-stimulateur-prostatique-dans-un-silicone-doux-et-lisse-pom014blk.png","width":800,"height":800},{"@type":"BreadcrumbList","@id":"https:\/\/eveilintime.fr\/?product=gaston-stimulateur-prostatique-dans-un-silicone-doux-et-lisse#breadcrumb","itemListElement":[{"@type":"ListItem","position":1,"name":"Accueil","item":"https:\/\/eveilintime.fr\/"},{"@type":"ListItem","position":2,"name":"Boutique","item":"https:\/\/eveilintime.fr\/?page_id=8"},{"@type":"ListItem","position":3,"name":"GASTON, Stimulateur Prostatique dans un silicone doux et lisse"}]},{"@type":"WebSite","@id":"https:\/\/eveilintime.fr\/#website","url":"https:\/\/eveilintime.fr\/","name":"\u00c9veilintime","description":"Parce que l&#039;intime m\u00e9rite l&#039;\u00e9l\u00e9gance","publisher":{"@id":"https:\/\/eveilintime.fr\/#organization"},"potentialAction":[{"@type":"SearchAction","target":{"@type":"EntryPoint","urlTemplate":"https:\/\/eveilintime.fr\/?s={search_term_string}"},"query-input":{"@type":"PropertyValueSpecification","valueRequired":true,"valueName":"search_term_string"}}],"inLanguage":"fr-FR"},{"@type":"Organization","@id":"https:\/\/eveilintime.fr\/#organization","name":"\u00c9veilintime","url":"https:\/\/eveilintime.fr\/","logo":{"@type":"ImageObject","inLanguage":"fr-FR","@id":"https:\/\/eveilintime.fr\/#\/schema\/logo\/image\/","url":"https:\/\/eveilintime.fr\/wp-content\/uploads\/2025\/09\/logo-Eveil-Intime.png","contentUrl":"https:\/\/eveilintime.fr\/wp-content\/uploads\/2025\/09\/logo-Eveil-Intime.png","width":417,"height":160,"caption":"\u00c9veilintime"},"image":{"@id":"https:\/\/eveilintime.fr\/#\/schema\/logo\/image\/"}}]}},"jetpack_sharing_enabled":true,"_links":{"self":[{"href":"https:\/\/eveilintime.fr\/index.php?rest_route=\/wp\/v2\/product\/1858","targetHints":{"allow":["GET"]}}],"collection":[{"href":"https:\/\/eveilintime.fr\/index.php?rest_route=\/wp\/v2\/product"}],"about":[{"href":"https:\/\/eveilintime.fr\/index.php?rest_route=\/wp\/v2\/types\/product"}],"replies":[{"embeddable":true,"href":"https:\/\/eveilintime.fr\/index.php?rest_route=%2Fwp%2Fv2%2Fcomments&post=1858"}],"version-history":[{"count":1,"href":"https:\/\/eveilintime.fr\/index.php?rest_route=\/wp\/v2\/product\/1858\/revisions"}],"predecessor-version":[{"id":1862,"href":"https:\/\/eveilintime.fr\/index.php?rest_route=\/wp\/v2\/product\/1858\/revisions\/1862"}],"wp:featuredmedia":[{"embeddable":true,"href":"https:\/\/eveilintime.fr\/index.php?rest_route=\/wp\/v2\/media\/1861"}],"wp:attachment":[{"href":"https:\/\/eveilintime.fr\/index.php?rest_route=%2Fwp%2Fv2%2Fmedia&parent=1858"}],"wp:term":[{"taxonomy":"product_brand","embeddable":true,"href":"https:\/\/eveilintime.fr\/index.php?rest_route=%2Fwp%2Fv2%2Fproduct_brand&post=1858"},{"taxonomy":"product_cat","embeddable":true,"href":"https:\/\/eveilintime.fr\/index.php?rest_route=%2Fwp%2Fv2%2Fproduct_cat&post=1858"},{"taxonomy":"product_tag","embeddable":true,"href":"https:\/\/eveilintime.fr\/index.php?rest_route=%2Fwp%2Fv2%2Fproduct_tag&post=1858"}],"curies":[{"name":"wp","href":"https:\/\/api.w.org\/{rel}","templated":true}]}}