{"id":1770,"date":"2025-10-17T21:19:05","date_gmt":"2025-10-17T21:19:05","guid":{"rendered":"https:\/\/eveilintime.fr\/?post_type=product&#038;p=1770"},"modified":"2025-10-17T21:22:34","modified_gmt":"2025-10-17T21:22:34","slug":"collier-en-cuir-rouge-sm-avec-pendentif-cadenas-coeur-argente","status":"publish","type":"product","link":"https:\/\/eveilintime.fr\/?product=collier-en-cuir-rouge-sm-avec-pendentif-cadenas-coeur-argente","title":{"rendered":"Collier en cuir rouge ou noir SM avec pendentif cadenas coeur argent\u00e9"},"content":{"rendered":"<p>Pour vos jeux \u00e9rotiques, optez pour ce collier en cuir rouge ou noir. Un collier f\u00e9tichiste rouge avec un cadenas en forme de coeur sous forme de pendentif, une paire de cl\u00e9s est fournie<br \/>\nLongueur 34cm<br \/>\nHauteur 1.7cm<\/p>\n","protected":false},"excerpt":{"rendered":"<p>&nbsp;<\/p>\n<p><img decoding=\"async\" class=\"alignnone size-medium wp-image-1631 aligncenter lazyload\" data-src=\"https:\/\/eveilintime.fr\/wp-content\/uploads\/2025\/10\/paiement-securise-garanti-1-300x76.png\" alt=\"\" width=\"300\" height=\"76\" data-srcset=\"https:\/\/eveilintime.fr\/wp-content\/uploads\/2025\/10\/paiement-securise-garanti-1-300x76.png 300w, https:\/\/eveilintime.fr\/wp-content\/uploads\/2025\/10\/paiement-securise-garanti-1.png 446w\" data-sizes=\"(max-width: 300px) 100vw, 300px\" src=\"data:image\/svg+xml;base64,PHN2ZyB3aWR0aD0iMSIgaGVpZ2h0PSIxIiB4bWxucz0iaHR0cDovL3d3dy53My5vcmcvMjAwMC9zdmciPjwvc3ZnPg==\" style=\"--smush-placeholder-width: 300px; --smush-placeholder-aspect-ratio: 300\/76;\" \/><\/p>\n","protected":false},"featured_media":1773,"comment_status":"open","ping_status":"closed","template":"","meta":[],"product_brand":[154],"product_cat":[153],"product_tag":[158,155,157,156],"class_list":{"0":"post-1770","1":"product","2":"type-product","3":"status-publish","4":"has-post-thumbnail","6":"product_brand-bijoux-pour-toi","7":"product_cat-collier","8":"product_tag-cadenas","9":"product_tag-collier","10":"product_tag-pendentif","11":"product_tag-sm","13":"first","14":"instock","15":"taxable","16":"shipping-taxable","17":"purchasable","18":"product-type-variable"},"yoast_head":"<!-- This site is optimized with the Yoast SEO plugin v27.1.1 - https:\/\/yoast.com\/product\/yoast-seo-wordpress\/ -->\n<title>Collier en cuir rouge ou noir SM avec pendentif cadenas coeur argent\u00e9 - \u00c9veil Intime<\/title>\n<meta name=\"description\" content=\"Pour vos jeux \u00e9rotiques, optez pour ce collier en cuir rouge ou noir. Un collier f\u00e9tichiste avec un cadenas en forme de coeur sous forme de pendentif\" \/>\n<meta name=\"robots\" content=\"index, follow, max-snippet:-1, max-image-preview:large, max-video-preview:-1\" \/>\n<link rel=\"canonical\" href=\"https:\/\/eveilintime.fr\/?product=collier-en-cuir-rouge-sm-avec-pendentif-cadenas-coeur-argente\" \/>\n<meta property=\"og:locale\" content=\"fr_FR\" \/>\n<meta property=\"og:type\" content=\"article\" \/>\n<meta property=\"og:title\" content=\"Collier en cuir rouge ou noir SM avec pendentif cadenas coeur argent\u00e9 - \u00c9veil Intime\" \/>\n<meta property=\"og:description\" content=\"Pour vos jeux \u00e9rotiques, optez pour ce collier en cuir rouge ou noir. Un collier f\u00e9tichiste avec un cadenas en forme de coeur sous forme de pendentif\" \/>\n<meta property=\"og:url\" content=\"https:\/\/eveilintime.fr\/?product=collier-en-cuir-rouge-sm-avec-pendentif-cadenas-coeur-argente\" \/>\n<meta property=\"og:site_name\" content=\"\u00c9veil Intime\" \/>\n<meta property=\"article:modified_time\" content=\"2025-10-17T21:22:34+00:00\" \/>\n<meta property=\"og:image\" content=\"https:\/\/eveilintime.fr\/wp-content\/uploads\/2025\/10\/collier-en-cuir-rouge-sm-coeur-cadenas.jpg\" \/>\n\t<meta property=\"og:image:width\" content=\"492\" \/>\n\t<meta property=\"og:image:height\" content=\"653\" \/>\n\t<meta property=\"og:image:type\" content=\"image\/jpeg\" \/>\n<meta name=\"twitter:card\" content=\"summary_large_image\" \/>\n<meta name=\"twitter:label1\" content=\"Dur\u00e9e de lecture estim\u00e9e\" \/>\n\t<meta name=\"twitter:data1\" content=\"1 minute\" \/>\n<script type=\"application\/ld+json\" class=\"yoast-schema-graph\">{\"@context\":\"https:\/\/schema.org\",\"@graph\":[{\"@type\":\"WebPage\",\"@id\":\"https:\/\/eveilintime.fr\/?product=collier-en-cuir-rouge-sm-avec-pendentif-cadenas-coeur-argente\",\"url\":\"https:\/\/eveilintime.fr\/?product=collier-en-cuir-rouge-sm-avec-pendentif-cadenas-coeur-argente\",\"name\":\"Collier en cuir rouge ou noir SM avec pendentif cadenas coeur argent\u00e9 - \u00c9veil Intime\",\"isPartOf\":{\"@id\":\"https:\/\/eveilintime.fr\/#website\"},\"primaryImageOfPage\":{\"@id\":\"https:\/\/eveilintime.fr\/?product=collier-en-cuir-rouge-sm-avec-pendentif-cadenas-coeur-argente#primaryimage\"},\"image\":{\"@id\":\"https:\/\/eveilintime.fr\/?product=collier-en-cuir-rouge-sm-avec-pendentif-cadenas-coeur-argente#primaryimage\"},\"thumbnailUrl\":\"https:\/\/eveilintime.fr\/wp-content\/uploads\/2025\/10\/collier-en-cuir-rouge-sm-coeur-cadenas.jpg\",\"datePublished\":\"2025-10-17T21:19:05+00:00\",\"dateModified\":\"2025-10-17T21:22:34+00:00\",\"description\":\"Pour vos jeux \u00e9rotiques, optez pour ce collier en cuir rouge ou noir. Un collier f\u00e9tichiste avec un cadenas en forme de coeur sous forme de pendentif\",\"breadcrumb\":{\"@id\":\"https:\/\/eveilintime.fr\/?product=collier-en-cuir-rouge-sm-avec-pendentif-cadenas-coeur-argente#breadcrumb\"},\"inLanguage\":\"fr-FR\",\"potentialAction\":[{\"@type\":\"ReadAction\",\"target\":[\"https:\/\/eveilintime.fr\/?product=collier-en-cuir-rouge-sm-avec-pendentif-cadenas-coeur-argente\"]}]},{\"@type\":\"ImageObject\",\"inLanguage\":\"fr-FR\",\"@id\":\"https:\/\/eveilintime.fr\/?product=collier-en-cuir-rouge-sm-avec-pendentif-cadenas-coeur-argente#primaryimage\",\"url\":\"https:\/\/eveilintime.fr\/wp-content\/uploads\/2025\/10\/collier-en-cuir-rouge-sm-coeur-cadenas.jpg\",\"contentUrl\":\"https:\/\/eveilintime.fr\/wp-content\/uploads\/2025\/10\/collier-en-cuir-rouge-sm-coeur-cadenas.jpg\",\"width\":492,\"height\":653},{\"@type\":\"BreadcrumbList\",\"@id\":\"https:\/\/eveilintime.fr\/?product=collier-en-cuir-rouge-sm-avec-pendentif-cadenas-coeur-argente#breadcrumb\",\"itemListElement\":[{\"@type\":\"ListItem\",\"position\":1,\"name\":\"Accueil\",\"item\":\"https:\/\/eveilintime.fr\/\"},{\"@type\":\"ListItem\",\"position\":2,\"name\":\"Boutique\",\"item\":\"https:\/\/eveilintime.fr\/?page_id=8\"},{\"@type\":\"ListItem\",\"position\":3,\"name\":\"Collier en cuir rouge ou noir SM avec pendentif cadenas coeur argent\u00e9\"}]},{\"@type\":\"WebSite\",\"@id\":\"https:\/\/eveilintime.fr\/#website\",\"url\":\"https:\/\/eveilintime.fr\/\",\"name\":\"\u00c9veilintime\",\"description\":\"Parce que l&#039;intime m\u00e9rite l&#039;\u00e9l\u00e9gance\",\"publisher\":{\"@id\":\"https:\/\/eveilintime.fr\/#organization\"},\"potentialAction\":[{\"@type\":\"SearchAction\",\"target\":{\"@type\":\"EntryPoint\",\"urlTemplate\":\"https:\/\/eveilintime.fr\/?s={search_term_string}\"},\"query-input\":{\"@type\":\"PropertyValueSpecification\",\"valueRequired\":true,\"valueName\":\"search_term_string\"}}],\"inLanguage\":\"fr-FR\"},{\"@type\":\"Organization\",\"@id\":\"https:\/\/eveilintime.fr\/#organization\",\"name\":\"\u00c9veilintime\",\"url\":\"https:\/\/eveilintime.fr\/\",\"logo\":{\"@type\":\"ImageObject\",\"inLanguage\":\"fr-FR\",\"@id\":\"https:\/\/eveilintime.fr\/#\/schema\/logo\/image\/\",\"url\":\"https:\/\/eveilintime.fr\/wp-content\/uploads\/2025\/09\/logo-Eveil-Intime.png\",\"contentUrl\":\"https:\/\/eveilintime.fr\/wp-content\/uploads\/2025\/09\/logo-Eveil-Intime.png\",\"width\":417,\"height\":160,\"caption\":\"\u00c9veilintime\"},\"image\":{\"@id\":\"https:\/\/eveilintime.fr\/#\/schema\/logo\/image\/\"}}]}<\/script>\n<!-- \/ Yoast SEO plugin. -->","yoast_head_json":{"title":"Collier en cuir rouge ou noir SM avec pendentif cadenas coeur argent\u00e9 - \u00c9veil Intime","description":"Pour vos jeux \u00e9rotiques, optez pour ce collier en cuir rouge ou noir. Un collier f\u00e9tichiste avec un cadenas en forme de coeur sous forme de pendentif","robots":{"index":"index","follow":"follow","max-snippet":"max-snippet:-1","max-image-preview":"max-image-preview:large","max-video-preview":"max-video-preview:-1"},"canonical":"https:\/\/eveilintime.fr\/?product=collier-en-cuir-rouge-sm-avec-pendentif-cadenas-coeur-argente","og_locale":"fr_FR","og_type":"article","og_title":"Collier en cuir rouge ou noir SM avec pendentif cadenas coeur argent\u00e9 - \u00c9veil Intime","og_description":"Pour vos jeux \u00e9rotiques, optez pour ce collier en cuir rouge ou noir. Un collier f\u00e9tichiste avec un cadenas en forme de coeur sous forme de pendentif","og_url":"https:\/\/eveilintime.fr\/?product=collier-en-cuir-rouge-sm-avec-pendentif-cadenas-coeur-argente","og_site_name":"\u00c9veil Intime","article_modified_time":"2025-10-17T21:22:34+00:00","og_image":[{"width":492,"height":653,"url":"https:\/\/eveilintime.fr\/wp-content\/uploads\/2025\/10\/collier-en-cuir-rouge-sm-coeur-cadenas.jpg","type":"image\/jpeg"}],"twitter_card":"summary_large_image","twitter_misc":{"Dur\u00e9e de lecture estim\u00e9e":"1 minute"},"schema":{"@context":"https:\/\/schema.org","@graph":[{"@type":"WebPage","@id":"https:\/\/eveilintime.fr\/?product=collier-en-cuir-rouge-sm-avec-pendentif-cadenas-coeur-argente","url":"https:\/\/eveilintime.fr\/?product=collier-en-cuir-rouge-sm-avec-pendentif-cadenas-coeur-argente","name":"Collier en cuir rouge ou noir SM avec pendentif cadenas coeur argent\u00e9 - \u00c9veil Intime","isPartOf":{"@id":"https:\/\/eveilintime.fr\/#website"},"primaryImageOfPage":{"@id":"https:\/\/eveilintime.fr\/?product=collier-en-cuir-rouge-sm-avec-pendentif-cadenas-coeur-argente#primaryimage"},"image":{"@id":"https:\/\/eveilintime.fr\/?product=collier-en-cuir-rouge-sm-avec-pendentif-cadenas-coeur-argente#primaryimage"},"thumbnailUrl":"https:\/\/eveilintime.fr\/wp-content\/uploads\/2025\/10\/collier-en-cuir-rouge-sm-coeur-cadenas.jpg","datePublished":"2025-10-17T21:19:05+00:00","dateModified":"2025-10-17T21:22:34+00:00","description":"Pour vos jeux \u00e9rotiques, optez pour ce collier en cuir rouge ou noir. Un collier f\u00e9tichiste avec un cadenas en forme de coeur sous forme de pendentif","breadcrumb":{"@id":"https:\/\/eveilintime.fr\/?product=collier-en-cuir-rouge-sm-avec-pendentif-cadenas-coeur-argente#breadcrumb"},"inLanguage":"fr-FR","potentialAction":[{"@type":"ReadAction","target":["https:\/\/eveilintime.fr\/?product=collier-en-cuir-rouge-sm-avec-pendentif-cadenas-coeur-argente"]}]},{"@type":"ImageObject","inLanguage":"fr-FR","@id":"https:\/\/eveilintime.fr\/?product=collier-en-cuir-rouge-sm-avec-pendentif-cadenas-coeur-argente#primaryimage","url":"https:\/\/eveilintime.fr\/wp-content\/uploads\/2025\/10\/collier-en-cuir-rouge-sm-coeur-cadenas.jpg","contentUrl":"https:\/\/eveilintime.fr\/wp-content\/uploads\/2025\/10\/collier-en-cuir-rouge-sm-coeur-cadenas.jpg","width":492,"height":653},{"@type":"BreadcrumbList","@id":"https:\/\/eveilintime.fr\/?product=collier-en-cuir-rouge-sm-avec-pendentif-cadenas-coeur-argente#breadcrumb","itemListElement":[{"@type":"ListItem","position":1,"name":"Accueil","item":"https:\/\/eveilintime.fr\/"},{"@type":"ListItem","position":2,"name":"Boutique","item":"https:\/\/eveilintime.fr\/?page_id=8"},{"@type":"ListItem","position":3,"name":"Collier en cuir rouge ou noir SM avec pendentif cadenas coeur argent\u00e9"}]},{"@type":"WebSite","@id":"https:\/\/eveilintime.fr\/#website","url":"https:\/\/eveilintime.fr\/","name":"\u00c9veilintime","description":"Parce que l&#039;intime m\u00e9rite l&#039;\u00e9l\u00e9gance","publisher":{"@id":"https:\/\/eveilintime.fr\/#organization"},"potentialAction":[{"@type":"SearchAction","target":{"@type":"EntryPoint","urlTemplate":"https:\/\/eveilintime.fr\/?s={search_term_string}"},"query-input":{"@type":"PropertyValueSpecification","valueRequired":true,"valueName":"search_term_string"}}],"inLanguage":"fr-FR"},{"@type":"Organization","@id":"https:\/\/eveilintime.fr\/#organization","name":"\u00c9veilintime","url":"https:\/\/eveilintime.fr\/","logo":{"@type":"ImageObject","inLanguage":"fr-FR","@id":"https:\/\/eveilintime.fr\/#\/schema\/logo\/image\/","url":"https:\/\/eveilintime.fr\/wp-content\/uploads\/2025\/09\/logo-Eveil-Intime.png","contentUrl":"https:\/\/eveilintime.fr\/wp-content\/uploads\/2025\/09\/logo-Eveil-Intime.png","width":417,"height":160,"caption":"\u00c9veilintime"},"image":{"@id":"https:\/\/eveilintime.fr\/#\/schema\/logo\/image\/"}}]}},"jetpack_sharing_enabled":true,"_links":{"self":[{"href":"https:\/\/eveilintime.fr\/index.php?rest_route=\/wp\/v2\/product\/1770","targetHints":{"allow":["GET"]}}],"collection":[{"href":"https:\/\/eveilintime.fr\/index.php?rest_route=\/wp\/v2\/product"}],"about":[{"href":"https:\/\/eveilintime.fr\/index.php?rest_route=\/wp\/v2\/types\/product"}],"replies":[{"embeddable":true,"href":"https:\/\/eveilintime.fr\/index.php?rest_route=%2Fwp%2Fv2%2Fcomments&post=1770"}],"version-history":[{"count":3,"href":"https:\/\/eveilintime.fr\/index.php?rest_route=\/wp\/v2\/product\/1770\/revisions"}],"predecessor-version":[{"id":1779,"href":"https:\/\/eveilintime.fr\/index.php?rest_route=\/wp\/v2\/product\/1770\/revisions\/1779"}],"wp:featuredmedia":[{"embeddable":true,"href":"https:\/\/eveilintime.fr\/index.php?rest_route=\/wp\/v2\/media\/1773"}],"wp:attachment":[{"href":"https:\/\/eveilintime.fr\/index.php?rest_route=%2Fwp%2Fv2%2Fmedia&parent=1770"}],"wp:term":[{"taxonomy":"product_brand","embeddable":true,"href":"https:\/\/eveilintime.fr\/index.php?rest_route=%2Fwp%2Fv2%2Fproduct_brand&post=1770"},{"taxonomy":"product_cat","embeddable":true,"href":"https:\/\/eveilintime.fr\/index.php?rest_route=%2Fwp%2Fv2%2Fproduct_cat&post=1770"},{"taxonomy":"product_tag","embeddable":true,"href":"https:\/\/eveilintime.fr\/index.php?rest_route=%2Fwp%2Fv2%2Fproduct_tag&post=1770"}],"curies":[{"name":"wp","href":"https:\/\/api.w.org\/{rel}","templated":true}]}}