{"id":1639,"date":"2025-10-14T20:52:30","date_gmt":"2025-10-14T20:52:30","guid":{"rendered":"https:\/\/eveilintime.fr\/?post_type=product&#038;p=1639"},"modified":"2025-10-14T20:52:30","modified_gmt":"2025-10-14T20:52:30","slug":"huile-de-massage-chauffante-250-ml-satisfyer","status":"publish","type":"product","link":"https:\/\/eveilintime.fr\/?product=huile-de-massage-chauffante-250-ml-satisfyer","title":{"rendered":"Huile de massage chauffante 250 ml Satisfyer"},"content":{"rendered":"<p>L\u2019<strong>huile de massage Satisfyer Warming 250 ml<\/strong>\u00a0associe chaleur et douceur pour offrir des instants de d\u00e9tente intimes et r\u00e9confortants. Son\u00a0<strong>effet chauffant progressif<\/strong>\u00a0stimule les sens, intensifie chaque caresse et cr\u00e9e une atmosph\u00e8re \u00e0 la fois sensuelle et apaisante.<\/p>\n<p>Sa formule riche en\u00a0<strong>huiles v\u00e9g\u00e9tales de qualit\u00e9<\/strong>\u00a0(tournesol, soja et jojoba) nourrit, hydrate et assouplit la peau. Sa\u00a0<strong>texture fluide et soyeuse<\/strong>\u00a0glisse parfaitement sans laisser de r\u00e9sidus gras, tout en laissant la peau douce et velout\u00e9e. Sans parfum, elle convient particuli\u00e8rement aux\u00a0<strong>peaux sensibles<\/strong>\u00a0ou aux utilisateurs pr\u00e9f\u00e9rant des soins neutres.<\/p>\n<p>Id\u00e9ale pour des\u00a0<strong>massages relaxants \u00e0 deux<\/strong>\u00a0comme pour un\u00a0<strong>rituel bien-\u00eatre personnel<\/strong>, cette huile combine plaisir sensoriel et soin naturel.<\/p>\n<p><strong>Atouts de l\u2019huile de massage Warming :<\/strong><\/p>\n<ul>\n<li>Effet chauffant doux et progressif qui stimule et d\u00e9tend<\/li>\n<li>Formule nourrissante \u00e0 base d\u2019huiles naturelles (tournesol, soja, jojoba)<\/li>\n<li>Texture soyeuse, non collante et agr\u00e9able au toucher<\/li>\n<li>Sans parfum, adapt\u00e9e aux peaux sensibles<\/li>\n<li>Laisse la peau douce, souple et satin\u00e9e<\/li>\n<li>Parfaite pour les massages relaxants et sensuels<\/li>\n<\/ul>\n<p><strong>Conseils d\u2019utilisation :<\/strong><\/p>\n<ul>\n<li>Appliquez une petite quantit\u00e9 dans vos mains ou directement sur la zone \u00e0 masser.<\/li>\n<li>Massez d\u00e9licatement pour activer l\u2019effet chauffant.<\/li>\n<li>Ajoutez du produit si n\u00e9cessaire pour prolonger le massage.<\/li>\n<\/ul>\n<p><strong>Ingr\u00e9dients (INCI) :<\/strong>\u00a0Helianthus Annuus Seed Oil, Glycine Soja Oil, Vanillyl Butyl Ether, Simmondsia Chinensis Seed Oil, Tocopherol.<\/p>\n<p><strong>Contenance :<\/strong>\u00a0Flacon 250 ml.<\/p>\n","protected":false},"excerpt":{"rendered":"<p>Huile de massage chauffante \u00e0 base d\u2019huiles naturelles, pour des instants sensuels, r\u00e9confortants et intimes, de votre distributeur Satisfyer cosm\u00e9tiques \u00e9rotiques.<\/p>\n<p>&nbsp;<\/p>\n<p style=\"text-align: center;\"><img decoding=\"async\" class=\"alignnone size-medium wp-image-1631 lazyload\" data-src=\"https:\/\/eveilintime.fr\/wp-content\/uploads\/2025\/10\/paiement-securise-garanti-1-300x76.png\" alt=\"\" width=\"300\" height=\"76\" data-srcset=\"https:\/\/eveilintime.fr\/wp-content\/uploads\/2025\/10\/paiement-securise-garanti-1-300x76.png 300w, https:\/\/eveilintime.fr\/wp-content\/uploads\/2025\/10\/paiement-securise-garanti-1.png 446w\" data-sizes=\"(max-width: 300px) 100vw, 300px\" src=\"data:image\/svg+xml;base64,PHN2ZyB3aWR0aD0iMSIgaGVpZ2h0PSIxIiB4bWxucz0iaHR0cDovL3d3dy53My5vcmcvMjAwMC9zdmciPjwvc3ZnPg==\" style=\"--smush-placeholder-width: 300px; --smush-placeholder-aspect-ratio: 300\/76;\" \/><\/p>\n","protected":false},"featured_media":1640,"comment_status":"open","ping_status":"closed","template":"","meta":[],"product_brand":[20],"product_cat":[62],"product_tag":[142,63,64],"class_list":{"0":"post-1639","1":"product","2":"type-product","3":"status-publish","4":"has-post-thumbnail","6":"product_brand-satisfyer","7":"product_cat-huile-de-massage","8":"product_tag-chauffante","9":"product_tag-huile","10":"product_tag-massage","12":"first","13":"instock","14":"taxable","15":"shipping-taxable","16":"purchasable","17":"product-type-simple"},"yoast_head":"<!-- This site is optimized with the Yoast SEO plugin v27.1.1 - https:\/\/yoast.com\/product\/yoast-seo-wordpress\/ -->\n<title>Huile de massage chauffante 250 ml Satisfyer - \u00c9veil Intime<\/title>\n<meta name=\"description\" content=\"Huile de massage chauffante \u00e0 base d\u2019huiles naturelles, pour des instants sensuels, r\u00e9confortants et intimes, de votre distributeur Satisfyer.\" \/>\n<meta name=\"robots\" content=\"index, follow, max-snippet:-1, max-image-preview:large, max-video-preview:-1\" \/>\n<link rel=\"canonical\" href=\"https:\/\/eveilintime.fr\/index.php\/produit\/huile-de-massage-chauffante-250-ml-satisfyer\/\" \/>\n<meta property=\"og:locale\" content=\"fr_FR\" \/>\n<meta property=\"og:type\" content=\"article\" \/>\n<meta property=\"og:title\" content=\"Huile de massage chauffante 250 ml Satisfyer - \u00c9veil Intime\" \/>\n<meta property=\"og:description\" content=\"Huile de massage chauffante \u00e0 base d\u2019huiles naturelles, pour des instants sensuels, r\u00e9confortants et intimes, de votre distributeur Satisfyer.\" \/>\n<meta property=\"og:url\" content=\"https:\/\/eveilintime.fr\/index.php\/produit\/huile-de-massage-chauffante-250-ml-satisfyer\/\" \/>\n<meta property=\"og:site_name\" content=\"\u00c9veil Intime\" \/>\n<meta property=\"og:image\" content=\"https:\/\/eveilintime.fr\/wp-content\/uploads\/2025\/10\/huile-de-massage-chauffante-250-ml-satisfyer-cc597058.png\" \/>\n\t<meta property=\"og:image:width\" content=\"800\" \/>\n\t<meta property=\"og:image:height\" content=\"800\" \/>\n\t<meta property=\"og:image:type\" content=\"image\/png\" \/>\n<meta name=\"twitter:card\" content=\"summary_large_image\" \/>\n<meta name=\"twitter:label1\" content=\"Dur\u00e9e de lecture estim\u00e9e\" \/>\n\t<meta name=\"twitter:data1\" content=\"2 minutes\" \/>\n<script type=\"application\/ld+json\" class=\"yoast-schema-graph\">{\"@context\":\"https:\/\/schema.org\",\"@graph\":[{\"@type\":\"WebPage\",\"@id\":\"https:\/\/eveilintime.fr\/index.php\/produit\/huile-de-massage-chauffante-250-ml-satisfyer\/\",\"url\":\"https:\/\/eveilintime.fr\/index.php\/produit\/huile-de-massage-chauffante-250-ml-satisfyer\/\",\"name\":\"Huile de massage chauffante 250 ml Satisfyer - \u00c9veil Intime\",\"isPartOf\":{\"@id\":\"https:\/\/eveilintime.fr\/#website\"},\"primaryImageOfPage\":{\"@id\":\"https:\/\/eveilintime.fr\/index.php\/produit\/huile-de-massage-chauffante-250-ml-satisfyer\/#primaryimage\"},\"image\":{\"@id\":\"https:\/\/eveilintime.fr\/index.php\/produit\/huile-de-massage-chauffante-250-ml-satisfyer\/#primaryimage\"},\"thumbnailUrl\":\"https:\/\/eveilintime.fr\/wp-content\/uploads\/2025\/10\/huile-de-massage-chauffante-250-ml-satisfyer-cc597058.png\",\"datePublished\":\"2025-10-14T20:52:30+00:00\",\"description\":\"Huile de massage chauffante \u00e0 base d\u2019huiles naturelles, pour des instants sensuels, r\u00e9confortants et intimes, de votre distributeur Satisfyer.\",\"breadcrumb\":{\"@id\":\"https:\/\/eveilintime.fr\/index.php\/produit\/huile-de-massage-chauffante-250-ml-satisfyer\/#breadcrumb\"},\"inLanguage\":\"fr-FR\",\"potentialAction\":[{\"@type\":\"ReadAction\",\"target\":[\"https:\/\/eveilintime.fr\/index.php\/produit\/huile-de-massage-chauffante-250-ml-satisfyer\/\"]}]},{\"@type\":\"ImageObject\",\"inLanguage\":\"fr-FR\",\"@id\":\"https:\/\/eveilintime.fr\/index.php\/produit\/huile-de-massage-chauffante-250-ml-satisfyer\/#primaryimage\",\"url\":\"https:\/\/eveilintime.fr\/wp-content\/uploads\/2025\/10\/huile-de-massage-chauffante-250-ml-satisfyer-cc597058.png\",\"contentUrl\":\"https:\/\/eveilintime.fr\/wp-content\/uploads\/2025\/10\/huile-de-massage-chauffante-250-ml-satisfyer-cc597058.png\",\"width\":800,\"height\":800},{\"@type\":\"BreadcrumbList\",\"@id\":\"https:\/\/eveilintime.fr\/index.php\/produit\/huile-de-massage-chauffante-250-ml-satisfyer\/#breadcrumb\",\"itemListElement\":[{\"@type\":\"ListItem\",\"position\":1,\"name\":\"Accueil\",\"item\":\"https:\/\/eveilintime.fr\/\"},{\"@type\":\"ListItem\",\"position\":2,\"name\":\"Boutique\",\"item\":\"https:\/\/eveilintime.fr\/?page_id=8\"},{\"@type\":\"ListItem\",\"position\":3,\"name\":\"Huile de massage chauffante 250 ml Satisfyer\"}]},{\"@type\":\"WebSite\",\"@id\":\"https:\/\/eveilintime.fr\/#website\",\"url\":\"https:\/\/eveilintime.fr\/\",\"name\":\"\u00c9veilintime\",\"description\":\"Parce que l&#039;intime m\u00e9rite l&#039;\u00e9l\u00e9gance\",\"publisher\":{\"@id\":\"https:\/\/eveilintime.fr\/#organization\"},\"potentialAction\":[{\"@type\":\"SearchAction\",\"target\":{\"@type\":\"EntryPoint\",\"urlTemplate\":\"https:\/\/eveilintime.fr\/?s={search_term_string}\"},\"query-input\":{\"@type\":\"PropertyValueSpecification\",\"valueRequired\":true,\"valueName\":\"search_term_string\"}}],\"inLanguage\":\"fr-FR\"},{\"@type\":\"Organization\",\"@id\":\"https:\/\/eveilintime.fr\/#organization\",\"name\":\"\u00c9veilintime\",\"url\":\"https:\/\/eveilintime.fr\/\",\"logo\":{\"@type\":\"ImageObject\",\"inLanguage\":\"fr-FR\",\"@id\":\"https:\/\/eveilintime.fr\/#\/schema\/logo\/image\/\",\"url\":\"https:\/\/eveilintime.fr\/wp-content\/uploads\/2025\/09\/logo-Eveil-Intime.png\",\"contentUrl\":\"https:\/\/eveilintime.fr\/wp-content\/uploads\/2025\/09\/logo-Eveil-Intime.png\",\"width\":417,\"height\":160,\"caption\":\"\u00c9veilintime\"},\"image\":{\"@id\":\"https:\/\/eveilintime.fr\/#\/schema\/logo\/image\/\"}}]}<\/script>\n<!-- \/ Yoast SEO plugin. -->","yoast_head_json":{"title":"Huile de massage chauffante 250 ml Satisfyer - \u00c9veil Intime","description":"Huile de massage chauffante \u00e0 base d\u2019huiles naturelles, pour des instants sensuels, r\u00e9confortants et intimes, de votre distributeur Satisfyer.","robots":{"index":"index","follow":"follow","max-snippet":"max-snippet:-1","max-image-preview":"max-image-preview:large","max-video-preview":"max-video-preview:-1"},"canonical":"https:\/\/eveilintime.fr\/index.php\/produit\/huile-de-massage-chauffante-250-ml-satisfyer\/","og_locale":"fr_FR","og_type":"article","og_title":"Huile de massage chauffante 250 ml Satisfyer - \u00c9veil Intime","og_description":"Huile de massage chauffante \u00e0 base d\u2019huiles naturelles, pour des instants sensuels, r\u00e9confortants et intimes, de votre distributeur Satisfyer.","og_url":"https:\/\/eveilintime.fr\/index.php\/produit\/huile-de-massage-chauffante-250-ml-satisfyer\/","og_site_name":"\u00c9veil Intime","og_image":[{"width":800,"height":800,"url":"https:\/\/eveilintime.fr\/wp-content\/uploads\/2025\/10\/huile-de-massage-chauffante-250-ml-satisfyer-cc597058.png","type":"image\/png"}],"twitter_card":"summary_large_image","twitter_misc":{"Dur\u00e9e de lecture estim\u00e9e":"2 minutes"},"schema":{"@context":"https:\/\/schema.org","@graph":[{"@type":"WebPage","@id":"https:\/\/eveilintime.fr\/index.php\/produit\/huile-de-massage-chauffante-250-ml-satisfyer\/","url":"https:\/\/eveilintime.fr\/index.php\/produit\/huile-de-massage-chauffante-250-ml-satisfyer\/","name":"Huile de massage chauffante 250 ml Satisfyer - \u00c9veil Intime","isPartOf":{"@id":"https:\/\/eveilintime.fr\/#website"},"primaryImageOfPage":{"@id":"https:\/\/eveilintime.fr\/index.php\/produit\/huile-de-massage-chauffante-250-ml-satisfyer\/#primaryimage"},"image":{"@id":"https:\/\/eveilintime.fr\/index.php\/produit\/huile-de-massage-chauffante-250-ml-satisfyer\/#primaryimage"},"thumbnailUrl":"https:\/\/eveilintime.fr\/wp-content\/uploads\/2025\/10\/huile-de-massage-chauffante-250-ml-satisfyer-cc597058.png","datePublished":"2025-10-14T20:52:30+00:00","description":"Huile de massage chauffante \u00e0 base d\u2019huiles naturelles, pour des instants sensuels, r\u00e9confortants et intimes, de votre distributeur Satisfyer.","breadcrumb":{"@id":"https:\/\/eveilintime.fr\/index.php\/produit\/huile-de-massage-chauffante-250-ml-satisfyer\/#breadcrumb"},"inLanguage":"fr-FR","potentialAction":[{"@type":"ReadAction","target":["https:\/\/eveilintime.fr\/index.php\/produit\/huile-de-massage-chauffante-250-ml-satisfyer\/"]}]},{"@type":"ImageObject","inLanguage":"fr-FR","@id":"https:\/\/eveilintime.fr\/index.php\/produit\/huile-de-massage-chauffante-250-ml-satisfyer\/#primaryimage","url":"https:\/\/eveilintime.fr\/wp-content\/uploads\/2025\/10\/huile-de-massage-chauffante-250-ml-satisfyer-cc597058.png","contentUrl":"https:\/\/eveilintime.fr\/wp-content\/uploads\/2025\/10\/huile-de-massage-chauffante-250-ml-satisfyer-cc597058.png","width":800,"height":800},{"@type":"BreadcrumbList","@id":"https:\/\/eveilintime.fr\/index.php\/produit\/huile-de-massage-chauffante-250-ml-satisfyer\/#breadcrumb","itemListElement":[{"@type":"ListItem","position":1,"name":"Accueil","item":"https:\/\/eveilintime.fr\/"},{"@type":"ListItem","position":2,"name":"Boutique","item":"https:\/\/eveilintime.fr\/?page_id=8"},{"@type":"ListItem","position":3,"name":"Huile de massage chauffante 250 ml Satisfyer"}]},{"@type":"WebSite","@id":"https:\/\/eveilintime.fr\/#website","url":"https:\/\/eveilintime.fr\/","name":"\u00c9veilintime","description":"Parce que l&#039;intime m\u00e9rite l&#039;\u00e9l\u00e9gance","publisher":{"@id":"https:\/\/eveilintime.fr\/#organization"},"potentialAction":[{"@type":"SearchAction","target":{"@type":"EntryPoint","urlTemplate":"https:\/\/eveilintime.fr\/?s={search_term_string}"},"query-input":{"@type":"PropertyValueSpecification","valueRequired":true,"valueName":"search_term_string"}}],"inLanguage":"fr-FR"},{"@type":"Organization","@id":"https:\/\/eveilintime.fr\/#organization","name":"\u00c9veilintime","url":"https:\/\/eveilintime.fr\/","logo":{"@type":"ImageObject","inLanguage":"fr-FR","@id":"https:\/\/eveilintime.fr\/#\/schema\/logo\/image\/","url":"https:\/\/eveilintime.fr\/wp-content\/uploads\/2025\/09\/logo-Eveil-Intime.png","contentUrl":"https:\/\/eveilintime.fr\/wp-content\/uploads\/2025\/09\/logo-Eveil-Intime.png","width":417,"height":160,"caption":"\u00c9veilintime"},"image":{"@id":"https:\/\/eveilintime.fr\/#\/schema\/logo\/image\/"}}]}},"jetpack_sharing_enabled":true,"_links":{"self":[{"href":"https:\/\/eveilintime.fr\/index.php?rest_route=\/wp\/v2\/product\/1639","targetHints":{"allow":["GET"]}}],"collection":[{"href":"https:\/\/eveilintime.fr\/index.php?rest_route=\/wp\/v2\/product"}],"about":[{"href":"https:\/\/eveilintime.fr\/index.php?rest_route=\/wp\/v2\/types\/product"}],"replies":[{"embeddable":true,"href":"https:\/\/eveilintime.fr\/index.php?rest_route=%2Fwp%2Fv2%2Fcomments&post=1639"}],"version-history":[{"count":1,"href":"https:\/\/eveilintime.fr\/index.php?rest_route=\/wp\/v2\/product\/1639\/revisions"}],"predecessor-version":[{"id":1641,"href":"https:\/\/eveilintime.fr\/index.php?rest_route=\/wp\/v2\/product\/1639\/revisions\/1641"}],"wp:featuredmedia":[{"embeddable":true,"href":"https:\/\/eveilintime.fr\/index.php?rest_route=\/wp\/v2\/media\/1640"}],"wp:attachment":[{"href":"https:\/\/eveilintime.fr\/index.php?rest_route=%2Fwp%2Fv2%2Fmedia&parent=1639"}],"wp:term":[{"taxonomy":"product_brand","embeddable":true,"href":"https:\/\/eveilintime.fr\/index.php?rest_route=%2Fwp%2Fv2%2Fproduct_brand&post=1639"},{"taxonomy":"product_cat","embeddable":true,"href":"https:\/\/eveilintime.fr\/index.php?rest_route=%2Fwp%2Fv2%2Fproduct_cat&post=1639"},{"taxonomy":"product_tag","embeddable":true,"href":"https:\/\/eveilintime.fr\/index.php?rest_route=%2Fwp%2Fv2%2Fproduct_tag&post=1639"}],"curies":[{"name":"wp","href":"https:\/\/api.w.org\/{rel}","templated":true}]}}