{"id":1603,"date":"2025-10-14T17:20:03","date_gmt":"2025-10-14T17:20:03","guid":{"rendered":"https:\/\/eveilintime.fr\/?post_type=product&#038;p=1603"},"modified":"2025-10-14T22:30:13","modified_gmt":"2025-10-14T22:30:13","slug":"balancoire-fetichiste","status":"publish","type":"product","link":"https:\/\/eveilintime.fr\/?product=balancoire-fetichiste","title":{"rendered":"Balan\u00e7oire f\u00e9tichiste"},"content":{"rendered":"<p>Voici le summum du f\u00e9tichisme, la balan\u00e7oire pour suspension du partenaire.<br \/>\nAvec sa r\u00e9sistance de 100kgs, aussi bien les hommes que les femmes pourront y prendre place. Cette balan\u00e7oire f\u00e9tichiste est \u00e9quip\u00e9 de sangles r\u00e9glables pour suspendre votre partenaire avec un maintien aux jambes, aux bras et m\u00eame \u00e0 la taille. La partie des sangles en contact avec la peau est molletonn\u00e9e et recouverte d&rsquo;un duvet tr\u00e8s doux.<\/p>\n<p>Attention, il est n\u00e9cessaire de pr\u00e9voir un bonne fixation pour accrocher cette balan\u00e7oire de jeux \u00e9rotiques, nous ne pourront \u00eatre tenus pour responsable en cas de mauvaise accroche.<\/p>\n<p>Longueur sangles taille \/ buste : 180 cm &#8211; Largeur : 4,0 cm &#8211; Longueur sangles chevilles : 150 cm &#8211; Largeur : 4,0 cm (parties molletonn\u00e9es de 8.5 \u00e0 9cm avec 1cm d&rsquo;\u00e9paisseur &#8211; Poids 2.3kgs<br \/>\nMati\u00e8res Duvet, Polyester, acier inoxydable<\/p>\n<p>&nbsp;<\/p>\n<p>Retrouvez sur Facebook :<\/p>\n<p><a href=\"https:\/\/www.facebook.com\/profile.php?id=61580816765623&amp;locale=fr_FR\">https:\/\/www.facebook.com\/profile.php?id=61580816765623&amp;locale=fr_FR<\/a><\/p>\n<p>&nbsp;<\/p>\n<p>Retrouvez tout les produits de notre boutique :<\/p>\n<p><a href=\"https:\/\/eveilintime.fr\/index.php\/shop\/\">https:\/\/eveilintime.fr\/index.php\/shop\/<\/a><\/p>\n","protected":false},"excerpt":{"rendered":"<p>&nbsp;<\/p>\n<p style=\"text-align: center;\"><img decoding=\"async\" class=\"alignnone size-medium wp-image-1089 lazyload\" data-src=\"https:\/\/eveilintime.fr\/wp-content\/uploads\/2025\/10\/paiement-securise-garanti-300x76.png\" alt=\"\" width=\"300\" height=\"76\" data-srcset=\"https:\/\/eveilintime.fr\/wp-content\/uploads\/2025\/10\/paiement-securise-garanti-300x76.png 300w, https:\/\/eveilintime.fr\/wp-content\/uploads\/2025\/10\/paiement-securise-garanti.png 446w\" data-sizes=\"(max-width: 300px) 100vw, 300px\" src=\"data:image\/svg+xml;base64,PHN2ZyB3aWR0aD0iMSIgaGVpZ2h0PSIxIiB4bWxucz0iaHR0cDovL3d3dy53My5vcmcvMjAwMC9zdmciPjwvc3ZnPg==\" style=\"--smush-placeholder-width: 300px; --smush-placeholder-aspect-ratio: 300\/76;\" \/><\/p>\n","protected":false},"featured_media":1607,"comment_status":"open","ping_status":"closed","template":"","meta":[],"product_brand":[],"product_cat":[137,119],"product_tag":[120,52,136],"class_list":{"0":"post-1603","1":"product","2":"type-product","3":"status-publish","4":"has-post-thumbnail","6":"product_cat-harnais","7":"product_cat-menottes-et-balancoire","8":"product_tag-balancoire","9":"product_tag-bdsm","10":"product_tag-fetichiste","12":"first","13":"instock","14":"taxable","15":"shipping-taxable","16":"purchasable","17":"product-type-simple"},"yoast_head":"<!-- This site is optimized with the Yoast SEO plugin v27.1.1 - https:\/\/yoast.com\/product\/yoast-seo-wordpress\/ -->\n<title>Balan\u00e7oire f\u00e9tichiste - \u00c9veil Intime<\/title>\n<meta name=\"description\" content=\"Ravivez vos envies avec notre boutique \u00e9rotique : sextoys, jeux pour couples, lingerie sensuelle et accessoires coquins. Pimentez vos nuits en douceur.\" \/>\n<meta name=\"robots\" content=\"index, follow, max-snippet:-1, max-image-preview:large, max-video-preview:-1\" \/>\n<link rel=\"canonical\" href=\"https:\/\/eveilintime.fr\/index.php\/produit\/balancoire-fetichiste\/\" \/>\n<meta property=\"og:locale\" content=\"fr_FR\" \/>\n<meta property=\"og:type\" content=\"article\" \/>\n<meta property=\"og:title\" content=\"Balan\u00e7oire f\u00e9tichiste - \u00c9veil Intime\" \/>\n<meta property=\"og:description\" content=\"Ravivez vos envies avec notre boutique \u00e9rotique : sextoys, jeux pour couples, lingerie sensuelle et accessoires coquins. Pimentez vos nuits en douceur.\" \/>\n<meta property=\"og:url\" content=\"https:\/\/eveilintime.fr\/index.php\/produit\/balancoire-fetichiste\/\" \/>\n<meta property=\"og:site_name\" content=\"\u00c9veil Intime\" \/>\n<meta property=\"article:modified_time\" content=\"2025-10-14T22:30:13+00:00\" \/>\n<meta property=\"og:image\" content=\"https:\/\/eveilintime.fr\/wp-content\/uploads\/2025\/10\/balancoire-fetichiste.jpg\" \/>\n\t<meta property=\"og:image:width\" content=\"492\" \/>\n\t<meta property=\"og:image:height\" content=\"653\" \/>\n\t<meta property=\"og:image:type\" content=\"image\/jpeg\" \/>\n<meta name=\"twitter:card\" content=\"summary_large_image\" \/>\n<meta name=\"twitter:label1\" content=\"Dur\u00e9e de lecture estim\u00e9e\" \/>\n\t<meta name=\"twitter:data1\" content=\"1 minute\" \/>\n<script type=\"application\/ld+json\" class=\"yoast-schema-graph\">{\"@context\":\"https:\/\/schema.org\",\"@graph\":[{\"@type\":\"WebPage\",\"@id\":\"https:\/\/eveilintime.fr\/index.php\/produit\/balancoire-fetichiste\/\",\"url\":\"https:\/\/eveilintime.fr\/index.php\/produit\/balancoire-fetichiste\/\",\"name\":\"Balan\u00e7oire f\u00e9tichiste - \u00c9veil Intime\",\"isPartOf\":{\"@id\":\"https:\/\/eveilintime.fr\/#website\"},\"primaryImageOfPage\":{\"@id\":\"https:\/\/eveilintime.fr\/index.php\/produit\/balancoire-fetichiste\/#primaryimage\"},\"image\":{\"@id\":\"https:\/\/eveilintime.fr\/index.php\/produit\/balancoire-fetichiste\/#primaryimage\"},\"thumbnailUrl\":\"https:\/\/eveilintime.fr\/wp-content\/uploads\/2025\/10\/balancoire-fetichiste.jpg\",\"datePublished\":\"2025-10-14T17:20:03+00:00\",\"dateModified\":\"2025-10-14T22:30:13+00:00\",\"description\":\"Ravivez vos envies avec notre boutique \u00e9rotique : sextoys, jeux pour couples, lingerie sensuelle et accessoires coquins. Pimentez vos nuits en douceur.\",\"breadcrumb\":{\"@id\":\"https:\/\/eveilintime.fr\/index.php\/produit\/balancoire-fetichiste\/#breadcrumb\"},\"inLanguage\":\"fr-FR\",\"potentialAction\":[{\"@type\":\"ReadAction\",\"target\":[\"https:\/\/eveilintime.fr\/index.php\/produit\/balancoire-fetichiste\/\"]}]},{\"@type\":\"ImageObject\",\"inLanguage\":\"fr-FR\",\"@id\":\"https:\/\/eveilintime.fr\/index.php\/produit\/balancoire-fetichiste\/#primaryimage\",\"url\":\"https:\/\/eveilintime.fr\/wp-content\/uploads\/2025\/10\/balancoire-fetichiste.jpg\",\"contentUrl\":\"https:\/\/eveilintime.fr\/wp-content\/uploads\/2025\/10\/balancoire-fetichiste.jpg\",\"width\":492,\"height\":653},{\"@type\":\"BreadcrumbList\",\"@id\":\"https:\/\/eveilintime.fr\/index.php\/produit\/balancoire-fetichiste\/#breadcrumb\",\"itemListElement\":[{\"@type\":\"ListItem\",\"position\":1,\"name\":\"Accueil\",\"item\":\"https:\/\/eveilintime.fr\/\"},{\"@type\":\"ListItem\",\"position\":2,\"name\":\"Boutique\",\"item\":\"https:\/\/eveilintime.fr\/?page_id=8\"},{\"@type\":\"ListItem\",\"position\":3,\"name\":\"Balan\u00e7oire f\u00e9tichiste\"}]},{\"@type\":\"WebSite\",\"@id\":\"https:\/\/eveilintime.fr\/#website\",\"url\":\"https:\/\/eveilintime.fr\/\",\"name\":\"\u00c9veilintime\",\"description\":\"Parce que l&#039;intime m\u00e9rite l&#039;\u00e9l\u00e9gance\",\"publisher\":{\"@id\":\"https:\/\/eveilintime.fr\/#organization\"},\"potentialAction\":[{\"@type\":\"SearchAction\",\"target\":{\"@type\":\"EntryPoint\",\"urlTemplate\":\"https:\/\/eveilintime.fr\/?s={search_term_string}\"},\"query-input\":{\"@type\":\"PropertyValueSpecification\",\"valueRequired\":true,\"valueName\":\"search_term_string\"}}],\"inLanguage\":\"fr-FR\"},{\"@type\":\"Organization\",\"@id\":\"https:\/\/eveilintime.fr\/#organization\",\"name\":\"\u00c9veilintime\",\"url\":\"https:\/\/eveilintime.fr\/\",\"logo\":{\"@type\":\"ImageObject\",\"inLanguage\":\"fr-FR\",\"@id\":\"https:\/\/eveilintime.fr\/#\/schema\/logo\/image\/\",\"url\":\"https:\/\/eveilintime.fr\/wp-content\/uploads\/2025\/09\/logo-Eveil-Intime.png\",\"contentUrl\":\"https:\/\/eveilintime.fr\/wp-content\/uploads\/2025\/09\/logo-Eveil-Intime.png\",\"width\":417,\"height\":160,\"caption\":\"\u00c9veilintime\"},\"image\":{\"@id\":\"https:\/\/eveilintime.fr\/#\/schema\/logo\/image\/\"}}]}<\/script>\n<!-- \/ Yoast SEO plugin. -->","yoast_head_json":{"title":"Balan\u00e7oire f\u00e9tichiste - \u00c9veil Intime","description":"Ravivez vos envies avec notre boutique \u00e9rotique : sextoys, jeux pour couples, lingerie sensuelle et accessoires coquins. Pimentez vos nuits en douceur.","robots":{"index":"index","follow":"follow","max-snippet":"max-snippet:-1","max-image-preview":"max-image-preview:large","max-video-preview":"max-video-preview:-1"},"canonical":"https:\/\/eveilintime.fr\/index.php\/produit\/balancoire-fetichiste\/","og_locale":"fr_FR","og_type":"article","og_title":"Balan\u00e7oire f\u00e9tichiste - \u00c9veil Intime","og_description":"Ravivez vos envies avec notre boutique \u00e9rotique : sextoys, jeux pour couples, lingerie sensuelle et accessoires coquins. Pimentez vos nuits en douceur.","og_url":"https:\/\/eveilintime.fr\/index.php\/produit\/balancoire-fetichiste\/","og_site_name":"\u00c9veil Intime","article_modified_time":"2025-10-14T22:30:13+00:00","og_image":[{"width":492,"height":653,"url":"https:\/\/eveilintime.fr\/wp-content\/uploads\/2025\/10\/balancoire-fetichiste.jpg","type":"image\/jpeg"}],"twitter_card":"summary_large_image","twitter_misc":{"Dur\u00e9e de lecture estim\u00e9e":"1 minute"},"schema":{"@context":"https:\/\/schema.org","@graph":[{"@type":"WebPage","@id":"https:\/\/eveilintime.fr\/index.php\/produit\/balancoire-fetichiste\/","url":"https:\/\/eveilintime.fr\/index.php\/produit\/balancoire-fetichiste\/","name":"Balan\u00e7oire f\u00e9tichiste - \u00c9veil Intime","isPartOf":{"@id":"https:\/\/eveilintime.fr\/#website"},"primaryImageOfPage":{"@id":"https:\/\/eveilintime.fr\/index.php\/produit\/balancoire-fetichiste\/#primaryimage"},"image":{"@id":"https:\/\/eveilintime.fr\/index.php\/produit\/balancoire-fetichiste\/#primaryimage"},"thumbnailUrl":"https:\/\/eveilintime.fr\/wp-content\/uploads\/2025\/10\/balancoire-fetichiste.jpg","datePublished":"2025-10-14T17:20:03+00:00","dateModified":"2025-10-14T22:30:13+00:00","description":"Ravivez vos envies avec notre boutique \u00e9rotique : sextoys, jeux pour couples, lingerie sensuelle et accessoires coquins. Pimentez vos nuits en douceur.","breadcrumb":{"@id":"https:\/\/eveilintime.fr\/index.php\/produit\/balancoire-fetichiste\/#breadcrumb"},"inLanguage":"fr-FR","potentialAction":[{"@type":"ReadAction","target":["https:\/\/eveilintime.fr\/index.php\/produit\/balancoire-fetichiste\/"]}]},{"@type":"ImageObject","inLanguage":"fr-FR","@id":"https:\/\/eveilintime.fr\/index.php\/produit\/balancoire-fetichiste\/#primaryimage","url":"https:\/\/eveilintime.fr\/wp-content\/uploads\/2025\/10\/balancoire-fetichiste.jpg","contentUrl":"https:\/\/eveilintime.fr\/wp-content\/uploads\/2025\/10\/balancoire-fetichiste.jpg","width":492,"height":653},{"@type":"BreadcrumbList","@id":"https:\/\/eveilintime.fr\/index.php\/produit\/balancoire-fetichiste\/#breadcrumb","itemListElement":[{"@type":"ListItem","position":1,"name":"Accueil","item":"https:\/\/eveilintime.fr\/"},{"@type":"ListItem","position":2,"name":"Boutique","item":"https:\/\/eveilintime.fr\/?page_id=8"},{"@type":"ListItem","position":3,"name":"Balan\u00e7oire f\u00e9tichiste"}]},{"@type":"WebSite","@id":"https:\/\/eveilintime.fr\/#website","url":"https:\/\/eveilintime.fr\/","name":"\u00c9veilintime","description":"Parce que l&#039;intime m\u00e9rite l&#039;\u00e9l\u00e9gance","publisher":{"@id":"https:\/\/eveilintime.fr\/#organization"},"potentialAction":[{"@type":"SearchAction","target":{"@type":"EntryPoint","urlTemplate":"https:\/\/eveilintime.fr\/?s={search_term_string}"},"query-input":{"@type":"PropertyValueSpecification","valueRequired":true,"valueName":"search_term_string"}}],"inLanguage":"fr-FR"},{"@type":"Organization","@id":"https:\/\/eveilintime.fr\/#organization","name":"\u00c9veilintime","url":"https:\/\/eveilintime.fr\/","logo":{"@type":"ImageObject","inLanguage":"fr-FR","@id":"https:\/\/eveilintime.fr\/#\/schema\/logo\/image\/","url":"https:\/\/eveilintime.fr\/wp-content\/uploads\/2025\/09\/logo-Eveil-Intime.png","contentUrl":"https:\/\/eveilintime.fr\/wp-content\/uploads\/2025\/09\/logo-Eveil-Intime.png","width":417,"height":160,"caption":"\u00c9veilintime"},"image":{"@id":"https:\/\/eveilintime.fr\/#\/schema\/logo\/image\/"}}]}},"jetpack_sharing_enabled":true,"_links":{"self":[{"href":"https:\/\/eveilintime.fr\/index.php?rest_route=\/wp\/v2\/product\/1603","targetHints":{"allow":["GET"]}}],"collection":[{"href":"https:\/\/eveilintime.fr\/index.php?rest_route=\/wp\/v2\/product"}],"about":[{"href":"https:\/\/eveilintime.fr\/index.php?rest_route=\/wp\/v2\/types\/product"}],"replies":[{"embeddable":true,"href":"https:\/\/eveilintime.fr\/index.php?rest_route=%2Fwp%2Fv2%2Fcomments&post=1603"}],"version-history":[{"count":3,"href":"https:\/\/eveilintime.fr\/index.php?rest_route=\/wp\/v2\/product\/1603\/revisions"}],"predecessor-version":[{"id":1674,"href":"https:\/\/eveilintime.fr\/index.php?rest_route=\/wp\/v2\/product\/1603\/revisions\/1674"}],"wp:featuredmedia":[{"embeddable":true,"href":"https:\/\/eveilintime.fr\/index.php?rest_route=\/wp\/v2\/media\/1607"}],"wp:attachment":[{"href":"https:\/\/eveilintime.fr\/index.php?rest_route=%2Fwp%2Fv2%2Fmedia&parent=1603"}],"wp:term":[{"taxonomy":"product_brand","embeddable":true,"href":"https:\/\/eveilintime.fr\/index.php?rest_route=%2Fwp%2Fv2%2Fproduct_brand&post=1603"},{"taxonomy":"product_cat","embeddable":true,"href":"https:\/\/eveilintime.fr\/index.php?rest_route=%2Fwp%2Fv2%2Fproduct_cat&post=1603"},{"taxonomy":"product_tag","embeddable":true,"href":"https:\/\/eveilintime.fr\/index.php?rest_route=%2Fwp%2Fv2%2Fproduct_tag&post=1603"}],"curies":[{"name":"wp","href":"https:\/\/api.w.org\/{rel}","templated":true}]}}