{"id":1580,"date":"2025-10-12T21:31:06","date_gmt":"2025-10-12T21:31:06","guid":{"rendered":"https:\/\/eveilintime.fr\/?post_type=product&#038;p=1580"},"modified":"2025-10-12T21:31:07","modified_gmt":"2025-10-12T21:31:07","slug":"mini-bougie-de-massage-fraise-boite-coeur-35ml","status":"publish","type":"product","link":"https:\/\/eveilintime.fr\/?product=mini-bougie-de-massage-fraise-boite-coeur-35ml","title":{"rendered":"Mini bougie de massage fraise bo\u00eete coeur 35ml"},"content":{"rendered":"<p>Quoi de plus beau et sensuel que la lueur d&rsquo;une bougie ? Cette tr\u00e8s belle bougie \u00e0 la fraise est sp\u00e9cialement \u00e9tudi\u00e9e pour le massage glamour. Une forme \u00e9vocatrice d&rsquo;amour en forme de coeur d&rsquo;une bo\u00eete m\u00e9tallique et un parfum subtil de fraise. Allumez cette bougie gourmande \u00e0 la fraise et laissez la cire fondre quelques minutes qui va se transformer en huile de massage d\u00e9licieuse. Versez l&rsquo;huile ti\u00e8de fraise dans votre main et massez d\u00e9licatement la peau de votre partenaire qui va lib\u00e9rer une douce fragrance de fraise, un vrai jardin d&rsquo;\u00e9t\u00e9.<br \/>\nContenance 35ml<\/p>\n","protected":false},"excerpt":{"rendered":"<p>&nbsp;<\/p>\n<p style=\"text-align: center;\"><img decoding=\"async\" class=\"alignnone size-medium wp-image-1089 lazyload\" data-src=\"https:\/\/eveilintime.fr\/wp-content\/uploads\/2025\/10\/paiement-securise-garanti-300x76.png\" alt=\"\" width=\"300\" height=\"76\" data-srcset=\"https:\/\/eveilintime.fr\/wp-content\/uploads\/2025\/10\/paiement-securise-garanti-300x76.png 300w, https:\/\/eveilintime.fr\/wp-content\/uploads\/2025\/10\/paiement-securise-garanti.png 446w\" data-sizes=\"(max-width: 300px) 100vw, 300px\" src=\"data:image\/svg+xml;base64,PHN2ZyB3aWR0aD0iMSIgaGVpZ2h0PSIxIiB4bWxucz0iaHR0cDovL3d3dy53My5vcmcvMjAwMC9zdmciPjwvc3ZnPg==\" style=\"--smush-placeholder-width: 300px; --smush-placeholder-aspect-ratio: 300\/76;\" \/><\/p>\n","protected":false},"featured_media":1581,"comment_status":"open","ping_status":"closed","template":"","meta":[],"product_brand":[],"product_cat":[127],"product_tag":[68,133,64],"class_list":{"0":"post-1580","1":"product","2":"type-product","3":"status-publish","4":"has-post-thumbnail","6":"product_cat-bougie-de-massage","7":"product_tag-bougie","8":"product_tag-fraise","9":"product_tag-massage","11":"first","12":"instock","13":"taxable","14":"shipping-taxable","15":"purchasable","16":"product-type-simple"},"yoast_head":"<!-- This site is optimized with the Yoast SEO plugin v27.1.1 - https:\/\/yoast.com\/product\/yoast-seo-wordpress\/ -->\n<title>Mini bougie de massage fraise bo\u00eete coeur 35ml - \u00c9veil Intime<\/title>\n<meta name=\"description\" content=\"Quoi de plus beau et sensuel que la lueur d&#039;une bougie ? Cette tr\u00e8s belle bougie \u00e0 la fraise est sp\u00e9cialement \u00e9tudi\u00e9e pour le massage glamour.\" \/>\n<meta name=\"robots\" content=\"index, follow, max-snippet:-1, max-image-preview:large, max-video-preview:-1\" \/>\n<link rel=\"canonical\" href=\"https:\/\/eveilintime.fr\/index.php\/produit\/mini-bougie-de-massage-fraise-boite-coeur-35ml\/\" \/>\n<meta property=\"og:locale\" content=\"fr_FR\" \/>\n<meta property=\"og:type\" content=\"article\" \/>\n<meta property=\"og:title\" content=\"Mini bougie de massage fraise bo\u00eete coeur 35ml - \u00c9veil Intime\" \/>\n<meta property=\"og:description\" content=\"Quoi de plus beau et sensuel que la lueur d&#039;une bougie ? Cette tr\u00e8s belle bougie \u00e0 la fraise est sp\u00e9cialement \u00e9tudi\u00e9e pour le massage glamour.\" \/>\n<meta property=\"og:url\" content=\"https:\/\/eveilintime.fr\/index.php\/produit\/mini-bougie-de-massage-fraise-boite-coeur-35ml\/\" \/>\n<meta property=\"og:site_name\" content=\"\u00c9veil Intime\" \/>\n<meta property=\"article:modified_time\" content=\"2025-10-12T21:31:07+00:00\" \/>\n<meta property=\"og:image\" content=\"https:\/\/eveilintime.fr\/wp-content\/uploads\/2025\/10\/mini-bougie-fraise.jpg\" \/>\n\t<meta property=\"og:image:width\" content=\"492\" \/>\n\t<meta property=\"og:image:height\" content=\"653\" \/>\n\t<meta property=\"og:image:type\" content=\"image\/jpeg\" \/>\n<meta name=\"twitter:card\" content=\"summary_large_image\" \/>\n<meta name=\"twitter:label1\" content=\"Dur\u00e9e de lecture estim\u00e9e\" \/>\n\t<meta name=\"twitter:data1\" content=\"1 minute\" \/>\n<script type=\"application\/ld+json\" class=\"yoast-schema-graph\">{\"@context\":\"https:\/\/schema.org\",\"@graph\":[{\"@type\":\"WebPage\",\"@id\":\"https:\/\/eveilintime.fr\/index.php\/produit\/mini-bougie-de-massage-fraise-boite-coeur-35ml\/\",\"url\":\"https:\/\/eveilintime.fr\/index.php\/produit\/mini-bougie-de-massage-fraise-boite-coeur-35ml\/\",\"name\":\"Mini bougie de massage fraise bo\u00eete coeur 35ml - \u00c9veil Intime\",\"isPartOf\":{\"@id\":\"https:\/\/eveilintime.fr\/#website\"},\"primaryImageOfPage\":{\"@id\":\"https:\/\/eveilintime.fr\/index.php\/produit\/mini-bougie-de-massage-fraise-boite-coeur-35ml\/#primaryimage\"},\"image\":{\"@id\":\"https:\/\/eveilintime.fr\/index.php\/produit\/mini-bougie-de-massage-fraise-boite-coeur-35ml\/#primaryimage\"},\"thumbnailUrl\":\"https:\/\/eveilintime.fr\/wp-content\/uploads\/2025\/10\/mini-bougie-fraise.jpg\",\"datePublished\":\"2025-10-12T21:31:06+00:00\",\"dateModified\":\"2025-10-12T21:31:07+00:00\",\"description\":\"Quoi de plus beau et sensuel que la lueur d'une bougie ? Cette tr\u00e8s belle bougie \u00e0 la fraise est sp\u00e9cialement \u00e9tudi\u00e9e pour le massage glamour.\",\"breadcrumb\":{\"@id\":\"https:\/\/eveilintime.fr\/index.php\/produit\/mini-bougie-de-massage-fraise-boite-coeur-35ml\/#breadcrumb\"},\"inLanguage\":\"fr-FR\",\"potentialAction\":[{\"@type\":\"ReadAction\",\"target\":[\"https:\/\/eveilintime.fr\/index.php\/produit\/mini-bougie-de-massage-fraise-boite-coeur-35ml\/\"]}]},{\"@type\":\"ImageObject\",\"inLanguage\":\"fr-FR\",\"@id\":\"https:\/\/eveilintime.fr\/index.php\/produit\/mini-bougie-de-massage-fraise-boite-coeur-35ml\/#primaryimage\",\"url\":\"https:\/\/eveilintime.fr\/wp-content\/uploads\/2025\/10\/mini-bougie-fraise.jpg\",\"contentUrl\":\"https:\/\/eveilintime.fr\/wp-content\/uploads\/2025\/10\/mini-bougie-fraise.jpg\",\"width\":492,\"height\":653},{\"@type\":\"BreadcrumbList\",\"@id\":\"https:\/\/eveilintime.fr\/index.php\/produit\/mini-bougie-de-massage-fraise-boite-coeur-35ml\/#breadcrumb\",\"itemListElement\":[{\"@type\":\"ListItem\",\"position\":1,\"name\":\"Accueil\",\"item\":\"https:\/\/eveilintime.fr\/\"},{\"@type\":\"ListItem\",\"position\":2,\"name\":\"Boutique\",\"item\":\"https:\/\/eveilintime.fr\/?page_id=8\"},{\"@type\":\"ListItem\",\"position\":3,\"name\":\"Mini bougie de massage fraise bo\u00eete coeur 35ml\"}]},{\"@type\":\"WebSite\",\"@id\":\"https:\/\/eveilintime.fr\/#website\",\"url\":\"https:\/\/eveilintime.fr\/\",\"name\":\"\u00c9veilintime\",\"description\":\"Parce que l&#039;intime m\u00e9rite l&#039;\u00e9l\u00e9gance\",\"publisher\":{\"@id\":\"https:\/\/eveilintime.fr\/#organization\"},\"potentialAction\":[{\"@type\":\"SearchAction\",\"target\":{\"@type\":\"EntryPoint\",\"urlTemplate\":\"https:\/\/eveilintime.fr\/?s={search_term_string}\"},\"query-input\":{\"@type\":\"PropertyValueSpecification\",\"valueRequired\":true,\"valueName\":\"search_term_string\"}}],\"inLanguage\":\"fr-FR\"},{\"@type\":\"Organization\",\"@id\":\"https:\/\/eveilintime.fr\/#organization\",\"name\":\"\u00c9veilintime\",\"url\":\"https:\/\/eveilintime.fr\/\",\"logo\":{\"@type\":\"ImageObject\",\"inLanguage\":\"fr-FR\",\"@id\":\"https:\/\/eveilintime.fr\/#\/schema\/logo\/image\/\",\"url\":\"https:\/\/eveilintime.fr\/wp-content\/uploads\/2025\/09\/logo-Eveil-Intime.png\",\"contentUrl\":\"https:\/\/eveilintime.fr\/wp-content\/uploads\/2025\/09\/logo-Eveil-Intime.png\",\"width\":417,\"height\":160,\"caption\":\"\u00c9veilintime\"},\"image\":{\"@id\":\"https:\/\/eveilintime.fr\/#\/schema\/logo\/image\/\"}}]}<\/script>\n<!-- \/ Yoast SEO plugin. -->","yoast_head_json":{"title":"Mini bougie de massage fraise bo\u00eete coeur 35ml - \u00c9veil Intime","description":"Quoi de plus beau et sensuel que la lueur d'une bougie ? Cette tr\u00e8s belle bougie \u00e0 la fraise est sp\u00e9cialement \u00e9tudi\u00e9e pour le massage glamour.","robots":{"index":"index","follow":"follow","max-snippet":"max-snippet:-1","max-image-preview":"max-image-preview:large","max-video-preview":"max-video-preview:-1"},"canonical":"https:\/\/eveilintime.fr\/index.php\/produit\/mini-bougie-de-massage-fraise-boite-coeur-35ml\/","og_locale":"fr_FR","og_type":"article","og_title":"Mini bougie de massage fraise bo\u00eete coeur 35ml - \u00c9veil Intime","og_description":"Quoi de plus beau et sensuel que la lueur d'une bougie ? Cette tr\u00e8s belle bougie \u00e0 la fraise est sp\u00e9cialement \u00e9tudi\u00e9e pour le massage glamour.","og_url":"https:\/\/eveilintime.fr\/index.php\/produit\/mini-bougie-de-massage-fraise-boite-coeur-35ml\/","og_site_name":"\u00c9veil Intime","article_modified_time":"2025-10-12T21:31:07+00:00","og_image":[{"width":492,"height":653,"url":"https:\/\/eveilintime.fr\/wp-content\/uploads\/2025\/10\/mini-bougie-fraise.jpg","type":"image\/jpeg"}],"twitter_card":"summary_large_image","twitter_misc":{"Dur\u00e9e de lecture estim\u00e9e":"1 minute"},"schema":{"@context":"https:\/\/schema.org","@graph":[{"@type":"WebPage","@id":"https:\/\/eveilintime.fr\/index.php\/produit\/mini-bougie-de-massage-fraise-boite-coeur-35ml\/","url":"https:\/\/eveilintime.fr\/index.php\/produit\/mini-bougie-de-massage-fraise-boite-coeur-35ml\/","name":"Mini bougie de massage fraise bo\u00eete coeur 35ml - \u00c9veil Intime","isPartOf":{"@id":"https:\/\/eveilintime.fr\/#website"},"primaryImageOfPage":{"@id":"https:\/\/eveilintime.fr\/index.php\/produit\/mini-bougie-de-massage-fraise-boite-coeur-35ml\/#primaryimage"},"image":{"@id":"https:\/\/eveilintime.fr\/index.php\/produit\/mini-bougie-de-massage-fraise-boite-coeur-35ml\/#primaryimage"},"thumbnailUrl":"https:\/\/eveilintime.fr\/wp-content\/uploads\/2025\/10\/mini-bougie-fraise.jpg","datePublished":"2025-10-12T21:31:06+00:00","dateModified":"2025-10-12T21:31:07+00:00","description":"Quoi de plus beau et sensuel que la lueur d'une bougie ? Cette tr\u00e8s belle bougie \u00e0 la fraise est sp\u00e9cialement \u00e9tudi\u00e9e pour le massage glamour.","breadcrumb":{"@id":"https:\/\/eveilintime.fr\/index.php\/produit\/mini-bougie-de-massage-fraise-boite-coeur-35ml\/#breadcrumb"},"inLanguage":"fr-FR","potentialAction":[{"@type":"ReadAction","target":["https:\/\/eveilintime.fr\/index.php\/produit\/mini-bougie-de-massage-fraise-boite-coeur-35ml\/"]}]},{"@type":"ImageObject","inLanguage":"fr-FR","@id":"https:\/\/eveilintime.fr\/index.php\/produit\/mini-bougie-de-massage-fraise-boite-coeur-35ml\/#primaryimage","url":"https:\/\/eveilintime.fr\/wp-content\/uploads\/2025\/10\/mini-bougie-fraise.jpg","contentUrl":"https:\/\/eveilintime.fr\/wp-content\/uploads\/2025\/10\/mini-bougie-fraise.jpg","width":492,"height":653},{"@type":"BreadcrumbList","@id":"https:\/\/eveilintime.fr\/index.php\/produit\/mini-bougie-de-massage-fraise-boite-coeur-35ml\/#breadcrumb","itemListElement":[{"@type":"ListItem","position":1,"name":"Accueil","item":"https:\/\/eveilintime.fr\/"},{"@type":"ListItem","position":2,"name":"Boutique","item":"https:\/\/eveilintime.fr\/?page_id=8"},{"@type":"ListItem","position":3,"name":"Mini bougie de massage fraise bo\u00eete coeur 35ml"}]},{"@type":"WebSite","@id":"https:\/\/eveilintime.fr\/#website","url":"https:\/\/eveilintime.fr\/","name":"\u00c9veilintime","description":"Parce que l&#039;intime m\u00e9rite l&#039;\u00e9l\u00e9gance","publisher":{"@id":"https:\/\/eveilintime.fr\/#organization"},"potentialAction":[{"@type":"SearchAction","target":{"@type":"EntryPoint","urlTemplate":"https:\/\/eveilintime.fr\/?s={search_term_string}"},"query-input":{"@type":"PropertyValueSpecification","valueRequired":true,"valueName":"search_term_string"}}],"inLanguage":"fr-FR"},{"@type":"Organization","@id":"https:\/\/eveilintime.fr\/#organization","name":"\u00c9veilintime","url":"https:\/\/eveilintime.fr\/","logo":{"@type":"ImageObject","inLanguage":"fr-FR","@id":"https:\/\/eveilintime.fr\/#\/schema\/logo\/image\/","url":"https:\/\/eveilintime.fr\/wp-content\/uploads\/2025\/09\/logo-Eveil-Intime.png","contentUrl":"https:\/\/eveilintime.fr\/wp-content\/uploads\/2025\/09\/logo-Eveil-Intime.png","width":417,"height":160,"caption":"\u00c9veilintime"},"image":{"@id":"https:\/\/eveilintime.fr\/#\/schema\/logo\/image\/"}}]}},"jetpack_sharing_enabled":true,"_links":{"self":[{"href":"https:\/\/eveilintime.fr\/index.php?rest_route=\/wp\/v2\/product\/1580","targetHints":{"allow":["GET"]}}],"collection":[{"href":"https:\/\/eveilintime.fr\/index.php?rest_route=\/wp\/v2\/product"}],"about":[{"href":"https:\/\/eveilintime.fr\/index.php?rest_route=\/wp\/v2\/types\/product"}],"replies":[{"embeddable":true,"href":"https:\/\/eveilintime.fr\/index.php?rest_route=%2Fwp%2Fv2%2Fcomments&post=1580"}],"version-history":[{"count":1,"href":"https:\/\/eveilintime.fr\/index.php?rest_route=\/wp\/v2\/product\/1580\/revisions"}],"predecessor-version":[{"id":1582,"href":"https:\/\/eveilintime.fr\/index.php?rest_route=\/wp\/v2\/product\/1580\/revisions\/1582"}],"wp:featuredmedia":[{"embeddable":true,"href":"https:\/\/eveilintime.fr\/index.php?rest_route=\/wp\/v2\/media\/1581"}],"wp:attachment":[{"href":"https:\/\/eveilintime.fr\/index.php?rest_route=%2Fwp%2Fv2%2Fmedia&parent=1580"}],"wp:term":[{"taxonomy":"product_brand","embeddable":true,"href":"https:\/\/eveilintime.fr\/index.php?rest_route=%2Fwp%2Fv2%2Fproduct_brand&post=1580"},{"taxonomy":"product_cat","embeddable":true,"href":"https:\/\/eveilintime.fr\/index.php?rest_route=%2Fwp%2Fv2%2Fproduct_cat&post=1580"},{"taxonomy":"product_tag","embeddable":true,"href":"https:\/\/eveilintime.fr\/index.php?rest_route=%2Fwp%2Fv2%2Fproduct_tag&post=1580"}],"curies":[{"name":"wp","href":"https:\/\/api.w.org\/{rel}","templated":true}]}}