{"id":1544,"date":"2025-10-12T15:49:55","date_gmt":"2025-10-12T15:49:55","guid":{"rendered":"https:\/\/eveilintime.fr\/?post_type=product&#038;p=1544"},"modified":"2025-10-12T15:49:55","modified_gmt":"2025-10-12T15:49:55","slug":"mini-bougie-de-massage-peche-de-vigne-boite-coeur-35ml","status":"publish","type":"product","link":"https:\/\/eveilintime.fr\/?product=mini-bougie-de-massage-peche-de-vigne-boite-coeur-35ml","title":{"rendered":"Mini bougie de massage p\u00eache de vigne bo\u00eete coeur 35ml"},"content":{"rendered":"<p>Quoi de plus beau et sensuel que la lueur d&rsquo;une bougie ? Cette tr\u00e8s belle bougie\u00a0p\u00eache de vigne est sp\u00e9cialement \u00e9tudi\u00e9e pour le massage de couple. Une forme \u00e9vocatrice d&rsquo;amour en forme de coeur d&rsquo;une bo\u00eete m\u00e9tallique et un parfum subtil de p\u00eache de vigne. Allumez cette bougie gourmande\u00a0p\u00eache de vigne et laissez la cire fondre quelques minutes qui va se transformer en huile de massage sensuelle. Versez l&rsquo;huile ti\u00e8de\u00a0p\u00eache de vigne dans votre main et massez d\u00e9licatement la peau de votre partenaire qui va lib\u00e9rer une douce fragrance de p\u00eache de vigne, un vrai voyage de campagne<br \/>\nContenance 35ml<\/p>\n","protected":false},"excerpt":{"rendered":"<p>&nbsp;<\/p>\n<p style=\"text-align: center;\"><img decoding=\"async\" class=\"alignnone size-medium wp-image-1089 lazyload\" data-src=\"https:\/\/eveilintime.fr\/wp-content\/uploads\/2025\/10\/paiement-securise-garanti-300x76.png\" alt=\"\" width=\"300\" height=\"76\" data-srcset=\"https:\/\/eveilintime.fr\/wp-content\/uploads\/2025\/10\/paiement-securise-garanti-300x76.png 300w, https:\/\/eveilintime.fr\/wp-content\/uploads\/2025\/10\/paiement-securise-garanti.png 446w\" data-sizes=\"(max-width: 300px) 100vw, 300px\" src=\"data:image\/svg+xml;base64,PHN2ZyB3aWR0aD0iMSIgaGVpZ2h0PSIxIiB4bWxucz0iaHR0cDovL3d3dy53My5vcmcvMjAwMC9zdmciPjwvc3ZnPg==\" style=\"--smush-placeholder-width: 300px; --smush-placeholder-aspect-ratio: 300\/76;\" \/><\/p>\n","protected":false},"featured_media":1545,"comment_status":"open","ping_status":"closed","template":"","meta":[],"product_brand":[],"product_cat":[127],"product_tag":[],"class_list":{"0":"post-1544","1":"product","2":"type-product","3":"status-publish","4":"has-post-thumbnail","6":"product_cat-bougie-de-massage","8":"first","9":"instock","10":"taxable","11":"shipping-taxable","12":"purchasable","13":"product-type-simple"},"yoast_head":"<!-- This site is optimized with the Yoast SEO plugin v27.1.1 - https:\/\/yoast.com\/product\/yoast-seo-wordpress\/ -->\n<title>Mini bougie de massage p\u00eache de vigne bo\u00eete coeur 35ml - \u00c9veil Intime<\/title>\n<meta name=\"robots\" content=\"index, follow, max-snippet:-1, max-image-preview:large, max-video-preview:-1\" \/>\n<link rel=\"canonical\" href=\"https:\/\/eveilintime.fr\/index.php\/produit\/mini-bougie-de-massage-peche-de-vigne-boite-coeur-35ml\/\" \/>\n<meta property=\"og:locale\" content=\"fr_FR\" \/>\n<meta property=\"og:type\" content=\"article\" \/>\n<meta property=\"og:title\" content=\"Mini bougie de massage p\u00eache de vigne bo\u00eete coeur 35ml - \u00c9veil Intime\" \/>\n<meta property=\"og:description\" content=\"&nbsp;\" \/>\n<meta property=\"og:url\" content=\"https:\/\/eveilintime.fr\/index.php\/produit\/mini-bougie-de-massage-peche-de-vigne-boite-coeur-35ml\/\" \/>\n<meta property=\"og:site_name\" content=\"\u00c9veil Intime\" \/>\n<meta property=\"og:image\" content=\"https:\/\/eveilintime.fr\/wp-content\/uploads\/2025\/10\/mini-bougie-peche.jpg\" \/>\n\t<meta property=\"og:image:width\" content=\"492\" \/>\n\t<meta property=\"og:image:height\" content=\"653\" \/>\n\t<meta property=\"og:image:type\" content=\"image\/jpeg\" \/>\n<meta name=\"twitter:card\" content=\"summary_large_image\" \/>\n<meta name=\"twitter:label1\" content=\"Dur\u00e9e de lecture estim\u00e9e\" \/>\n\t<meta name=\"twitter:data1\" content=\"1 minute\" \/>\n<script type=\"application\/ld+json\" class=\"yoast-schema-graph\">{\"@context\":\"https:\/\/schema.org\",\"@graph\":[{\"@type\":\"WebPage\",\"@id\":\"https:\/\/eveilintime.fr\/index.php\/produit\/mini-bougie-de-massage-peche-de-vigne-boite-coeur-35ml\/\",\"url\":\"https:\/\/eveilintime.fr\/index.php\/produit\/mini-bougie-de-massage-peche-de-vigne-boite-coeur-35ml\/\",\"name\":\"Mini bougie de massage p\u00eache de vigne bo\u00eete coeur 35ml - \u00c9veil Intime\",\"isPartOf\":{\"@id\":\"https:\/\/eveilintime.fr\/#website\"},\"primaryImageOfPage\":{\"@id\":\"https:\/\/eveilintime.fr\/index.php\/produit\/mini-bougie-de-massage-peche-de-vigne-boite-coeur-35ml\/#primaryimage\"},\"image\":{\"@id\":\"https:\/\/eveilintime.fr\/index.php\/produit\/mini-bougie-de-massage-peche-de-vigne-boite-coeur-35ml\/#primaryimage\"},\"thumbnailUrl\":\"https:\/\/eveilintime.fr\/wp-content\/uploads\/2025\/10\/mini-bougie-peche.jpg\",\"datePublished\":\"2025-10-12T15:49:55+00:00\",\"breadcrumb\":{\"@id\":\"https:\/\/eveilintime.fr\/index.php\/produit\/mini-bougie-de-massage-peche-de-vigne-boite-coeur-35ml\/#breadcrumb\"},\"inLanguage\":\"fr-FR\",\"potentialAction\":[{\"@type\":\"ReadAction\",\"target\":[\"https:\/\/eveilintime.fr\/index.php\/produit\/mini-bougie-de-massage-peche-de-vigne-boite-coeur-35ml\/\"]}]},{\"@type\":\"ImageObject\",\"inLanguage\":\"fr-FR\",\"@id\":\"https:\/\/eveilintime.fr\/index.php\/produit\/mini-bougie-de-massage-peche-de-vigne-boite-coeur-35ml\/#primaryimage\",\"url\":\"https:\/\/eveilintime.fr\/wp-content\/uploads\/2025\/10\/mini-bougie-peche.jpg\",\"contentUrl\":\"https:\/\/eveilintime.fr\/wp-content\/uploads\/2025\/10\/mini-bougie-peche.jpg\",\"width\":492,\"height\":653},{\"@type\":\"BreadcrumbList\",\"@id\":\"https:\/\/eveilintime.fr\/index.php\/produit\/mini-bougie-de-massage-peche-de-vigne-boite-coeur-35ml\/#breadcrumb\",\"itemListElement\":[{\"@type\":\"ListItem\",\"position\":1,\"name\":\"Accueil\",\"item\":\"https:\/\/eveilintime.fr\/\"},{\"@type\":\"ListItem\",\"position\":2,\"name\":\"Boutique\",\"item\":\"https:\/\/eveilintime.fr\/?page_id=8\"},{\"@type\":\"ListItem\",\"position\":3,\"name\":\"Mini bougie de massage p\u00eache de vigne bo\u00eete coeur 35ml\"}]},{\"@type\":\"WebSite\",\"@id\":\"https:\/\/eveilintime.fr\/#website\",\"url\":\"https:\/\/eveilintime.fr\/\",\"name\":\"\u00c9veilintime\",\"description\":\"Parce que l&#039;intime m\u00e9rite l&#039;\u00e9l\u00e9gance\",\"publisher\":{\"@id\":\"https:\/\/eveilintime.fr\/#organization\"},\"potentialAction\":[{\"@type\":\"SearchAction\",\"target\":{\"@type\":\"EntryPoint\",\"urlTemplate\":\"https:\/\/eveilintime.fr\/?s={search_term_string}\"},\"query-input\":{\"@type\":\"PropertyValueSpecification\",\"valueRequired\":true,\"valueName\":\"search_term_string\"}}],\"inLanguage\":\"fr-FR\"},{\"@type\":\"Organization\",\"@id\":\"https:\/\/eveilintime.fr\/#organization\",\"name\":\"\u00c9veilintime\",\"url\":\"https:\/\/eveilintime.fr\/\",\"logo\":{\"@type\":\"ImageObject\",\"inLanguage\":\"fr-FR\",\"@id\":\"https:\/\/eveilintime.fr\/#\/schema\/logo\/image\/\",\"url\":\"https:\/\/eveilintime.fr\/wp-content\/uploads\/2025\/09\/logo-Eveil-Intime.png\",\"contentUrl\":\"https:\/\/eveilintime.fr\/wp-content\/uploads\/2025\/09\/logo-Eveil-Intime.png\",\"width\":417,\"height\":160,\"caption\":\"\u00c9veilintime\"},\"image\":{\"@id\":\"https:\/\/eveilintime.fr\/#\/schema\/logo\/image\/\"}}]}<\/script>\n<!-- \/ Yoast SEO plugin. -->","yoast_head_json":{"title":"Mini bougie de massage p\u00eache de vigne bo\u00eete coeur 35ml - \u00c9veil Intime","robots":{"index":"index","follow":"follow","max-snippet":"max-snippet:-1","max-image-preview":"max-image-preview:large","max-video-preview":"max-video-preview:-1"},"canonical":"https:\/\/eveilintime.fr\/index.php\/produit\/mini-bougie-de-massage-peche-de-vigne-boite-coeur-35ml\/","og_locale":"fr_FR","og_type":"article","og_title":"Mini bougie de massage p\u00eache de vigne bo\u00eete coeur 35ml - \u00c9veil Intime","og_description":"&nbsp;","og_url":"https:\/\/eveilintime.fr\/index.php\/produit\/mini-bougie-de-massage-peche-de-vigne-boite-coeur-35ml\/","og_site_name":"\u00c9veil Intime","og_image":[{"width":492,"height":653,"url":"https:\/\/eveilintime.fr\/wp-content\/uploads\/2025\/10\/mini-bougie-peche.jpg","type":"image\/jpeg"}],"twitter_card":"summary_large_image","twitter_misc":{"Dur\u00e9e de lecture estim\u00e9e":"1 minute"},"schema":{"@context":"https:\/\/schema.org","@graph":[{"@type":"WebPage","@id":"https:\/\/eveilintime.fr\/index.php\/produit\/mini-bougie-de-massage-peche-de-vigne-boite-coeur-35ml\/","url":"https:\/\/eveilintime.fr\/index.php\/produit\/mini-bougie-de-massage-peche-de-vigne-boite-coeur-35ml\/","name":"Mini bougie de massage p\u00eache de vigne bo\u00eete coeur 35ml - \u00c9veil Intime","isPartOf":{"@id":"https:\/\/eveilintime.fr\/#website"},"primaryImageOfPage":{"@id":"https:\/\/eveilintime.fr\/index.php\/produit\/mini-bougie-de-massage-peche-de-vigne-boite-coeur-35ml\/#primaryimage"},"image":{"@id":"https:\/\/eveilintime.fr\/index.php\/produit\/mini-bougie-de-massage-peche-de-vigne-boite-coeur-35ml\/#primaryimage"},"thumbnailUrl":"https:\/\/eveilintime.fr\/wp-content\/uploads\/2025\/10\/mini-bougie-peche.jpg","datePublished":"2025-10-12T15:49:55+00:00","breadcrumb":{"@id":"https:\/\/eveilintime.fr\/index.php\/produit\/mini-bougie-de-massage-peche-de-vigne-boite-coeur-35ml\/#breadcrumb"},"inLanguage":"fr-FR","potentialAction":[{"@type":"ReadAction","target":["https:\/\/eveilintime.fr\/index.php\/produit\/mini-bougie-de-massage-peche-de-vigne-boite-coeur-35ml\/"]}]},{"@type":"ImageObject","inLanguage":"fr-FR","@id":"https:\/\/eveilintime.fr\/index.php\/produit\/mini-bougie-de-massage-peche-de-vigne-boite-coeur-35ml\/#primaryimage","url":"https:\/\/eveilintime.fr\/wp-content\/uploads\/2025\/10\/mini-bougie-peche.jpg","contentUrl":"https:\/\/eveilintime.fr\/wp-content\/uploads\/2025\/10\/mini-bougie-peche.jpg","width":492,"height":653},{"@type":"BreadcrumbList","@id":"https:\/\/eveilintime.fr\/index.php\/produit\/mini-bougie-de-massage-peche-de-vigne-boite-coeur-35ml\/#breadcrumb","itemListElement":[{"@type":"ListItem","position":1,"name":"Accueil","item":"https:\/\/eveilintime.fr\/"},{"@type":"ListItem","position":2,"name":"Boutique","item":"https:\/\/eveilintime.fr\/?page_id=8"},{"@type":"ListItem","position":3,"name":"Mini bougie de massage p\u00eache de vigne bo\u00eete coeur 35ml"}]},{"@type":"WebSite","@id":"https:\/\/eveilintime.fr\/#website","url":"https:\/\/eveilintime.fr\/","name":"\u00c9veilintime","description":"Parce que l&#039;intime m\u00e9rite l&#039;\u00e9l\u00e9gance","publisher":{"@id":"https:\/\/eveilintime.fr\/#organization"},"potentialAction":[{"@type":"SearchAction","target":{"@type":"EntryPoint","urlTemplate":"https:\/\/eveilintime.fr\/?s={search_term_string}"},"query-input":{"@type":"PropertyValueSpecification","valueRequired":true,"valueName":"search_term_string"}}],"inLanguage":"fr-FR"},{"@type":"Organization","@id":"https:\/\/eveilintime.fr\/#organization","name":"\u00c9veilintime","url":"https:\/\/eveilintime.fr\/","logo":{"@type":"ImageObject","inLanguage":"fr-FR","@id":"https:\/\/eveilintime.fr\/#\/schema\/logo\/image\/","url":"https:\/\/eveilintime.fr\/wp-content\/uploads\/2025\/09\/logo-Eveil-Intime.png","contentUrl":"https:\/\/eveilintime.fr\/wp-content\/uploads\/2025\/09\/logo-Eveil-Intime.png","width":417,"height":160,"caption":"\u00c9veilintime"},"image":{"@id":"https:\/\/eveilintime.fr\/#\/schema\/logo\/image\/"}}]}},"jetpack_sharing_enabled":true,"_links":{"self":[{"href":"https:\/\/eveilintime.fr\/index.php?rest_route=\/wp\/v2\/product\/1544","targetHints":{"allow":["GET"]}}],"collection":[{"href":"https:\/\/eveilintime.fr\/index.php?rest_route=\/wp\/v2\/product"}],"about":[{"href":"https:\/\/eveilintime.fr\/index.php?rest_route=\/wp\/v2\/types\/product"}],"replies":[{"embeddable":true,"href":"https:\/\/eveilintime.fr\/index.php?rest_route=%2Fwp%2Fv2%2Fcomments&post=1544"}],"version-history":[{"count":1,"href":"https:\/\/eveilintime.fr\/index.php?rest_route=\/wp\/v2\/product\/1544\/revisions"}],"predecessor-version":[{"id":1546,"href":"https:\/\/eveilintime.fr\/index.php?rest_route=\/wp\/v2\/product\/1544\/revisions\/1546"}],"wp:featuredmedia":[{"embeddable":true,"href":"https:\/\/eveilintime.fr\/index.php?rest_route=\/wp\/v2\/media\/1545"}],"wp:attachment":[{"href":"https:\/\/eveilintime.fr\/index.php?rest_route=%2Fwp%2Fv2%2Fmedia&parent=1544"}],"wp:term":[{"taxonomy":"product_brand","embeddable":true,"href":"https:\/\/eveilintime.fr\/index.php?rest_route=%2Fwp%2Fv2%2Fproduct_brand&post=1544"},{"taxonomy":"product_cat","embeddable":true,"href":"https:\/\/eveilintime.fr\/index.php?rest_route=%2Fwp%2Fv2%2Fproduct_cat&post=1544"},{"taxonomy":"product_tag","embeddable":true,"href":"https:\/\/eveilintime.fr\/index.php?rest_route=%2Fwp%2Fv2%2Fproduct_tag&post=1544"}],"curies":[{"name":"wp","href":"https:\/\/api.w.org\/{rel}","templated":true}]}}