{"id":1513,"date":"2025-10-12T15:42:44","date_gmt":"2025-10-12T15:42:44","guid":{"rendered":"https:\/\/eveilintime.fr\/?post_type=product&#038;p=1513"},"modified":"2025-10-12T15:42:44","modified_gmt":"2025-10-12T15:42:44","slug":"lubrifiant-anal-premium-longue-duree-150-ml-satisfyer","status":"publish","type":"product","link":"https:\/\/eveilintime.fr\/?product=lubrifiant-anal-premium-longue-duree-150-ml-satisfyer","title":{"rendered":"Lubrifiant anal premium longue dur\u00e9e 150 ml Satisfyer"},"content":{"rendered":"<section id=\"DESCRIPTION\" class=\"elementor-element elementor-element-7824a04e elementor-widget-nav-menu elementor-section-tabbed elementor-section-boxed elementor-section-height-default elementor-section-height-default elementor-section elementor-top-section\" data-id=\"7824a04e\" data-element_type=\"section\">\n<div class=\"elementor-container elementor-column-gap-default\">\n<div class=\"elementor-row\">\n<div class=\"elementor-element elementor-element-23d0278 description elementor-column elementor-col-100 elementor-top-column elementor-active\" data-id=\"23d0278\" data-element_type=\"column\">\n<div class=\"elementor-column-wrap elementor-element-populated\">\n<div class=\"elementor-widget-wrap\">\n<div class=\"elementor-element elementor-element-2c16be9 elementor-widget elementor-widget-product-description elementor-widget-text-editor\" data-id=\"2c16be9\" data-element_type=\"widget\" data-widget_type=\"product-description.default\">\n<div class=\"elementor-widget-container\">\n<p>Le\u00a0<strong>Satisfyer Booty Silicone 150 ml<\/strong>\u00a0est un lubrifiant intime sp\u00e9cialement formul\u00e9 pour le\u00a0<strong>plaisir anal<\/strong>. Sa texture douce et soyeuse, \u00e0 base de silicone haut de gamme, garantit une glisse longue dur\u00e9e qui ne s\u00e8che pas et ne n\u00e9cessite pas de r\u00e9application fr\u00e9quente.<\/p>\n<p>Con\u00e7u pour apporter\u00a0<strong>confort, s\u00e9curit\u00e9 et intensit\u00e9<\/strong>, il r\u00e9duit efficacement les frottements et prot\u00e8ge la peau d\u00e9licate, permettant ainsi d\u2019explorer ses envies intimes en toute s\u00e9r\u00e9nit\u00e9.<\/p>\n<p><strong>Atouts du lubrifiant Booty Silicone :<\/strong><\/p>\n<ul>\n<li>Formule haut de gamme \u00e0 base de silicone<\/li>\n<li><strong>Effet longue dur\u00e9e<\/strong>\u00a0: ne s\u00e8che pas, pas de r\u00e9application n\u00e9cessaire<\/li>\n<li>Texture douce et protectrice, id\u00e9ale pour le plaisir anal<\/li>\n<li>R\u00e9duction des frottements pour plus de confort<\/li>\n<li>Compatible avec les pr\u00e9servatifs en latex<\/li>\n<li>D\u00e9conseill\u00e9 avec les sextoys en silicone<\/li>\n<li>Id\u00e9al pour des jeux intenses et prolong\u00e9s<\/li>\n<\/ul>\n<p><strong>Conseils d\u2019utilisation :<\/strong><\/p>\n<ul>\n<li>Appliquez une petite quantit\u00e9 sur la zone souhait\u00e9e ou sur un pr\u00e9servatif.<\/li>\n<li>Gr\u00e2ce \u00e0 sa formule r\u00e9sistante, il reste en place longtemps pour une glisse continue et agr\u00e9able.<\/li>\n<\/ul>\n<p><strong>Ingr\u00e9dients (INCI) :<\/strong>\u00a0Dim\u00e9thicone, Cyclopentasiloxane, Dim\u00e9thiconol.<\/p>\n<p><strong>Contenance :<\/strong>\u00a0Flacon 150 ml.<\/p>\n<\/div>\n<\/div>\n<\/div>\n<\/div>\n<\/div>\n<div class=\"elementor-element elementor-element-4c7aa620 elementor-column elementor-col-100 elementor-top-column\" data-id=\"4c7aa620\" data-element_type=\"column\">\n<div class=\"elementor-column-wrap elementor-element-populated\">\n<div class=\"elementor-widget-wrap\">\n<div class=\"elementor-element elementor-element-65d3c23 elementor-widget elementor-widget-product-features elementor-widget-heading\" data-id=\"65d3c23\" data-element_type=\"widget\" data-widget_type=\"product-features.default\">\n<div class=\"elementor-widget-container\">\n<table class=\"ce-product-features\">\n<tbody>\n<tr class=\"ce-product-features__row\">\n<th class=\"ce-product-features__label\"><\/th>\n<td class=\"ce-product-features__value\"><\/td>\n<\/tr>\n<\/tbody>\n<\/table>\n<\/div>\n<\/div>\n<\/div>\n<\/div>\n<\/div>\n<\/div>\n<\/div>\n<\/section>\n<section class=\"elementor-element elementor-element-78a1835 elementor-section-boxed elementor-section-height-default elementor-section-height-default elementor-section elementor-top-section\" data-id=\"78a1835\" data-element_type=\"section\">\n<div class=\"elementor-container elementor-column-gap-default\">\n<div class=\"elementor-row\">\n<div class=\"elementor-element elementor-element-e9f2151 elementor-column elementor-col-100 elementor-top-column\" data-id=\"e9f2151\" data-element_type=\"column\">\n<div class=\"elementor-column-wrap elementor-element-populated\">\n<div class=\"elementor-widget-wrap\">\n<div class=\"elementor-element elementor-element-4ac083b elementor-widget elementor-widget-spacer\" data-id=\"4ac083b\" data-element_type=\"widget\" data-widget_type=\"spacer.default\">\n<div class=\"elementor-widget-container\">\n<div class=\"elementor-spacer\"><\/div>\n<\/div>\n<\/div>\n<\/div>\n<\/div>\n<\/div>\n<\/div>\n<\/div>\n<\/section>\n","protected":false},"excerpt":{"rendered":"<p>Lubrifiant anal silicone Satisfyer 150 ml : glisse soyeuse, durable et s\u00e9curis\u00e9e pour des plaisirs intenses, de votre distributeur Satisfyer cosm\u00e9tiques \u00e9rotiques.<\/p>\n<p>&nbsp;<\/p>\n<p style=\"text-align: center;\"><img decoding=\"async\" class=\"alignnone size-medium wp-image-1089 lazyload\" data-src=\"https:\/\/eveilintime.fr\/wp-content\/uploads\/2025\/10\/paiement-securise-garanti-300x76.png\" alt=\"\" width=\"300\" height=\"76\" data-srcset=\"https:\/\/eveilintime.fr\/wp-content\/uploads\/2025\/10\/paiement-securise-garanti-300x76.png 300w, https:\/\/eveilintime.fr\/wp-content\/uploads\/2025\/10\/paiement-securise-garanti.png 446w\" data-sizes=\"(max-width: 300px) 100vw, 300px\" src=\"data:image\/svg+xml;base64,PHN2ZyB3aWR0aD0iMSIgaGVpZ2h0PSIxIiB4bWxucz0iaHR0cDovL3d3dy53My5vcmcvMjAwMC9zdmciPjwvc3ZnPg==\" style=\"--smush-placeholder-width: 300px; --smush-placeholder-aspect-ratio: 300\/76;\" \/><\/p>\n","protected":false},"featured_media":1514,"comment_status":"open","ping_status":"closed","template":"","meta":[],"product_brand":[],"product_cat":[66],"product_tag":[],"class_list":{"0":"post-1513","1":"product","2":"type-product","3":"status-publish","4":"has-post-thumbnail","6":"product_cat-lubrifiant-creme-aphrodisiaque","8":"first","9":"instock","10":"taxable","11":"shipping-taxable","12":"purchasable","13":"product-type-simple"},"yoast_head":"<!-- This site is optimized with the Yoast SEO plugin v27.1.1 - https:\/\/yoast.com\/product\/yoast-seo-wordpress\/ -->\n<title>Lubrifiant anal premium longue dur\u00e9e 150 ml Satisfyer - \u00c9veil Intime<\/title>\n<meta name=\"description\" content=\"Lubrifiant anal silicone Satisfyer 150 ml : glisse soyeuse, durable et s\u00e9curis\u00e9e pour des plaisirs intenses, de votre distributeur Satisfyer.\" \/>\n<meta name=\"robots\" content=\"index, follow, max-snippet:-1, max-image-preview:large, max-video-preview:-1\" \/>\n<link rel=\"canonical\" href=\"https:\/\/eveilintime.fr\/index.php\/produit\/lubrifiant-anal-premium-longue-duree-150-ml-satisfyer\/\" \/>\n<meta property=\"og:locale\" content=\"fr_FR\" \/>\n<meta property=\"og:type\" content=\"article\" \/>\n<meta property=\"og:title\" content=\"Lubrifiant anal premium longue dur\u00e9e 150 ml Satisfyer - \u00c9veil Intime\" \/>\n<meta property=\"og:description\" content=\"Lubrifiant anal silicone Satisfyer 150 ml : glisse soyeuse, durable et s\u00e9curis\u00e9e pour des plaisirs intenses, de votre distributeur Satisfyer.\" \/>\n<meta property=\"og:url\" content=\"https:\/\/eveilintime.fr\/index.php\/produit\/lubrifiant-anal-premium-longue-duree-150-ml-satisfyer\/\" \/>\n<meta property=\"og:site_name\" content=\"\u00c9veil Intime\" \/>\n<meta property=\"og:image\" content=\"https:\/\/eveilintime.fr\/wp-content\/uploads\/2025\/10\/lubrifiant-silicone-anal-150-ml-satisfyer-cc597078.png\" \/>\n\t<meta property=\"og:image:width\" content=\"800\" \/>\n\t<meta property=\"og:image:height\" content=\"800\" \/>\n\t<meta property=\"og:image:type\" content=\"image\/png\" \/>\n<meta name=\"twitter:card\" content=\"summary_large_image\" \/>\n<meta name=\"twitter:label1\" content=\"Dur\u00e9e de lecture estim\u00e9e\" \/>\n\t<meta name=\"twitter:data1\" content=\"2 minutes\" \/>\n<script type=\"application\/ld+json\" class=\"yoast-schema-graph\">{\"@context\":\"https:\/\/schema.org\",\"@graph\":[{\"@type\":\"WebPage\",\"@id\":\"https:\/\/eveilintime.fr\/index.php\/produit\/lubrifiant-anal-premium-longue-duree-150-ml-satisfyer\/\",\"url\":\"https:\/\/eveilintime.fr\/index.php\/produit\/lubrifiant-anal-premium-longue-duree-150-ml-satisfyer\/\",\"name\":\"Lubrifiant anal premium longue dur\u00e9e 150 ml Satisfyer - \u00c9veil Intime\",\"isPartOf\":{\"@id\":\"https:\/\/eveilintime.fr\/#website\"},\"primaryImageOfPage\":{\"@id\":\"https:\/\/eveilintime.fr\/index.php\/produit\/lubrifiant-anal-premium-longue-duree-150-ml-satisfyer\/#primaryimage\"},\"image\":{\"@id\":\"https:\/\/eveilintime.fr\/index.php\/produit\/lubrifiant-anal-premium-longue-duree-150-ml-satisfyer\/#primaryimage\"},\"thumbnailUrl\":\"https:\/\/eveilintime.fr\/wp-content\/uploads\/2025\/10\/lubrifiant-silicone-anal-150-ml-satisfyer-cc597078.png\",\"datePublished\":\"2025-10-12T15:42:44+00:00\",\"description\":\"Lubrifiant anal silicone Satisfyer 150 ml : glisse soyeuse, durable et s\u00e9curis\u00e9e pour des plaisirs intenses, de votre distributeur Satisfyer.\",\"breadcrumb\":{\"@id\":\"https:\/\/eveilintime.fr\/index.php\/produit\/lubrifiant-anal-premium-longue-duree-150-ml-satisfyer\/#breadcrumb\"},\"inLanguage\":\"fr-FR\",\"potentialAction\":[{\"@type\":\"ReadAction\",\"target\":[\"https:\/\/eveilintime.fr\/index.php\/produit\/lubrifiant-anal-premium-longue-duree-150-ml-satisfyer\/\"]}]},{\"@type\":\"ImageObject\",\"inLanguage\":\"fr-FR\",\"@id\":\"https:\/\/eveilintime.fr\/index.php\/produit\/lubrifiant-anal-premium-longue-duree-150-ml-satisfyer\/#primaryimage\",\"url\":\"https:\/\/eveilintime.fr\/wp-content\/uploads\/2025\/10\/lubrifiant-silicone-anal-150-ml-satisfyer-cc597078.png\",\"contentUrl\":\"https:\/\/eveilintime.fr\/wp-content\/uploads\/2025\/10\/lubrifiant-silicone-anal-150-ml-satisfyer-cc597078.png\",\"width\":800,\"height\":800},{\"@type\":\"BreadcrumbList\",\"@id\":\"https:\/\/eveilintime.fr\/index.php\/produit\/lubrifiant-anal-premium-longue-duree-150-ml-satisfyer\/#breadcrumb\",\"itemListElement\":[{\"@type\":\"ListItem\",\"position\":1,\"name\":\"Accueil\",\"item\":\"https:\/\/eveilintime.fr\/\"},{\"@type\":\"ListItem\",\"position\":2,\"name\":\"Boutique\",\"item\":\"https:\/\/eveilintime.fr\/?page_id=8\"},{\"@type\":\"ListItem\",\"position\":3,\"name\":\"Lubrifiant anal premium longue dur\u00e9e 150 ml Satisfyer\"}]},{\"@type\":\"WebSite\",\"@id\":\"https:\/\/eveilintime.fr\/#website\",\"url\":\"https:\/\/eveilintime.fr\/\",\"name\":\"\u00c9veilintime\",\"description\":\"Parce que l&#039;intime m\u00e9rite l&#039;\u00e9l\u00e9gance\",\"publisher\":{\"@id\":\"https:\/\/eveilintime.fr\/#organization\"},\"potentialAction\":[{\"@type\":\"SearchAction\",\"target\":{\"@type\":\"EntryPoint\",\"urlTemplate\":\"https:\/\/eveilintime.fr\/?s={search_term_string}\"},\"query-input\":{\"@type\":\"PropertyValueSpecification\",\"valueRequired\":true,\"valueName\":\"search_term_string\"}}],\"inLanguage\":\"fr-FR\"},{\"@type\":\"Organization\",\"@id\":\"https:\/\/eveilintime.fr\/#organization\",\"name\":\"\u00c9veilintime\",\"url\":\"https:\/\/eveilintime.fr\/\",\"logo\":{\"@type\":\"ImageObject\",\"inLanguage\":\"fr-FR\",\"@id\":\"https:\/\/eveilintime.fr\/#\/schema\/logo\/image\/\",\"url\":\"https:\/\/eveilintime.fr\/wp-content\/uploads\/2025\/09\/logo-Eveil-Intime.png\",\"contentUrl\":\"https:\/\/eveilintime.fr\/wp-content\/uploads\/2025\/09\/logo-Eveil-Intime.png\",\"width\":417,\"height\":160,\"caption\":\"\u00c9veilintime\"},\"image\":{\"@id\":\"https:\/\/eveilintime.fr\/#\/schema\/logo\/image\/\"}}]}<\/script>\n<!-- \/ Yoast SEO plugin. -->","yoast_head_json":{"title":"Lubrifiant anal premium longue dur\u00e9e 150 ml Satisfyer - \u00c9veil Intime","description":"Lubrifiant anal silicone Satisfyer 150 ml : glisse soyeuse, durable et s\u00e9curis\u00e9e pour des plaisirs intenses, de votre distributeur Satisfyer.","robots":{"index":"index","follow":"follow","max-snippet":"max-snippet:-1","max-image-preview":"max-image-preview:large","max-video-preview":"max-video-preview:-1"},"canonical":"https:\/\/eveilintime.fr\/index.php\/produit\/lubrifiant-anal-premium-longue-duree-150-ml-satisfyer\/","og_locale":"fr_FR","og_type":"article","og_title":"Lubrifiant anal premium longue dur\u00e9e 150 ml Satisfyer - \u00c9veil Intime","og_description":"Lubrifiant anal silicone Satisfyer 150 ml : glisse soyeuse, durable et s\u00e9curis\u00e9e pour des plaisirs intenses, de votre distributeur Satisfyer.","og_url":"https:\/\/eveilintime.fr\/index.php\/produit\/lubrifiant-anal-premium-longue-duree-150-ml-satisfyer\/","og_site_name":"\u00c9veil Intime","og_image":[{"width":800,"height":800,"url":"https:\/\/eveilintime.fr\/wp-content\/uploads\/2025\/10\/lubrifiant-silicone-anal-150-ml-satisfyer-cc597078.png","type":"image\/png"}],"twitter_card":"summary_large_image","twitter_misc":{"Dur\u00e9e de lecture estim\u00e9e":"2 minutes"},"schema":{"@context":"https:\/\/schema.org","@graph":[{"@type":"WebPage","@id":"https:\/\/eveilintime.fr\/index.php\/produit\/lubrifiant-anal-premium-longue-duree-150-ml-satisfyer\/","url":"https:\/\/eveilintime.fr\/index.php\/produit\/lubrifiant-anal-premium-longue-duree-150-ml-satisfyer\/","name":"Lubrifiant anal premium longue dur\u00e9e 150 ml Satisfyer - \u00c9veil Intime","isPartOf":{"@id":"https:\/\/eveilintime.fr\/#website"},"primaryImageOfPage":{"@id":"https:\/\/eveilintime.fr\/index.php\/produit\/lubrifiant-anal-premium-longue-duree-150-ml-satisfyer\/#primaryimage"},"image":{"@id":"https:\/\/eveilintime.fr\/index.php\/produit\/lubrifiant-anal-premium-longue-duree-150-ml-satisfyer\/#primaryimage"},"thumbnailUrl":"https:\/\/eveilintime.fr\/wp-content\/uploads\/2025\/10\/lubrifiant-silicone-anal-150-ml-satisfyer-cc597078.png","datePublished":"2025-10-12T15:42:44+00:00","description":"Lubrifiant anal silicone Satisfyer 150 ml : glisse soyeuse, durable et s\u00e9curis\u00e9e pour des plaisirs intenses, de votre distributeur Satisfyer.","breadcrumb":{"@id":"https:\/\/eveilintime.fr\/index.php\/produit\/lubrifiant-anal-premium-longue-duree-150-ml-satisfyer\/#breadcrumb"},"inLanguage":"fr-FR","potentialAction":[{"@type":"ReadAction","target":["https:\/\/eveilintime.fr\/index.php\/produit\/lubrifiant-anal-premium-longue-duree-150-ml-satisfyer\/"]}]},{"@type":"ImageObject","inLanguage":"fr-FR","@id":"https:\/\/eveilintime.fr\/index.php\/produit\/lubrifiant-anal-premium-longue-duree-150-ml-satisfyer\/#primaryimage","url":"https:\/\/eveilintime.fr\/wp-content\/uploads\/2025\/10\/lubrifiant-silicone-anal-150-ml-satisfyer-cc597078.png","contentUrl":"https:\/\/eveilintime.fr\/wp-content\/uploads\/2025\/10\/lubrifiant-silicone-anal-150-ml-satisfyer-cc597078.png","width":800,"height":800},{"@type":"BreadcrumbList","@id":"https:\/\/eveilintime.fr\/index.php\/produit\/lubrifiant-anal-premium-longue-duree-150-ml-satisfyer\/#breadcrumb","itemListElement":[{"@type":"ListItem","position":1,"name":"Accueil","item":"https:\/\/eveilintime.fr\/"},{"@type":"ListItem","position":2,"name":"Boutique","item":"https:\/\/eveilintime.fr\/?page_id=8"},{"@type":"ListItem","position":3,"name":"Lubrifiant anal premium longue dur\u00e9e 150 ml Satisfyer"}]},{"@type":"WebSite","@id":"https:\/\/eveilintime.fr\/#website","url":"https:\/\/eveilintime.fr\/","name":"\u00c9veilintime","description":"Parce que l&#039;intime m\u00e9rite l&#039;\u00e9l\u00e9gance","publisher":{"@id":"https:\/\/eveilintime.fr\/#organization"},"potentialAction":[{"@type":"SearchAction","target":{"@type":"EntryPoint","urlTemplate":"https:\/\/eveilintime.fr\/?s={search_term_string}"},"query-input":{"@type":"PropertyValueSpecification","valueRequired":true,"valueName":"search_term_string"}}],"inLanguage":"fr-FR"},{"@type":"Organization","@id":"https:\/\/eveilintime.fr\/#organization","name":"\u00c9veilintime","url":"https:\/\/eveilintime.fr\/","logo":{"@type":"ImageObject","inLanguage":"fr-FR","@id":"https:\/\/eveilintime.fr\/#\/schema\/logo\/image\/","url":"https:\/\/eveilintime.fr\/wp-content\/uploads\/2025\/09\/logo-Eveil-Intime.png","contentUrl":"https:\/\/eveilintime.fr\/wp-content\/uploads\/2025\/09\/logo-Eveil-Intime.png","width":417,"height":160,"caption":"\u00c9veilintime"},"image":{"@id":"https:\/\/eveilintime.fr\/#\/schema\/logo\/image\/"}}]}},"jetpack_sharing_enabled":true,"_links":{"self":[{"href":"https:\/\/eveilintime.fr\/index.php?rest_route=\/wp\/v2\/product\/1513","targetHints":{"allow":["GET"]}}],"collection":[{"href":"https:\/\/eveilintime.fr\/index.php?rest_route=\/wp\/v2\/product"}],"about":[{"href":"https:\/\/eveilintime.fr\/index.php?rest_route=\/wp\/v2\/types\/product"}],"replies":[{"embeddable":true,"href":"https:\/\/eveilintime.fr\/index.php?rest_route=%2Fwp%2Fv2%2Fcomments&post=1513"}],"version-history":[{"count":1,"href":"https:\/\/eveilintime.fr\/index.php?rest_route=\/wp\/v2\/product\/1513\/revisions"}],"predecessor-version":[{"id":1515,"href":"https:\/\/eveilintime.fr\/index.php?rest_route=\/wp\/v2\/product\/1513\/revisions\/1515"}],"wp:featuredmedia":[{"embeddable":true,"href":"https:\/\/eveilintime.fr\/index.php?rest_route=\/wp\/v2\/media\/1514"}],"wp:attachment":[{"href":"https:\/\/eveilintime.fr\/index.php?rest_route=%2Fwp%2Fv2%2Fmedia&parent=1513"}],"wp:term":[{"taxonomy":"product_brand","embeddable":true,"href":"https:\/\/eveilintime.fr\/index.php?rest_route=%2Fwp%2Fv2%2Fproduct_brand&post=1513"},{"taxonomy":"product_cat","embeddable":true,"href":"https:\/\/eveilintime.fr\/index.php?rest_route=%2Fwp%2Fv2%2Fproduct_cat&post=1513"},{"taxonomy":"product_tag","embeddable":true,"href":"https:\/\/eveilintime.fr\/index.php?rest_route=%2Fwp%2Fv2%2Fproduct_tag&post=1513"}],"curies":[{"name":"wp","href":"https:\/\/api.w.org\/{rel}","templated":true}]}}