{"id":1446,"date":"2025-10-08T22:40:34","date_gmt":"2025-10-08T22:40:34","guid":{"rendered":"https:\/\/eveilintime.fr\/?post_type=product&#038;p=1446"},"modified":"2025-10-09T00:36:39","modified_gmt":"2025-10-09T00:36:39","slug":"menottes-poignets-et-chevilles-en-croix","status":"publish","type":"product","link":"https:\/\/eveilintime.fr\/?product=menottes-poignets-et-chevilles-en-croix","title":{"rendered":"Menottes poignets et chevilles en croix"},"content":{"rendered":"<p>4 menottes distinctes avec mousqueton et r\u00e9glages de la taille. Ces menottes de poignets et chevilles sont tr\u00e8s douces pour que le confort soit conserv\u00e9. Une s\u00e9rie d&rsquo;anneaux mont\u00e9s en croix permettrons l&rsquo;accroche des menottes pour une position d&rsquo;immobilisation, les possibilit\u00e9s sont nombreuses et les menottes utilisables pour d&rsquo;autres jeux coquins<br \/>\nUn masque est offert.<br \/>\n<span id=\"caracteristiques\"><br \/>\nComposition Nylon &amp; m\u00e9tal<\/span><\/p>\n<p>Taille unique<\/p>\n","protected":false},"excerpt":{"rendered":"<p>4 menottes distinctes avec mousqueton et r\u00e9glages de la taille. Ces menottes de poignets et chevilles sont tr\u00e8s douces pour que le confort soit conserv\u00e9. Une s\u00e9rie d&rsquo;anneaux mont\u00e9s en croix permettrons l&rsquo;accroche des menottes pour une position d&rsquo;immobilisation, les possibilit\u00e9s sont nombreuses et les menottes utilisables pour d&rsquo;autres jeux coquins Un masque est offert. [&hellip;]<\/p>\n","protected":false},"featured_media":1449,"comment_status":"open","ping_status":"closed","template":"","meta":[],"product_brand":[],"product_cat":[119],"product_tag":[],"class_list":{"0":"post-1446","1":"product","2":"type-product","3":"status-publish","4":"has-post-thumbnail","6":"product_cat-menottes-et-balancoire","8":"first","9":"instock","10":"taxable","11":"shipping-taxable","12":"purchasable","13":"product-type-simple"},"yoast_head":"<!-- This site is optimized with the Yoast SEO plugin v27.1.1 - https:\/\/yoast.com\/product\/yoast-seo-wordpress\/ -->\n<title>Menottes poignets et chevilles en croix - \u00c9veil Intime<\/title>\n<meta name=\"robots\" content=\"index, follow, max-snippet:-1, max-image-preview:large, max-video-preview:-1\" \/>\n<link rel=\"canonical\" href=\"https:\/\/eveilintime.fr\/index.php\/produit\/menottes-poignets-et-chevilles-en-croix\/\" \/>\n<meta property=\"og:locale\" content=\"fr_FR\" \/>\n<meta property=\"og:type\" content=\"article\" \/>\n<meta property=\"og:title\" content=\"Menottes poignets et chevilles en croix - \u00c9veil Intime\" \/>\n<meta property=\"og:description\" content=\"4 menottes distinctes avec mousqueton et r\u00e9glages de la taille. Ces menottes de poignets et chevilles sont tr\u00e8s douces pour que le confort soit conserv\u00e9. Une s\u00e9rie d&rsquo;anneaux mont\u00e9s en croix permettrons l&rsquo;accroche des menottes pour une position d&rsquo;immobilisation, les possibilit\u00e9s sont nombreuses et les menottes utilisables pour d&rsquo;autres jeux coquins Un masque est offert. [&hellip;]\" \/>\n<meta property=\"og:url\" content=\"https:\/\/eveilintime.fr\/index.php\/produit\/menottes-poignets-et-chevilles-en-croix\/\" \/>\n<meta property=\"og:site_name\" content=\"\u00c9veil Intime\" \/>\n<meta property=\"article:modified_time\" content=\"2025-10-09T00:36:39+00:00\" \/>\n<meta property=\"og:image\" content=\"https:\/\/eveilintime.fr\/wp-content\/uploads\/2025\/10\/menottes-poignets-et-chevilles-en-croix.jpg\" \/>\n\t<meta property=\"og:image:width\" content=\"492\" \/>\n\t<meta property=\"og:image:height\" content=\"653\" \/>\n\t<meta property=\"og:image:type\" content=\"image\/jpeg\" \/>\n<meta name=\"twitter:card\" content=\"summary_large_image\" \/>\n<meta name=\"twitter:label1\" content=\"Dur\u00e9e de lecture estim\u00e9e\" \/>\n\t<meta name=\"twitter:data1\" content=\"1 minute\" \/>\n<script type=\"application\/ld+json\" class=\"yoast-schema-graph\">{\"@context\":\"https:\/\/schema.org\",\"@graph\":[{\"@type\":\"WebPage\",\"@id\":\"https:\/\/eveilintime.fr\/index.php\/produit\/menottes-poignets-et-chevilles-en-croix\/\",\"url\":\"https:\/\/eveilintime.fr\/index.php\/produit\/menottes-poignets-et-chevilles-en-croix\/\",\"name\":\"Menottes poignets et chevilles en croix - \u00c9veil Intime\",\"isPartOf\":{\"@id\":\"https:\/\/eveilintime.fr\/#website\"},\"primaryImageOfPage\":{\"@id\":\"https:\/\/eveilintime.fr\/index.php\/produit\/menottes-poignets-et-chevilles-en-croix\/#primaryimage\"},\"image\":{\"@id\":\"https:\/\/eveilintime.fr\/index.php\/produit\/menottes-poignets-et-chevilles-en-croix\/#primaryimage\"},\"thumbnailUrl\":\"https:\/\/eveilintime.fr\/wp-content\/uploads\/2025\/10\/menottes-poignets-et-chevilles-en-croix.jpg\",\"datePublished\":\"2025-10-08T22:40:34+00:00\",\"dateModified\":\"2025-10-09T00:36:39+00:00\",\"breadcrumb\":{\"@id\":\"https:\/\/eveilintime.fr\/index.php\/produit\/menottes-poignets-et-chevilles-en-croix\/#breadcrumb\"},\"inLanguage\":\"fr-FR\",\"potentialAction\":[{\"@type\":\"ReadAction\",\"target\":[\"https:\/\/eveilintime.fr\/index.php\/produit\/menottes-poignets-et-chevilles-en-croix\/\"]}]},{\"@type\":\"ImageObject\",\"inLanguage\":\"fr-FR\",\"@id\":\"https:\/\/eveilintime.fr\/index.php\/produit\/menottes-poignets-et-chevilles-en-croix\/#primaryimage\",\"url\":\"https:\/\/eveilintime.fr\/wp-content\/uploads\/2025\/10\/menottes-poignets-et-chevilles-en-croix.jpg\",\"contentUrl\":\"https:\/\/eveilintime.fr\/wp-content\/uploads\/2025\/10\/menottes-poignets-et-chevilles-en-croix.jpg\",\"width\":492,\"height\":653},{\"@type\":\"BreadcrumbList\",\"@id\":\"https:\/\/eveilintime.fr\/index.php\/produit\/menottes-poignets-et-chevilles-en-croix\/#breadcrumb\",\"itemListElement\":[{\"@type\":\"ListItem\",\"position\":1,\"name\":\"Accueil\",\"item\":\"https:\/\/eveilintime.fr\/\"},{\"@type\":\"ListItem\",\"position\":2,\"name\":\"Boutique\",\"item\":\"https:\/\/eveilintime.fr\/?page_id=8\"},{\"@type\":\"ListItem\",\"position\":3,\"name\":\"Menottes poignets et chevilles en croix\"}]},{\"@type\":\"WebSite\",\"@id\":\"https:\/\/eveilintime.fr\/#website\",\"url\":\"https:\/\/eveilintime.fr\/\",\"name\":\"\u00c9veilintime\",\"description\":\"Parce que l&#039;intime m\u00e9rite l&#039;\u00e9l\u00e9gance\",\"publisher\":{\"@id\":\"https:\/\/eveilintime.fr\/#organization\"},\"potentialAction\":[{\"@type\":\"SearchAction\",\"target\":{\"@type\":\"EntryPoint\",\"urlTemplate\":\"https:\/\/eveilintime.fr\/?s={search_term_string}\"},\"query-input\":{\"@type\":\"PropertyValueSpecification\",\"valueRequired\":true,\"valueName\":\"search_term_string\"}}],\"inLanguage\":\"fr-FR\"},{\"@type\":\"Organization\",\"@id\":\"https:\/\/eveilintime.fr\/#organization\",\"name\":\"\u00c9veilintime\",\"url\":\"https:\/\/eveilintime.fr\/\",\"logo\":{\"@type\":\"ImageObject\",\"inLanguage\":\"fr-FR\",\"@id\":\"https:\/\/eveilintime.fr\/#\/schema\/logo\/image\/\",\"url\":\"https:\/\/eveilintime.fr\/wp-content\/uploads\/2025\/09\/logo-Eveil-Intime.png\",\"contentUrl\":\"https:\/\/eveilintime.fr\/wp-content\/uploads\/2025\/09\/logo-Eveil-Intime.png\",\"width\":417,\"height\":160,\"caption\":\"\u00c9veilintime\"},\"image\":{\"@id\":\"https:\/\/eveilintime.fr\/#\/schema\/logo\/image\/\"}}]}<\/script>\n<!-- \/ Yoast SEO plugin. -->","yoast_head_json":{"title":"Menottes poignets et chevilles en croix - \u00c9veil Intime","robots":{"index":"index","follow":"follow","max-snippet":"max-snippet:-1","max-image-preview":"max-image-preview:large","max-video-preview":"max-video-preview:-1"},"canonical":"https:\/\/eveilintime.fr\/index.php\/produit\/menottes-poignets-et-chevilles-en-croix\/","og_locale":"fr_FR","og_type":"article","og_title":"Menottes poignets et chevilles en croix - \u00c9veil Intime","og_description":"4 menottes distinctes avec mousqueton et r\u00e9glages de la taille. Ces menottes de poignets et chevilles sont tr\u00e8s douces pour que le confort soit conserv\u00e9. Une s\u00e9rie d&rsquo;anneaux mont\u00e9s en croix permettrons l&rsquo;accroche des menottes pour une position d&rsquo;immobilisation, les possibilit\u00e9s sont nombreuses et les menottes utilisables pour d&rsquo;autres jeux coquins Un masque est offert. [&hellip;]","og_url":"https:\/\/eveilintime.fr\/index.php\/produit\/menottes-poignets-et-chevilles-en-croix\/","og_site_name":"\u00c9veil Intime","article_modified_time":"2025-10-09T00:36:39+00:00","og_image":[{"width":492,"height":653,"url":"https:\/\/eveilintime.fr\/wp-content\/uploads\/2025\/10\/menottes-poignets-et-chevilles-en-croix.jpg","type":"image\/jpeg"}],"twitter_card":"summary_large_image","twitter_misc":{"Dur\u00e9e de lecture estim\u00e9e":"1 minute"},"schema":{"@context":"https:\/\/schema.org","@graph":[{"@type":"WebPage","@id":"https:\/\/eveilintime.fr\/index.php\/produit\/menottes-poignets-et-chevilles-en-croix\/","url":"https:\/\/eveilintime.fr\/index.php\/produit\/menottes-poignets-et-chevilles-en-croix\/","name":"Menottes poignets et chevilles en croix - \u00c9veil Intime","isPartOf":{"@id":"https:\/\/eveilintime.fr\/#website"},"primaryImageOfPage":{"@id":"https:\/\/eveilintime.fr\/index.php\/produit\/menottes-poignets-et-chevilles-en-croix\/#primaryimage"},"image":{"@id":"https:\/\/eveilintime.fr\/index.php\/produit\/menottes-poignets-et-chevilles-en-croix\/#primaryimage"},"thumbnailUrl":"https:\/\/eveilintime.fr\/wp-content\/uploads\/2025\/10\/menottes-poignets-et-chevilles-en-croix.jpg","datePublished":"2025-10-08T22:40:34+00:00","dateModified":"2025-10-09T00:36:39+00:00","breadcrumb":{"@id":"https:\/\/eveilintime.fr\/index.php\/produit\/menottes-poignets-et-chevilles-en-croix\/#breadcrumb"},"inLanguage":"fr-FR","potentialAction":[{"@type":"ReadAction","target":["https:\/\/eveilintime.fr\/index.php\/produit\/menottes-poignets-et-chevilles-en-croix\/"]}]},{"@type":"ImageObject","inLanguage":"fr-FR","@id":"https:\/\/eveilintime.fr\/index.php\/produit\/menottes-poignets-et-chevilles-en-croix\/#primaryimage","url":"https:\/\/eveilintime.fr\/wp-content\/uploads\/2025\/10\/menottes-poignets-et-chevilles-en-croix.jpg","contentUrl":"https:\/\/eveilintime.fr\/wp-content\/uploads\/2025\/10\/menottes-poignets-et-chevilles-en-croix.jpg","width":492,"height":653},{"@type":"BreadcrumbList","@id":"https:\/\/eveilintime.fr\/index.php\/produit\/menottes-poignets-et-chevilles-en-croix\/#breadcrumb","itemListElement":[{"@type":"ListItem","position":1,"name":"Accueil","item":"https:\/\/eveilintime.fr\/"},{"@type":"ListItem","position":2,"name":"Boutique","item":"https:\/\/eveilintime.fr\/?page_id=8"},{"@type":"ListItem","position":3,"name":"Menottes poignets et chevilles en croix"}]},{"@type":"WebSite","@id":"https:\/\/eveilintime.fr\/#website","url":"https:\/\/eveilintime.fr\/","name":"\u00c9veilintime","description":"Parce que l&#039;intime m\u00e9rite l&#039;\u00e9l\u00e9gance","publisher":{"@id":"https:\/\/eveilintime.fr\/#organization"},"potentialAction":[{"@type":"SearchAction","target":{"@type":"EntryPoint","urlTemplate":"https:\/\/eveilintime.fr\/?s={search_term_string}"},"query-input":{"@type":"PropertyValueSpecification","valueRequired":true,"valueName":"search_term_string"}}],"inLanguage":"fr-FR"},{"@type":"Organization","@id":"https:\/\/eveilintime.fr\/#organization","name":"\u00c9veilintime","url":"https:\/\/eveilintime.fr\/","logo":{"@type":"ImageObject","inLanguage":"fr-FR","@id":"https:\/\/eveilintime.fr\/#\/schema\/logo\/image\/","url":"https:\/\/eveilintime.fr\/wp-content\/uploads\/2025\/09\/logo-Eveil-Intime.png","contentUrl":"https:\/\/eveilintime.fr\/wp-content\/uploads\/2025\/09\/logo-Eveil-Intime.png","width":417,"height":160,"caption":"\u00c9veilintime"},"image":{"@id":"https:\/\/eveilintime.fr\/#\/schema\/logo\/image\/"}}]}},"jetpack_sharing_enabled":true,"_links":{"self":[{"href":"https:\/\/eveilintime.fr\/index.php?rest_route=\/wp\/v2\/product\/1446","targetHints":{"allow":["GET"]}}],"collection":[{"href":"https:\/\/eveilintime.fr\/index.php?rest_route=\/wp\/v2\/product"}],"about":[{"href":"https:\/\/eveilintime.fr\/index.php?rest_route=\/wp\/v2\/types\/product"}],"replies":[{"embeddable":true,"href":"https:\/\/eveilintime.fr\/index.php?rest_route=%2Fwp%2Fv2%2Fcomments&post=1446"}],"version-history":[{"count":1,"href":"https:\/\/eveilintime.fr\/index.php?rest_route=\/wp\/v2\/product\/1446\/revisions"}],"predecessor-version":[{"id":1450,"href":"https:\/\/eveilintime.fr\/index.php?rest_route=\/wp\/v2\/product\/1446\/revisions\/1450"}],"wp:featuredmedia":[{"embeddable":true,"href":"https:\/\/eveilintime.fr\/index.php?rest_route=\/wp\/v2\/media\/1449"}],"wp:attachment":[{"href":"https:\/\/eveilintime.fr\/index.php?rest_route=%2Fwp%2Fv2%2Fmedia&parent=1446"}],"wp:term":[{"taxonomy":"product_brand","embeddable":true,"href":"https:\/\/eveilintime.fr\/index.php?rest_route=%2Fwp%2Fv2%2Fproduct_brand&post=1446"},{"taxonomy":"product_cat","embeddable":true,"href":"https:\/\/eveilintime.fr\/index.php?rest_route=%2Fwp%2Fv2%2Fproduct_cat&post=1446"},{"taxonomy":"product_tag","embeddable":true,"href":"https:\/\/eveilintime.fr\/index.php?rest_route=%2Fwp%2Fv2%2Fproduct_tag&post=1446"}],"curies":[{"name":"wp","href":"https:\/\/api.w.org\/{rel}","templated":true}]}}