{"id":1434,"date":"2025-10-08T22:30:03","date_gmt":"2025-10-08T22:30:03","guid":{"rendered":"https:\/\/eveilintime.fr\/?post_type=product&#038;p=1434"},"modified":"2025-10-09T00:33:25","modified_gmt":"2025-10-09T00:33:25","slug":"menottes-attache-en-croix-pour-mains-et-pieds-dreamy-fetish","status":"publish","type":"product","link":"https:\/\/eveilintime.fr\/?product=menottes-attache-en-croix-pour-mains-et-pieds-dreamy-fetish","title":{"rendered":"Menottes attache en croix pour mains et pieds Dreamy Fetish"},"content":{"rendered":"<p>ajustables par bandes scratch dreamy fetish<\/p>\n<p>Soir\u00e9e soumission ! Pr\u00e9parez-vous \u00e0 \u00eatre \u00e0 la merci de votre partenaire qui dominera la situation. Pieds et mains li\u00e9s avec\u00a0ces\u00a0<strong>4 menottes<\/strong>\u00a0avec attache en croix. Choisissez vos positions, attache dans le dos ou devant, assis ou \u00e0 genoux&#8230;.A vous, imaginez vos positions.<\/p>\n<p>Ce kit est compos\u00e9 de\u00a0<strong>4 menottes tr\u00e8s douce<\/strong>s pour\u00a0un confort optimal avec mousqueton amovibles.<\/p>\n<p>Mati\u00e8res : PVC, M\u00e9tal et polyester<\/p>\n<p>Taille unique<\/p>\n","protected":false},"excerpt":{"rendered":"<p>&nbsp;<\/p>\n<p><img decoding=\"async\" class=\"alignnone size-medium wp-image-1089 aligncenter lazyload\" data-src=\"https:\/\/eveilintime.fr\/wp-content\/uploads\/2025\/10\/paiement-securise-garanti-300x76.png\" alt=\"\" width=\"300\" height=\"76\" data-srcset=\"https:\/\/eveilintime.fr\/wp-content\/uploads\/2025\/10\/paiement-securise-garanti-300x76.png 300w, https:\/\/eveilintime.fr\/wp-content\/uploads\/2025\/10\/paiement-securise-garanti.png 446w\" data-sizes=\"(max-width: 300px) 100vw, 300px\" src=\"data:image\/svg+xml;base64,PHN2ZyB3aWR0aD0iMSIgaGVpZ2h0PSIxIiB4bWxucz0iaHR0cDovL3d3dy53My5vcmcvMjAwMC9zdmciPjwvc3ZnPg==\" style=\"--smush-placeholder-width: 300px; --smush-placeholder-aspect-ratio: 300\/76;\" \/><\/p>\n","protected":false},"featured_media":1436,"comment_status":"open","ping_status":"closed","template":"","meta":[],"product_brand":[],"product_cat":[119],"product_tag":[122,121,123],"class_list":{"0":"post-1434","1":"product","2":"type-product","3":"status-publish","4":"has-post-thumbnail","6":"product_cat-menottes-et-balancoire","7":"product_tag-mains","8":"product_tag-menottes","9":"product_tag-pieds","11":"first","12":"instock","13":"taxable","14":"shipping-taxable","15":"purchasable","16":"product-type-simple"},"yoast_head":"<!-- This site is optimized with the Yoast SEO plugin v27.1.1 - https:\/\/yoast.com\/product\/yoast-seo-wordpress\/ -->\n<title>Menottes attache en croix pour mains et pieds Dreamy Fetish - \u00c9veil Intime<\/title>\n<meta name=\"robots\" content=\"index, follow, max-snippet:-1, max-image-preview:large, max-video-preview:-1\" \/>\n<link rel=\"canonical\" href=\"https:\/\/eveilintime.fr\/index.php\/produit\/menottes-attache-en-croix-pour-mains-et-pieds-dreamy-fetish\/\" \/>\n<meta property=\"og:locale\" content=\"fr_FR\" \/>\n<meta property=\"og:type\" content=\"article\" \/>\n<meta property=\"og:title\" content=\"Menottes attache en croix pour mains et pieds Dreamy Fetish - \u00c9veil Intime\" \/>\n<meta property=\"og:description\" content=\"&nbsp;\" \/>\n<meta property=\"og:url\" content=\"https:\/\/eveilintime.fr\/index.php\/produit\/menottes-attache-en-croix-pour-mains-et-pieds-dreamy-fetish\/\" \/>\n<meta property=\"og:site_name\" content=\"\u00c9veil Intime\" \/>\n<meta property=\"article:modified_time\" content=\"2025-10-09T00:33:25+00:00\" \/>\n<meta property=\"og:image\" content=\"https:\/\/eveilintime.fr\/wp-content\/uploads\/2025\/10\/menottes-attache-en-croix-pour-mains-et-pieds-dreamy-fetish-252400145.jpg\" \/>\n\t<meta property=\"og:image:width\" content=\"492\" \/>\n\t<meta property=\"og:image:height\" content=\"653\" \/>\n\t<meta property=\"og:image:type\" content=\"image\/jpeg\" \/>\n<meta name=\"twitter:card\" content=\"summary_large_image\" \/>\n<meta name=\"twitter:label1\" content=\"Dur\u00e9e de lecture estim\u00e9e\" \/>\n\t<meta name=\"twitter:data1\" content=\"1 minute\" \/>\n<script type=\"application\/ld+json\" class=\"yoast-schema-graph\">{\"@context\":\"https:\/\/schema.org\",\"@graph\":[{\"@type\":\"WebPage\",\"@id\":\"https:\/\/eveilintime.fr\/index.php\/produit\/menottes-attache-en-croix-pour-mains-et-pieds-dreamy-fetish\/\",\"url\":\"https:\/\/eveilintime.fr\/index.php\/produit\/menottes-attache-en-croix-pour-mains-et-pieds-dreamy-fetish\/\",\"name\":\"Menottes attache en croix pour mains et pieds Dreamy Fetish - \u00c9veil Intime\",\"isPartOf\":{\"@id\":\"https:\/\/eveilintime.fr\/#website\"},\"primaryImageOfPage\":{\"@id\":\"https:\/\/eveilintime.fr\/index.php\/produit\/menottes-attache-en-croix-pour-mains-et-pieds-dreamy-fetish\/#primaryimage\"},\"image\":{\"@id\":\"https:\/\/eveilintime.fr\/index.php\/produit\/menottes-attache-en-croix-pour-mains-et-pieds-dreamy-fetish\/#primaryimage\"},\"thumbnailUrl\":\"https:\/\/eveilintime.fr\/wp-content\/uploads\/2025\/10\/menottes-attache-en-croix-pour-mains-et-pieds-dreamy-fetish-252400145.jpg\",\"datePublished\":\"2025-10-08T22:30:03+00:00\",\"dateModified\":\"2025-10-09T00:33:25+00:00\",\"breadcrumb\":{\"@id\":\"https:\/\/eveilintime.fr\/index.php\/produit\/menottes-attache-en-croix-pour-mains-et-pieds-dreamy-fetish\/#breadcrumb\"},\"inLanguage\":\"fr-FR\",\"potentialAction\":[{\"@type\":\"ReadAction\",\"target\":[\"https:\/\/eveilintime.fr\/index.php\/produit\/menottes-attache-en-croix-pour-mains-et-pieds-dreamy-fetish\/\"]}]},{\"@type\":\"ImageObject\",\"inLanguage\":\"fr-FR\",\"@id\":\"https:\/\/eveilintime.fr\/index.php\/produit\/menottes-attache-en-croix-pour-mains-et-pieds-dreamy-fetish\/#primaryimage\",\"url\":\"https:\/\/eveilintime.fr\/wp-content\/uploads\/2025\/10\/menottes-attache-en-croix-pour-mains-et-pieds-dreamy-fetish-252400145.jpg\",\"contentUrl\":\"https:\/\/eveilintime.fr\/wp-content\/uploads\/2025\/10\/menottes-attache-en-croix-pour-mains-et-pieds-dreamy-fetish-252400145.jpg\",\"width\":492,\"height\":653},{\"@type\":\"BreadcrumbList\",\"@id\":\"https:\/\/eveilintime.fr\/index.php\/produit\/menottes-attache-en-croix-pour-mains-et-pieds-dreamy-fetish\/#breadcrumb\",\"itemListElement\":[{\"@type\":\"ListItem\",\"position\":1,\"name\":\"Accueil\",\"item\":\"https:\/\/eveilintime.fr\/\"},{\"@type\":\"ListItem\",\"position\":2,\"name\":\"Boutique\",\"item\":\"https:\/\/eveilintime.fr\/?page_id=8\"},{\"@type\":\"ListItem\",\"position\":3,\"name\":\"Menottes attache en croix pour mains et pieds Dreamy Fetish\"}]},{\"@type\":\"WebSite\",\"@id\":\"https:\/\/eveilintime.fr\/#website\",\"url\":\"https:\/\/eveilintime.fr\/\",\"name\":\"\u00c9veilintime\",\"description\":\"Parce que l&#039;intime m\u00e9rite l&#039;\u00e9l\u00e9gance\",\"publisher\":{\"@id\":\"https:\/\/eveilintime.fr\/#organization\"},\"potentialAction\":[{\"@type\":\"SearchAction\",\"target\":{\"@type\":\"EntryPoint\",\"urlTemplate\":\"https:\/\/eveilintime.fr\/?s={search_term_string}\"},\"query-input\":{\"@type\":\"PropertyValueSpecification\",\"valueRequired\":true,\"valueName\":\"search_term_string\"}}],\"inLanguage\":\"fr-FR\"},{\"@type\":\"Organization\",\"@id\":\"https:\/\/eveilintime.fr\/#organization\",\"name\":\"\u00c9veilintime\",\"url\":\"https:\/\/eveilintime.fr\/\",\"logo\":{\"@type\":\"ImageObject\",\"inLanguage\":\"fr-FR\",\"@id\":\"https:\/\/eveilintime.fr\/#\/schema\/logo\/image\/\",\"url\":\"https:\/\/eveilintime.fr\/wp-content\/uploads\/2025\/09\/logo-Eveil-Intime.png\",\"contentUrl\":\"https:\/\/eveilintime.fr\/wp-content\/uploads\/2025\/09\/logo-Eveil-Intime.png\",\"width\":417,\"height\":160,\"caption\":\"\u00c9veilintime\"},\"image\":{\"@id\":\"https:\/\/eveilintime.fr\/#\/schema\/logo\/image\/\"}}]}<\/script>\n<!-- \/ Yoast SEO plugin. -->","yoast_head_json":{"title":"Menottes attache en croix pour mains et pieds Dreamy Fetish - \u00c9veil Intime","robots":{"index":"index","follow":"follow","max-snippet":"max-snippet:-1","max-image-preview":"max-image-preview:large","max-video-preview":"max-video-preview:-1"},"canonical":"https:\/\/eveilintime.fr\/index.php\/produit\/menottes-attache-en-croix-pour-mains-et-pieds-dreamy-fetish\/","og_locale":"fr_FR","og_type":"article","og_title":"Menottes attache en croix pour mains et pieds Dreamy Fetish - \u00c9veil Intime","og_description":"&nbsp;","og_url":"https:\/\/eveilintime.fr\/index.php\/produit\/menottes-attache-en-croix-pour-mains-et-pieds-dreamy-fetish\/","og_site_name":"\u00c9veil Intime","article_modified_time":"2025-10-09T00:33:25+00:00","og_image":[{"width":492,"height":653,"url":"https:\/\/eveilintime.fr\/wp-content\/uploads\/2025\/10\/menottes-attache-en-croix-pour-mains-et-pieds-dreamy-fetish-252400145.jpg","type":"image\/jpeg"}],"twitter_card":"summary_large_image","twitter_misc":{"Dur\u00e9e de lecture estim\u00e9e":"1 minute"},"schema":{"@context":"https:\/\/schema.org","@graph":[{"@type":"WebPage","@id":"https:\/\/eveilintime.fr\/index.php\/produit\/menottes-attache-en-croix-pour-mains-et-pieds-dreamy-fetish\/","url":"https:\/\/eveilintime.fr\/index.php\/produit\/menottes-attache-en-croix-pour-mains-et-pieds-dreamy-fetish\/","name":"Menottes attache en croix pour mains et pieds Dreamy Fetish - \u00c9veil Intime","isPartOf":{"@id":"https:\/\/eveilintime.fr\/#website"},"primaryImageOfPage":{"@id":"https:\/\/eveilintime.fr\/index.php\/produit\/menottes-attache-en-croix-pour-mains-et-pieds-dreamy-fetish\/#primaryimage"},"image":{"@id":"https:\/\/eveilintime.fr\/index.php\/produit\/menottes-attache-en-croix-pour-mains-et-pieds-dreamy-fetish\/#primaryimage"},"thumbnailUrl":"https:\/\/eveilintime.fr\/wp-content\/uploads\/2025\/10\/menottes-attache-en-croix-pour-mains-et-pieds-dreamy-fetish-252400145.jpg","datePublished":"2025-10-08T22:30:03+00:00","dateModified":"2025-10-09T00:33:25+00:00","breadcrumb":{"@id":"https:\/\/eveilintime.fr\/index.php\/produit\/menottes-attache-en-croix-pour-mains-et-pieds-dreamy-fetish\/#breadcrumb"},"inLanguage":"fr-FR","potentialAction":[{"@type":"ReadAction","target":["https:\/\/eveilintime.fr\/index.php\/produit\/menottes-attache-en-croix-pour-mains-et-pieds-dreamy-fetish\/"]}]},{"@type":"ImageObject","inLanguage":"fr-FR","@id":"https:\/\/eveilintime.fr\/index.php\/produit\/menottes-attache-en-croix-pour-mains-et-pieds-dreamy-fetish\/#primaryimage","url":"https:\/\/eveilintime.fr\/wp-content\/uploads\/2025\/10\/menottes-attache-en-croix-pour-mains-et-pieds-dreamy-fetish-252400145.jpg","contentUrl":"https:\/\/eveilintime.fr\/wp-content\/uploads\/2025\/10\/menottes-attache-en-croix-pour-mains-et-pieds-dreamy-fetish-252400145.jpg","width":492,"height":653},{"@type":"BreadcrumbList","@id":"https:\/\/eveilintime.fr\/index.php\/produit\/menottes-attache-en-croix-pour-mains-et-pieds-dreamy-fetish\/#breadcrumb","itemListElement":[{"@type":"ListItem","position":1,"name":"Accueil","item":"https:\/\/eveilintime.fr\/"},{"@type":"ListItem","position":2,"name":"Boutique","item":"https:\/\/eveilintime.fr\/?page_id=8"},{"@type":"ListItem","position":3,"name":"Menottes attache en croix pour mains et pieds Dreamy Fetish"}]},{"@type":"WebSite","@id":"https:\/\/eveilintime.fr\/#website","url":"https:\/\/eveilintime.fr\/","name":"\u00c9veilintime","description":"Parce que l&#039;intime m\u00e9rite l&#039;\u00e9l\u00e9gance","publisher":{"@id":"https:\/\/eveilintime.fr\/#organization"},"potentialAction":[{"@type":"SearchAction","target":{"@type":"EntryPoint","urlTemplate":"https:\/\/eveilintime.fr\/?s={search_term_string}"},"query-input":{"@type":"PropertyValueSpecification","valueRequired":true,"valueName":"search_term_string"}}],"inLanguage":"fr-FR"},{"@type":"Organization","@id":"https:\/\/eveilintime.fr\/#organization","name":"\u00c9veilintime","url":"https:\/\/eveilintime.fr\/","logo":{"@type":"ImageObject","inLanguage":"fr-FR","@id":"https:\/\/eveilintime.fr\/#\/schema\/logo\/image\/","url":"https:\/\/eveilintime.fr\/wp-content\/uploads\/2025\/09\/logo-Eveil-Intime.png","contentUrl":"https:\/\/eveilintime.fr\/wp-content\/uploads\/2025\/09\/logo-Eveil-Intime.png","width":417,"height":160,"caption":"\u00c9veilintime"},"image":{"@id":"https:\/\/eveilintime.fr\/#\/schema\/logo\/image\/"}}]}},"jetpack_sharing_enabled":true,"_links":{"self":[{"href":"https:\/\/eveilintime.fr\/index.php?rest_route=\/wp\/v2\/product\/1434","targetHints":{"allow":["GET"]}}],"collection":[{"href":"https:\/\/eveilintime.fr\/index.php?rest_route=\/wp\/v2\/product"}],"about":[{"href":"https:\/\/eveilintime.fr\/index.php?rest_route=\/wp\/v2\/types\/product"}],"replies":[{"embeddable":true,"href":"https:\/\/eveilintime.fr\/index.php?rest_route=%2Fwp%2Fv2%2Fcomments&post=1434"}],"version-history":[{"count":1,"href":"https:\/\/eveilintime.fr\/index.php?rest_route=\/wp\/v2\/product\/1434\/revisions"}],"predecessor-version":[{"id":1437,"href":"https:\/\/eveilintime.fr\/index.php?rest_route=\/wp\/v2\/product\/1434\/revisions\/1437"}],"wp:featuredmedia":[{"embeddable":true,"href":"https:\/\/eveilintime.fr\/index.php?rest_route=\/wp\/v2\/media\/1436"}],"wp:attachment":[{"href":"https:\/\/eveilintime.fr\/index.php?rest_route=%2Fwp%2Fv2%2Fmedia&parent=1434"}],"wp:term":[{"taxonomy":"product_brand","embeddable":true,"href":"https:\/\/eveilintime.fr\/index.php?rest_route=%2Fwp%2Fv2%2Fproduct_brand&post=1434"},{"taxonomy":"product_cat","embeddable":true,"href":"https:\/\/eveilintime.fr\/index.php?rest_route=%2Fwp%2Fv2%2Fproduct_cat&post=1434"},{"taxonomy":"product_tag","embeddable":true,"href":"https:\/\/eveilintime.fr\/index.php?rest_route=%2Fwp%2Fv2%2Fproduct_tag&post=1434"}],"curies":[{"name":"wp","href":"https:\/\/api.w.org\/{rel}","templated":true}]}}