{"id":1390,"date":"2025-10-08T21:47:05","date_gmt":"2025-10-08T21:47:05","guid":{"rendered":"https:\/\/eveilintime.fr\/?post_type=product&#038;p=1390"},"modified":"2025-10-09T00:14:14","modified_gmt":"2025-10-09T00:14:14","slug":"guepiere-porte-jarretelles-noire-et-string","status":"publish","type":"product","link":"https:\/\/eveilintime.fr\/?product=guepiere-porte-jarretelles-noire-et-string","title":{"rendered":"Gu\u00e9pi\u00e8re porte jarretelles noire et string"},"content":{"rendered":"<p>Laissez-vous envo\u00fbter par cette\u00a0<strong>gu\u00eapi\u00e8re noire en r\u00e9sille transparente<\/strong>, une pi\u00e8ce de lingerie raffin\u00e9e qui sublime la silhouette avec sensualit\u00e9. Dot\u00e9e de\u00a0<strong>bonnets semi-ouverts en dentelle<\/strong>\u00a0et de\u00a0<strong>porte-jarretelles r\u00e9glables<\/strong>, cette gu\u00eapi\u00e8re est parfaite pour une allure audacieuse et glamour.<\/p>\n<ul>\n<li><strong>Mati\u00e8re en r\u00e9sille fine et transparente<\/strong>\u00a0: Effet seconde peau pour une touche de myst\u00e8re.<\/li>\n<li><strong>Bonnets semi-ouverts en dentelle<\/strong>\u00a0: D\u00e9licatement travaill\u00e9s pour un look sensuel et raffin\u00e9.<\/li>\n<li><strong>Bretelles ajustables<\/strong>\u00a0: Pour un maintien optimal et un confort sur mesure.<\/li>\n<li><strong>Porte-jarretelles r\u00e9glables<\/strong>\u00a0: Pour une tenue parfaitement ajust\u00e9e avec vos bas pr\u00e9f\u00e9r\u00e9s.<\/li>\n<li><strong>String assorti inclus<\/strong>\u00a0: Compl\u00e8te cet ensemble irr\u00e9sistible.<\/li>\n<\/ul>\n<p>Bas non inclus<\/p>\n<p>Conseils d&rsquo;entretien : Laver \u00e0 la main, ne pas repasser, ne pas javeliser, ne pas mettre au s\u00e8che linge.<\/p>\n<p>Composition : 90% nylon 10% spandex<\/p>\n","protected":false},"excerpt":{"rendered":"<p>Ensemble de lingerie 2 pi\u00e8ces en r\u00e9sille et dentelle noire comprenant une gu\u00eapi\u00e8re avec bonnets semi-ouverts, bretelles r\u00e9glables et porte-jarretelles r\u00e9glables int\u00e9gr\u00e9s et string de chez votre grossiste Ren\u00e9 Rof\u00e9.<\/p>\n<p>&nbsp;<\/p>\n<p style=\"text-align: center;\"><img decoding=\"async\" class=\"alignnone size-medium wp-image-1089 lazyload\" data-src=\"https:\/\/eveilintime.fr\/wp-content\/uploads\/2025\/10\/paiement-securise-garanti-300x76.png\" alt=\"\" width=\"300\" height=\"76\" data-srcset=\"https:\/\/eveilintime.fr\/wp-content\/uploads\/2025\/10\/paiement-securise-garanti-300x76.png 300w, https:\/\/eveilintime.fr\/wp-content\/uploads\/2025\/10\/paiement-securise-garanti.png 446w\" data-sizes=\"(max-width: 300px) 100vw, 300px\" src=\"data:image\/svg+xml;base64,PHN2ZyB3aWR0aD0iMSIgaGVpZ2h0PSIxIiB4bWxucz0iaHR0cDovL3d3dy53My5vcmcvMjAwMC9zdmciPjwvc3ZnPg==\" style=\"--smush-placeholder-width: 300px; --smush-placeholder-aspect-ratio: 300\/76;\" \/><\/p>\n","protected":false},"featured_media":1393,"comment_status":"open","ping_status":"closed","template":"","meta":[],"product_brand":[115],"product_cat":[114],"product_tag":[116,117,33,101],"class_list":{"0":"post-1390","1":"product","2":"type-product","3":"status-publish","4":"has-post-thumbnail","6":"product_brand-rene-kofe","7":"product_cat-bustiers-corsets-et-guepieres","8":"product_tag-guepiere","9":"product_tag-jarretelles","10":"product_tag-sexy","11":"product_tag-string","13":"first","14":"instock","15":"taxable","16":"shipping-taxable","17":"purchasable","18":"product-type-variable"},"yoast_head":"<!-- This site is optimized with the Yoast SEO plugin v27.1.1 - https:\/\/yoast.com\/product\/yoast-seo-wordpress\/ -->\n<title>Gu\u00e9pi\u00e8re porte jarretelles noire et string - \u00c9veil Intime<\/title>\n<meta name=\"description\" content=\"Lingerie 2 pi\u00e8ces en r\u00e9sille et dentelle noire comprenant une gu\u00eapi\u00e8re avec bonnets semi-ouverts, bretelles r\u00e9glables et porte-jarretelles r\u00e9glables int\u00e9gr\u00e9s\" \/>\n<meta name=\"robots\" content=\"index, follow, max-snippet:-1, max-image-preview:large, max-video-preview:-1\" \/>\n<link rel=\"canonical\" href=\"https:\/\/eveilintime.fr\/index.php\/produit\/guepiere-porte-jarretelles-noire-et-string\/\" \/>\n<meta property=\"og:locale\" content=\"fr_FR\" \/>\n<meta property=\"og:type\" content=\"article\" \/>\n<meta property=\"og:title\" content=\"Gu\u00e9pi\u00e8re porte jarretelles noire et string - \u00c9veil Intime\" \/>\n<meta property=\"og:description\" content=\"Lingerie 2 pi\u00e8ces en r\u00e9sille et dentelle noire comprenant une gu\u00eapi\u00e8re avec bonnets semi-ouverts, bretelles r\u00e9glables et porte-jarretelles r\u00e9glables int\u00e9gr\u00e9s\" \/>\n<meta property=\"og:url\" content=\"https:\/\/eveilintime.fr\/index.php\/produit\/guepiere-porte-jarretelles-noire-et-string\/\" \/>\n<meta property=\"og:site_name\" content=\"\u00c9veil Intime\" \/>\n<meta property=\"article:modified_time\" content=\"2025-10-09T00:14:14+00:00\" \/>\n<meta property=\"og:image\" content=\"https:\/\/eveilintime.fr\/wp-content\/uploads\/2025\/10\/guepiere-porte-jarretelles-noir-et-string-assorti-ren51016-blk.png\" \/>\n\t<meta property=\"og:image:width\" content=\"800\" \/>\n\t<meta property=\"og:image:height\" content=\"800\" \/>\n\t<meta property=\"og:image:type\" content=\"image\/png\" \/>\n<meta name=\"twitter:card\" content=\"summary_large_image\" \/>\n<meta name=\"twitter:label1\" content=\"Dur\u00e9e de lecture estim\u00e9e\" \/>\n\t<meta name=\"twitter:data1\" content=\"1 minute\" \/>\n<script type=\"application\/ld+json\" class=\"yoast-schema-graph\">{\"@context\":\"https:\/\/schema.org\",\"@graph\":[{\"@type\":\"WebPage\",\"@id\":\"https:\/\/eveilintime.fr\/index.php\/produit\/guepiere-porte-jarretelles-noire-et-string\/\",\"url\":\"https:\/\/eveilintime.fr\/index.php\/produit\/guepiere-porte-jarretelles-noire-et-string\/\",\"name\":\"Gu\u00e9pi\u00e8re porte jarretelles noire et string - \u00c9veil Intime\",\"isPartOf\":{\"@id\":\"https:\/\/eveilintime.fr\/#website\"},\"primaryImageOfPage\":{\"@id\":\"https:\/\/eveilintime.fr\/index.php\/produit\/guepiere-porte-jarretelles-noire-et-string\/#primaryimage\"},\"image\":{\"@id\":\"https:\/\/eveilintime.fr\/index.php\/produit\/guepiere-porte-jarretelles-noire-et-string\/#primaryimage\"},\"thumbnailUrl\":\"https:\/\/eveilintime.fr\/wp-content\/uploads\/2025\/10\/guepiere-porte-jarretelles-noir-et-string-assorti-ren51016-blk.png\",\"datePublished\":\"2025-10-08T21:47:05+00:00\",\"dateModified\":\"2025-10-09T00:14:14+00:00\",\"description\":\"Lingerie 2 pi\u00e8ces en r\u00e9sille et dentelle noire comprenant une gu\u00eapi\u00e8re avec bonnets semi-ouverts, bretelles r\u00e9glables et porte-jarretelles r\u00e9glables int\u00e9gr\u00e9s\",\"breadcrumb\":{\"@id\":\"https:\/\/eveilintime.fr\/index.php\/produit\/guepiere-porte-jarretelles-noire-et-string\/#breadcrumb\"},\"inLanguage\":\"fr-FR\",\"potentialAction\":[{\"@type\":\"ReadAction\",\"target\":[\"https:\/\/eveilintime.fr\/index.php\/produit\/guepiere-porte-jarretelles-noire-et-string\/\"]}]},{\"@type\":\"ImageObject\",\"inLanguage\":\"fr-FR\",\"@id\":\"https:\/\/eveilintime.fr\/index.php\/produit\/guepiere-porte-jarretelles-noire-et-string\/#primaryimage\",\"url\":\"https:\/\/eveilintime.fr\/wp-content\/uploads\/2025\/10\/guepiere-porte-jarretelles-noir-et-string-assorti-ren51016-blk.png\",\"contentUrl\":\"https:\/\/eveilintime.fr\/wp-content\/uploads\/2025\/10\/guepiere-porte-jarretelles-noir-et-string-assorti-ren51016-blk.png\",\"width\":800,\"height\":800},{\"@type\":\"BreadcrumbList\",\"@id\":\"https:\/\/eveilintime.fr\/index.php\/produit\/guepiere-porte-jarretelles-noire-et-string\/#breadcrumb\",\"itemListElement\":[{\"@type\":\"ListItem\",\"position\":1,\"name\":\"Accueil\",\"item\":\"https:\/\/eveilintime.fr\/\"},{\"@type\":\"ListItem\",\"position\":2,\"name\":\"Boutique\",\"item\":\"https:\/\/eveilintime.fr\/?page_id=8\"},{\"@type\":\"ListItem\",\"position\":3,\"name\":\"Gu\u00e9pi\u00e8re porte jarretelles noire et string\"}]},{\"@type\":\"WebSite\",\"@id\":\"https:\/\/eveilintime.fr\/#website\",\"url\":\"https:\/\/eveilintime.fr\/\",\"name\":\"\u00c9veilintime\",\"description\":\"Parce que l&#039;intime m\u00e9rite l&#039;\u00e9l\u00e9gance\",\"publisher\":{\"@id\":\"https:\/\/eveilintime.fr\/#organization\"},\"potentialAction\":[{\"@type\":\"SearchAction\",\"target\":{\"@type\":\"EntryPoint\",\"urlTemplate\":\"https:\/\/eveilintime.fr\/?s={search_term_string}\"},\"query-input\":{\"@type\":\"PropertyValueSpecification\",\"valueRequired\":true,\"valueName\":\"search_term_string\"}}],\"inLanguage\":\"fr-FR\"},{\"@type\":\"Organization\",\"@id\":\"https:\/\/eveilintime.fr\/#organization\",\"name\":\"\u00c9veilintime\",\"url\":\"https:\/\/eveilintime.fr\/\",\"logo\":{\"@type\":\"ImageObject\",\"inLanguage\":\"fr-FR\",\"@id\":\"https:\/\/eveilintime.fr\/#\/schema\/logo\/image\/\",\"url\":\"https:\/\/eveilintime.fr\/wp-content\/uploads\/2025\/09\/logo-Eveil-Intime.png\",\"contentUrl\":\"https:\/\/eveilintime.fr\/wp-content\/uploads\/2025\/09\/logo-Eveil-Intime.png\",\"width\":417,\"height\":160,\"caption\":\"\u00c9veilintime\"},\"image\":{\"@id\":\"https:\/\/eveilintime.fr\/#\/schema\/logo\/image\/\"}}]}<\/script>\n<!-- \/ Yoast SEO plugin. -->","yoast_head_json":{"title":"Gu\u00e9pi\u00e8re porte jarretelles noire et string - \u00c9veil Intime","description":"Lingerie 2 pi\u00e8ces en r\u00e9sille et dentelle noire comprenant une gu\u00eapi\u00e8re avec bonnets semi-ouverts, bretelles r\u00e9glables et porte-jarretelles r\u00e9glables int\u00e9gr\u00e9s","robots":{"index":"index","follow":"follow","max-snippet":"max-snippet:-1","max-image-preview":"max-image-preview:large","max-video-preview":"max-video-preview:-1"},"canonical":"https:\/\/eveilintime.fr\/index.php\/produit\/guepiere-porte-jarretelles-noire-et-string\/","og_locale":"fr_FR","og_type":"article","og_title":"Gu\u00e9pi\u00e8re porte jarretelles noire et string - \u00c9veil Intime","og_description":"Lingerie 2 pi\u00e8ces en r\u00e9sille et dentelle noire comprenant une gu\u00eapi\u00e8re avec bonnets semi-ouverts, bretelles r\u00e9glables et porte-jarretelles r\u00e9glables int\u00e9gr\u00e9s","og_url":"https:\/\/eveilintime.fr\/index.php\/produit\/guepiere-porte-jarretelles-noire-et-string\/","og_site_name":"\u00c9veil Intime","article_modified_time":"2025-10-09T00:14:14+00:00","og_image":[{"width":800,"height":800,"url":"https:\/\/eveilintime.fr\/wp-content\/uploads\/2025\/10\/guepiere-porte-jarretelles-noir-et-string-assorti-ren51016-blk.png","type":"image\/png"}],"twitter_card":"summary_large_image","twitter_misc":{"Dur\u00e9e de lecture estim\u00e9e":"1 minute"},"schema":{"@context":"https:\/\/schema.org","@graph":[{"@type":"WebPage","@id":"https:\/\/eveilintime.fr\/index.php\/produit\/guepiere-porte-jarretelles-noire-et-string\/","url":"https:\/\/eveilintime.fr\/index.php\/produit\/guepiere-porte-jarretelles-noire-et-string\/","name":"Gu\u00e9pi\u00e8re porte jarretelles noire et string - \u00c9veil Intime","isPartOf":{"@id":"https:\/\/eveilintime.fr\/#website"},"primaryImageOfPage":{"@id":"https:\/\/eveilintime.fr\/index.php\/produit\/guepiere-porte-jarretelles-noire-et-string\/#primaryimage"},"image":{"@id":"https:\/\/eveilintime.fr\/index.php\/produit\/guepiere-porte-jarretelles-noire-et-string\/#primaryimage"},"thumbnailUrl":"https:\/\/eveilintime.fr\/wp-content\/uploads\/2025\/10\/guepiere-porte-jarretelles-noir-et-string-assorti-ren51016-blk.png","datePublished":"2025-10-08T21:47:05+00:00","dateModified":"2025-10-09T00:14:14+00:00","description":"Lingerie 2 pi\u00e8ces en r\u00e9sille et dentelle noire comprenant une gu\u00eapi\u00e8re avec bonnets semi-ouverts, bretelles r\u00e9glables et porte-jarretelles r\u00e9glables int\u00e9gr\u00e9s","breadcrumb":{"@id":"https:\/\/eveilintime.fr\/index.php\/produit\/guepiere-porte-jarretelles-noire-et-string\/#breadcrumb"},"inLanguage":"fr-FR","potentialAction":[{"@type":"ReadAction","target":["https:\/\/eveilintime.fr\/index.php\/produit\/guepiere-porte-jarretelles-noire-et-string\/"]}]},{"@type":"ImageObject","inLanguage":"fr-FR","@id":"https:\/\/eveilintime.fr\/index.php\/produit\/guepiere-porte-jarretelles-noire-et-string\/#primaryimage","url":"https:\/\/eveilintime.fr\/wp-content\/uploads\/2025\/10\/guepiere-porte-jarretelles-noir-et-string-assorti-ren51016-blk.png","contentUrl":"https:\/\/eveilintime.fr\/wp-content\/uploads\/2025\/10\/guepiere-porte-jarretelles-noir-et-string-assorti-ren51016-blk.png","width":800,"height":800},{"@type":"BreadcrumbList","@id":"https:\/\/eveilintime.fr\/index.php\/produit\/guepiere-porte-jarretelles-noire-et-string\/#breadcrumb","itemListElement":[{"@type":"ListItem","position":1,"name":"Accueil","item":"https:\/\/eveilintime.fr\/"},{"@type":"ListItem","position":2,"name":"Boutique","item":"https:\/\/eveilintime.fr\/?page_id=8"},{"@type":"ListItem","position":3,"name":"Gu\u00e9pi\u00e8re porte jarretelles noire et string"}]},{"@type":"WebSite","@id":"https:\/\/eveilintime.fr\/#website","url":"https:\/\/eveilintime.fr\/","name":"\u00c9veilintime","description":"Parce que l&#039;intime m\u00e9rite l&#039;\u00e9l\u00e9gance","publisher":{"@id":"https:\/\/eveilintime.fr\/#organization"},"potentialAction":[{"@type":"SearchAction","target":{"@type":"EntryPoint","urlTemplate":"https:\/\/eveilintime.fr\/?s={search_term_string}"},"query-input":{"@type":"PropertyValueSpecification","valueRequired":true,"valueName":"search_term_string"}}],"inLanguage":"fr-FR"},{"@type":"Organization","@id":"https:\/\/eveilintime.fr\/#organization","name":"\u00c9veilintime","url":"https:\/\/eveilintime.fr\/","logo":{"@type":"ImageObject","inLanguage":"fr-FR","@id":"https:\/\/eveilintime.fr\/#\/schema\/logo\/image\/","url":"https:\/\/eveilintime.fr\/wp-content\/uploads\/2025\/09\/logo-Eveil-Intime.png","contentUrl":"https:\/\/eveilintime.fr\/wp-content\/uploads\/2025\/09\/logo-Eveil-Intime.png","width":417,"height":160,"caption":"\u00c9veilintime"},"image":{"@id":"https:\/\/eveilintime.fr\/#\/schema\/logo\/image\/"}}]}},"jetpack_sharing_enabled":true,"_links":{"self":[{"href":"https:\/\/eveilintime.fr\/index.php?rest_route=\/wp\/v2\/product\/1390","targetHints":{"allow":["GET"]}}],"collection":[{"href":"https:\/\/eveilintime.fr\/index.php?rest_route=\/wp\/v2\/product"}],"about":[{"href":"https:\/\/eveilintime.fr\/index.php?rest_route=\/wp\/v2\/types\/product"}],"replies":[{"embeddable":true,"href":"https:\/\/eveilintime.fr\/index.php?rest_route=%2Fwp%2Fv2%2Fcomments&post=1390"}],"version-history":[{"count":1,"href":"https:\/\/eveilintime.fr\/index.php?rest_route=\/wp\/v2\/product\/1390\/revisions"}],"predecessor-version":[{"id":1394,"href":"https:\/\/eveilintime.fr\/index.php?rest_route=\/wp\/v2\/product\/1390\/revisions\/1394"}],"wp:featuredmedia":[{"embeddable":true,"href":"https:\/\/eveilintime.fr\/index.php?rest_route=\/wp\/v2\/media\/1393"}],"wp:attachment":[{"href":"https:\/\/eveilintime.fr\/index.php?rest_route=%2Fwp%2Fv2%2Fmedia&parent=1390"}],"wp:term":[{"taxonomy":"product_brand","embeddable":true,"href":"https:\/\/eveilintime.fr\/index.php?rest_route=%2Fwp%2Fv2%2Fproduct_brand&post=1390"},{"taxonomy":"product_cat","embeddable":true,"href":"https:\/\/eveilintime.fr\/index.php?rest_route=%2Fwp%2Fv2%2Fproduct_cat&post=1390"},{"taxonomy":"product_tag","embeddable":true,"href":"https:\/\/eveilintime.fr\/index.php?rest_route=%2Fwp%2Fv2%2Fproduct_tag&post=1390"}],"curies":[{"name":"wp","href":"https:\/\/api.w.org\/{rel}","templated":true}]}}