{"id":1375,"date":"2025-10-08T21:34:36","date_gmt":"2025-10-08T21:34:36","guid":{"rendered":"https:\/\/eveilintime.fr\/?post_type=product&#038;p=1375"},"modified":"2025-10-09T00:05:51","modified_gmt":"2025-10-09T00:05:51","slug":"ensemble-2-pieces-mapale-en-velours-floral","status":"publish","type":"product","link":"https:\/\/eveilintime.fr\/?product=ensemble-2-pieces-mapale-en-velours-floral","title":{"rendered":"Ensemble 2 pi\u00e8ces Mapal\u00e9 en velours floral"},"content":{"rendered":"<p>Misez sur l\u2019\u00e9l\u00e9gance et l\u2019audace avec cet\u00a0<strong>ensemble deux pi\u00e8ces luxueux<\/strong>\u00a0sign\u00e9\u00a0<strong>Mapal\u00e9<\/strong>. Confectionn\u00e9 dans un\u00a0<strong>motif floral en velours audacieux<\/strong>, il associe s\u00e9duction et raffinement pour une lingerie qui ne passe pas inaper\u00e7ue.<\/p>\n<p>Le\u00a0<strong>bustier \u00e0 armatures<\/strong>\u00a0offre maintien et mise en valeur, tandis que ses\u00a0<strong>bretelles amovibles<\/strong>\u00a0et son\u00a0<strong>dos lac\u00e9 sexy<\/strong>\u00a0permettent un ajustement parfait et une allure irr\u00e9sistible. Le\u00a0<strong>string assorti \u00e0 taille r\u00e9glable<\/strong>\u00a0compl\u00e8te la parure avec confort et sensualit\u00e9.<\/p>\n<h3>D\u00e9tails et mati\u00e8res<\/h3>\n<ul>\n<li>Bustier : 59% Polyester, 30% Polyamide, 11% \u00c9lasthanne \u2013 Contraste : 95% Polyester, 5% \u00c9lasthanne \u2013 R\u00e9sille : 84% Polyamide, 16% \u00c9lasthanne \u2013 \u00c9lastiques : 78% Polyamide, 22% \u00c9lasthanne \u2013 La\u00e7age : Ruban satin 100% Polyester<\/li>\n<li>String : 59% Polyester, 30% Polyamide, 11% \u00c9lasthanne \u2013 R\u00e9sille : 84% Polyamide, 16% \u00c9lasthanne \u2013 Finitions : 95% Polyester, 5% \u00c9lasthanne<\/li>\n<\/ul>\n<h3>Entretien<\/h3>\n<ul>\n<li>Lavage \u00e0 la main recommand\u00e9<\/li>\n<li>Ne pas blanchir<\/li>\n<li>Ne pas repasser<\/li>\n<\/ul>\n<h3>Points forts<\/h3>\n<ul>\n<li>Ensemble sexy 2 pi\u00e8ces en velours floral raffin\u00e9<\/li>\n<li>Bustier \u00e0 armatures pour maintien et d\u00e9collet\u00e9 sublim\u00e9<\/li>\n<li>Bretelles amovibles et dos lac\u00e9 ajustable<\/li>\n<li>String r\u00e9glable pour un ajustement parfait<\/li>\n<li>Cr\u00e9ation Mapal\u00e9, \u00e9l\u00e9gante et audacieuse<\/li>\n<\/ul>\n","protected":false},"excerpt":{"rendered":"<p>Un ensemble 2 pi\u00e8ces Mapal\u00e9 en velours floral audacieux, compos\u00e9 d\u2019un bustier \u00e0 armatures avec dos lac\u00e9 et d\u2019un string assorti r\u00e9glable, de votre distributeur Mapal\u00e9.<\/p>\n<p>&nbsp;<\/p>\n<p style=\"text-align: center;\"><img decoding=\"async\" class=\"alignnone size-medium wp-image-1089 lazyload\" data-src=\"https:\/\/eveilintime.fr\/wp-content\/uploads\/2025\/10\/paiement-securise-garanti-300x76.png\" alt=\"\" width=\"300\" height=\"76\" data-srcset=\"https:\/\/eveilintime.fr\/wp-content\/uploads\/2025\/10\/paiement-securise-garanti-300x76.png 300w, https:\/\/eveilintime.fr\/wp-content\/uploads\/2025\/10\/paiement-securise-garanti.png 446w\" data-sizes=\"(max-width: 300px) 100vw, 300px\" src=\"data:image\/svg+xml;base64,PHN2ZyB3aWR0aD0iMSIgaGVpZ2h0PSIxIiB4bWxucz0iaHR0cDovL3d3dy53My5vcmcvMjAwMC9zdmciPjwvc3ZnPg==\" style=\"--smush-placeholder-width: 300px; --smush-placeholder-aspect-ratio: 300\/76;\" \/><\/p>\n","protected":false},"featured_media":1378,"comment_status":"open","ping_status":"closed","template":"","meta":[],"product_brand":[29],"product_cat":[114],"product_tag":[107,33],"class_list":{"0":"post-1375","1":"product","2":"type-product","3":"status-publish","4":"has-post-thumbnail","6":"product_brand-mapale","7":"product_cat-bustiers-corsets-et-guepieres","8":"product_tag-ensemble","9":"product_tag-sexy","11":"first","12":"instock","13":"taxable","14":"shipping-taxable","15":"purchasable","16":"product-type-variable"},"yoast_head":"<!-- This site is optimized with the Yoast SEO plugin v27.1.1 - https:\/\/yoast.com\/product\/yoast-seo-wordpress\/ -->\n<title>Ensemble 2 pi\u00e8ces Mapal\u00e9 en velours floral - \u00c9veil Intime<\/title>\n<meta name=\"description\" content=\"Un ensemble 2 pi\u00e8ces Mapal\u00e9 en velours floral audacieux, compos\u00e9 d\u2019un bustier \u00e0 armatures avec dos lac\u00e9 et d\u2019un string assorti r\u00e9glable.\" \/>\n<meta name=\"robots\" content=\"index, follow, max-snippet:-1, max-image-preview:large, max-video-preview:-1\" \/>\n<link rel=\"canonical\" href=\"https:\/\/eveilintime.fr\/index.php\/produit\/ensemble-2-pieces-mapale-en-velours-floral\/\" \/>\n<meta property=\"og:locale\" content=\"fr_FR\" \/>\n<meta property=\"og:type\" content=\"article\" \/>\n<meta property=\"og:title\" content=\"Ensemble 2 pi\u00e8ces Mapal\u00e9 en velours floral - \u00c9veil Intime\" \/>\n<meta property=\"og:description\" content=\"Un ensemble 2 pi\u00e8ces Mapal\u00e9 en velours floral audacieux, compos\u00e9 d\u2019un bustier \u00e0 armatures avec dos lac\u00e9 et d\u2019un string assorti r\u00e9glable.\" \/>\n<meta property=\"og:url\" content=\"https:\/\/eveilintime.fr\/index.php\/produit\/ensemble-2-pieces-mapale-en-velours-floral\/\" \/>\n<meta property=\"og:site_name\" content=\"\u00c9veil Intime\" \/>\n<meta property=\"article:modified_time\" content=\"2025-10-09T00:05:51+00:00\" \/>\n<meta property=\"og:image\" content=\"https:\/\/eveilintime.fr\/wp-content\/uploads\/2025\/10\/prod20115.png\" \/>\n\t<meta property=\"og:image:width\" content=\"800\" \/>\n\t<meta property=\"og:image:height\" content=\"800\" \/>\n\t<meta property=\"og:image:type\" content=\"image\/png\" \/>\n<meta name=\"twitter:card\" content=\"summary_large_image\" \/>\n<meta name=\"twitter:label1\" content=\"Dur\u00e9e de lecture estim\u00e9e\" \/>\n\t<meta name=\"twitter:data1\" content=\"2 minutes\" \/>\n<script type=\"application\/ld+json\" class=\"yoast-schema-graph\">{\"@context\":\"https:\/\/schema.org\",\"@graph\":[{\"@type\":\"WebPage\",\"@id\":\"https:\/\/eveilintime.fr\/index.php\/produit\/ensemble-2-pieces-mapale-en-velours-floral\/\",\"url\":\"https:\/\/eveilintime.fr\/index.php\/produit\/ensemble-2-pieces-mapale-en-velours-floral\/\",\"name\":\"Ensemble 2 pi\u00e8ces Mapal\u00e9 en velours floral - \u00c9veil Intime\",\"isPartOf\":{\"@id\":\"https:\/\/eveilintime.fr\/#website\"},\"primaryImageOfPage\":{\"@id\":\"https:\/\/eveilintime.fr\/index.php\/produit\/ensemble-2-pieces-mapale-en-velours-floral\/#primaryimage\"},\"image\":{\"@id\":\"https:\/\/eveilintime.fr\/index.php\/produit\/ensemble-2-pieces-mapale-en-velours-floral\/#primaryimage\"},\"thumbnailUrl\":\"https:\/\/eveilintime.fr\/wp-content\/uploads\/2025\/10\/prod20115.png\",\"datePublished\":\"2025-10-08T21:34:36+00:00\",\"dateModified\":\"2025-10-09T00:05:51+00:00\",\"description\":\"Un ensemble 2 pi\u00e8ces Mapal\u00e9 en velours floral audacieux, compos\u00e9 d\u2019un bustier \u00e0 armatures avec dos lac\u00e9 et d\u2019un string assorti r\u00e9glable.\",\"breadcrumb\":{\"@id\":\"https:\/\/eveilintime.fr\/index.php\/produit\/ensemble-2-pieces-mapale-en-velours-floral\/#breadcrumb\"},\"inLanguage\":\"fr-FR\",\"potentialAction\":[{\"@type\":\"ReadAction\",\"target\":[\"https:\/\/eveilintime.fr\/index.php\/produit\/ensemble-2-pieces-mapale-en-velours-floral\/\"]}]},{\"@type\":\"ImageObject\",\"inLanguage\":\"fr-FR\",\"@id\":\"https:\/\/eveilintime.fr\/index.php\/produit\/ensemble-2-pieces-mapale-en-velours-floral\/#primaryimage\",\"url\":\"https:\/\/eveilintime.fr\/wp-content\/uploads\/2025\/10\/prod20115.png\",\"contentUrl\":\"https:\/\/eveilintime.fr\/wp-content\/uploads\/2025\/10\/prod20115.png\",\"width\":800,\"height\":800},{\"@type\":\"BreadcrumbList\",\"@id\":\"https:\/\/eveilintime.fr\/index.php\/produit\/ensemble-2-pieces-mapale-en-velours-floral\/#breadcrumb\",\"itemListElement\":[{\"@type\":\"ListItem\",\"position\":1,\"name\":\"Accueil\",\"item\":\"https:\/\/eveilintime.fr\/\"},{\"@type\":\"ListItem\",\"position\":2,\"name\":\"Boutique\",\"item\":\"https:\/\/eveilintime.fr\/?page_id=8\"},{\"@type\":\"ListItem\",\"position\":3,\"name\":\"Ensemble 2 pi\u00e8ces Mapal\u00e9 en velours floral\"}]},{\"@type\":\"WebSite\",\"@id\":\"https:\/\/eveilintime.fr\/#website\",\"url\":\"https:\/\/eveilintime.fr\/\",\"name\":\"\u00c9veilintime\",\"description\":\"Parce que l&#039;intime m\u00e9rite l&#039;\u00e9l\u00e9gance\",\"publisher\":{\"@id\":\"https:\/\/eveilintime.fr\/#organization\"},\"potentialAction\":[{\"@type\":\"SearchAction\",\"target\":{\"@type\":\"EntryPoint\",\"urlTemplate\":\"https:\/\/eveilintime.fr\/?s={search_term_string}\"},\"query-input\":{\"@type\":\"PropertyValueSpecification\",\"valueRequired\":true,\"valueName\":\"search_term_string\"}}],\"inLanguage\":\"fr-FR\"},{\"@type\":\"Organization\",\"@id\":\"https:\/\/eveilintime.fr\/#organization\",\"name\":\"\u00c9veilintime\",\"url\":\"https:\/\/eveilintime.fr\/\",\"logo\":{\"@type\":\"ImageObject\",\"inLanguage\":\"fr-FR\",\"@id\":\"https:\/\/eveilintime.fr\/#\/schema\/logo\/image\/\",\"url\":\"https:\/\/eveilintime.fr\/wp-content\/uploads\/2025\/09\/logo-Eveil-Intime.png\",\"contentUrl\":\"https:\/\/eveilintime.fr\/wp-content\/uploads\/2025\/09\/logo-Eveil-Intime.png\",\"width\":417,\"height\":160,\"caption\":\"\u00c9veilintime\"},\"image\":{\"@id\":\"https:\/\/eveilintime.fr\/#\/schema\/logo\/image\/\"}}]}<\/script>\n<!-- \/ Yoast SEO plugin. -->","yoast_head_json":{"title":"Ensemble 2 pi\u00e8ces Mapal\u00e9 en velours floral - \u00c9veil Intime","description":"Un ensemble 2 pi\u00e8ces Mapal\u00e9 en velours floral audacieux, compos\u00e9 d\u2019un bustier \u00e0 armatures avec dos lac\u00e9 et d\u2019un string assorti r\u00e9glable.","robots":{"index":"index","follow":"follow","max-snippet":"max-snippet:-1","max-image-preview":"max-image-preview:large","max-video-preview":"max-video-preview:-1"},"canonical":"https:\/\/eveilintime.fr\/index.php\/produit\/ensemble-2-pieces-mapale-en-velours-floral\/","og_locale":"fr_FR","og_type":"article","og_title":"Ensemble 2 pi\u00e8ces Mapal\u00e9 en velours floral - \u00c9veil Intime","og_description":"Un ensemble 2 pi\u00e8ces Mapal\u00e9 en velours floral audacieux, compos\u00e9 d\u2019un bustier \u00e0 armatures avec dos lac\u00e9 et d\u2019un string assorti r\u00e9glable.","og_url":"https:\/\/eveilintime.fr\/index.php\/produit\/ensemble-2-pieces-mapale-en-velours-floral\/","og_site_name":"\u00c9veil Intime","article_modified_time":"2025-10-09T00:05:51+00:00","og_image":[{"width":800,"height":800,"url":"https:\/\/eveilintime.fr\/wp-content\/uploads\/2025\/10\/prod20115.png","type":"image\/png"}],"twitter_card":"summary_large_image","twitter_misc":{"Dur\u00e9e de lecture estim\u00e9e":"2 minutes"},"schema":{"@context":"https:\/\/schema.org","@graph":[{"@type":"WebPage","@id":"https:\/\/eveilintime.fr\/index.php\/produit\/ensemble-2-pieces-mapale-en-velours-floral\/","url":"https:\/\/eveilintime.fr\/index.php\/produit\/ensemble-2-pieces-mapale-en-velours-floral\/","name":"Ensemble 2 pi\u00e8ces Mapal\u00e9 en velours floral - \u00c9veil Intime","isPartOf":{"@id":"https:\/\/eveilintime.fr\/#website"},"primaryImageOfPage":{"@id":"https:\/\/eveilintime.fr\/index.php\/produit\/ensemble-2-pieces-mapale-en-velours-floral\/#primaryimage"},"image":{"@id":"https:\/\/eveilintime.fr\/index.php\/produit\/ensemble-2-pieces-mapale-en-velours-floral\/#primaryimage"},"thumbnailUrl":"https:\/\/eveilintime.fr\/wp-content\/uploads\/2025\/10\/prod20115.png","datePublished":"2025-10-08T21:34:36+00:00","dateModified":"2025-10-09T00:05:51+00:00","description":"Un ensemble 2 pi\u00e8ces Mapal\u00e9 en velours floral audacieux, compos\u00e9 d\u2019un bustier \u00e0 armatures avec dos lac\u00e9 et d\u2019un string assorti r\u00e9glable.","breadcrumb":{"@id":"https:\/\/eveilintime.fr\/index.php\/produit\/ensemble-2-pieces-mapale-en-velours-floral\/#breadcrumb"},"inLanguage":"fr-FR","potentialAction":[{"@type":"ReadAction","target":["https:\/\/eveilintime.fr\/index.php\/produit\/ensemble-2-pieces-mapale-en-velours-floral\/"]}]},{"@type":"ImageObject","inLanguage":"fr-FR","@id":"https:\/\/eveilintime.fr\/index.php\/produit\/ensemble-2-pieces-mapale-en-velours-floral\/#primaryimage","url":"https:\/\/eveilintime.fr\/wp-content\/uploads\/2025\/10\/prod20115.png","contentUrl":"https:\/\/eveilintime.fr\/wp-content\/uploads\/2025\/10\/prod20115.png","width":800,"height":800},{"@type":"BreadcrumbList","@id":"https:\/\/eveilintime.fr\/index.php\/produit\/ensemble-2-pieces-mapale-en-velours-floral\/#breadcrumb","itemListElement":[{"@type":"ListItem","position":1,"name":"Accueil","item":"https:\/\/eveilintime.fr\/"},{"@type":"ListItem","position":2,"name":"Boutique","item":"https:\/\/eveilintime.fr\/?page_id=8"},{"@type":"ListItem","position":3,"name":"Ensemble 2 pi\u00e8ces Mapal\u00e9 en velours floral"}]},{"@type":"WebSite","@id":"https:\/\/eveilintime.fr\/#website","url":"https:\/\/eveilintime.fr\/","name":"\u00c9veilintime","description":"Parce que l&#039;intime m\u00e9rite l&#039;\u00e9l\u00e9gance","publisher":{"@id":"https:\/\/eveilintime.fr\/#organization"},"potentialAction":[{"@type":"SearchAction","target":{"@type":"EntryPoint","urlTemplate":"https:\/\/eveilintime.fr\/?s={search_term_string}"},"query-input":{"@type":"PropertyValueSpecification","valueRequired":true,"valueName":"search_term_string"}}],"inLanguage":"fr-FR"},{"@type":"Organization","@id":"https:\/\/eveilintime.fr\/#organization","name":"\u00c9veilintime","url":"https:\/\/eveilintime.fr\/","logo":{"@type":"ImageObject","inLanguage":"fr-FR","@id":"https:\/\/eveilintime.fr\/#\/schema\/logo\/image\/","url":"https:\/\/eveilintime.fr\/wp-content\/uploads\/2025\/09\/logo-Eveil-Intime.png","contentUrl":"https:\/\/eveilintime.fr\/wp-content\/uploads\/2025\/09\/logo-Eveil-Intime.png","width":417,"height":160,"caption":"\u00c9veilintime"},"image":{"@id":"https:\/\/eveilintime.fr\/#\/schema\/logo\/image\/"}}]}},"jetpack_sharing_enabled":true,"_links":{"self":[{"href":"https:\/\/eveilintime.fr\/index.php?rest_route=\/wp\/v2\/product\/1375","targetHints":{"allow":["GET"]}}],"collection":[{"href":"https:\/\/eveilintime.fr\/index.php?rest_route=\/wp\/v2\/product"}],"about":[{"href":"https:\/\/eveilintime.fr\/index.php?rest_route=\/wp\/v2\/types\/product"}],"replies":[{"embeddable":true,"href":"https:\/\/eveilintime.fr\/index.php?rest_route=%2Fwp%2Fv2%2Fcomments&post=1375"}],"version-history":[{"count":1,"href":"https:\/\/eveilintime.fr\/index.php?rest_route=\/wp\/v2\/product\/1375\/revisions"}],"predecessor-version":[{"id":1379,"href":"https:\/\/eveilintime.fr\/index.php?rest_route=\/wp\/v2\/product\/1375\/revisions\/1379"}],"wp:featuredmedia":[{"embeddable":true,"href":"https:\/\/eveilintime.fr\/index.php?rest_route=\/wp\/v2\/media\/1378"}],"wp:attachment":[{"href":"https:\/\/eveilintime.fr\/index.php?rest_route=%2Fwp%2Fv2%2Fmedia&parent=1375"}],"wp:term":[{"taxonomy":"product_brand","embeddable":true,"href":"https:\/\/eveilintime.fr\/index.php?rest_route=%2Fwp%2Fv2%2Fproduct_brand&post=1375"},{"taxonomy":"product_cat","embeddable":true,"href":"https:\/\/eveilintime.fr\/index.php?rest_route=%2Fwp%2Fv2%2Fproduct_cat&post=1375"},{"taxonomy":"product_tag","embeddable":true,"href":"https:\/\/eveilintime.fr\/index.php?rest_route=%2Fwp%2Fv2%2Fproduct_tag&post=1375"}],"curies":[{"name":"wp","href":"https:\/\/api.w.org\/{rel}","templated":true}]}}