{"id":1338,"date":"2025-10-08T21:04:00","date_gmt":"2025-10-08T21:04:00","guid":{"rendered":"https:\/\/eveilintime.fr\/?post_type=product&#038;p=1338"},"modified":"2025-10-08T23:46:02","modified_gmt":"2025-10-08T23:46:02","slug":"cockring-vibrant-connecte-usb-bleu-bullseye-satisfyer","status":"publish","type":"product","link":"https:\/\/eveilintime.fr\/?product=cockring-vibrant-connecte-usb-bleu-bullseye-satisfyer","title":{"rendered":"Cockring vibrant connect\u00e9 USB bleu Bullseye Satisfyer"},"content":{"rendered":"<p>Cockring vibrant connect\u00e9 USB bleu Bullseye de la marque Satisfyer \u00e0 taille r\u00e9glable fabriqu\u00e9 en silicone\u00a0vous assure un plaisir durable pendant vos rapports sexuels gr\u00e2ce \u00e0 l\u2019effet de stase sanguine. Les puissantes vibrations de ce stimulateur clitoridien effil\u00e9 peuvent \u00e9galement \u00eatre command\u00e9es via l\u2019application gratuite Satisfyer Connect.<\/p>\n<p>&#8211;\u00a0Compatible avec l\u2019application gratuite de Satisfyer disponible pour iOS et Android<\/p>\n<p>&#8211; Un moteur puissant transmet des rythmes vibratoires intenses dans tout le sextoy.<\/p>\n<p>&#8211; Plus d\u2019endurance gr\u00e2ce \u00e0 l\u2019effet stimulant de la stase sanguine<\/p>\n<p>&#8211; R\u00e9glable de mani\u00e8re personnalis\u00e9e<\/p>\n<p>&#8211; Silicone doux pour le corps<\/p>\n<p>&#8211; \u00c9tanche (IPX7)<\/p>\n<p>&#8211; \u00c9galement utilisable sans l\u2019App<\/p>\n<p>&#8211; Programmes pr\u00e9d\u00e9finis modifiables<\/p>\n<p>&#8211; Vari\u00e9t\u00e9 infinie de programmes gr\u00e2ce \u00e0 l\u2019App<\/p>\n<p>&#8211; Mode silencieux<\/p>\n<p>&#8211; C\u00e2ble de charge magn\u00e9tique USB inclus<\/p>\n<p>&#8211; Facile \u00e0 nettoyer<\/p>\n","protected":false},"excerpt":{"rendered":"<p>Eveil intime vous pr\u00e9sente le cockring Bullseye de la marque Satisfyer.<\/p>\n<p>&nbsp;<\/p>\n<p style=\"text-align: center;\"><img decoding=\"async\" class=\"alignnone size-medium wp-image-1089 lazyload\" data-src=\"https:\/\/eveilintime.fr\/wp-content\/uploads\/2025\/10\/paiement-securise-garanti-300x76.png\" alt=\"\" width=\"300\" height=\"76\" data-srcset=\"https:\/\/eveilintime.fr\/wp-content\/uploads\/2025\/10\/paiement-securise-garanti-300x76.png 300w, https:\/\/eveilintime.fr\/wp-content\/uploads\/2025\/10\/paiement-securise-garanti.png 446w\" data-sizes=\"(max-width: 300px) 100vw, 300px\" src=\"data:image\/svg+xml;base64,PHN2ZyB3aWR0aD0iMSIgaGVpZ2h0PSIxIiB4bWxucz0iaHR0cDovL3d3dy53My5vcmcvMjAwMC9zdmciPjwvc3ZnPg==\" style=\"--smush-placeholder-width: 300px; --smush-placeholder-aspect-ratio: 300\/76;\" \/><\/p>\n","protected":false},"featured_media":1341,"comment_status":"open","ping_status":"closed","template":"","meta":[],"product_brand":[20],"product_cat":[112],"product_tag":[113,37,89],"class_list":{"0":"post-1338","1":"product","2":"type-product","3":"status-publish","4":"has-post-thumbnail","6":"product_brand-satisfyer","7":"product_cat-anneau-vibrant","8":"product_tag-anneau","9":"product_tag-sextoys","10":"product_tag-usb","12":"first","13":"instock","14":"taxable","15":"shipping-taxable","16":"purchasable","17":"product-type-simple"},"yoast_head":"<!-- This site is optimized with the Yoast SEO plugin v27.1.1 - https:\/\/yoast.com\/product\/yoast-seo-wordpress\/ -->\n<title>Cockring vibrant connect\u00e9 USB bleu Bullseye Satisfyer - \u00c9veil Intime<\/title>\n<meta name=\"robots\" content=\"index, follow, max-snippet:-1, max-image-preview:large, max-video-preview:-1\" \/>\n<link rel=\"canonical\" href=\"https:\/\/eveilintime.fr\/index.php\/produit\/cockring-vibrant-connecte-usb-bleu-bullseye-satisfyer\/\" \/>\n<meta property=\"og:locale\" content=\"fr_FR\" \/>\n<meta property=\"og:type\" content=\"article\" \/>\n<meta property=\"og:title\" content=\"Cockring vibrant connect\u00e9 USB bleu Bullseye Satisfyer - \u00c9veil Intime\" \/>\n<meta property=\"og:description\" content=\"Eveil intime vous pr\u00e9sente le cockring Bullseye de la marque Satisfyer.  &nbsp;\" \/>\n<meta property=\"og:url\" content=\"https:\/\/eveilintime.fr\/index.php\/produit\/cockring-vibrant-connecte-usb-bleu-bullseye-satisfyer\/\" \/>\n<meta property=\"og:site_name\" content=\"\u00c9veil Intime\" \/>\n<meta property=\"article:modified_time\" content=\"2025-10-08T23:46:02+00:00\" \/>\n<meta property=\"og:image\" content=\"https:\/\/eveilintime.fr\/wp-content\/uploads\/2025\/10\/cockring-vibrant-usb-bleu-bullseye-satisfyer-cc597798.jpg\" \/>\n\t<meta property=\"og:image:width\" content=\"800\" \/>\n\t<meta property=\"og:image:height\" content=\"800\" \/>\n\t<meta property=\"og:image:type\" content=\"image\/jpeg\" \/>\n<meta name=\"twitter:card\" content=\"summary_large_image\" \/>\n<meta name=\"twitter:label1\" content=\"Dur\u00e9e de lecture estim\u00e9e\" \/>\n\t<meta name=\"twitter:data1\" content=\"1 minute\" \/>\n<script type=\"application\/ld+json\" class=\"yoast-schema-graph\">{\"@context\":\"https:\/\/schema.org\",\"@graph\":[{\"@type\":\"WebPage\",\"@id\":\"https:\/\/eveilintime.fr\/index.php\/produit\/cockring-vibrant-connecte-usb-bleu-bullseye-satisfyer\/\",\"url\":\"https:\/\/eveilintime.fr\/index.php\/produit\/cockring-vibrant-connecte-usb-bleu-bullseye-satisfyer\/\",\"name\":\"Cockring vibrant connect\u00e9 USB bleu Bullseye Satisfyer - \u00c9veil Intime\",\"isPartOf\":{\"@id\":\"https:\/\/eveilintime.fr\/#website\"},\"primaryImageOfPage\":{\"@id\":\"https:\/\/eveilintime.fr\/index.php\/produit\/cockring-vibrant-connecte-usb-bleu-bullseye-satisfyer\/#primaryimage\"},\"image\":{\"@id\":\"https:\/\/eveilintime.fr\/index.php\/produit\/cockring-vibrant-connecte-usb-bleu-bullseye-satisfyer\/#primaryimage\"},\"thumbnailUrl\":\"https:\/\/eveilintime.fr\/wp-content\/uploads\/2025\/10\/cockring-vibrant-usb-bleu-bullseye-satisfyer-cc597798.jpg\",\"datePublished\":\"2025-10-08T21:04:00+00:00\",\"dateModified\":\"2025-10-08T23:46:02+00:00\",\"breadcrumb\":{\"@id\":\"https:\/\/eveilintime.fr\/index.php\/produit\/cockring-vibrant-connecte-usb-bleu-bullseye-satisfyer\/#breadcrumb\"},\"inLanguage\":\"fr-FR\",\"potentialAction\":[{\"@type\":\"ReadAction\",\"target\":[\"https:\/\/eveilintime.fr\/index.php\/produit\/cockring-vibrant-connecte-usb-bleu-bullseye-satisfyer\/\"]}]},{\"@type\":\"ImageObject\",\"inLanguage\":\"fr-FR\",\"@id\":\"https:\/\/eveilintime.fr\/index.php\/produit\/cockring-vibrant-connecte-usb-bleu-bullseye-satisfyer\/#primaryimage\",\"url\":\"https:\/\/eveilintime.fr\/wp-content\/uploads\/2025\/10\/cockring-vibrant-usb-bleu-bullseye-satisfyer-cc597798.jpg\",\"contentUrl\":\"https:\/\/eveilintime.fr\/wp-content\/uploads\/2025\/10\/cockring-vibrant-usb-bleu-bullseye-satisfyer-cc597798.jpg\",\"width\":800,\"height\":800},{\"@type\":\"BreadcrumbList\",\"@id\":\"https:\/\/eveilintime.fr\/index.php\/produit\/cockring-vibrant-connecte-usb-bleu-bullseye-satisfyer\/#breadcrumb\",\"itemListElement\":[{\"@type\":\"ListItem\",\"position\":1,\"name\":\"Accueil\",\"item\":\"https:\/\/eveilintime.fr\/\"},{\"@type\":\"ListItem\",\"position\":2,\"name\":\"Boutique\",\"item\":\"https:\/\/eveilintime.fr\/?page_id=8\"},{\"@type\":\"ListItem\",\"position\":3,\"name\":\"Cockring vibrant connect\u00e9 USB bleu Bullseye Satisfyer\"}]},{\"@type\":\"WebSite\",\"@id\":\"https:\/\/eveilintime.fr\/#website\",\"url\":\"https:\/\/eveilintime.fr\/\",\"name\":\"\u00c9veilintime\",\"description\":\"Parce que l&#039;intime m\u00e9rite l&#039;\u00e9l\u00e9gance\",\"publisher\":{\"@id\":\"https:\/\/eveilintime.fr\/#organization\"},\"potentialAction\":[{\"@type\":\"SearchAction\",\"target\":{\"@type\":\"EntryPoint\",\"urlTemplate\":\"https:\/\/eveilintime.fr\/?s={search_term_string}\"},\"query-input\":{\"@type\":\"PropertyValueSpecification\",\"valueRequired\":true,\"valueName\":\"search_term_string\"}}],\"inLanguage\":\"fr-FR\"},{\"@type\":\"Organization\",\"@id\":\"https:\/\/eveilintime.fr\/#organization\",\"name\":\"\u00c9veilintime\",\"url\":\"https:\/\/eveilintime.fr\/\",\"logo\":{\"@type\":\"ImageObject\",\"inLanguage\":\"fr-FR\",\"@id\":\"https:\/\/eveilintime.fr\/#\/schema\/logo\/image\/\",\"url\":\"https:\/\/eveilintime.fr\/wp-content\/uploads\/2025\/09\/logo-Eveil-Intime.png\",\"contentUrl\":\"https:\/\/eveilintime.fr\/wp-content\/uploads\/2025\/09\/logo-Eveil-Intime.png\",\"width\":417,\"height\":160,\"caption\":\"\u00c9veilintime\"},\"image\":{\"@id\":\"https:\/\/eveilintime.fr\/#\/schema\/logo\/image\/\"}}]}<\/script>\n<!-- \/ Yoast SEO plugin. -->","yoast_head_json":{"title":"Cockring vibrant connect\u00e9 USB bleu Bullseye Satisfyer - \u00c9veil Intime","robots":{"index":"index","follow":"follow","max-snippet":"max-snippet:-1","max-image-preview":"max-image-preview:large","max-video-preview":"max-video-preview:-1"},"canonical":"https:\/\/eveilintime.fr\/index.php\/produit\/cockring-vibrant-connecte-usb-bleu-bullseye-satisfyer\/","og_locale":"fr_FR","og_type":"article","og_title":"Cockring vibrant connect\u00e9 USB bleu Bullseye Satisfyer - \u00c9veil Intime","og_description":"Eveil intime vous pr\u00e9sente le cockring Bullseye de la marque Satisfyer.  &nbsp;","og_url":"https:\/\/eveilintime.fr\/index.php\/produit\/cockring-vibrant-connecte-usb-bleu-bullseye-satisfyer\/","og_site_name":"\u00c9veil Intime","article_modified_time":"2025-10-08T23:46:02+00:00","og_image":[{"width":800,"height":800,"url":"https:\/\/eveilintime.fr\/wp-content\/uploads\/2025\/10\/cockring-vibrant-usb-bleu-bullseye-satisfyer-cc597798.jpg","type":"image\/jpeg"}],"twitter_card":"summary_large_image","twitter_misc":{"Dur\u00e9e de lecture estim\u00e9e":"1 minute"},"schema":{"@context":"https:\/\/schema.org","@graph":[{"@type":"WebPage","@id":"https:\/\/eveilintime.fr\/index.php\/produit\/cockring-vibrant-connecte-usb-bleu-bullseye-satisfyer\/","url":"https:\/\/eveilintime.fr\/index.php\/produit\/cockring-vibrant-connecte-usb-bleu-bullseye-satisfyer\/","name":"Cockring vibrant connect\u00e9 USB bleu Bullseye Satisfyer - \u00c9veil Intime","isPartOf":{"@id":"https:\/\/eveilintime.fr\/#website"},"primaryImageOfPage":{"@id":"https:\/\/eveilintime.fr\/index.php\/produit\/cockring-vibrant-connecte-usb-bleu-bullseye-satisfyer\/#primaryimage"},"image":{"@id":"https:\/\/eveilintime.fr\/index.php\/produit\/cockring-vibrant-connecte-usb-bleu-bullseye-satisfyer\/#primaryimage"},"thumbnailUrl":"https:\/\/eveilintime.fr\/wp-content\/uploads\/2025\/10\/cockring-vibrant-usb-bleu-bullseye-satisfyer-cc597798.jpg","datePublished":"2025-10-08T21:04:00+00:00","dateModified":"2025-10-08T23:46:02+00:00","breadcrumb":{"@id":"https:\/\/eveilintime.fr\/index.php\/produit\/cockring-vibrant-connecte-usb-bleu-bullseye-satisfyer\/#breadcrumb"},"inLanguage":"fr-FR","potentialAction":[{"@type":"ReadAction","target":["https:\/\/eveilintime.fr\/index.php\/produit\/cockring-vibrant-connecte-usb-bleu-bullseye-satisfyer\/"]}]},{"@type":"ImageObject","inLanguage":"fr-FR","@id":"https:\/\/eveilintime.fr\/index.php\/produit\/cockring-vibrant-connecte-usb-bleu-bullseye-satisfyer\/#primaryimage","url":"https:\/\/eveilintime.fr\/wp-content\/uploads\/2025\/10\/cockring-vibrant-usb-bleu-bullseye-satisfyer-cc597798.jpg","contentUrl":"https:\/\/eveilintime.fr\/wp-content\/uploads\/2025\/10\/cockring-vibrant-usb-bleu-bullseye-satisfyer-cc597798.jpg","width":800,"height":800},{"@type":"BreadcrumbList","@id":"https:\/\/eveilintime.fr\/index.php\/produit\/cockring-vibrant-connecte-usb-bleu-bullseye-satisfyer\/#breadcrumb","itemListElement":[{"@type":"ListItem","position":1,"name":"Accueil","item":"https:\/\/eveilintime.fr\/"},{"@type":"ListItem","position":2,"name":"Boutique","item":"https:\/\/eveilintime.fr\/?page_id=8"},{"@type":"ListItem","position":3,"name":"Cockring vibrant connect\u00e9 USB bleu Bullseye Satisfyer"}]},{"@type":"WebSite","@id":"https:\/\/eveilintime.fr\/#website","url":"https:\/\/eveilintime.fr\/","name":"\u00c9veilintime","description":"Parce que l&#039;intime m\u00e9rite l&#039;\u00e9l\u00e9gance","publisher":{"@id":"https:\/\/eveilintime.fr\/#organization"},"potentialAction":[{"@type":"SearchAction","target":{"@type":"EntryPoint","urlTemplate":"https:\/\/eveilintime.fr\/?s={search_term_string}"},"query-input":{"@type":"PropertyValueSpecification","valueRequired":true,"valueName":"search_term_string"}}],"inLanguage":"fr-FR"},{"@type":"Organization","@id":"https:\/\/eveilintime.fr\/#organization","name":"\u00c9veilintime","url":"https:\/\/eveilintime.fr\/","logo":{"@type":"ImageObject","inLanguage":"fr-FR","@id":"https:\/\/eveilintime.fr\/#\/schema\/logo\/image\/","url":"https:\/\/eveilintime.fr\/wp-content\/uploads\/2025\/09\/logo-Eveil-Intime.png","contentUrl":"https:\/\/eveilintime.fr\/wp-content\/uploads\/2025\/09\/logo-Eveil-Intime.png","width":417,"height":160,"caption":"\u00c9veilintime"},"image":{"@id":"https:\/\/eveilintime.fr\/#\/schema\/logo\/image\/"}}]}},"jetpack_sharing_enabled":true,"_links":{"self":[{"href":"https:\/\/eveilintime.fr\/index.php?rest_route=\/wp\/v2\/product\/1338","targetHints":{"allow":["GET"]}}],"collection":[{"href":"https:\/\/eveilintime.fr\/index.php?rest_route=\/wp\/v2\/product"}],"about":[{"href":"https:\/\/eveilintime.fr\/index.php?rest_route=\/wp\/v2\/types\/product"}],"replies":[{"embeddable":true,"href":"https:\/\/eveilintime.fr\/index.php?rest_route=%2Fwp%2Fv2%2Fcomments&post=1338"}],"version-history":[{"count":1,"href":"https:\/\/eveilintime.fr\/index.php?rest_route=\/wp\/v2\/product\/1338\/revisions"}],"predecessor-version":[{"id":1342,"href":"https:\/\/eveilintime.fr\/index.php?rest_route=\/wp\/v2\/product\/1338\/revisions\/1342"}],"wp:featuredmedia":[{"embeddable":true,"href":"https:\/\/eveilintime.fr\/index.php?rest_route=\/wp\/v2\/media\/1341"}],"wp:attachment":[{"href":"https:\/\/eveilintime.fr\/index.php?rest_route=%2Fwp%2Fv2%2Fmedia&parent=1338"}],"wp:term":[{"taxonomy":"product_brand","embeddable":true,"href":"https:\/\/eveilintime.fr\/index.php?rest_route=%2Fwp%2Fv2%2Fproduct_brand&post=1338"},{"taxonomy":"product_cat","embeddable":true,"href":"https:\/\/eveilintime.fr\/index.php?rest_route=%2Fwp%2Fv2%2Fproduct_cat&post=1338"},{"taxonomy":"product_tag","embeddable":true,"href":"https:\/\/eveilintime.fr\/index.php?rest_route=%2Fwp%2Fv2%2Fproduct_tag&post=1338"}],"curies":[{"name":"wp","href":"https:\/\/api.w.org\/{rel}","templated":true}]}}