{"id":1222,"date":"2025-10-04T22:13:01","date_gmt":"2025-10-04T22:13:01","guid":{"rendered":"https:\/\/eveilintime.fr\/?post_type=product&#038;p=1222"},"modified":"2025-10-04T22:13:01","modified_gmt":"2025-10-04T22:13:01","slug":"jeu-sex-roulette-24-defis-coquins","status":"publish","type":"product","link":"https:\/\/eveilintime.fr\/?product=jeu-sex-roulette-24-defis-coquins","title":{"rendered":"Jeu \u00ab\u00a0Sex Roulette\u00a0\u00bb 24 d\u00e9fis coquins"},"content":{"rendered":"<p>Le jeu\u00a0<strong>Sex Roulette \u2013 Naughty Play<\/strong>, un concept original et ludique qui propose\u00a0<strong>24 d\u00e9fis coquins<\/strong>\u00a0\u00e0 r\u00e9aliser en couple. Chaque d\u00e9fi est d\u00e9termin\u00e9 par une roue \u00e0 faire tourner : le num\u00e9ro d\u00e9signe un challenge \u00e0 d\u00e9couvrir dans le livret inclus.<\/p>\n<p>Un jeu parfait pour stimuler la complicit\u00e9, id\u00e9al \u00e0 offrir lors d\u2019un anniversaire, d\u2019un EVJF\/EVG ou pour la Saint-Valentin. Multilingue (10 langues), compact, \u00e0 prix abordable et pr\u00e9sent\u00e9 dans un packaging moderne.<\/p>\n<p><strong>Contenu :<\/strong><\/p>\n<ul>\n<li>1 roue rotative imprim\u00e9e avec 24 num\u00e9ros<\/li>\n<li>1 livret multilingue de d\u00e9fis \u00e9rotiques (FR, EN, DE, ES, IT, etc.)<\/li>\n<li>1 bo\u00eete \u00e9l\u00e9gante et color\u00e9e<\/li>\n<\/ul>\n","protected":false},"excerpt":{"rendered":"<p>Une roulette \u00e9rotique pour 24 d\u00e9fis os\u00e9s \u00e0 tenter en couple, de votre distributeur Tease &amp; Please jeux coquins pour couple.<\/p>\n<p>&nbsp;<\/p>\n<p style=\"text-align: center;\"><img decoding=\"async\" class=\"alignnone size-medium wp-image-1089 lazyload\" data-src=\"https:\/\/eveilintime.fr\/wp-content\/uploads\/2025\/10\/paiement-securise-garanti-300x76.png\" alt=\"\" width=\"300\" height=\"76\" data-srcset=\"https:\/\/eveilintime.fr\/wp-content\/uploads\/2025\/10\/paiement-securise-garanti-300x76.png 300w, https:\/\/eveilintime.fr\/wp-content\/uploads\/2025\/10\/paiement-securise-garanti.png 446w\" data-sizes=\"(max-width: 300px) 100vw, 300px\" src=\"data:image\/svg+xml;base64,PHN2ZyB3aWR0aD0iMSIgaGVpZ2h0PSIxIiB4bWxucz0iaHR0cDovL3d3dy53My5vcmcvMjAwMC9zdmciPjwvc3ZnPg==\" style=\"--smush-placeholder-width: 300px; --smush-placeholder-aspect-ratio: 300\/76;\" \/><\/p>\n","protected":false},"featured_media":1223,"comment_status":"open","ping_status":"closed","template":"","meta":[],"product_brand":[],"product_cat":[90],"product_tag":[40,97,98,96],"class_list":{"0":"post-1222","1":"product","2":"type-product","3":"status-publish","4":"has-post-thumbnail","6":"product_cat-jeu-de-couple","7":"product_tag-coquin","8":"product_tag-couple","9":"product_tag-defis","10":"product_tag-jeu","12":"first","13":"instock","14":"taxable","15":"shipping-taxable","16":"purchasable","17":"product-type-simple"},"yoast_head":"<!-- This site is optimized with the Yoast SEO plugin v27.1.1 - https:\/\/yoast.com\/product\/yoast-seo-wordpress\/ -->\n<title>Jeu &quot;Sex Roulette&quot; 24 d\u00e9fis coquins - \u00c9veil Intime<\/title>\n<meta name=\"description\" content=\"S\u00e9duisante et confortable, notre lingerie combine sensualit\u00e9 et style. D\u00e9couvrez nos collections sexy pour toutes vos envies\" \/>\n<meta name=\"robots\" content=\"index, follow, max-snippet:-1, max-image-preview:large, max-video-preview:-1\" \/>\n<link rel=\"canonical\" href=\"https:\/\/eveilintime.fr\/index.php\/produit\/jeu-sex-roulette-24-defis-coquins\/\" \/>\n<meta property=\"og:locale\" content=\"fr_FR\" \/>\n<meta property=\"og:type\" content=\"article\" \/>\n<meta property=\"og:title\" content=\"Jeu &quot;Sex Roulette&quot; 24 d\u00e9fis coquins - \u00c9veil Intime\" \/>\n<meta property=\"og:description\" content=\"S\u00e9duisante et confortable, notre lingerie combine sensualit\u00e9 et style. D\u00e9couvrez nos collections sexy pour toutes vos envies\" \/>\n<meta property=\"og:url\" content=\"https:\/\/eveilintime.fr\/index.php\/produit\/jeu-sex-roulette-24-defis-coquins\/\" \/>\n<meta property=\"og:site_name\" content=\"\u00c9veil Intime\" \/>\n<meta property=\"og:image\" content=\"https:\/\/eveilintime.fr\/wp-content\/uploads\/2025\/10\/jeu-sex-roulette-24-positions-kamasutra-e29278-4.png\" \/>\n\t<meta property=\"og:image:width\" content=\"800\" \/>\n\t<meta property=\"og:image:height\" content=\"800\" \/>\n\t<meta property=\"og:image:type\" content=\"image\/png\" \/>\n<meta name=\"twitter:card\" content=\"summary_large_image\" \/>\n<meta name=\"twitter:label1\" content=\"Dur\u00e9e de lecture estim\u00e9e\" \/>\n\t<meta name=\"twitter:data1\" content=\"1 minute\" \/>\n<script type=\"application\/ld+json\" class=\"yoast-schema-graph\">{\"@context\":\"https:\/\/schema.org\",\"@graph\":[{\"@type\":\"WebPage\",\"@id\":\"https:\/\/eveilintime.fr\/index.php\/produit\/jeu-sex-roulette-24-defis-coquins\/\",\"url\":\"https:\/\/eveilintime.fr\/index.php\/produit\/jeu-sex-roulette-24-defis-coquins\/\",\"name\":\"Jeu \\\"Sex Roulette\\\" 24 d\u00e9fis coquins - \u00c9veil Intime\",\"isPartOf\":{\"@id\":\"https:\/\/eveilintime.fr\/#website\"},\"primaryImageOfPage\":{\"@id\":\"https:\/\/eveilintime.fr\/index.php\/produit\/jeu-sex-roulette-24-defis-coquins\/#primaryimage\"},\"image\":{\"@id\":\"https:\/\/eveilintime.fr\/index.php\/produit\/jeu-sex-roulette-24-defis-coquins\/#primaryimage\"},\"thumbnailUrl\":\"https:\/\/eveilintime.fr\/wp-content\/uploads\/2025\/10\/jeu-sex-roulette-24-positions-kamasutra-e29278-4.png\",\"datePublished\":\"2025-10-04T22:13:01+00:00\",\"description\":\"S\u00e9duisante et confortable, notre lingerie combine sensualit\u00e9 et style. D\u00e9couvrez nos collections sexy pour toutes vos envies\",\"breadcrumb\":{\"@id\":\"https:\/\/eveilintime.fr\/index.php\/produit\/jeu-sex-roulette-24-defis-coquins\/#breadcrumb\"},\"inLanguage\":\"fr-FR\",\"potentialAction\":[{\"@type\":\"ReadAction\",\"target\":[\"https:\/\/eveilintime.fr\/index.php\/produit\/jeu-sex-roulette-24-defis-coquins\/\"]}]},{\"@type\":\"ImageObject\",\"inLanguage\":\"fr-FR\",\"@id\":\"https:\/\/eveilintime.fr\/index.php\/produit\/jeu-sex-roulette-24-defis-coquins\/#primaryimage\",\"url\":\"https:\/\/eveilintime.fr\/wp-content\/uploads\/2025\/10\/jeu-sex-roulette-24-positions-kamasutra-e29278-4.png\",\"contentUrl\":\"https:\/\/eveilintime.fr\/wp-content\/uploads\/2025\/10\/jeu-sex-roulette-24-positions-kamasutra-e29278-4.png\",\"width\":800,\"height\":800},{\"@type\":\"BreadcrumbList\",\"@id\":\"https:\/\/eveilintime.fr\/index.php\/produit\/jeu-sex-roulette-24-defis-coquins\/#breadcrumb\",\"itemListElement\":[{\"@type\":\"ListItem\",\"position\":1,\"name\":\"Accueil\",\"item\":\"https:\/\/eveilintime.fr\/\"},{\"@type\":\"ListItem\",\"position\":2,\"name\":\"Boutique\",\"item\":\"https:\/\/eveilintime.fr\/?page_id=8\"},{\"@type\":\"ListItem\",\"position\":3,\"name\":\"Jeu \u00ab\u00a0Sex Roulette\u00a0\u00bb 24 d\u00e9fis coquins\"}]},{\"@type\":\"WebSite\",\"@id\":\"https:\/\/eveilintime.fr\/#website\",\"url\":\"https:\/\/eveilintime.fr\/\",\"name\":\"\u00c9veilintime\",\"description\":\"Parce que l&#039;intime m\u00e9rite l&#039;\u00e9l\u00e9gance\",\"publisher\":{\"@id\":\"https:\/\/eveilintime.fr\/#organization\"},\"potentialAction\":[{\"@type\":\"SearchAction\",\"target\":{\"@type\":\"EntryPoint\",\"urlTemplate\":\"https:\/\/eveilintime.fr\/?s={search_term_string}\"},\"query-input\":{\"@type\":\"PropertyValueSpecification\",\"valueRequired\":true,\"valueName\":\"search_term_string\"}}],\"inLanguage\":\"fr-FR\"},{\"@type\":\"Organization\",\"@id\":\"https:\/\/eveilintime.fr\/#organization\",\"name\":\"\u00c9veilintime\",\"url\":\"https:\/\/eveilintime.fr\/\",\"logo\":{\"@type\":\"ImageObject\",\"inLanguage\":\"fr-FR\",\"@id\":\"https:\/\/eveilintime.fr\/#\/schema\/logo\/image\/\",\"url\":\"https:\/\/eveilintime.fr\/wp-content\/uploads\/2025\/09\/logo-Eveil-Intime.png\",\"contentUrl\":\"https:\/\/eveilintime.fr\/wp-content\/uploads\/2025\/09\/logo-Eveil-Intime.png\",\"width\":417,\"height\":160,\"caption\":\"\u00c9veilintime\"},\"image\":{\"@id\":\"https:\/\/eveilintime.fr\/#\/schema\/logo\/image\/\"}}]}<\/script>\n<!-- \/ Yoast SEO plugin. -->","yoast_head_json":{"title":"Jeu \"Sex Roulette\" 24 d\u00e9fis coquins - \u00c9veil Intime","description":"S\u00e9duisante et confortable, notre lingerie combine sensualit\u00e9 et style. D\u00e9couvrez nos collections sexy pour toutes vos envies","robots":{"index":"index","follow":"follow","max-snippet":"max-snippet:-1","max-image-preview":"max-image-preview:large","max-video-preview":"max-video-preview:-1"},"canonical":"https:\/\/eveilintime.fr\/index.php\/produit\/jeu-sex-roulette-24-defis-coquins\/","og_locale":"fr_FR","og_type":"article","og_title":"Jeu \"Sex Roulette\" 24 d\u00e9fis coquins - \u00c9veil Intime","og_description":"S\u00e9duisante et confortable, notre lingerie combine sensualit\u00e9 et style. D\u00e9couvrez nos collections sexy pour toutes vos envies","og_url":"https:\/\/eveilintime.fr\/index.php\/produit\/jeu-sex-roulette-24-defis-coquins\/","og_site_name":"\u00c9veil Intime","og_image":[{"width":800,"height":800,"url":"https:\/\/eveilintime.fr\/wp-content\/uploads\/2025\/10\/jeu-sex-roulette-24-positions-kamasutra-e29278-4.png","type":"image\/png"}],"twitter_card":"summary_large_image","twitter_misc":{"Dur\u00e9e de lecture estim\u00e9e":"1 minute"},"schema":{"@context":"https:\/\/schema.org","@graph":[{"@type":"WebPage","@id":"https:\/\/eveilintime.fr\/index.php\/produit\/jeu-sex-roulette-24-defis-coquins\/","url":"https:\/\/eveilintime.fr\/index.php\/produit\/jeu-sex-roulette-24-defis-coquins\/","name":"Jeu \"Sex Roulette\" 24 d\u00e9fis coquins - \u00c9veil Intime","isPartOf":{"@id":"https:\/\/eveilintime.fr\/#website"},"primaryImageOfPage":{"@id":"https:\/\/eveilintime.fr\/index.php\/produit\/jeu-sex-roulette-24-defis-coquins\/#primaryimage"},"image":{"@id":"https:\/\/eveilintime.fr\/index.php\/produit\/jeu-sex-roulette-24-defis-coquins\/#primaryimage"},"thumbnailUrl":"https:\/\/eveilintime.fr\/wp-content\/uploads\/2025\/10\/jeu-sex-roulette-24-positions-kamasutra-e29278-4.png","datePublished":"2025-10-04T22:13:01+00:00","description":"S\u00e9duisante et confortable, notre lingerie combine sensualit\u00e9 et style. D\u00e9couvrez nos collections sexy pour toutes vos envies","breadcrumb":{"@id":"https:\/\/eveilintime.fr\/index.php\/produit\/jeu-sex-roulette-24-defis-coquins\/#breadcrumb"},"inLanguage":"fr-FR","potentialAction":[{"@type":"ReadAction","target":["https:\/\/eveilintime.fr\/index.php\/produit\/jeu-sex-roulette-24-defis-coquins\/"]}]},{"@type":"ImageObject","inLanguage":"fr-FR","@id":"https:\/\/eveilintime.fr\/index.php\/produit\/jeu-sex-roulette-24-defis-coquins\/#primaryimage","url":"https:\/\/eveilintime.fr\/wp-content\/uploads\/2025\/10\/jeu-sex-roulette-24-positions-kamasutra-e29278-4.png","contentUrl":"https:\/\/eveilintime.fr\/wp-content\/uploads\/2025\/10\/jeu-sex-roulette-24-positions-kamasutra-e29278-4.png","width":800,"height":800},{"@type":"BreadcrumbList","@id":"https:\/\/eveilintime.fr\/index.php\/produit\/jeu-sex-roulette-24-defis-coquins\/#breadcrumb","itemListElement":[{"@type":"ListItem","position":1,"name":"Accueil","item":"https:\/\/eveilintime.fr\/"},{"@type":"ListItem","position":2,"name":"Boutique","item":"https:\/\/eveilintime.fr\/?page_id=8"},{"@type":"ListItem","position":3,"name":"Jeu \u00ab\u00a0Sex Roulette\u00a0\u00bb 24 d\u00e9fis coquins"}]},{"@type":"WebSite","@id":"https:\/\/eveilintime.fr\/#website","url":"https:\/\/eveilintime.fr\/","name":"\u00c9veilintime","description":"Parce que l&#039;intime m\u00e9rite l&#039;\u00e9l\u00e9gance","publisher":{"@id":"https:\/\/eveilintime.fr\/#organization"},"potentialAction":[{"@type":"SearchAction","target":{"@type":"EntryPoint","urlTemplate":"https:\/\/eveilintime.fr\/?s={search_term_string}"},"query-input":{"@type":"PropertyValueSpecification","valueRequired":true,"valueName":"search_term_string"}}],"inLanguage":"fr-FR"},{"@type":"Organization","@id":"https:\/\/eveilintime.fr\/#organization","name":"\u00c9veilintime","url":"https:\/\/eveilintime.fr\/","logo":{"@type":"ImageObject","inLanguage":"fr-FR","@id":"https:\/\/eveilintime.fr\/#\/schema\/logo\/image\/","url":"https:\/\/eveilintime.fr\/wp-content\/uploads\/2025\/09\/logo-Eveil-Intime.png","contentUrl":"https:\/\/eveilintime.fr\/wp-content\/uploads\/2025\/09\/logo-Eveil-Intime.png","width":417,"height":160,"caption":"\u00c9veilintime"},"image":{"@id":"https:\/\/eveilintime.fr\/#\/schema\/logo\/image\/"}}]}},"jetpack_sharing_enabled":true,"_links":{"self":[{"href":"https:\/\/eveilintime.fr\/index.php?rest_route=\/wp\/v2\/product\/1222","targetHints":{"allow":["GET"]}}],"collection":[{"href":"https:\/\/eveilintime.fr\/index.php?rest_route=\/wp\/v2\/product"}],"about":[{"href":"https:\/\/eveilintime.fr\/index.php?rest_route=\/wp\/v2\/types\/product"}],"replies":[{"embeddable":true,"href":"https:\/\/eveilintime.fr\/index.php?rest_route=%2Fwp%2Fv2%2Fcomments&post=1222"}],"version-history":[{"count":2,"href":"https:\/\/eveilintime.fr\/index.php?rest_route=\/wp\/v2\/product\/1222\/revisions"}],"predecessor-version":[{"id":1228,"href":"https:\/\/eveilintime.fr\/index.php?rest_route=\/wp\/v2\/product\/1222\/revisions\/1228"}],"wp:featuredmedia":[{"embeddable":true,"href":"https:\/\/eveilintime.fr\/index.php?rest_route=\/wp\/v2\/media\/1223"}],"wp:attachment":[{"href":"https:\/\/eveilintime.fr\/index.php?rest_route=%2Fwp%2Fv2%2Fmedia&parent=1222"}],"wp:term":[{"taxonomy":"product_brand","embeddable":true,"href":"https:\/\/eveilintime.fr\/index.php?rest_route=%2Fwp%2Fv2%2Fproduct_brand&post=1222"},{"taxonomy":"product_cat","embeddable":true,"href":"https:\/\/eveilintime.fr\/index.php?rest_route=%2Fwp%2Fv2%2Fproduct_cat&post=1222"},{"taxonomy":"product_tag","embeddable":true,"href":"https:\/\/eveilintime.fr\/index.php?rest_route=%2Fwp%2Fv2%2Fproduct_tag&post=1222"}],"curies":[{"name":"wp","href":"https:\/\/api.w.org\/{rel}","templated":true}]}}