{"id":1218,"date":"2025-10-04T22:09:07","date_gmt":"2025-10-04T22:09:07","guid":{"rendered":"https:\/\/eveilintime.fr\/?post_type=product&#038;p=1218"},"modified":"2025-10-04T22:09:07","modified_gmt":"2025-10-04T22:09:07","slug":"jeu-sex-roulette-24-defis-preliminaires","status":"publish","type":"product","link":"https:\/\/eveilintime.fr\/?product=jeu-sex-roulette-24-defis-preliminaires","title":{"rendered":"Jeu \u00ab\u00a0Sex Roulette\u00a0\u00bb 24 d\u00e9fis pr\u00e9liminaires"},"content":{"rendered":"<p>Explorez l&rsquo;art des pr\u00e9liminaires avec le jeu\u00a0<strong>Sex Roulette \u2013 Foreplay Edition<\/strong>, une version d\u00e9di\u00e9e aux moments d\u2019\u00e9veil sensuel et \u00e0 la mont\u00e9e progressive du d\u00e9sir. Faites tourner la fl\u00e8che, d\u00e9couvrez l\u2019un des\u00a0<strong>24 d\u00e9fis pr\u00e9liminaires<\/strong>\u00a0dans le livret et laissez-vous guider par le jeu.<\/p>\n<p>Un format parfait pour les couples en qu\u00eate de complicit\u00e9, de nouvelles sensations ou d\u2019une ambiance douce et taquine. Le livret est propos\u00e9 en\u00a0<strong>10 langues<\/strong>, et chaque d\u00e9fi favorise le jeu, l\u2019\u00e9veil corporel et l\u2019interaction sans pression.<\/p>\n<p><strong>Contenu du coffret :<\/strong><\/p>\n<ul>\n<li>1 roulette \u00e0 pointer avec 24 d\u00e9fis num\u00e9rot\u00e9s<\/li>\n<li>1 livret avec 24 jeux de pr\u00e9liminaires en 10 langues<\/li>\n<li>Packaging s\u00e9duisant et compact<\/li>\n<\/ul>\n","protected":false},"excerpt":{"rendered":"<p>Faites monter le d\u00e9sir avec 24 d\u00e9fis pr\u00e9liminaires tout en douceur, de votre distributeur Tease &amp; Please jeux coquins pour couple.<\/p>\n<p>&nbsp;<\/p>\n<p style=\"text-align: center;\"><img decoding=\"async\" class=\"alignnone size-medium wp-image-1089 lazyload\" data-src=\"https:\/\/eveilintime.fr\/wp-content\/uploads\/2025\/10\/paiement-securise-garanti-300x76.png\" alt=\"\" width=\"300\" height=\"76\" data-srcset=\"https:\/\/eveilintime.fr\/wp-content\/uploads\/2025\/10\/paiement-securise-garanti-300x76.png 300w, https:\/\/eveilintime.fr\/wp-content\/uploads\/2025\/10\/paiement-securise-garanti.png 446w\" data-sizes=\"(max-width: 300px) 100vw, 300px\" src=\"data:image\/svg+xml;base64,PHN2ZyB3aWR0aD0iMSIgaGVpZ2h0PSIxIiB4bWxucz0iaHR0cDovL3d3dy53My5vcmcvMjAwMC9zdmciPjwvc3ZnPg==\" style=\"--smush-placeholder-width: 300px; --smush-placeholder-aspect-ratio: 300\/76;\" \/><\/p>\n","protected":false},"featured_media":1220,"comment_status":"open","ping_status":"closed","template":"","meta":[],"product_brand":[],"product_cat":[90],"product_tag":[97,98,96,99],"class_list":{"0":"post-1218","1":"product","2":"type-product","3":"status-publish","4":"has-post-thumbnail","6":"product_cat-jeu-de-couple","7":"product_tag-couple","8":"product_tag-defis","9":"product_tag-jeu","10":"product_tag-sexroulette","12":"first","13":"instock","14":"taxable","15":"shipping-taxable","16":"purchasable","17":"product-type-simple"},"yoast_head":"<!-- This site is optimized with the Yoast SEO plugin v27.1.1 - https:\/\/yoast.com\/product\/yoast-seo-wordpress\/ -->\n<title>Jeu &quot;Sex Roulette&quot; 24 d\u00e9fis pr\u00e9liminaires - \u00c9veil Intime<\/title>\n<meta name=\"description\" content=\"S\u00e9duisante et confortable, notre lingerie combine sensualit\u00e9 et style. D\u00e9couvrez nos collections sexy pour toutes vos envies\" \/>\n<meta name=\"robots\" content=\"index, follow, max-snippet:-1, max-image-preview:large, max-video-preview:-1\" \/>\n<link rel=\"canonical\" href=\"https:\/\/eveilintime.fr\/index.php\/produit\/jeu-sex-roulette-24-defis-preliminaires\/\" \/>\n<meta property=\"og:locale\" content=\"fr_FR\" \/>\n<meta property=\"og:type\" content=\"article\" \/>\n<meta property=\"og:title\" content=\"Jeu &quot;Sex Roulette&quot; 24 d\u00e9fis pr\u00e9liminaires - \u00c9veil Intime\" \/>\n<meta property=\"og:description\" content=\"S\u00e9duisante et confortable, notre lingerie combine sensualit\u00e9 et style. D\u00e9couvrez nos collections sexy pour toutes vos envies\" \/>\n<meta property=\"og:url\" content=\"https:\/\/eveilintime.fr\/index.php\/produit\/jeu-sex-roulette-24-defis-preliminaires\/\" \/>\n<meta property=\"og:site_name\" content=\"\u00c9veil Intime\" \/>\n<meta property=\"og:image\" content=\"https:\/\/eveilintime.fr\/wp-content\/uploads\/2025\/10\/jeu-sex-roulette-24-positions-kamasutra-e29278-2.png\" \/>\n\t<meta property=\"og:image:width\" content=\"800\" \/>\n\t<meta property=\"og:image:height\" content=\"800\" \/>\n\t<meta property=\"og:image:type\" content=\"image\/png\" \/>\n<meta name=\"twitter:card\" content=\"summary_large_image\" \/>\n<meta name=\"twitter:label1\" content=\"Dur\u00e9e de lecture estim\u00e9e\" \/>\n\t<meta name=\"twitter:data1\" content=\"1 minute\" \/>\n<script type=\"application\/ld+json\" class=\"yoast-schema-graph\">{\"@context\":\"https:\/\/schema.org\",\"@graph\":[{\"@type\":\"WebPage\",\"@id\":\"https:\/\/eveilintime.fr\/index.php\/produit\/jeu-sex-roulette-24-defis-preliminaires\/\",\"url\":\"https:\/\/eveilintime.fr\/index.php\/produit\/jeu-sex-roulette-24-defis-preliminaires\/\",\"name\":\"Jeu \\\"Sex Roulette\\\" 24 d\u00e9fis pr\u00e9liminaires - \u00c9veil Intime\",\"isPartOf\":{\"@id\":\"https:\/\/eveilintime.fr\/#website\"},\"primaryImageOfPage\":{\"@id\":\"https:\/\/eveilintime.fr\/index.php\/produit\/jeu-sex-roulette-24-defis-preliminaires\/#primaryimage\"},\"image\":{\"@id\":\"https:\/\/eveilintime.fr\/index.php\/produit\/jeu-sex-roulette-24-defis-preliminaires\/#primaryimage\"},\"thumbnailUrl\":\"https:\/\/eveilintime.fr\/wp-content\/uploads\/2025\/10\/jeu-sex-roulette-24-positions-kamasutra-e29278-2.png\",\"datePublished\":\"2025-10-04T22:09:07+00:00\",\"description\":\"S\u00e9duisante et confortable, notre lingerie combine sensualit\u00e9 et style. D\u00e9couvrez nos collections sexy pour toutes vos envies\",\"breadcrumb\":{\"@id\":\"https:\/\/eveilintime.fr\/index.php\/produit\/jeu-sex-roulette-24-defis-preliminaires\/#breadcrumb\"},\"inLanguage\":\"fr-FR\",\"potentialAction\":[{\"@type\":\"ReadAction\",\"target\":[\"https:\/\/eveilintime.fr\/index.php\/produit\/jeu-sex-roulette-24-defis-preliminaires\/\"]}]},{\"@type\":\"ImageObject\",\"inLanguage\":\"fr-FR\",\"@id\":\"https:\/\/eveilintime.fr\/index.php\/produit\/jeu-sex-roulette-24-defis-preliminaires\/#primaryimage\",\"url\":\"https:\/\/eveilintime.fr\/wp-content\/uploads\/2025\/10\/jeu-sex-roulette-24-positions-kamasutra-e29278-2.png\",\"contentUrl\":\"https:\/\/eveilintime.fr\/wp-content\/uploads\/2025\/10\/jeu-sex-roulette-24-positions-kamasutra-e29278-2.png\",\"width\":800,\"height\":800},{\"@type\":\"BreadcrumbList\",\"@id\":\"https:\/\/eveilintime.fr\/index.php\/produit\/jeu-sex-roulette-24-defis-preliminaires\/#breadcrumb\",\"itemListElement\":[{\"@type\":\"ListItem\",\"position\":1,\"name\":\"Accueil\",\"item\":\"https:\/\/eveilintime.fr\/\"},{\"@type\":\"ListItem\",\"position\":2,\"name\":\"Boutique\",\"item\":\"https:\/\/eveilintime.fr\/?page_id=8\"},{\"@type\":\"ListItem\",\"position\":3,\"name\":\"Jeu \u00ab\u00a0Sex Roulette\u00a0\u00bb 24 d\u00e9fis pr\u00e9liminaires\"}]},{\"@type\":\"WebSite\",\"@id\":\"https:\/\/eveilintime.fr\/#website\",\"url\":\"https:\/\/eveilintime.fr\/\",\"name\":\"\u00c9veilintime\",\"description\":\"Parce que l&#039;intime m\u00e9rite l&#039;\u00e9l\u00e9gance\",\"publisher\":{\"@id\":\"https:\/\/eveilintime.fr\/#organization\"},\"potentialAction\":[{\"@type\":\"SearchAction\",\"target\":{\"@type\":\"EntryPoint\",\"urlTemplate\":\"https:\/\/eveilintime.fr\/?s={search_term_string}\"},\"query-input\":{\"@type\":\"PropertyValueSpecification\",\"valueRequired\":true,\"valueName\":\"search_term_string\"}}],\"inLanguage\":\"fr-FR\"},{\"@type\":\"Organization\",\"@id\":\"https:\/\/eveilintime.fr\/#organization\",\"name\":\"\u00c9veilintime\",\"url\":\"https:\/\/eveilintime.fr\/\",\"logo\":{\"@type\":\"ImageObject\",\"inLanguage\":\"fr-FR\",\"@id\":\"https:\/\/eveilintime.fr\/#\/schema\/logo\/image\/\",\"url\":\"https:\/\/eveilintime.fr\/wp-content\/uploads\/2025\/09\/logo-Eveil-Intime.png\",\"contentUrl\":\"https:\/\/eveilintime.fr\/wp-content\/uploads\/2025\/09\/logo-Eveil-Intime.png\",\"width\":417,\"height\":160,\"caption\":\"\u00c9veilintime\"},\"image\":{\"@id\":\"https:\/\/eveilintime.fr\/#\/schema\/logo\/image\/\"}}]}<\/script>\n<!-- \/ Yoast SEO plugin. -->","yoast_head_json":{"title":"Jeu \"Sex Roulette\" 24 d\u00e9fis pr\u00e9liminaires - \u00c9veil Intime","description":"S\u00e9duisante et confortable, notre lingerie combine sensualit\u00e9 et style. D\u00e9couvrez nos collections sexy pour toutes vos envies","robots":{"index":"index","follow":"follow","max-snippet":"max-snippet:-1","max-image-preview":"max-image-preview:large","max-video-preview":"max-video-preview:-1"},"canonical":"https:\/\/eveilintime.fr\/index.php\/produit\/jeu-sex-roulette-24-defis-preliminaires\/","og_locale":"fr_FR","og_type":"article","og_title":"Jeu \"Sex Roulette\" 24 d\u00e9fis pr\u00e9liminaires - \u00c9veil Intime","og_description":"S\u00e9duisante et confortable, notre lingerie combine sensualit\u00e9 et style. D\u00e9couvrez nos collections sexy pour toutes vos envies","og_url":"https:\/\/eveilintime.fr\/index.php\/produit\/jeu-sex-roulette-24-defis-preliminaires\/","og_site_name":"\u00c9veil Intime","og_image":[{"width":800,"height":800,"url":"https:\/\/eveilintime.fr\/wp-content\/uploads\/2025\/10\/jeu-sex-roulette-24-positions-kamasutra-e29278-2.png","type":"image\/png"}],"twitter_card":"summary_large_image","twitter_misc":{"Dur\u00e9e de lecture estim\u00e9e":"1 minute"},"schema":{"@context":"https:\/\/schema.org","@graph":[{"@type":"WebPage","@id":"https:\/\/eveilintime.fr\/index.php\/produit\/jeu-sex-roulette-24-defis-preliminaires\/","url":"https:\/\/eveilintime.fr\/index.php\/produit\/jeu-sex-roulette-24-defis-preliminaires\/","name":"Jeu \"Sex Roulette\" 24 d\u00e9fis pr\u00e9liminaires - \u00c9veil Intime","isPartOf":{"@id":"https:\/\/eveilintime.fr\/#website"},"primaryImageOfPage":{"@id":"https:\/\/eveilintime.fr\/index.php\/produit\/jeu-sex-roulette-24-defis-preliminaires\/#primaryimage"},"image":{"@id":"https:\/\/eveilintime.fr\/index.php\/produit\/jeu-sex-roulette-24-defis-preliminaires\/#primaryimage"},"thumbnailUrl":"https:\/\/eveilintime.fr\/wp-content\/uploads\/2025\/10\/jeu-sex-roulette-24-positions-kamasutra-e29278-2.png","datePublished":"2025-10-04T22:09:07+00:00","description":"S\u00e9duisante et confortable, notre lingerie combine sensualit\u00e9 et style. D\u00e9couvrez nos collections sexy pour toutes vos envies","breadcrumb":{"@id":"https:\/\/eveilintime.fr\/index.php\/produit\/jeu-sex-roulette-24-defis-preliminaires\/#breadcrumb"},"inLanguage":"fr-FR","potentialAction":[{"@type":"ReadAction","target":["https:\/\/eveilintime.fr\/index.php\/produit\/jeu-sex-roulette-24-defis-preliminaires\/"]}]},{"@type":"ImageObject","inLanguage":"fr-FR","@id":"https:\/\/eveilintime.fr\/index.php\/produit\/jeu-sex-roulette-24-defis-preliminaires\/#primaryimage","url":"https:\/\/eveilintime.fr\/wp-content\/uploads\/2025\/10\/jeu-sex-roulette-24-positions-kamasutra-e29278-2.png","contentUrl":"https:\/\/eveilintime.fr\/wp-content\/uploads\/2025\/10\/jeu-sex-roulette-24-positions-kamasutra-e29278-2.png","width":800,"height":800},{"@type":"BreadcrumbList","@id":"https:\/\/eveilintime.fr\/index.php\/produit\/jeu-sex-roulette-24-defis-preliminaires\/#breadcrumb","itemListElement":[{"@type":"ListItem","position":1,"name":"Accueil","item":"https:\/\/eveilintime.fr\/"},{"@type":"ListItem","position":2,"name":"Boutique","item":"https:\/\/eveilintime.fr\/?page_id=8"},{"@type":"ListItem","position":3,"name":"Jeu \u00ab\u00a0Sex Roulette\u00a0\u00bb 24 d\u00e9fis pr\u00e9liminaires"}]},{"@type":"WebSite","@id":"https:\/\/eveilintime.fr\/#website","url":"https:\/\/eveilintime.fr\/","name":"\u00c9veilintime","description":"Parce que l&#039;intime m\u00e9rite l&#039;\u00e9l\u00e9gance","publisher":{"@id":"https:\/\/eveilintime.fr\/#organization"},"potentialAction":[{"@type":"SearchAction","target":{"@type":"EntryPoint","urlTemplate":"https:\/\/eveilintime.fr\/?s={search_term_string}"},"query-input":{"@type":"PropertyValueSpecification","valueRequired":true,"valueName":"search_term_string"}}],"inLanguage":"fr-FR"},{"@type":"Organization","@id":"https:\/\/eveilintime.fr\/#organization","name":"\u00c9veilintime","url":"https:\/\/eveilintime.fr\/","logo":{"@type":"ImageObject","inLanguage":"fr-FR","@id":"https:\/\/eveilintime.fr\/#\/schema\/logo\/image\/","url":"https:\/\/eveilintime.fr\/wp-content\/uploads\/2025\/09\/logo-Eveil-Intime.png","contentUrl":"https:\/\/eveilintime.fr\/wp-content\/uploads\/2025\/09\/logo-Eveil-Intime.png","width":417,"height":160,"caption":"\u00c9veilintime"},"image":{"@id":"https:\/\/eveilintime.fr\/#\/schema\/logo\/image\/"}}]}},"jetpack_sharing_enabled":true,"_links":{"self":[{"href":"https:\/\/eveilintime.fr\/index.php?rest_route=\/wp\/v2\/product\/1218","targetHints":{"allow":["GET"]}}],"collection":[{"href":"https:\/\/eveilintime.fr\/index.php?rest_route=\/wp\/v2\/product"}],"about":[{"href":"https:\/\/eveilintime.fr\/index.php?rest_route=\/wp\/v2\/types\/product"}],"replies":[{"embeddable":true,"href":"https:\/\/eveilintime.fr\/index.php?rest_route=%2Fwp%2Fv2%2Fcomments&post=1218"}],"version-history":[{"count":1,"href":"https:\/\/eveilintime.fr\/index.php?rest_route=\/wp\/v2\/product\/1218\/revisions"}],"predecessor-version":[{"id":1221,"href":"https:\/\/eveilintime.fr\/index.php?rest_route=\/wp\/v2\/product\/1218\/revisions\/1221"}],"wp:featuredmedia":[{"embeddable":true,"href":"https:\/\/eveilintime.fr\/index.php?rest_route=\/wp\/v2\/media\/1220"}],"wp:attachment":[{"href":"https:\/\/eveilintime.fr\/index.php?rest_route=%2Fwp%2Fv2%2Fmedia&parent=1218"}],"wp:term":[{"taxonomy":"product_brand","embeddable":true,"href":"https:\/\/eveilintime.fr\/index.php?rest_route=%2Fwp%2Fv2%2Fproduct_brand&post=1218"},{"taxonomy":"product_cat","embeddable":true,"href":"https:\/\/eveilintime.fr\/index.php?rest_route=%2Fwp%2Fv2%2Fproduct_cat&post=1218"},{"taxonomy":"product_tag","embeddable":true,"href":"https:\/\/eveilintime.fr\/index.php?rest_route=%2Fwp%2Fv2%2Fproduct_tag&post=1218"}],"curies":[{"name":"wp","href":"https:\/\/api.w.org\/{rel}","templated":true}]}}