{"id":1214,"date":"2025-10-04T22:05:31","date_gmt":"2025-10-04T22:05:31","guid":{"rendered":"https:\/\/eveilintime.fr\/?post_type=product&#038;p=1214"},"modified":"2025-10-04T22:05:31","modified_gmt":"2025-10-04T22:05:31","slug":"jeu-sex-roulette-24-defis-sexy","status":"publish","type":"product","link":"https:\/\/eveilintime.fr\/?product=jeu-sex-roulette-24-defis-sexy","title":{"rendered":"Jeu \u00ab\u00a0Sex Roulette\u00a0\u00bb 24 d\u00e9fis sexy"},"content":{"rendered":"<p>Le jeu\u00a0<strong>Sex Roulette \u2013 Kinky Edition<\/strong>, une version plus audacieuse de la c\u00e9l\u00e8bre roulette \u00e9rotique. Ce coffret contient\u00a0<strong>24 d\u00e9fis sexy <\/strong>destin\u00e9s aux couples curieux de repousser leurs limites et d&rsquo;explorer de nouvelles zones de plaisir.<\/p>\n<p>\u00c0 chaque tour de roue, un num\u00e9ro est tir\u00e9 au sort et correspond \u00e0 un challenge \u00e0 retrouver dans le livret multilingue (10 langues). Ce jeu stimule l\u2019exp\u00e9rimentation, l\u2019excitation et la complicit\u00e9 en explorant des pratiques plus coquines ou taboues, dans le respect du consentement mutuel.<\/p>\n<p><strong>Contenu du jeu :<\/strong><\/p>\n<ul>\n<li>1 roue \u00e0 tourner num\u00e9rot\u00e9e de 0 \u00e0 23<\/li>\n<li>1 livret avec 24 d\u00e9fis coquins traduits en 10 langues<\/li>\n<li>Packaging \u00e9l\u00e9gant et provocant<\/li>\n<\/ul>\n","protected":false},"excerpt":{"rendered":"<p>Osez les fantasmes et explorez 24 d\u00e9fis kinky \u00e0 partager en couple, de votre distributeur Tease &amp; Please jeux coquins pour couple.<\/p>\n<p>&nbsp;<\/p>\n<p style=\"text-align: center;\"><img decoding=\"async\" class=\"alignnone size-medium wp-image-1089 lazyload\" data-src=\"https:\/\/eveilintime.fr\/wp-content\/uploads\/2025\/10\/paiement-securise-garanti-300x76.png\" alt=\"\" width=\"300\" height=\"76\" data-srcset=\"https:\/\/eveilintime.fr\/wp-content\/uploads\/2025\/10\/paiement-securise-garanti-300x76.png 300w, https:\/\/eveilintime.fr\/wp-content\/uploads\/2025\/10\/paiement-securise-garanti.png 446w\" data-sizes=\"(max-width: 300px) 100vw, 300px\" src=\"data:image\/svg+xml;base64,PHN2ZyB3aWR0aD0iMSIgaGVpZ2h0PSIxIiB4bWxucz0iaHR0cDovL3d3dy53My5vcmcvMjAwMC9zdmciPjwvc3ZnPg==\" style=\"--smush-placeholder-width: 300px; --smush-placeholder-aspect-ratio: 300\/76;\" \/><\/p>\n","protected":false},"featured_media":1216,"comment_status":"open","ping_status":"closed","template":"","meta":[],"product_brand":[95],"product_cat":[90],"product_tag":[97,98,96,99],"class_list":{"0":"post-1214","1":"product","2":"type-product","3":"status-publish","4":"has-post-thumbnail","6":"product_brand-kinki-editions","7":"product_cat-jeu-de-couple","8":"product_tag-couple","9":"product_tag-defis","10":"product_tag-jeu","11":"product_tag-sexroulette","13":"first","14":"instock","15":"taxable","16":"shipping-taxable","17":"purchasable","18":"product-type-simple"},"yoast_head":"<!-- This site is optimized with the Yoast SEO plugin v27.1.1 - https:\/\/yoast.com\/product\/yoast-seo-wordpress\/ -->\n<title>Jeu &quot;Sex Roulette&quot; 24 d\u00e9fis sexy - \u00c9veil Intime<\/title>\n<meta name=\"description\" content=\"S\u00e9duisante et confortable, notre lingerie combine sensualit\u00e9 et style. D\u00e9couvrez nos collections sexy pour toutes vos envies\" \/>\n<meta name=\"robots\" content=\"index, follow, max-snippet:-1, max-image-preview:large, max-video-preview:-1\" \/>\n<link rel=\"canonical\" href=\"https:\/\/eveilintime.fr\/index.php\/produit\/jeu-sex-roulette-24-defis-sexy\/\" \/>\n<meta property=\"og:locale\" content=\"fr_FR\" \/>\n<meta property=\"og:type\" content=\"article\" \/>\n<meta property=\"og:title\" content=\"Jeu &quot;Sex Roulette&quot; 24 d\u00e9fis sexy - \u00c9veil Intime\" \/>\n<meta property=\"og:description\" content=\"S\u00e9duisante et confortable, notre lingerie combine sensualit\u00e9 et style. D\u00e9couvrez nos collections sexy pour toutes vos envies\" \/>\n<meta property=\"og:url\" content=\"https:\/\/eveilintime.fr\/index.php\/produit\/jeu-sex-roulette-24-defis-sexy\/\" \/>\n<meta property=\"og:site_name\" content=\"\u00c9veil Intime\" \/>\n<meta property=\"og:image\" content=\"https:\/\/eveilintime.fr\/wp-content\/uploads\/2025\/10\/jeu-sex-roulette-24-positions-kamasutra-e29278.png\" \/>\n\t<meta property=\"og:image:width\" content=\"800\" \/>\n\t<meta property=\"og:image:height\" content=\"800\" \/>\n\t<meta property=\"og:image:type\" content=\"image\/png\" \/>\n<meta name=\"twitter:card\" content=\"summary_large_image\" \/>\n<meta name=\"twitter:label1\" content=\"Dur\u00e9e de lecture estim\u00e9e\" \/>\n\t<meta name=\"twitter:data1\" content=\"1 minute\" \/>\n<script type=\"application\/ld+json\" class=\"yoast-schema-graph\">{\"@context\":\"https:\/\/schema.org\",\"@graph\":[{\"@type\":\"WebPage\",\"@id\":\"https:\/\/eveilintime.fr\/index.php\/produit\/jeu-sex-roulette-24-defis-sexy\/\",\"url\":\"https:\/\/eveilintime.fr\/index.php\/produit\/jeu-sex-roulette-24-defis-sexy\/\",\"name\":\"Jeu \\\"Sex Roulette\\\" 24 d\u00e9fis sexy - \u00c9veil Intime\",\"isPartOf\":{\"@id\":\"https:\/\/eveilintime.fr\/#website\"},\"primaryImageOfPage\":{\"@id\":\"https:\/\/eveilintime.fr\/index.php\/produit\/jeu-sex-roulette-24-defis-sexy\/#primaryimage\"},\"image\":{\"@id\":\"https:\/\/eveilintime.fr\/index.php\/produit\/jeu-sex-roulette-24-defis-sexy\/#primaryimage\"},\"thumbnailUrl\":\"https:\/\/eveilintime.fr\/wp-content\/uploads\/2025\/10\/jeu-sex-roulette-24-positions-kamasutra-e29278.png\",\"datePublished\":\"2025-10-04T22:05:31+00:00\",\"description\":\"S\u00e9duisante et confortable, notre lingerie combine sensualit\u00e9 et style. D\u00e9couvrez nos collections sexy pour toutes vos envies\",\"breadcrumb\":{\"@id\":\"https:\/\/eveilintime.fr\/index.php\/produit\/jeu-sex-roulette-24-defis-sexy\/#breadcrumb\"},\"inLanguage\":\"fr-FR\",\"potentialAction\":[{\"@type\":\"ReadAction\",\"target\":[\"https:\/\/eveilintime.fr\/index.php\/produit\/jeu-sex-roulette-24-defis-sexy\/\"]}]},{\"@type\":\"ImageObject\",\"inLanguage\":\"fr-FR\",\"@id\":\"https:\/\/eveilintime.fr\/index.php\/produit\/jeu-sex-roulette-24-defis-sexy\/#primaryimage\",\"url\":\"https:\/\/eveilintime.fr\/wp-content\/uploads\/2025\/10\/jeu-sex-roulette-24-positions-kamasutra-e29278.png\",\"contentUrl\":\"https:\/\/eveilintime.fr\/wp-content\/uploads\/2025\/10\/jeu-sex-roulette-24-positions-kamasutra-e29278.png\",\"width\":800,\"height\":800},{\"@type\":\"BreadcrumbList\",\"@id\":\"https:\/\/eveilintime.fr\/index.php\/produit\/jeu-sex-roulette-24-defis-sexy\/#breadcrumb\",\"itemListElement\":[{\"@type\":\"ListItem\",\"position\":1,\"name\":\"Accueil\",\"item\":\"https:\/\/eveilintime.fr\/\"},{\"@type\":\"ListItem\",\"position\":2,\"name\":\"Boutique\",\"item\":\"https:\/\/eveilintime.fr\/?page_id=8\"},{\"@type\":\"ListItem\",\"position\":3,\"name\":\"Jeu \u00ab\u00a0Sex Roulette\u00a0\u00bb 24 d\u00e9fis sexy\"}]},{\"@type\":\"WebSite\",\"@id\":\"https:\/\/eveilintime.fr\/#website\",\"url\":\"https:\/\/eveilintime.fr\/\",\"name\":\"\u00c9veilintime\",\"description\":\"Parce que l&#039;intime m\u00e9rite l&#039;\u00e9l\u00e9gance\",\"publisher\":{\"@id\":\"https:\/\/eveilintime.fr\/#organization\"},\"potentialAction\":[{\"@type\":\"SearchAction\",\"target\":{\"@type\":\"EntryPoint\",\"urlTemplate\":\"https:\/\/eveilintime.fr\/?s={search_term_string}\"},\"query-input\":{\"@type\":\"PropertyValueSpecification\",\"valueRequired\":true,\"valueName\":\"search_term_string\"}}],\"inLanguage\":\"fr-FR\"},{\"@type\":\"Organization\",\"@id\":\"https:\/\/eveilintime.fr\/#organization\",\"name\":\"\u00c9veilintime\",\"url\":\"https:\/\/eveilintime.fr\/\",\"logo\":{\"@type\":\"ImageObject\",\"inLanguage\":\"fr-FR\",\"@id\":\"https:\/\/eveilintime.fr\/#\/schema\/logo\/image\/\",\"url\":\"https:\/\/eveilintime.fr\/wp-content\/uploads\/2025\/09\/logo-Eveil-Intime.png\",\"contentUrl\":\"https:\/\/eveilintime.fr\/wp-content\/uploads\/2025\/09\/logo-Eveil-Intime.png\",\"width\":417,\"height\":160,\"caption\":\"\u00c9veilintime\"},\"image\":{\"@id\":\"https:\/\/eveilintime.fr\/#\/schema\/logo\/image\/\"}}]}<\/script>\n<!-- \/ Yoast SEO plugin. -->","yoast_head_json":{"title":"Jeu \"Sex Roulette\" 24 d\u00e9fis sexy - \u00c9veil Intime","description":"S\u00e9duisante et confortable, notre lingerie combine sensualit\u00e9 et style. D\u00e9couvrez nos collections sexy pour toutes vos envies","robots":{"index":"index","follow":"follow","max-snippet":"max-snippet:-1","max-image-preview":"max-image-preview:large","max-video-preview":"max-video-preview:-1"},"canonical":"https:\/\/eveilintime.fr\/index.php\/produit\/jeu-sex-roulette-24-defis-sexy\/","og_locale":"fr_FR","og_type":"article","og_title":"Jeu \"Sex Roulette\" 24 d\u00e9fis sexy - \u00c9veil Intime","og_description":"S\u00e9duisante et confortable, notre lingerie combine sensualit\u00e9 et style. D\u00e9couvrez nos collections sexy pour toutes vos envies","og_url":"https:\/\/eveilintime.fr\/index.php\/produit\/jeu-sex-roulette-24-defis-sexy\/","og_site_name":"\u00c9veil Intime","og_image":[{"width":800,"height":800,"url":"https:\/\/eveilintime.fr\/wp-content\/uploads\/2025\/10\/jeu-sex-roulette-24-positions-kamasutra-e29278.png","type":"image\/png"}],"twitter_card":"summary_large_image","twitter_misc":{"Dur\u00e9e de lecture estim\u00e9e":"1 minute"},"schema":{"@context":"https:\/\/schema.org","@graph":[{"@type":"WebPage","@id":"https:\/\/eveilintime.fr\/index.php\/produit\/jeu-sex-roulette-24-defis-sexy\/","url":"https:\/\/eveilintime.fr\/index.php\/produit\/jeu-sex-roulette-24-defis-sexy\/","name":"Jeu \"Sex Roulette\" 24 d\u00e9fis sexy - \u00c9veil Intime","isPartOf":{"@id":"https:\/\/eveilintime.fr\/#website"},"primaryImageOfPage":{"@id":"https:\/\/eveilintime.fr\/index.php\/produit\/jeu-sex-roulette-24-defis-sexy\/#primaryimage"},"image":{"@id":"https:\/\/eveilintime.fr\/index.php\/produit\/jeu-sex-roulette-24-defis-sexy\/#primaryimage"},"thumbnailUrl":"https:\/\/eveilintime.fr\/wp-content\/uploads\/2025\/10\/jeu-sex-roulette-24-positions-kamasutra-e29278.png","datePublished":"2025-10-04T22:05:31+00:00","description":"S\u00e9duisante et confortable, notre lingerie combine sensualit\u00e9 et style. D\u00e9couvrez nos collections sexy pour toutes vos envies","breadcrumb":{"@id":"https:\/\/eveilintime.fr\/index.php\/produit\/jeu-sex-roulette-24-defis-sexy\/#breadcrumb"},"inLanguage":"fr-FR","potentialAction":[{"@type":"ReadAction","target":["https:\/\/eveilintime.fr\/index.php\/produit\/jeu-sex-roulette-24-defis-sexy\/"]}]},{"@type":"ImageObject","inLanguage":"fr-FR","@id":"https:\/\/eveilintime.fr\/index.php\/produit\/jeu-sex-roulette-24-defis-sexy\/#primaryimage","url":"https:\/\/eveilintime.fr\/wp-content\/uploads\/2025\/10\/jeu-sex-roulette-24-positions-kamasutra-e29278.png","contentUrl":"https:\/\/eveilintime.fr\/wp-content\/uploads\/2025\/10\/jeu-sex-roulette-24-positions-kamasutra-e29278.png","width":800,"height":800},{"@type":"BreadcrumbList","@id":"https:\/\/eveilintime.fr\/index.php\/produit\/jeu-sex-roulette-24-defis-sexy\/#breadcrumb","itemListElement":[{"@type":"ListItem","position":1,"name":"Accueil","item":"https:\/\/eveilintime.fr\/"},{"@type":"ListItem","position":2,"name":"Boutique","item":"https:\/\/eveilintime.fr\/?page_id=8"},{"@type":"ListItem","position":3,"name":"Jeu \u00ab\u00a0Sex Roulette\u00a0\u00bb 24 d\u00e9fis sexy"}]},{"@type":"WebSite","@id":"https:\/\/eveilintime.fr\/#website","url":"https:\/\/eveilintime.fr\/","name":"\u00c9veilintime","description":"Parce que l&#039;intime m\u00e9rite l&#039;\u00e9l\u00e9gance","publisher":{"@id":"https:\/\/eveilintime.fr\/#organization"},"potentialAction":[{"@type":"SearchAction","target":{"@type":"EntryPoint","urlTemplate":"https:\/\/eveilintime.fr\/?s={search_term_string}"},"query-input":{"@type":"PropertyValueSpecification","valueRequired":true,"valueName":"search_term_string"}}],"inLanguage":"fr-FR"},{"@type":"Organization","@id":"https:\/\/eveilintime.fr\/#organization","name":"\u00c9veilintime","url":"https:\/\/eveilintime.fr\/","logo":{"@type":"ImageObject","inLanguage":"fr-FR","@id":"https:\/\/eveilintime.fr\/#\/schema\/logo\/image\/","url":"https:\/\/eveilintime.fr\/wp-content\/uploads\/2025\/09\/logo-Eveil-Intime.png","contentUrl":"https:\/\/eveilintime.fr\/wp-content\/uploads\/2025\/09\/logo-Eveil-Intime.png","width":417,"height":160,"caption":"\u00c9veilintime"},"image":{"@id":"https:\/\/eveilintime.fr\/#\/schema\/logo\/image\/"}}]}},"jetpack_sharing_enabled":true,"_links":{"self":[{"href":"https:\/\/eveilintime.fr\/index.php?rest_route=\/wp\/v2\/product\/1214","targetHints":{"allow":["GET"]}}],"collection":[{"href":"https:\/\/eveilintime.fr\/index.php?rest_route=\/wp\/v2\/product"}],"about":[{"href":"https:\/\/eveilintime.fr\/index.php?rest_route=\/wp\/v2\/types\/product"}],"replies":[{"embeddable":true,"href":"https:\/\/eveilintime.fr\/index.php?rest_route=%2Fwp%2Fv2%2Fcomments&post=1214"}],"version-history":[{"count":1,"href":"https:\/\/eveilintime.fr\/index.php?rest_route=\/wp\/v2\/product\/1214\/revisions"}],"predecessor-version":[{"id":1217,"href":"https:\/\/eveilintime.fr\/index.php?rest_route=\/wp\/v2\/product\/1214\/revisions\/1217"}],"wp:featuredmedia":[{"embeddable":true,"href":"https:\/\/eveilintime.fr\/index.php?rest_route=\/wp\/v2\/media\/1216"}],"wp:attachment":[{"href":"https:\/\/eveilintime.fr\/index.php?rest_route=%2Fwp%2Fv2%2Fmedia&parent=1214"}],"wp:term":[{"taxonomy":"product_brand","embeddable":true,"href":"https:\/\/eveilintime.fr\/index.php?rest_route=%2Fwp%2Fv2%2Fproduct_brand&post=1214"},{"taxonomy":"product_cat","embeddable":true,"href":"https:\/\/eveilintime.fr\/index.php?rest_route=%2Fwp%2Fv2%2Fproduct_cat&post=1214"},{"taxonomy":"product_tag","embeddable":true,"href":"https:\/\/eveilintime.fr\/index.php?rest_route=%2Fwp%2Fv2%2Fproduct_tag&post=1214"}],"curies":[{"name":"wp","href":"https:\/\/api.w.org\/{rel}","templated":true}]}}