{"id":1184,"date":"2025-10-04T21:08:26","date_gmt":"2025-10-04T21:08:26","guid":{"rendered":"https:\/\/eveilintime.fr\/?post_type=product&#038;p=1184"},"modified":"2025-10-04T21:38:31","modified_gmt":"2025-10-04T21:38:31","slug":"sex-machine-pour-des-plaisirs-feminin-et-masculin","status":"publish","type":"product","link":"https:\/\/eveilintime.fr\/?product=sex-machine-pour-des-plaisirs-feminin-et-masculin","title":{"rendered":"Sex machine pour des plaisirs f\u00e9minin et masculin"},"content":{"rendered":"<p>La sex machine aux services\u00a0de tous vos d\u00e9sirs.\u00a0 Plaisirs pour femme et Homme<\/p>\n<p>Machine sexuelle noire avec deux accessoires diff\u00e9rents. R\u00e9glage en continu pour des stimulations, multi vitesses,.\u00a0 mouvement de rotation pour un massage cibl\u00e9 des zones \u00e9rog\u00e8nes.<\/p>\n<p>La machine fonctionne sur r\u00e9seau\u00a0(c\u00e2ble inclus).<\/p>\n<p>Et un vibrateur\u00a0\u00e0 positionner sur la machine pour une stimulation suppl\u00e9mentaire.<\/p>\n<p>Fonctionne avec 2 piles AAA (piles ne sont pas incluses.)<\/p>\n<p>Dimensions : Longueur 37 cm, largeur 27 cm, hauteur 18 cm.<br \/>\nMati\u00e8re : ABS, POM, Silicone, PU Leather<\/p>\n","protected":false},"excerpt":{"rendered":"<p>Sex machine pour des plaisirs f\u00e9minin et masculin.<\/p>\n<p>&nbsp;<\/p>\n<p style=\"text-align: center;\"><img decoding=\"async\" class=\"alignnone size-medium wp-image-1089 lazyload\" data-src=\"https:\/\/eveilintime.fr\/wp-content\/uploads\/2025\/10\/paiement-securise-garanti-300x76.png\" alt=\"\" width=\"300\" height=\"76\" data-srcset=\"https:\/\/eveilintime.fr\/wp-content\/uploads\/2025\/10\/paiement-securise-garanti-300x76.png 300w, https:\/\/eveilintime.fr\/wp-content\/uploads\/2025\/10\/paiement-securise-garanti.png 446w\" data-sizes=\"(max-width: 300px) 100vw, 300px\" src=\"data:image\/svg+xml;base64,PHN2ZyB3aWR0aD0iMSIgaGVpZ2h0PSIxIiB4bWxucz0iaHR0cDovL3d3dy53My5vcmcvMjAwMC9zdmciPjwvc3ZnPg==\" style=\"--smush-placeholder-width: 300px; --smush-placeholder-aspect-ratio: 300\/76;\" \/><\/p>\n","protected":false},"featured_media":1187,"comment_status":"open","ping_status":"closed","template":"","meta":[],"product_brand":[],"product_cat":[74,36],"product_tag":[86,87,85],"class_list":{"0":"post-1184","1":"product","2":"type-product","3":"status-publish","4":"has-post-thumbnail","6":"product_cat-plug-anal","7":"product_cat-vibromasseur","8":"product_tag-feminin","9":"product_tag-masculin","10":"product_tag-sexmachine","12":"first","13":"instock","14":"taxable","15":"shipping-taxable","16":"purchasable","17":"product-type-simple"},"yoast_head":"<!-- This site is optimized with the Yoast SEO plugin v27.1.1 - https:\/\/yoast.com\/product\/yoast-seo-wordpress\/ -->\n<title>Sex machine pour des plaisirs f\u00e9minin et masculin - \u00c9veil Intime<\/title>\n<meta name=\"description\" content=\"Vibromasseurs, stimulateurs et accessoires \u00e9rotiques pour pimenter vos moments intimes. Livraison rapide et 100% discr\u00e8te.\" \/>\n<meta name=\"robots\" content=\"index, follow, max-snippet:-1, max-image-preview:large, max-video-preview:-1\" \/>\n<link rel=\"canonical\" href=\"https:\/\/eveilintime.fr\/index.php\/produit\/sex-machine-pour-des-plaisirs-feminin-et-masculin\/\" \/>\n<meta property=\"og:locale\" content=\"fr_FR\" \/>\n<meta property=\"og:type\" content=\"article\" \/>\n<meta property=\"og:title\" content=\"Sex machine pour des plaisirs f\u00e9minin et masculin - \u00c9veil Intime\" \/>\n<meta property=\"og:description\" content=\"Vibromasseurs, stimulateurs et accessoires \u00e9rotiques pour pimenter vos moments intimes. Livraison rapide et 100% discr\u00e8te.\" \/>\n<meta property=\"og:url\" content=\"https:\/\/eveilintime.fr\/index.php\/produit\/sex-machine-pour-des-plaisirs-feminin-et-masculin\/\" \/>\n<meta property=\"og:site_name\" content=\"\u00c9veil Intime\" \/>\n<meta property=\"article:modified_time\" content=\"2025-10-04T21:38:31+00:00\" \/>\n<meta property=\"og:image\" content=\"https:\/\/eveilintime.fr\/wp-content\/uploads\/2025\/10\/sex-machine-pour-des-plaisirs-feminin-et-masculin-or5841930000.jpg\" \/>\n\t<meta property=\"og:image:width\" content=\"800\" \/>\n\t<meta property=\"og:image:height\" content=\"800\" \/>\n\t<meta property=\"og:image:type\" content=\"image\/jpeg\" \/>\n<meta name=\"twitter:card\" content=\"summary_large_image\" \/>\n<meta name=\"twitter:label1\" content=\"Dur\u00e9e de lecture estim\u00e9e\" \/>\n\t<meta name=\"twitter:data1\" content=\"1 minute\" \/>\n<script type=\"application\/ld+json\" class=\"yoast-schema-graph\">{\"@context\":\"https:\/\/schema.org\",\"@graph\":[{\"@type\":\"WebPage\",\"@id\":\"https:\/\/eveilintime.fr\/index.php\/produit\/sex-machine-pour-des-plaisirs-feminin-et-masculin\/\",\"url\":\"https:\/\/eveilintime.fr\/index.php\/produit\/sex-machine-pour-des-plaisirs-feminin-et-masculin\/\",\"name\":\"Sex machine pour des plaisirs f\u00e9minin et masculin - \u00c9veil Intime\",\"isPartOf\":{\"@id\":\"https:\/\/eveilintime.fr\/#website\"},\"primaryImageOfPage\":{\"@id\":\"https:\/\/eveilintime.fr\/index.php\/produit\/sex-machine-pour-des-plaisirs-feminin-et-masculin\/#primaryimage\"},\"image\":{\"@id\":\"https:\/\/eveilintime.fr\/index.php\/produit\/sex-machine-pour-des-plaisirs-feminin-et-masculin\/#primaryimage\"},\"thumbnailUrl\":\"https:\/\/eveilintime.fr\/wp-content\/uploads\/2025\/10\/sex-machine-pour-des-plaisirs-feminin-et-masculin-or5841930000.jpg\",\"datePublished\":\"2025-10-04T21:08:26+00:00\",\"dateModified\":\"2025-10-04T21:38:31+00:00\",\"description\":\"Vibromasseurs, stimulateurs et accessoires \u00e9rotiques pour pimenter vos moments intimes. Livraison rapide et 100% discr\u00e8te.\",\"breadcrumb\":{\"@id\":\"https:\/\/eveilintime.fr\/index.php\/produit\/sex-machine-pour-des-plaisirs-feminin-et-masculin\/#breadcrumb\"},\"inLanguage\":\"fr-FR\",\"potentialAction\":[{\"@type\":\"ReadAction\",\"target\":[\"https:\/\/eveilintime.fr\/index.php\/produit\/sex-machine-pour-des-plaisirs-feminin-et-masculin\/\"]}]},{\"@type\":\"ImageObject\",\"inLanguage\":\"fr-FR\",\"@id\":\"https:\/\/eveilintime.fr\/index.php\/produit\/sex-machine-pour-des-plaisirs-feminin-et-masculin\/#primaryimage\",\"url\":\"https:\/\/eveilintime.fr\/wp-content\/uploads\/2025\/10\/sex-machine-pour-des-plaisirs-feminin-et-masculin-or5841930000.jpg\",\"contentUrl\":\"https:\/\/eveilintime.fr\/wp-content\/uploads\/2025\/10\/sex-machine-pour-des-plaisirs-feminin-et-masculin-or5841930000.jpg\",\"width\":800,\"height\":800},{\"@type\":\"BreadcrumbList\",\"@id\":\"https:\/\/eveilintime.fr\/index.php\/produit\/sex-machine-pour-des-plaisirs-feminin-et-masculin\/#breadcrumb\",\"itemListElement\":[{\"@type\":\"ListItem\",\"position\":1,\"name\":\"Accueil\",\"item\":\"https:\/\/eveilintime.fr\/\"},{\"@type\":\"ListItem\",\"position\":2,\"name\":\"Boutique\",\"item\":\"https:\/\/eveilintime.fr\/?page_id=8\"},{\"@type\":\"ListItem\",\"position\":3,\"name\":\"Sex machine pour des plaisirs f\u00e9minin et masculin\"}]},{\"@type\":\"WebSite\",\"@id\":\"https:\/\/eveilintime.fr\/#website\",\"url\":\"https:\/\/eveilintime.fr\/\",\"name\":\"\u00c9veilintime\",\"description\":\"Parce que l&#039;intime m\u00e9rite l&#039;\u00e9l\u00e9gance\",\"publisher\":{\"@id\":\"https:\/\/eveilintime.fr\/#organization\"},\"potentialAction\":[{\"@type\":\"SearchAction\",\"target\":{\"@type\":\"EntryPoint\",\"urlTemplate\":\"https:\/\/eveilintime.fr\/?s={search_term_string}\"},\"query-input\":{\"@type\":\"PropertyValueSpecification\",\"valueRequired\":true,\"valueName\":\"search_term_string\"}}],\"inLanguage\":\"fr-FR\"},{\"@type\":\"Organization\",\"@id\":\"https:\/\/eveilintime.fr\/#organization\",\"name\":\"\u00c9veilintime\",\"url\":\"https:\/\/eveilintime.fr\/\",\"logo\":{\"@type\":\"ImageObject\",\"inLanguage\":\"fr-FR\",\"@id\":\"https:\/\/eveilintime.fr\/#\/schema\/logo\/image\/\",\"url\":\"https:\/\/eveilintime.fr\/wp-content\/uploads\/2025\/09\/logo-Eveil-Intime.png\",\"contentUrl\":\"https:\/\/eveilintime.fr\/wp-content\/uploads\/2025\/09\/logo-Eveil-Intime.png\",\"width\":417,\"height\":160,\"caption\":\"\u00c9veilintime\"},\"image\":{\"@id\":\"https:\/\/eveilintime.fr\/#\/schema\/logo\/image\/\"}}]}<\/script>\n<!-- \/ Yoast SEO plugin. -->","yoast_head_json":{"title":"Sex machine pour des plaisirs f\u00e9minin et masculin - \u00c9veil Intime","description":"Vibromasseurs, stimulateurs et accessoires \u00e9rotiques pour pimenter vos moments intimes. Livraison rapide et 100% discr\u00e8te.","robots":{"index":"index","follow":"follow","max-snippet":"max-snippet:-1","max-image-preview":"max-image-preview:large","max-video-preview":"max-video-preview:-1"},"canonical":"https:\/\/eveilintime.fr\/index.php\/produit\/sex-machine-pour-des-plaisirs-feminin-et-masculin\/","og_locale":"fr_FR","og_type":"article","og_title":"Sex machine pour des plaisirs f\u00e9minin et masculin - \u00c9veil Intime","og_description":"Vibromasseurs, stimulateurs et accessoires \u00e9rotiques pour pimenter vos moments intimes. Livraison rapide et 100% discr\u00e8te.","og_url":"https:\/\/eveilintime.fr\/index.php\/produit\/sex-machine-pour-des-plaisirs-feminin-et-masculin\/","og_site_name":"\u00c9veil Intime","article_modified_time":"2025-10-04T21:38:31+00:00","og_image":[{"width":800,"height":800,"url":"https:\/\/eveilintime.fr\/wp-content\/uploads\/2025\/10\/sex-machine-pour-des-plaisirs-feminin-et-masculin-or5841930000.jpg","type":"image\/jpeg"}],"twitter_card":"summary_large_image","twitter_misc":{"Dur\u00e9e de lecture estim\u00e9e":"1 minute"},"schema":{"@context":"https:\/\/schema.org","@graph":[{"@type":"WebPage","@id":"https:\/\/eveilintime.fr\/index.php\/produit\/sex-machine-pour-des-plaisirs-feminin-et-masculin\/","url":"https:\/\/eveilintime.fr\/index.php\/produit\/sex-machine-pour-des-plaisirs-feminin-et-masculin\/","name":"Sex machine pour des plaisirs f\u00e9minin et masculin - \u00c9veil Intime","isPartOf":{"@id":"https:\/\/eveilintime.fr\/#website"},"primaryImageOfPage":{"@id":"https:\/\/eveilintime.fr\/index.php\/produit\/sex-machine-pour-des-plaisirs-feminin-et-masculin\/#primaryimage"},"image":{"@id":"https:\/\/eveilintime.fr\/index.php\/produit\/sex-machine-pour-des-plaisirs-feminin-et-masculin\/#primaryimage"},"thumbnailUrl":"https:\/\/eveilintime.fr\/wp-content\/uploads\/2025\/10\/sex-machine-pour-des-plaisirs-feminin-et-masculin-or5841930000.jpg","datePublished":"2025-10-04T21:08:26+00:00","dateModified":"2025-10-04T21:38:31+00:00","description":"Vibromasseurs, stimulateurs et accessoires \u00e9rotiques pour pimenter vos moments intimes. Livraison rapide et 100% discr\u00e8te.","breadcrumb":{"@id":"https:\/\/eveilintime.fr\/index.php\/produit\/sex-machine-pour-des-plaisirs-feminin-et-masculin\/#breadcrumb"},"inLanguage":"fr-FR","potentialAction":[{"@type":"ReadAction","target":["https:\/\/eveilintime.fr\/index.php\/produit\/sex-machine-pour-des-plaisirs-feminin-et-masculin\/"]}]},{"@type":"ImageObject","inLanguage":"fr-FR","@id":"https:\/\/eveilintime.fr\/index.php\/produit\/sex-machine-pour-des-plaisirs-feminin-et-masculin\/#primaryimage","url":"https:\/\/eveilintime.fr\/wp-content\/uploads\/2025\/10\/sex-machine-pour-des-plaisirs-feminin-et-masculin-or5841930000.jpg","contentUrl":"https:\/\/eveilintime.fr\/wp-content\/uploads\/2025\/10\/sex-machine-pour-des-plaisirs-feminin-et-masculin-or5841930000.jpg","width":800,"height":800},{"@type":"BreadcrumbList","@id":"https:\/\/eveilintime.fr\/index.php\/produit\/sex-machine-pour-des-plaisirs-feminin-et-masculin\/#breadcrumb","itemListElement":[{"@type":"ListItem","position":1,"name":"Accueil","item":"https:\/\/eveilintime.fr\/"},{"@type":"ListItem","position":2,"name":"Boutique","item":"https:\/\/eveilintime.fr\/?page_id=8"},{"@type":"ListItem","position":3,"name":"Sex machine pour des plaisirs f\u00e9minin et masculin"}]},{"@type":"WebSite","@id":"https:\/\/eveilintime.fr\/#website","url":"https:\/\/eveilintime.fr\/","name":"\u00c9veilintime","description":"Parce que l&#039;intime m\u00e9rite l&#039;\u00e9l\u00e9gance","publisher":{"@id":"https:\/\/eveilintime.fr\/#organization"},"potentialAction":[{"@type":"SearchAction","target":{"@type":"EntryPoint","urlTemplate":"https:\/\/eveilintime.fr\/?s={search_term_string}"},"query-input":{"@type":"PropertyValueSpecification","valueRequired":true,"valueName":"search_term_string"}}],"inLanguage":"fr-FR"},{"@type":"Organization","@id":"https:\/\/eveilintime.fr\/#organization","name":"\u00c9veilintime","url":"https:\/\/eveilintime.fr\/","logo":{"@type":"ImageObject","inLanguage":"fr-FR","@id":"https:\/\/eveilintime.fr\/#\/schema\/logo\/image\/","url":"https:\/\/eveilintime.fr\/wp-content\/uploads\/2025\/09\/logo-Eveil-Intime.png","contentUrl":"https:\/\/eveilintime.fr\/wp-content\/uploads\/2025\/09\/logo-Eveil-Intime.png","width":417,"height":160,"caption":"\u00c9veilintime"},"image":{"@id":"https:\/\/eveilintime.fr\/#\/schema\/logo\/image\/"}}]}},"jetpack_sharing_enabled":true,"_links":{"self":[{"href":"https:\/\/eveilintime.fr\/index.php?rest_route=\/wp\/v2\/product\/1184","targetHints":{"allow":["GET"]}}],"collection":[{"href":"https:\/\/eveilintime.fr\/index.php?rest_route=\/wp\/v2\/product"}],"about":[{"href":"https:\/\/eveilintime.fr\/index.php?rest_route=\/wp\/v2\/types\/product"}],"replies":[{"embeddable":true,"href":"https:\/\/eveilintime.fr\/index.php?rest_route=%2Fwp%2Fv2%2Fcomments&post=1184"}],"version-history":[{"count":2,"href":"https:\/\/eveilintime.fr\/index.php?rest_route=\/wp\/v2\/product\/1184\/revisions"}],"predecessor-version":[{"id":1204,"href":"https:\/\/eveilintime.fr\/index.php?rest_route=\/wp\/v2\/product\/1184\/revisions\/1204"}],"wp:featuredmedia":[{"embeddable":true,"href":"https:\/\/eveilintime.fr\/index.php?rest_route=\/wp\/v2\/media\/1187"}],"wp:attachment":[{"href":"https:\/\/eveilintime.fr\/index.php?rest_route=%2Fwp%2Fv2%2Fmedia&parent=1184"}],"wp:term":[{"taxonomy":"product_brand","embeddable":true,"href":"https:\/\/eveilintime.fr\/index.php?rest_route=%2Fwp%2Fv2%2Fproduct_brand&post=1184"},{"taxonomy":"product_cat","embeddable":true,"href":"https:\/\/eveilintime.fr\/index.php?rest_route=%2Fwp%2Fv2%2Fproduct_cat&post=1184"},{"taxonomy":"product_tag","embeddable":true,"href":"https:\/\/eveilintime.fr\/index.php?rest_route=%2Fwp%2Fv2%2Fproduct_tag&post=1184"}],"curies":[{"name":"wp","href":"https:\/\/api.w.org\/{rel}","templated":true}]}}