{"id":1167,"date":"2025-10-04T20:52:06","date_gmt":"2025-10-04T20:52:06","guid":{"rendered":"https:\/\/eveilintime.fr\/?post_type=product&#038;p=1167"},"modified":"2025-10-04T21:30:48","modified_gmt":"2025-10-04T21:30:48","slug":"gode-ventouse-silicone-rouge-double-ball-r-satisfyer","status":"publish","type":"product","link":"https:\/\/eveilintime.fr\/?product=gode-ventouse-silicone-rouge-double-ball-r-satisfyer","title":{"rendered":"Gode ventouse silicone rouge Double Ball-R Satisfyer"},"content":{"rendered":"<p>Gode ventouse Satisfyer Double Ball-R : sans aucune vibration ni batterie, deux boules lest\u00e9es \u00e0 l\u2019int\u00e9rieur font vibrer ce gode anal et vaginal, et chaque mouvement, aussi petit soit-il, cr\u00e9e une sensation d\u2019excitation incomparable. Pour encore plus de flexibilit\u00e9, le Double Ball-R est \u00e9quip\u00e9 d\u2019une large base \u00e0 ventouse que vous pourrez fixer sur toutes les surfaces lisses.<\/p>\n<p>&#8211; Stimulation vaginale ou anale par balles lest\u00e9es<\/p>\n<p>&#8211; Base \u00e0 ventouse gage d\u2019une utilisation confortable<\/p>\n<p>&#8211; Unisexe : l\u2019appareil peut \u00eatre utilis\u00e9 par tous les sexes<\/p>\n<p>&#8211; Facile \u00e0 nettoyer<\/p>\n<p>&#8211; Silicone sans danger pour le corps<\/p>\n","protected":false},"excerpt":{"rendered":"<p>&nbsp;<\/p>\n<p style=\"text-align: center;\"><img decoding=\"async\" class=\"alignnone size-medium wp-image-1089 lazyload\" data-src=\"https:\/\/eveilintime.fr\/wp-content\/uploads\/2025\/10\/paiement-securise-garanti-300x76.png\" alt=\"\" width=\"300\" height=\"76\" data-srcset=\"https:\/\/eveilintime.fr\/wp-content\/uploads\/2025\/10\/paiement-securise-garanti-300x76.png 300w, https:\/\/eveilintime.fr\/wp-content\/uploads\/2025\/10\/paiement-securise-garanti.png 446w\" data-sizes=\"(max-width: 300px) 100vw, 300px\" src=\"data:image\/svg+xml;base64,PHN2ZyB3aWR0aD0iMSIgaGVpZ2h0PSIxIiB4bWxucz0iaHR0cDovL3d3dy53My5vcmcvMjAwMC9zdmciPjwvc3ZnPg==\" style=\"--smush-placeholder-width: 300px; --smush-placeholder-aspect-ratio: 300\/76;\" \/><\/p>\n","protected":false},"featured_media":1171,"comment_status":"open","ping_status":"closed","template":"","meta":[],"product_brand":[20],"product_cat":[74],"product_tag":[76,80,75,81],"class_list":{"0":"post-1167","1":"product","2":"type-product","3":"status-publish","4":"has-post-thumbnail","6":"product_brand-satisfyer","7":"product_cat-plug-anal","8":"product_tag-anal","9":"product_tag-gode","10":"product_tag-plug","11":"product_tag-ventouse","13":"first","14":"instock","15":"taxable","16":"shipping-taxable","17":"purchasable","18":"product-type-simple"},"yoast_head":"<!-- This site is optimized with the Yoast SEO plugin v27.1.1 - https:\/\/yoast.com\/product\/yoast-seo-wordpress\/ -->\n<title>Gode ventouse silicone rouge Double Ball-R Satisfyer - \u00c9veil Intime<\/title>\n<meta name=\"description\" content=\"Vibromasseurs, stimulateurs et accessoires \u00e9rotiques pour pimenter vos moments intimes. Livraison rapide et 100% discr\u00e8te.\" \/>\n<meta name=\"robots\" content=\"index, follow, max-snippet:-1, max-image-preview:large, max-video-preview:-1\" \/>\n<link rel=\"canonical\" href=\"https:\/\/eveilintime.fr\/index.php\/produit\/gode-ventouse-silicone-rouge-double-ball-r-satisfyer\/\" \/>\n<meta property=\"og:locale\" content=\"fr_FR\" \/>\n<meta property=\"og:type\" content=\"article\" \/>\n<meta property=\"og:title\" content=\"Gode ventouse silicone rouge Double Ball-R Satisfyer - \u00c9veil Intime\" \/>\n<meta property=\"og:description\" content=\"Vibromasseurs, stimulateurs et accessoires \u00e9rotiques pour pimenter vos moments intimes. Livraison rapide et 100% discr\u00e8te.\" \/>\n<meta property=\"og:url\" content=\"https:\/\/eveilintime.fr\/index.php\/produit\/gode-ventouse-silicone-rouge-double-ball-r-satisfyer\/\" \/>\n<meta property=\"og:site_name\" content=\"\u00c9veil Intime\" \/>\n<meta property=\"article:modified_time\" content=\"2025-10-04T21:30:48+00:00\" \/>\n<meta property=\"og:image\" content=\"https:\/\/eveilintime.fr\/wp-content\/uploads\/2025\/10\/gode-ventouse-silicone-rouge-double-ball-r-satisfyer-cc597842.png\" \/>\n\t<meta property=\"og:image:width\" content=\"800\" \/>\n\t<meta property=\"og:image:height\" content=\"800\" \/>\n\t<meta property=\"og:image:type\" content=\"image\/png\" \/>\n<meta name=\"twitter:card\" content=\"summary_large_image\" \/>\n<meta name=\"twitter:label1\" content=\"Dur\u00e9e de lecture estim\u00e9e\" \/>\n\t<meta name=\"twitter:data1\" content=\"1 minute\" \/>\n<script type=\"application\/ld+json\" class=\"yoast-schema-graph\">{\"@context\":\"https:\/\/schema.org\",\"@graph\":[{\"@type\":\"WebPage\",\"@id\":\"https:\/\/eveilintime.fr\/index.php\/produit\/gode-ventouse-silicone-rouge-double-ball-r-satisfyer\/\",\"url\":\"https:\/\/eveilintime.fr\/index.php\/produit\/gode-ventouse-silicone-rouge-double-ball-r-satisfyer\/\",\"name\":\"Gode ventouse silicone rouge Double Ball-R Satisfyer - \u00c9veil Intime\",\"isPartOf\":{\"@id\":\"https:\/\/eveilintime.fr\/#website\"},\"primaryImageOfPage\":{\"@id\":\"https:\/\/eveilintime.fr\/index.php\/produit\/gode-ventouse-silicone-rouge-double-ball-r-satisfyer\/#primaryimage\"},\"image\":{\"@id\":\"https:\/\/eveilintime.fr\/index.php\/produit\/gode-ventouse-silicone-rouge-double-ball-r-satisfyer\/#primaryimage\"},\"thumbnailUrl\":\"https:\/\/eveilintime.fr\/wp-content\/uploads\/2025\/10\/gode-ventouse-silicone-rouge-double-ball-r-satisfyer-cc597842.png\",\"datePublished\":\"2025-10-04T20:52:06+00:00\",\"dateModified\":\"2025-10-04T21:30:48+00:00\",\"description\":\"Vibromasseurs, stimulateurs et accessoires \u00e9rotiques pour pimenter vos moments intimes. Livraison rapide et 100% discr\u00e8te.\",\"breadcrumb\":{\"@id\":\"https:\/\/eveilintime.fr\/index.php\/produit\/gode-ventouse-silicone-rouge-double-ball-r-satisfyer\/#breadcrumb\"},\"inLanguage\":\"fr-FR\",\"potentialAction\":[{\"@type\":\"ReadAction\",\"target\":[\"https:\/\/eveilintime.fr\/index.php\/produit\/gode-ventouse-silicone-rouge-double-ball-r-satisfyer\/\"]}]},{\"@type\":\"ImageObject\",\"inLanguage\":\"fr-FR\",\"@id\":\"https:\/\/eveilintime.fr\/index.php\/produit\/gode-ventouse-silicone-rouge-double-ball-r-satisfyer\/#primaryimage\",\"url\":\"https:\/\/eveilintime.fr\/wp-content\/uploads\/2025\/10\/gode-ventouse-silicone-rouge-double-ball-r-satisfyer-cc597842.png\",\"contentUrl\":\"https:\/\/eveilintime.fr\/wp-content\/uploads\/2025\/10\/gode-ventouse-silicone-rouge-double-ball-r-satisfyer-cc597842.png\",\"width\":800,\"height\":800},{\"@type\":\"BreadcrumbList\",\"@id\":\"https:\/\/eveilintime.fr\/index.php\/produit\/gode-ventouse-silicone-rouge-double-ball-r-satisfyer\/#breadcrumb\",\"itemListElement\":[{\"@type\":\"ListItem\",\"position\":1,\"name\":\"Accueil\",\"item\":\"https:\/\/eveilintime.fr\/\"},{\"@type\":\"ListItem\",\"position\":2,\"name\":\"Boutique\",\"item\":\"https:\/\/eveilintime.fr\/?page_id=8\"},{\"@type\":\"ListItem\",\"position\":3,\"name\":\"Gode ventouse silicone rouge Double Ball-R Satisfyer\"}]},{\"@type\":\"WebSite\",\"@id\":\"https:\/\/eveilintime.fr\/#website\",\"url\":\"https:\/\/eveilintime.fr\/\",\"name\":\"\u00c9veilintime\",\"description\":\"Parce que l&#039;intime m\u00e9rite l&#039;\u00e9l\u00e9gance\",\"publisher\":{\"@id\":\"https:\/\/eveilintime.fr\/#organization\"},\"potentialAction\":[{\"@type\":\"SearchAction\",\"target\":{\"@type\":\"EntryPoint\",\"urlTemplate\":\"https:\/\/eveilintime.fr\/?s={search_term_string}\"},\"query-input\":{\"@type\":\"PropertyValueSpecification\",\"valueRequired\":true,\"valueName\":\"search_term_string\"}}],\"inLanguage\":\"fr-FR\"},{\"@type\":\"Organization\",\"@id\":\"https:\/\/eveilintime.fr\/#organization\",\"name\":\"\u00c9veilintime\",\"url\":\"https:\/\/eveilintime.fr\/\",\"logo\":{\"@type\":\"ImageObject\",\"inLanguage\":\"fr-FR\",\"@id\":\"https:\/\/eveilintime.fr\/#\/schema\/logo\/image\/\",\"url\":\"https:\/\/eveilintime.fr\/wp-content\/uploads\/2025\/09\/logo-Eveil-Intime.png\",\"contentUrl\":\"https:\/\/eveilintime.fr\/wp-content\/uploads\/2025\/09\/logo-Eveil-Intime.png\",\"width\":417,\"height\":160,\"caption\":\"\u00c9veilintime\"},\"image\":{\"@id\":\"https:\/\/eveilintime.fr\/#\/schema\/logo\/image\/\"}}]}<\/script>\n<!-- \/ Yoast SEO plugin. -->","yoast_head_json":{"title":"Gode ventouse silicone rouge Double Ball-R Satisfyer - \u00c9veil Intime","description":"Vibromasseurs, stimulateurs et accessoires \u00e9rotiques pour pimenter vos moments intimes. Livraison rapide et 100% discr\u00e8te.","robots":{"index":"index","follow":"follow","max-snippet":"max-snippet:-1","max-image-preview":"max-image-preview:large","max-video-preview":"max-video-preview:-1"},"canonical":"https:\/\/eveilintime.fr\/index.php\/produit\/gode-ventouse-silicone-rouge-double-ball-r-satisfyer\/","og_locale":"fr_FR","og_type":"article","og_title":"Gode ventouse silicone rouge Double Ball-R Satisfyer - \u00c9veil Intime","og_description":"Vibromasseurs, stimulateurs et accessoires \u00e9rotiques pour pimenter vos moments intimes. Livraison rapide et 100% discr\u00e8te.","og_url":"https:\/\/eveilintime.fr\/index.php\/produit\/gode-ventouse-silicone-rouge-double-ball-r-satisfyer\/","og_site_name":"\u00c9veil Intime","article_modified_time":"2025-10-04T21:30:48+00:00","og_image":[{"width":800,"height":800,"url":"https:\/\/eveilintime.fr\/wp-content\/uploads\/2025\/10\/gode-ventouse-silicone-rouge-double-ball-r-satisfyer-cc597842.png","type":"image\/png"}],"twitter_card":"summary_large_image","twitter_misc":{"Dur\u00e9e de lecture estim\u00e9e":"1 minute"},"schema":{"@context":"https:\/\/schema.org","@graph":[{"@type":"WebPage","@id":"https:\/\/eveilintime.fr\/index.php\/produit\/gode-ventouse-silicone-rouge-double-ball-r-satisfyer\/","url":"https:\/\/eveilintime.fr\/index.php\/produit\/gode-ventouse-silicone-rouge-double-ball-r-satisfyer\/","name":"Gode ventouse silicone rouge Double Ball-R Satisfyer - \u00c9veil Intime","isPartOf":{"@id":"https:\/\/eveilintime.fr\/#website"},"primaryImageOfPage":{"@id":"https:\/\/eveilintime.fr\/index.php\/produit\/gode-ventouse-silicone-rouge-double-ball-r-satisfyer\/#primaryimage"},"image":{"@id":"https:\/\/eveilintime.fr\/index.php\/produit\/gode-ventouse-silicone-rouge-double-ball-r-satisfyer\/#primaryimage"},"thumbnailUrl":"https:\/\/eveilintime.fr\/wp-content\/uploads\/2025\/10\/gode-ventouse-silicone-rouge-double-ball-r-satisfyer-cc597842.png","datePublished":"2025-10-04T20:52:06+00:00","dateModified":"2025-10-04T21:30:48+00:00","description":"Vibromasseurs, stimulateurs et accessoires \u00e9rotiques pour pimenter vos moments intimes. Livraison rapide et 100% discr\u00e8te.","breadcrumb":{"@id":"https:\/\/eveilintime.fr\/index.php\/produit\/gode-ventouse-silicone-rouge-double-ball-r-satisfyer\/#breadcrumb"},"inLanguage":"fr-FR","potentialAction":[{"@type":"ReadAction","target":["https:\/\/eveilintime.fr\/index.php\/produit\/gode-ventouse-silicone-rouge-double-ball-r-satisfyer\/"]}]},{"@type":"ImageObject","inLanguage":"fr-FR","@id":"https:\/\/eveilintime.fr\/index.php\/produit\/gode-ventouse-silicone-rouge-double-ball-r-satisfyer\/#primaryimage","url":"https:\/\/eveilintime.fr\/wp-content\/uploads\/2025\/10\/gode-ventouse-silicone-rouge-double-ball-r-satisfyer-cc597842.png","contentUrl":"https:\/\/eveilintime.fr\/wp-content\/uploads\/2025\/10\/gode-ventouse-silicone-rouge-double-ball-r-satisfyer-cc597842.png","width":800,"height":800},{"@type":"BreadcrumbList","@id":"https:\/\/eveilintime.fr\/index.php\/produit\/gode-ventouse-silicone-rouge-double-ball-r-satisfyer\/#breadcrumb","itemListElement":[{"@type":"ListItem","position":1,"name":"Accueil","item":"https:\/\/eveilintime.fr\/"},{"@type":"ListItem","position":2,"name":"Boutique","item":"https:\/\/eveilintime.fr\/?page_id=8"},{"@type":"ListItem","position":3,"name":"Gode ventouse silicone rouge Double Ball-R Satisfyer"}]},{"@type":"WebSite","@id":"https:\/\/eveilintime.fr\/#website","url":"https:\/\/eveilintime.fr\/","name":"\u00c9veilintime","description":"Parce que l&#039;intime m\u00e9rite l&#039;\u00e9l\u00e9gance","publisher":{"@id":"https:\/\/eveilintime.fr\/#organization"},"potentialAction":[{"@type":"SearchAction","target":{"@type":"EntryPoint","urlTemplate":"https:\/\/eveilintime.fr\/?s={search_term_string}"},"query-input":{"@type":"PropertyValueSpecification","valueRequired":true,"valueName":"search_term_string"}}],"inLanguage":"fr-FR"},{"@type":"Organization","@id":"https:\/\/eveilintime.fr\/#organization","name":"\u00c9veilintime","url":"https:\/\/eveilintime.fr\/","logo":{"@type":"ImageObject","inLanguage":"fr-FR","@id":"https:\/\/eveilintime.fr\/#\/schema\/logo\/image\/","url":"https:\/\/eveilintime.fr\/wp-content\/uploads\/2025\/09\/logo-Eveil-Intime.png","contentUrl":"https:\/\/eveilintime.fr\/wp-content\/uploads\/2025\/09\/logo-Eveil-Intime.png","width":417,"height":160,"caption":"\u00c9veilintime"},"image":{"@id":"https:\/\/eveilintime.fr\/#\/schema\/logo\/image\/"}}]}},"jetpack_sharing_enabled":true,"_links":{"self":[{"href":"https:\/\/eveilintime.fr\/index.php?rest_route=\/wp\/v2\/product\/1167","targetHints":{"allow":["GET"]}}],"collection":[{"href":"https:\/\/eveilintime.fr\/index.php?rest_route=\/wp\/v2\/product"}],"about":[{"href":"https:\/\/eveilintime.fr\/index.php?rest_route=\/wp\/v2\/types\/product"}],"replies":[{"embeddable":true,"href":"https:\/\/eveilintime.fr\/index.php?rest_route=%2Fwp%2Fv2%2Fcomments&post=1167"}],"version-history":[{"count":1,"href":"https:\/\/eveilintime.fr\/index.php?rest_route=\/wp\/v2\/product\/1167\/revisions"}],"predecessor-version":[{"id":1172,"href":"https:\/\/eveilintime.fr\/index.php?rest_route=\/wp\/v2\/product\/1167\/revisions\/1172"}],"wp:featuredmedia":[{"embeddable":true,"href":"https:\/\/eveilintime.fr\/index.php?rest_route=\/wp\/v2\/media\/1171"}],"wp:attachment":[{"href":"https:\/\/eveilintime.fr\/index.php?rest_route=%2Fwp%2Fv2%2Fmedia&parent=1167"}],"wp:term":[{"taxonomy":"product_brand","embeddable":true,"href":"https:\/\/eveilintime.fr\/index.php?rest_route=%2Fwp%2Fv2%2Fproduct_brand&post=1167"},{"taxonomy":"product_cat","embeddable":true,"href":"https:\/\/eveilintime.fr\/index.php?rest_route=%2Fwp%2Fv2%2Fproduct_cat&post=1167"},{"taxonomy":"product_tag","embeddable":true,"href":"https:\/\/eveilintime.fr\/index.php?rest_route=%2Fwp%2Fv2%2Fproduct_tag&post=1167"}],"curies":[{"name":"wp","href":"https:\/\/api.w.org\/{rel}","templated":true}]}}