{"id":1163,"date":"2025-10-04T20:48:21","date_gmt":"2025-10-04T20:48:21","guid":{"rendered":"https:\/\/eveilintime.fr\/?post_type=product&#038;p=1163"},"modified":"2025-10-04T21:29:29","modified_gmt":"2025-10-04T21:29:29","slug":"vibromasseur-gonflable-anal-gris-usb-air-pump-booty-2-satisfyer","status":"publish","type":"product","link":"https:\/\/eveilintime.fr\/?product=vibromasseur-gonflable-anal-gris-usb-air-pump-booty-2-satisfyer","title":{"rendered":"Vibromasseur gonflable anal gris USB Air Pump Booty 2 Satisfyer"},"content":{"rendered":"<p>Vibromasseur gonflable anal Air Pump Booty 2 vous dorlote de ses vibrations profondes et de sa tige gonflable, qui s\u2019adapte \u00e0 vos envies. Il est recouvert de silicone soyeux et \u00e9quip\u00e9 d\u2019un anneau de retenue.<\/p>\n<p>&#8211; Hampe gonflable pour une stimulation plus intense<\/p>\n<p>&#8211; Les deux moteurs puissants transmettent des vibrations rythm\u00e9es et intenses \u00e0 l\u2019ensemble de l\u2019appareil<\/p>\n<p>&#8211; Fabriqu\u00e9 en silicone super doux de grande qualit\u00e9, qui transmet des vibrations fortes et intenses<\/p>\n<p>&#8211; Diam\u00e8tre r\u00e9glable selon vos pr\u00e9f\u00e9rences<\/p>\n<p>&#8211; C\u00e2ble de charge magn\u00e9tique USB inclus<\/p>\n<p>&#8211; 12 programmes de vibrations<\/p>\n","protected":false},"excerpt":{"rendered":"<p>&nbsp;<\/p>\n<p style=\"text-align: center;\"><img decoding=\"async\" class=\"alignnone size-medium wp-image-1089 lazyload\" data-src=\"https:\/\/eveilintime.fr\/wp-content\/uploads\/2025\/10\/paiement-securise-garanti-300x76.png\" alt=\"\" width=\"300\" height=\"76\" data-srcset=\"https:\/\/eveilintime.fr\/wp-content\/uploads\/2025\/10\/paiement-securise-garanti-300x76.png 300w, https:\/\/eveilintime.fr\/wp-content\/uploads\/2025\/10\/paiement-securise-garanti.png 446w\" data-sizes=\"(max-width: 300px) 100vw, 300px\" src=\"data:image\/svg+xml;base64,PHN2ZyB3aWR0aD0iMSIgaGVpZ2h0PSIxIiB4bWxucz0iaHR0cDovL3d3dy53My5vcmcvMjAwMC9zdmciPjwvc3ZnPg==\" style=\"--smush-placeholder-width: 300px; --smush-placeholder-aspect-ratio: 300\/76;\" \/><\/p>\n","protected":false},"featured_media":1165,"comment_status":"open","ping_status":"closed","template":"","meta":[],"product_brand":[20],"product_cat":[74,36],"product_tag":[76,75,37,21],"class_list":{"0":"post-1163","1":"product","2":"type-product","3":"status-publish","4":"has-post-thumbnail","6":"product_brand-satisfyer","7":"product_cat-plug-anal","8":"product_cat-vibromasseur","9":"product_tag-anal","10":"product_tag-plug","11":"product_tag-sextoys","12":"product_tag-vibromasseur","14":"first","15":"instock","16":"taxable","17":"shipping-taxable","18":"purchasable","19":"product-type-simple"},"yoast_head":"<!-- This site is optimized with the Yoast SEO plugin v27.1.1 - https:\/\/yoast.com\/product\/yoast-seo-wordpress\/ -->\n<title>Vibromasseur gonflable anal gris USB Air Pump Booty 2 Satisfyer - \u00c9veil Intime<\/title>\n<meta name=\"description\" content=\"Vibromasseurs, stimulateurs et accessoires \u00e9rotiques pour pimenter vos moments intimes. Livraison rapide et 100% discr\u00e8te.\" \/>\n<meta name=\"robots\" content=\"index, follow, max-snippet:-1, max-image-preview:large, max-video-preview:-1\" \/>\n<link rel=\"canonical\" href=\"https:\/\/eveilintime.fr\/index.php\/produit\/vibromasseur-gonflable-anal-gris-usb-air-pump-booty-2-satisfyer\/\" \/>\n<meta property=\"og:locale\" content=\"fr_FR\" \/>\n<meta property=\"og:type\" content=\"article\" \/>\n<meta property=\"og:title\" content=\"Vibromasseur gonflable anal gris USB Air Pump Booty 2 Satisfyer - \u00c9veil Intime\" \/>\n<meta property=\"og:description\" content=\"Vibromasseurs, stimulateurs et accessoires \u00e9rotiques pour pimenter vos moments intimes. Livraison rapide et 100% discr\u00e8te.\" \/>\n<meta property=\"og:url\" content=\"https:\/\/eveilintime.fr\/index.php\/produit\/vibromasseur-gonflable-anal-gris-usb-air-pump-booty-2-satisfyer\/\" \/>\n<meta property=\"og:site_name\" content=\"\u00c9veil Intime\" \/>\n<meta property=\"article:modified_time\" content=\"2025-10-04T21:29:29+00:00\" \/>\n<meta property=\"og:image\" content=\"https:\/\/eveilintime.fr\/wp-content\/uploads\/2025\/10\/vibromasseur-gonflable-anal-gris-usb-air-pump-booty-2-satisfyer-cc597846.png\" \/>\n\t<meta property=\"og:image:width\" content=\"800\" \/>\n\t<meta property=\"og:image:height\" content=\"800\" \/>\n\t<meta property=\"og:image:type\" content=\"image\/png\" \/>\n<meta name=\"twitter:card\" content=\"summary_large_image\" \/>\n<meta name=\"twitter:label1\" content=\"Dur\u00e9e de lecture estim\u00e9e\" \/>\n\t<meta name=\"twitter:data1\" content=\"1 minute\" \/>\n<script type=\"application\/ld+json\" class=\"yoast-schema-graph\">{\"@context\":\"https:\/\/schema.org\",\"@graph\":[{\"@type\":\"WebPage\",\"@id\":\"https:\/\/eveilintime.fr\/index.php\/produit\/vibromasseur-gonflable-anal-gris-usb-air-pump-booty-2-satisfyer\/\",\"url\":\"https:\/\/eveilintime.fr\/index.php\/produit\/vibromasseur-gonflable-anal-gris-usb-air-pump-booty-2-satisfyer\/\",\"name\":\"Vibromasseur gonflable anal gris USB Air Pump Booty 2 Satisfyer - \u00c9veil Intime\",\"isPartOf\":{\"@id\":\"https:\/\/eveilintime.fr\/#website\"},\"primaryImageOfPage\":{\"@id\":\"https:\/\/eveilintime.fr\/index.php\/produit\/vibromasseur-gonflable-anal-gris-usb-air-pump-booty-2-satisfyer\/#primaryimage\"},\"image\":{\"@id\":\"https:\/\/eveilintime.fr\/index.php\/produit\/vibromasseur-gonflable-anal-gris-usb-air-pump-booty-2-satisfyer\/#primaryimage\"},\"thumbnailUrl\":\"https:\/\/eveilintime.fr\/wp-content\/uploads\/2025\/10\/vibromasseur-gonflable-anal-gris-usb-air-pump-booty-2-satisfyer-cc597846.png\",\"datePublished\":\"2025-10-04T20:48:21+00:00\",\"dateModified\":\"2025-10-04T21:29:29+00:00\",\"description\":\"Vibromasseurs, stimulateurs et accessoires \u00e9rotiques pour pimenter vos moments intimes. Livraison rapide et 100% discr\u00e8te.\",\"breadcrumb\":{\"@id\":\"https:\/\/eveilintime.fr\/index.php\/produit\/vibromasseur-gonflable-anal-gris-usb-air-pump-booty-2-satisfyer\/#breadcrumb\"},\"inLanguage\":\"fr-FR\",\"potentialAction\":[{\"@type\":\"ReadAction\",\"target\":[\"https:\/\/eveilintime.fr\/index.php\/produit\/vibromasseur-gonflable-anal-gris-usb-air-pump-booty-2-satisfyer\/\"]}]},{\"@type\":\"ImageObject\",\"inLanguage\":\"fr-FR\",\"@id\":\"https:\/\/eveilintime.fr\/index.php\/produit\/vibromasseur-gonflable-anal-gris-usb-air-pump-booty-2-satisfyer\/#primaryimage\",\"url\":\"https:\/\/eveilintime.fr\/wp-content\/uploads\/2025\/10\/vibromasseur-gonflable-anal-gris-usb-air-pump-booty-2-satisfyer-cc597846.png\",\"contentUrl\":\"https:\/\/eveilintime.fr\/wp-content\/uploads\/2025\/10\/vibromasseur-gonflable-anal-gris-usb-air-pump-booty-2-satisfyer-cc597846.png\",\"width\":800,\"height\":800},{\"@type\":\"BreadcrumbList\",\"@id\":\"https:\/\/eveilintime.fr\/index.php\/produit\/vibromasseur-gonflable-anal-gris-usb-air-pump-booty-2-satisfyer\/#breadcrumb\",\"itemListElement\":[{\"@type\":\"ListItem\",\"position\":1,\"name\":\"Accueil\",\"item\":\"https:\/\/eveilintime.fr\/\"},{\"@type\":\"ListItem\",\"position\":2,\"name\":\"Boutique\",\"item\":\"https:\/\/eveilintime.fr\/?page_id=8\"},{\"@type\":\"ListItem\",\"position\":3,\"name\":\"Vibromasseur gonflable anal gris USB Air Pump Booty 2 Satisfyer\"}]},{\"@type\":\"WebSite\",\"@id\":\"https:\/\/eveilintime.fr\/#website\",\"url\":\"https:\/\/eveilintime.fr\/\",\"name\":\"\u00c9veilintime\",\"description\":\"Parce que l&#039;intime m\u00e9rite l&#039;\u00e9l\u00e9gance\",\"publisher\":{\"@id\":\"https:\/\/eveilintime.fr\/#organization\"},\"potentialAction\":[{\"@type\":\"SearchAction\",\"target\":{\"@type\":\"EntryPoint\",\"urlTemplate\":\"https:\/\/eveilintime.fr\/?s={search_term_string}\"},\"query-input\":{\"@type\":\"PropertyValueSpecification\",\"valueRequired\":true,\"valueName\":\"search_term_string\"}}],\"inLanguage\":\"fr-FR\"},{\"@type\":\"Organization\",\"@id\":\"https:\/\/eveilintime.fr\/#organization\",\"name\":\"\u00c9veilintime\",\"url\":\"https:\/\/eveilintime.fr\/\",\"logo\":{\"@type\":\"ImageObject\",\"inLanguage\":\"fr-FR\",\"@id\":\"https:\/\/eveilintime.fr\/#\/schema\/logo\/image\/\",\"url\":\"https:\/\/eveilintime.fr\/wp-content\/uploads\/2025\/09\/logo-Eveil-Intime.png\",\"contentUrl\":\"https:\/\/eveilintime.fr\/wp-content\/uploads\/2025\/09\/logo-Eveil-Intime.png\",\"width\":417,\"height\":160,\"caption\":\"\u00c9veilintime\"},\"image\":{\"@id\":\"https:\/\/eveilintime.fr\/#\/schema\/logo\/image\/\"}}]}<\/script>\n<!-- \/ Yoast SEO plugin. -->","yoast_head_json":{"title":"Vibromasseur gonflable anal gris USB Air Pump Booty 2 Satisfyer - \u00c9veil Intime","description":"Vibromasseurs, stimulateurs et accessoires \u00e9rotiques pour pimenter vos moments intimes. Livraison rapide et 100% discr\u00e8te.","robots":{"index":"index","follow":"follow","max-snippet":"max-snippet:-1","max-image-preview":"max-image-preview:large","max-video-preview":"max-video-preview:-1"},"canonical":"https:\/\/eveilintime.fr\/index.php\/produit\/vibromasseur-gonflable-anal-gris-usb-air-pump-booty-2-satisfyer\/","og_locale":"fr_FR","og_type":"article","og_title":"Vibromasseur gonflable anal gris USB Air Pump Booty 2 Satisfyer - \u00c9veil Intime","og_description":"Vibromasseurs, stimulateurs et accessoires \u00e9rotiques pour pimenter vos moments intimes. Livraison rapide et 100% discr\u00e8te.","og_url":"https:\/\/eveilintime.fr\/index.php\/produit\/vibromasseur-gonflable-anal-gris-usb-air-pump-booty-2-satisfyer\/","og_site_name":"\u00c9veil Intime","article_modified_time":"2025-10-04T21:29:29+00:00","og_image":[{"width":800,"height":800,"url":"https:\/\/eveilintime.fr\/wp-content\/uploads\/2025\/10\/vibromasseur-gonflable-anal-gris-usb-air-pump-booty-2-satisfyer-cc597846.png","type":"image\/png"}],"twitter_card":"summary_large_image","twitter_misc":{"Dur\u00e9e de lecture estim\u00e9e":"1 minute"},"schema":{"@context":"https:\/\/schema.org","@graph":[{"@type":"WebPage","@id":"https:\/\/eveilintime.fr\/index.php\/produit\/vibromasseur-gonflable-anal-gris-usb-air-pump-booty-2-satisfyer\/","url":"https:\/\/eveilintime.fr\/index.php\/produit\/vibromasseur-gonflable-anal-gris-usb-air-pump-booty-2-satisfyer\/","name":"Vibromasseur gonflable anal gris USB Air Pump Booty 2 Satisfyer - \u00c9veil Intime","isPartOf":{"@id":"https:\/\/eveilintime.fr\/#website"},"primaryImageOfPage":{"@id":"https:\/\/eveilintime.fr\/index.php\/produit\/vibromasseur-gonflable-anal-gris-usb-air-pump-booty-2-satisfyer\/#primaryimage"},"image":{"@id":"https:\/\/eveilintime.fr\/index.php\/produit\/vibromasseur-gonflable-anal-gris-usb-air-pump-booty-2-satisfyer\/#primaryimage"},"thumbnailUrl":"https:\/\/eveilintime.fr\/wp-content\/uploads\/2025\/10\/vibromasseur-gonflable-anal-gris-usb-air-pump-booty-2-satisfyer-cc597846.png","datePublished":"2025-10-04T20:48:21+00:00","dateModified":"2025-10-04T21:29:29+00:00","description":"Vibromasseurs, stimulateurs et accessoires \u00e9rotiques pour pimenter vos moments intimes. Livraison rapide et 100% discr\u00e8te.","breadcrumb":{"@id":"https:\/\/eveilintime.fr\/index.php\/produit\/vibromasseur-gonflable-anal-gris-usb-air-pump-booty-2-satisfyer\/#breadcrumb"},"inLanguage":"fr-FR","potentialAction":[{"@type":"ReadAction","target":["https:\/\/eveilintime.fr\/index.php\/produit\/vibromasseur-gonflable-anal-gris-usb-air-pump-booty-2-satisfyer\/"]}]},{"@type":"ImageObject","inLanguage":"fr-FR","@id":"https:\/\/eveilintime.fr\/index.php\/produit\/vibromasseur-gonflable-anal-gris-usb-air-pump-booty-2-satisfyer\/#primaryimage","url":"https:\/\/eveilintime.fr\/wp-content\/uploads\/2025\/10\/vibromasseur-gonflable-anal-gris-usb-air-pump-booty-2-satisfyer-cc597846.png","contentUrl":"https:\/\/eveilintime.fr\/wp-content\/uploads\/2025\/10\/vibromasseur-gonflable-anal-gris-usb-air-pump-booty-2-satisfyer-cc597846.png","width":800,"height":800},{"@type":"BreadcrumbList","@id":"https:\/\/eveilintime.fr\/index.php\/produit\/vibromasseur-gonflable-anal-gris-usb-air-pump-booty-2-satisfyer\/#breadcrumb","itemListElement":[{"@type":"ListItem","position":1,"name":"Accueil","item":"https:\/\/eveilintime.fr\/"},{"@type":"ListItem","position":2,"name":"Boutique","item":"https:\/\/eveilintime.fr\/?page_id=8"},{"@type":"ListItem","position":3,"name":"Vibromasseur gonflable anal gris USB Air Pump Booty 2 Satisfyer"}]},{"@type":"WebSite","@id":"https:\/\/eveilintime.fr\/#website","url":"https:\/\/eveilintime.fr\/","name":"\u00c9veilintime","description":"Parce que l&#039;intime m\u00e9rite l&#039;\u00e9l\u00e9gance","publisher":{"@id":"https:\/\/eveilintime.fr\/#organization"},"potentialAction":[{"@type":"SearchAction","target":{"@type":"EntryPoint","urlTemplate":"https:\/\/eveilintime.fr\/?s={search_term_string}"},"query-input":{"@type":"PropertyValueSpecification","valueRequired":true,"valueName":"search_term_string"}}],"inLanguage":"fr-FR"},{"@type":"Organization","@id":"https:\/\/eveilintime.fr\/#organization","name":"\u00c9veilintime","url":"https:\/\/eveilintime.fr\/","logo":{"@type":"ImageObject","inLanguage":"fr-FR","@id":"https:\/\/eveilintime.fr\/#\/schema\/logo\/image\/","url":"https:\/\/eveilintime.fr\/wp-content\/uploads\/2025\/09\/logo-Eveil-Intime.png","contentUrl":"https:\/\/eveilintime.fr\/wp-content\/uploads\/2025\/09\/logo-Eveil-Intime.png","width":417,"height":160,"caption":"\u00c9veilintime"},"image":{"@id":"https:\/\/eveilintime.fr\/#\/schema\/logo\/image\/"}}]}},"jetpack_sharing_enabled":true,"_links":{"self":[{"href":"https:\/\/eveilintime.fr\/index.php?rest_route=\/wp\/v2\/product\/1163","targetHints":{"allow":["GET"]}}],"collection":[{"href":"https:\/\/eveilintime.fr\/index.php?rest_route=\/wp\/v2\/product"}],"about":[{"href":"https:\/\/eveilintime.fr\/index.php?rest_route=\/wp\/v2\/types\/product"}],"replies":[{"embeddable":true,"href":"https:\/\/eveilintime.fr\/index.php?rest_route=%2Fwp%2Fv2%2Fcomments&post=1163"}],"version-history":[{"count":1,"href":"https:\/\/eveilintime.fr\/index.php?rest_route=\/wp\/v2\/product\/1163\/revisions"}],"predecessor-version":[{"id":1166,"href":"https:\/\/eveilintime.fr\/index.php?rest_route=\/wp\/v2\/product\/1163\/revisions\/1166"}],"wp:featuredmedia":[{"embeddable":true,"href":"https:\/\/eveilintime.fr\/index.php?rest_route=\/wp\/v2\/media\/1165"}],"wp:attachment":[{"href":"https:\/\/eveilintime.fr\/index.php?rest_route=%2Fwp%2Fv2%2Fmedia&parent=1163"}],"wp:term":[{"taxonomy":"product_brand","embeddable":true,"href":"https:\/\/eveilintime.fr\/index.php?rest_route=%2Fwp%2Fv2%2Fproduct_brand&post=1163"},{"taxonomy":"product_cat","embeddable":true,"href":"https:\/\/eveilintime.fr\/index.php?rest_route=%2Fwp%2Fv2%2Fproduct_cat&post=1163"},{"taxonomy":"product_tag","embeddable":true,"href":"https:\/\/eveilintime.fr\/index.php?rest_route=%2Fwp%2Fv2%2Fproduct_tag&post=1163"}],"curies":[{"name":"wp","href":"https:\/\/api.w.org\/{rel}","templated":true}]}}