{"id":1143,"date":"2025-10-04T17:32:57","date_gmt":"2025-10-04T17:32:57","guid":{"rendered":"https:\/\/eveilintime.fr\/?post_type=product&#038;p=1143"},"modified":"2025-10-04T17:32:57","modified_gmt":"2025-10-04T17:32:57","slug":"vibromasseur-anal-usb-noir-game-changer-satisfyer","status":"publish","type":"product","link":"https:\/\/eveilintime.fr\/?product=vibromasseur-anal-usb-noir-game-changer-satisfyer","title":{"rendered":"Vibromasseur anal USB noir Game Changer Satisfyer"},"content":{"rendered":"<p>Avec sa pointe effil\u00e9e et sa forme bomb\u00e9e, le Satisfyer Game Changer procure une sensation de pl\u00e9nitude anale et une stimulation sensuelle. Ce vibromasseur anal peut \u00eatre contr\u00f4l\u00e9 via le panneau de commande intuitif situ\u00e9 sur sa large base.<\/p>\n<p>&#8211; Fabriqu\u00e9 en silicone de qualit\u00e9 m\u00e9dicale super doux et respectueux de la peau, soyeux au toucher et extr\u00eamement hygi\u00e9nique<\/p>\n<p>&#8211; Les deux puissants moteurs transmettent des rythmes de vibrations intenses \u00e0 l\u2019ensemble du jouet<\/p>\n<p>&#8211; Convient \u00e0 tous les sexes<\/p>\n<p>&#8211; 2 moteurs \u00e9lectriques super puissants<\/p>\n<p>&#8211; Silicone respectueux du corps<\/p>\n<p>&#8211; \u00c9tanche (IPX7)<\/p>\n<p>&#8211; Facile \u00e0 nettoyer<\/p>\n<p>&#8211; Mode silencieux<\/p>\n<p>&#8211; C\u00e2ble de charge magn\u00e9tique USB inclus<\/p>\n","protected":false},"excerpt":{"rendered":"<p><strong>Vibromasseur anal USB noir Game Changer<\/strong>\u00a0de votre<strong> fournisseur SATIFAYER.<\/strong><\/p>\n<p>&nbsp;<\/p>\n<p style=\"text-align: center;\"><img decoding=\"async\" class=\"alignnone size-medium wp-image-1089 lazyload\" data-src=\"https:\/\/eveilintime.fr\/wp-content\/uploads\/2025\/10\/paiement-securise-garanti-300x76.png\" alt=\"\" width=\"300\" height=\"76\" data-srcset=\"https:\/\/eveilintime.fr\/wp-content\/uploads\/2025\/10\/paiement-securise-garanti-300x76.png 300w, https:\/\/eveilintime.fr\/wp-content\/uploads\/2025\/10\/paiement-securise-garanti.png 446w\" data-sizes=\"(max-width: 300px) 100vw, 300px\" src=\"data:image\/svg+xml;base64,PHN2ZyB3aWR0aD0iMSIgaGVpZ2h0PSIxIiB4bWxucz0iaHR0cDovL3d3dy53My5vcmcvMjAwMC9zdmciPjwvc3ZnPg==\" style=\"--smush-placeholder-width: 300px; --smush-placeholder-aspect-ratio: 300\/76;\" \/><\/p>\n","protected":false},"featured_media":1146,"comment_status":"open","ping_status":"closed","template":"","meta":[],"product_brand":[20],"product_cat":[74],"product_tag":[76,75,37],"class_list":{"0":"post-1143","1":"product","2":"type-product","3":"status-publish","4":"has-post-thumbnail","6":"product_brand-satisfyer","7":"product_cat-plug-anal","8":"product_tag-anal","9":"product_tag-plug","10":"product_tag-sextoys","12":"first","13":"instock","14":"taxable","15":"shipping-taxable","16":"purchasable","17":"product-type-simple"},"yoast_head":"<!-- This site is optimized with the Yoast SEO plugin v27.1.1 - https:\/\/yoast.com\/product\/yoast-seo-wordpress\/ -->\n<title>Vibromasseur anal USB noir Game Changer Satisfyer - \u00c9veil Intime<\/title>\n<meta name=\"description\" content=\"Vibromasseur anal USB noir Game Changer de votre fournisseur SATIFAYER\" \/>\n<meta name=\"robots\" content=\"index, follow, max-snippet:-1, max-image-preview:large, max-video-preview:-1\" \/>\n<link rel=\"canonical\" href=\"https:\/\/eveilintime.fr\/index.php\/produit\/vibromasseur-anal-usb-noir-game-changer-satisfyer\/\" \/>\n<meta property=\"og:locale\" content=\"fr_FR\" \/>\n<meta property=\"og:type\" content=\"article\" \/>\n<meta property=\"og:title\" content=\"Vibromasseur anal USB noir Game Changer Satisfyer - \u00c9veil Intime\" \/>\n<meta property=\"og:description\" content=\"Vibromasseur anal USB noir Game Changer de votre fournisseur SATIFAYER\" \/>\n<meta property=\"og:url\" content=\"https:\/\/eveilintime.fr\/index.php\/produit\/vibromasseur-anal-usb-noir-game-changer-satisfyer\/\" \/>\n<meta property=\"og:site_name\" content=\"\u00c9veil Intime\" \/>\n<meta property=\"og:image\" content=\"https:\/\/eveilintime.fr\/wp-content\/uploads\/2025\/10\/vibromasseur-anal-usb-noir-game-changer-satisfyer-cc597848.png\" \/>\n\t<meta property=\"og:image:width\" content=\"800\" \/>\n\t<meta property=\"og:image:height\" content=\"800\" \/>\n\t<meta property=\"og:image:type\" content=\"image\/png\" \/>\n<meta name=\"twitter:card\" content=\"summary_large_image\" \/>\n<meta name=\"twitter:label1\" content=\"Dur\u00e9e de lecture estim\u00e9e\" \/>\n\t<meta name=\"twitter:data1\" content=\"1 minute\" \/>\n<script type=\"application\/ld+json\" class=\"yoast-schema-graph\">{\"@context\":\"https:\/\/schema.org\",\"@graph\":[{\"@type\":\"WebPage\",\"@id\":\"https:\/\/eveilintime.fr\/index.php\/produit\/vibromasseur-anal-usb-noir-game-changer-satisfyer\/\",\"url\":\"https:\/\/eveilintime.fr\/index.php\/produit\/vibromasseur-anal-usb-noir-game-changer-satisfyer\/\",\"name\":\"Vibromasseur anal USB noir Game Changer Satisfyer - \u00c9veil Intime\",\"isPartOf\":{\"@id\":\"https:\/\/eveilintime.fr\/#website\"},\"primaryImageOfPage\":{\"@id\":\"https:\/\/eveilintime.fr\/index.php\/produit\/vibromasseur-anal-usb-noir-game-changer-satisfyer\/#primaryimage\"},\"image\":{\"@id\":\"https:\/\/eveilintime.fr\/index.php\/produit\/vibromasseur-anal-usb-noir-game-changer-satisfyer\/#primaryimage\"},\"thumbnailUrl\":\"https:\/\/eveilintime.fr\/wp-content\/uploads\/2025\/10\/vibromasseur-anal-usb-noir-game-changer-satisfyer-cc597848.png\",\"datePublished\":\"2025-10-04T17:32:57+00:00\",\"description\":\"Vibromasseur anal USB noir Game Changer de votre fournisseur SATIFAYER\",\"breadcrumb\":{\"@id\":\"https:\/\/eveilintime.fr\/index.php\/produit\/vibromasseur-anal-usb-noir-game-changer-satisfyer\/#breadcrumb\"},\"inLanguage\":\"fr-FR\",\"potentialAction\":[{\"@type\":\"ReadAction\",\"target\":[\"https:\/\/eveilintime.fr\/index.php\/produit\/vibromasseur-anal-usb-noir-game-changer-satisfyer\/\"]}]},{\"@type\":\"ImageObject\",\"inLanguage\":\"fr-FR\",\"@id\":\"https:\/\/eveilintime.fr\/index.php\/produit\/vibromasseur-anal-usb-noir-game-changer-satisfyer\/#primaryimage\",\"url\":\"https:\/\/eveilintime.fr\/wp-content\/uploads\/2025\/10\/vibromasseur-anal-usb-noir-game-changer-satisfyer-cc597848.png\",\"contentUrl\":\"https:\/\/eveilintime.fr\/wp-content\/uploads\/2025\/10\/vibromasseur-anal-usb-noir-game-changer-satisfyer-cc597848.png\",\"width\":800,\"height\":800},{\"@type\":\"BreadcrumbList\",\"@id\":\"https:\/\/eveilintime.fr\/index.php\/produit\/vibromasseur-anal-usb-noir-game-changer-satisfyer\/#breadcrumb\",\"itemListElement\":[{\"@type\":\"ListItem\",\"position\":1,\"name\":\"Accueil\",\"item\":\"https:\/\/eveilintime.fr\/\"},{\"@type\":\"ListItem\",\"position\":2,\"name\":\"Boutique\",\"item\":\"https:\/\/eveilintime.fr\/?page_id=8\"},{\"@type\":\"ListItem\",\"position\":3,\"name\":\"Vibromasseur anal USB noir Game Changer Satisfyer\"}]},{\"@type\":\"WebSite\",\"@id\":\"https:\/\/eveilintime.fr\/#website\",\"url\":\"https:\/\/eveilintime.fr\/\",\"name\":\"\u00c9veilintime\",\"description\":\"Parce que l&#039;intime m\u00e9rite l&#039;\u00e9l\u00e9gance\",\"publisher\":{\"@id\":\"https:\/\/eveilintime.fr\/#organization\"},\"potentialAction\":[{\"@type\":\"SearchAction\",\"target\":{\"@type\":\"EntryPoint\",\"urlTemplate\":\"https:\/\/eveilintime.fr\/?s={search_term_string}\"},\"query-input\":{\"@type\":\"PropertyValueSpecification\",\"valueRequired\":true,\"valueName\":\"search_term_string\"}}],\"inLanguage\":\"fr-FR\"},{\"@type\":\"Organization\",\"@id\":\"https:\/\/eveilintime.fr\/#organization\",\"name\":\"\u00c9veilintime\",\"url\":\"https:\/\/eveilintime.fr\/\",\"logo\":{\"@type\":\"ImageObject\",\"inLanguage\":\"fr-FR\",\"@id\":\"https:\/\/eveilintime.fr\/#\/schema\/logo\/image\/\",\"url\":\"https:\/\/eveilintime.fr\/wp-content\/uploads\/2025\/09\/logo-Eveil-Intime.png\",\"contentUrl\":\"https:\/\/eveilintime.fr\/wp-content\/uploads\/2025\/09\/logo-Eveil-Intime.png\",\"width\":417,\"height\":160,\"caption\":\"\u00c9veilintime\"},\"image\":{\"@id\":\"https:\/\/eveilintime.fr\/#\/schema\/logo\/image\/\"}}]}<\/script>\n<!-- \/ Yoast SEO plugin. -->","yoast_head_json":{"title":"Vibromasseur anal USB noir Game Changer Satisfyer - \u00c9veil Intime","description":"Vibromasseur anal USB noir Game Changer de votre fournisseur SATIFAYER","robots":{"index":"index","follow":"follow","max-snippet":"max-snippet:-1","max-image-preview":"max-image-preview:large","max-video-preview":"max-video-preview:-1"},"canonical":"https:\/\/eveilintime.fr\/index.php\/produit\/vibromasseur-anal-usb-noir-game-changer-satisfyer\/","og_locale":"fr_FR","og_type":"article","og_title":"Vibromasseur anal USB noir Game Changer Satisfyer - \u00c9veil Intime","og_description":"Vibromasseur anal USB noir Game Changer de votre fournisseur SATIFAYER","og_url":"https:\/\/eveilintime.fr\/index.php\/produit\/vibromasseur-anal-usb-noir-game-changer-satisfyer\/","og_site_name":"\u00c9veil Intime","og_image":[{"width":800,"height":800,"url":"https:\/\/eveilintime.fr\/wp-content\/uploads\/2025\/10\/vibromasseur-anal-usb-noir-game-changer-satisfyer-cc597848.png","type":"image\/png"}],"twitter_card":"summary_large_image","twitter_misc":{"Dur\u00e9e de lecture estim\u00e9e":"1 minute"},"schema":{"@context":"https:\/\/schema.org","@graph":[{"@type":"WebPage","@id":"https:\/\/eveilintime.fr\/index.php\/produit\/vibromasseur-anal-usb-noir-game-changer-satisfyer\/","url":"https:\/\/eveilintime.fr\/index.php\/produit\/vibromasseur-anal-usb-noir-game-changer-satisfyer\/","name":"Vibromasseur anal USB noir Game Changer Satisfyer - \u00c9veil Intime","isPartOf":{"@id":"https:\/\/eveilintime.fr\/#website"},"primaryImageOfPage":{"@id":"https:\/\/eveilintime.fr\/index.php\/produit\/vibromasseur-anal-usb-noir-game-changer-satisfyer\/#primaryimage"},"image":{"@id":"https:\/\/eveilintime.fr\/index.php\/produit\/vibromasseur-anal-usb-noir-game-changer-satisfyer\/#primaryimage"},"thumbnailUrl":"https:\/\/eveilintime.fr\/wp-content\/uploads\/2025\/10\/vibromasseur-anal-usb-noir-game-changer-satisfyer-cc597848.png","datePublished":"2025-10-04T17:32:57+00:00","description":"Vibromasseur anal USB noir Game Changer de votre fournisseur SATIFAYER","breadcrumb":{"@id":"https:\/\/eveilintime.fr\/index.php\/produit\/vibromasseur-anal-usb-noir-game-changer-satisfyer\/#breadcrumb"},"inLanguage":"fr-FR","potentialAction":[{"@type":"ReadAction","target":["https:\/\/eveilintime.fr\/index.php\/produit\/vibromasseur-anal-usb-noir-game-changer-satisfyer\/"]}]},{"@type":"ImageObject","inLanguage":"fr-FR","@id":"https:\/\/eveilintime.fr\/index.php\/produit\/vibromasseur-anal-usb-noir-game-changer-satisfyer\/#primaryimage","url":"https:\/\/eveilintime.fr\/wp-content\/uploads\/2025\/10\/vibromasseur-anal-usb-noir-game-changer-satisfyer-cc597848.png","contentUrl":"https:\/\/eveilintime.fr\/wp-content\/uploads\/2025\/10\/vibromasseur-anal-usb-noir-game-changer-satisfyer-cc597848.png","width":800,"height":800},{"@type":"BreadcrumbList","@id":"https:\/\/eveilintime.fr\/index.php\/produit\/vibromasseur-anal-usb-noir-game-changer-satisfyer\/#breadcrumb","itemListElement":[{"@type":"ListItem","position":1,"name":"Accueil","item":"https:\/\/eveilintime.fr\/"},{"@type":"ListItem","position":2,"name":"Boutique","item":"https:\/\/eveilintime.fr\/?page_id=8"},{"@type":"ListItem","position":3,"name":"Vibromasseur anal USB noir Game Changer Satisfyer"}]},{"@type":"WebSite","@id":"https:\/\/eveilintime.fr\/#website","url":"https:\/\/eveilintime.fr\/","name":"\u00c9veilintime","description":"Parce que l&#039;intime m\u00e9rite l&#039;\u00e9l\u00e9gance","publisher":{"@id":"https:\/\/eveilintime.fr\/#organization"},"potentialAction":[{"@type":"SearchAction","target":{"@type":"EntryPoint","urlTemplate":"https:\/\/eveilintime.fr\/?s={search_term_string}"},"query-input":{"@type":"PropertyValueSpecification","valueRequired":true,"valueName":"search_term_string"}}],"inLanguage":"fr-FR"},{"@type":"Organization","@id":"https:\/\/eveilintime.fr\/#organization","name":"\u00c9veilintime","url":"https:\/\/eveilintime.fr\/","logo":{"@type":"ImageObject","inLanguage":"fr-FR","@id":"https:\/\/eveilintime.fr\/#\/schema\/logo\/image\/","url":"https:\/\/eveilintime.fr\/wp-content\/uploads\/2025\/09\/logo-Eveil-Intime.png","contentUrl":"https:\/\/eveilintime.fr\/wp-content\/uploads\/2025\/09\/logo-Eveil-Intime.png","width":417,"height":160,"caption":"\u00c9veilintime"},"image":{"@id":"https:\/\/eveilintime.fr\/#\/schema\/logo\/image\/"}}]}},"jetpack_sharing_enabled":true,"_links":{"self":[{"href":"https:\/\/eveilintime.fr\/index.php?rest_route=\/wp\/v2\/product\/1143","targetHints":{"allow":["GET"]}}],"collection":[{"href":"https:\/\/eveilintime.fr\/index.php?rest_route=\/wp\/v2\/product"}],"about":[{"href":"https:\/\/eveilintime.fr\/index.php?rest_route=\/wp\/v2\/types\/product"}],"replies":[{"embeddable":true,"href":"https:\/\/eveilintime.fr\/index.php?rest_route=%2Fwp%2Fv2%2Fcomments&post=1143"}],"version-history":[{"count":1,"href":"https:\/\/eveilintime.fr\/index.php?rest_route=\/wp\/v2\/product\/1143\/revisions"}],"predecessor-version":[{"id":1147,"href":"https:\/\/eveilintime.fr\/index.php?rest_route=\/wp\/v2\/product\/1143\/revisions\/1147"}],"wp:featuredmedia":[{"embeddable":true,"href":"https:\/\/eveilintime.fr\/index.php?rest_route=\/wp\/v2\/media\/1146"}],"wp:attachment":[{"href":"https:\/\/eveilintime.fr\/index.php?rest_route=%2Fwp%2Fv2%2Fmedia&parent=1143"}],"wp:term":[{"taxonomy":"product_brand","embeddable":true,"href":"https:\/\/eveilintime.fr\/index.php?rest_route=%2Fwp%2Fv2%2Fproduct_brand&post=1143"},{"taxonomy":"product_cat","embeddable":true,"href":"https:\/\/eveilintime.fr\/index.php?rest_route=%2Fwp%2Fv2%2Fproduct_cat&post=1143"},{"taxonomy":"product_tag","embeddable":true,"href":"https:\/\/eveilintime.fr\/index.php?rest_route=%2Fwp%2Fv2%2Fproduct_tag&post=1143"}],"curies":[{"name":"wp","href":"https:\/\/api.w.org\/{rel}","templated":true}]}}