{"id":1122,"date":"2025-10-03T20:14:41","date_gmt":"2025-10-03T20:14:41","guid":{"rendered":"https:\/\/eveilintime.fr\/?post_type=product&#038;p=1122"},"modified":"2025-10-03T20:14:41","modified_gmt":"2025-10-03T20:14:41","slug":"soutien-gorge-demi-seins-a-armatures-en-fine-dentelle-noire","status":"publish","type":"product","link":"https:\/\/eveilintime.fr\/?product=soutien-gorge-demi-seins-a-armatures-en-fine-dentelle-noire","title":{"rendered":"Soutien-gorge Demi-seins \u00e0 armatures en fine dentelle noire"},"content":{"rendered":"<section id=\"DESCRIPTION\" class=\"elementor-element elementor-element-7824a04e elementor-widget-nav-menu elementor-section-tabbed elementor-section-boxed elementor-section-height-default elementor-section-height-default elementor-section elementor-top-section\" data-id=\"7824a04e\" data-element_type=\"section\">\n<div class=\"elementor-container elementor-column-gap-default\">\n<div class=\"elementor-row\">\n<div class=\"elementor-element elementor-element-23d0278 description elementor-column elementor-col-100 elementor-top-column elementor-active\" data-id=\"23d0278\" data-element_type=\"column\">\n<div class=\"elementor-column-wrap elementor-element-populated\">\n<div class=\"elementor-widget-wrap\">\n<div class=\"elementor-element elementor-element-2c16be9 elementor-widget elementor-widget-product-description elementor-widget-text-editor\" data-id=\"2c16be9\" data-element_type=\"widget\" data-widget_type=\"product-description.default\">\n<div class=\"elementor-widget-container\">\n<p>Sensualit\u00e9 et douceur&#8230;<\/p>\n<p>Soutien-gorge Demi-seins, en fine dentelle extensible noire. Soutien-gorge \u00e0 bonnets ouverts \u00e0 armatures. Bretelles r\u00e9glables fermeture \u00e0 crochet dans le\u00a0 dos.<\/p>\n<p>Montr\u00e9 avec porte-jarretelles, R\u00e9f. 8735 et bas, R\u00e9f.\u00a0 0492 ; vendu s\u00e9par\u00e9ment<\/p>\n<p>String non inclus<\/p>\n<p>Composition :\u00a0 Soutien-gorge : Dentelle : 85% Nylon, 15% Spandex; Tasse en mousse : 100 % polyur\u00e9thane ; Exclusivit\u00e9 D\u00e9coration \/ Conseil d&rsquo;entretien : Laver \u00e0 la main s\u00e9par\u00e9ment \u00e0 l&rsquo;eau froide, pas de s\u00e8che linge.<\/p>\n<\/div>\n<\/div>\n<\/div>\n<\/div>\n<\/div>\n<\/div>\n<\/div>\n<\/section>\n<section class=\"elementor-element elementor-element-78a1835 elementor-section-boxed elementor-section-height-default elementor-section-height-default elementor-section elementor-top-section\" data-id=\"78a1835\" data-element_type=\"section\">\n<div class=\"elementor-container elementor-column-gap-default\">\n<div class=\"elementor-row\">\n<div class=\"elementor-element elementor-element-e9f2151 elementor-column elementor-col-100 elementor-top-column\" data-id=\"e9f2151\" data-element_type=\"column\">\n<div class=\"elementor-column-wrap elementor-element-populated\">\n<div class=\"elementor-widget-wrap\">\n<div class=\"elementor-element elementor-element-4ac083b elementor-widget elementor-widget-spacer\" data-id=\"4ac083b\" data-element_type=\"widget\" data-widget_type=\"spacer.default\">\n<div class=\"elementor-widget-container\">\n<div class=\"elementor-spacer\"><\/div>\n<\/div>\n<\/div>\n<\/div>\n<\/div>\n<\/div>\n<\/div>\n<\/div>\n<\/section>\n","protected":false},"excerpt":{"rendered":"<p><strong>Soutien-gorge demi seins ouvert, \u00e0 armatures<\/strong>,\u00a0 en fine dentelle noire de votre\u00a0<strong>grossiste Dreamgirl.<\/strong><\/p>\n<p>&nbsp;<\/p>\n<p style=\"text-align: center;\"><img decoding=\"async\" class=\"alignnone size-medium wp-image-1089 lazyload\" data-src=\"https:\/\/eveilintime.fr\/wp-content\/uploads\/2025\/10\/paiement-securise-garanti-300x76.png\" alt=\"\" width=\"300\" height=\"76\" data-srcset=\"https:\/\/eveilintime.fr\/wp-content\/uploads\/2025\/10\/paiement-securise-garanti-300x76.png 300w, https:\/\/eveilintime.fr\/wp-content\/uploads\/2025\/10\/paiement-securise-garanti.png 446w\" data-sizes=\"(max-width: 300px) 100vw, 300px\" src=\"data:image\/svg+xml;base64,PHN2ZyB3aWR0aD0iMSIgaGVpZ2h0PSIxIiB4bWxucz0iaHR0cDovL3d3dy53My5vcmcvMjAwMC9zdmciPjwvc3ZnPg==\" style=\"--smush-placeholder-width: 300px; --smush-placeholder-aspect-ratio: 300\/76;\" \/><\/p>\n","protected":false},"featured_media":1125,"comment_status":"open","ping_status":"closed","template":"","meta":[],"product_brand":[72],"product_cat":[70],"product_tag":[35,31,33],"class_list":{"0":"post-1122","1":"product","2":"type-product","3":"status-publish","4":"has-post-thumbnail","6":"product_brand-dreamgirl","7":"product_cat-soutien-gorge","8":"product_tag-dentelle","9":"product_tag-lingerie","10":"product_tag-sexy","12":"first","13":"instock","14":"taxable","15":"shipping-taxable","16":"purchasable","17":"product-type-variable"},"yoast_head":"<!-- This site is optimized with the Yoast SEO plugin v27.1.1 - https:\/\/yoast.com\/product\/yoast-seo-wordpress\/ -->\n<title>Soutien-gorge Demi-seins \u00e0 armatures en fine dentelle noire - \u00c9veil Intime<\/title>\n<meta name=\"description\" content=\"D\u00e9couvrez notre collection de soutiens-gorge \u00e9l\u00e9gants et confortables. Lingerie raffin\u00e9e, toutes tailles et styles pour sublimer votre f\u00e9minit\u00e9.\" \/>\n<meta name=\"robots\" content=\"index, follow, max-snippet:-1, max-image-preview:large, max-video-preview:-1\" \/>\n<link rel=\"canonical\" href=\"https:\/\/eveilintime.fr\/index.php\/produit\/soutien-gorge-demi-seins-a-armatures-en-fine-dentelle-noire\/\" \/>\n<meta property=\"og:locale\" content=\"fr_FR\" \/>\n<meta property=\"og:type\" content=\"article\" \/>\n<meta property=\"og:title\" content=\"Soutien-gorge Demi-seins \u00e0 armatures en fine dentelle noire - \u00c9veil Intime\" \/>\n<meta property=\"og:description\" content=\"D\u00e9couvrez notre collection de soutiens-gorge \u00e9l\u00e9gants et confortables. Lingerie raffin\u00e9e, toutes tailles et styles pour sublimer votre f\u00e9minit\u00e9.\" \/>\n<meta property=\"og:url\" content=\"https:\/\/eveilintime.fr\/index.php\/produit\/soutien-gorge-demi-seins-a-armatures-en-fine-dentelle-noire\/\" \/>\n<meta property=\"og:site_name\" content=\"\u00c9veil Intime\" \/>\n<meta property=\"og:image\" content=\"https:\/\/eveilintime.fr\/wp-content\/uploads\/2025\/10\/soutien-gorge-demi-seins-a-armatures-en-fine-dentelle-noire-dg13252blk.jpg\" \/>\n\t<meta property=\"og:image:width\" content=\"800\" \/>\n\t<meta property=\"og:image:height\" content=\"800\" \/>\n\t<meta property=\"og:image:type\" content=\"image\/jpeg\" \/>\n<meta name=\"twitter:card\" content=\"summary_large_image\" \/>\n<meta name=\"twitter:label1\" content=\"Dur\u00e9e de lecture estim\u00e9e\" \/>\n\t<meta name=\"twitter:data1\" content=\"1 minute\" \/>\n<script type=\"application\/ld+json\" class=\"yoast-schema-graph\">{\"@context\":\"https:\/\/schema.org\",\"@graph\":[{\"@type\":\"WebPage\",\"@id\":\"https:\/\/eveilintime.fr\/index.php\/produit\/soutien-gorge-demi-seins-a-armatures-en-fine-dentelle-noire\/\",\"url\":\"https:\/\/eveilintime.fr\/index.php\/produit\/soutien-gorge-demi-seins-a-armatures-en-fine-dentelle-noire\/\",\"name\":\"Soutien-gorge Demi-seins \u00e0 armatures en fine dentelle noire - \u00c9veil Intime\",\"isPartOf\":{\"@id\":\"https:\/\/eveilintime.fr\/#website\"},\"primaryImageOfPage\":{\"@id\":\"https:\/\/eveilintime.fr\/index.php\/produit\/soutien-gorge-demi-seins-a-armatures-en-fine-dentelle-noire\/#primaryimage\"},\"image\":{\"@id\":\"https:\/\/eveilintime.fr\/index.php\/produit\/soutien-gorge-demi-seins-a-armatures-en-fine-dentelle-noire\/#primaryimage\"},\"thumbnailUrl\":\"https:\/\/eveilintime.fr\/wp-content\/uploads\/2025\/10\/soutien-gorge-demi-seins-a-armatures-en-fine-dentelle-noire-dg13252blk.jpg\",\"datePublished\":\"2025-10-03T20:14:41+00:00\",\"description\":\"D\u00e9couvrez notre collection de soutiens-gorge \u00e9l\u00e9gants et confortables. Lingerie raffin\u00e9e, toutes tailles et styles pour sublimer votre f\u00e9minit\u00e9.\",\"breadcrumb\":{\"@id\":\"https:\/\/eveilintime.fr\/index.php\/produit\/soutien-gorge-demi-seins-a-armatures-en-fine-dentelle-noire\/#breadcrumb\"},\"inLanguage\":\"fr-FR\",\"potentialAction\":[{\"@type\":\"ReadAction\",\"target\":[\"https:\/\/eveilintime.fr\/index.php\/produit\/soutien-gorge-demi-seins-a-armatures-en-fine-dentelle-noire\/\"]}]},{\"@type\":\"ImageObject\",\"inLanguage\":\"fr-FR\",\"@id\":\"https:\/\/eveilintime.fr\/index.php\/produit\/soutien-gorge-demi-seins-a-armatures-en-fine-dentelle-noire\/#primaryimage\",\"url\":\"https:\/\/eveilintime.fr\/wp-content\/uploads\/2025\/10\/soutien-gorge-demi-seins-a-armatures-en-fine-dentelle-noire-dg13252blk.jpg\",\"contentUrl\":\"https:\/\/eveilintime.fr\/wp-content\/uploads\/2025\/10\/soutien-gorge-demi-seins-a-armatures-en-fine-dentelle-noire-dg13252blk.jpg\",\"width\":800,\"height\":800},{\"@type\":\"BreadcrumbList\",\"@id\":\"https:\/\/eveilintime.fr\/index.php\/produit\/soutien-gorge-demi-seins-a-armatures-en-fine-dentelle-noire\/#breadcrumb\",\"itemListElement\":[{\"@type\":\"ListItem\",\"position\":1,\"name\":\"Accueil\",\"item\":\"https:\/\/eveilintime.fr\/\"},{\"@type\":\"ListItem\",\"position\":2,\"name\":\"Boutique\",\"item\":\"https:\/\/eveilintime.fr\/?page_id=8\"},{\"@type\":\"ListItem\",\"position\":3,\"name\":\"Soutien-gorge Demi-seins \u00e0 armatures en fine dentelle noire\"}]},{\"@type\":\"WebSite\",\"@id\":\"https:\/\/eveilintime.fr\/#website\",\"url\":\"https:\/\/eveilintime.fr\/\",\"name\":\"\u00c9veilintime\",\"description\":\"Parce que l&#039;intime m\u00e9rite l&#039;\u00e9l\u00e9gance\",\"publisher\":{\"@id\":\"https:\/\/eveilintime.fr\/#organization\"},\"potentialAction\":[{\"@type\":\"SearchAction\",\"target\":{\"@type\":\"EntryPoint\",\"urlTemplate\":\"https:\/\/eveilintime.fr\/?s={search_term_string}\"},\"query-input\":{\"@type\":\"PropertyValueSpecification\",\"valueRequired\":true,\"valueName\":\"search_term_string\"}}],\"inLanguage\":\"fr-FR\"},{\"@type\":\"Organization\",\"@id\":\"https:\/\/eveilintime.fr\/#organization\",\"name\":\"\u00c9veilintime\",\"url\":\"https:\/\/eveilintime.fr\/\",\"logo\":{\"@type\":\"ImageObject\",\"inLanguage\":\"fr-FR\",\"@id\":\"https:\/\/eveilintime.fr\/#\/schema\/logo\/image\/\",\"url\":\"https:\/\/eveilintime.fr\/wp-content\/uploads\/2025\/09\/logo-Eveil-Intime.png\",\"contentUrl\":\"https:\/\/eveilintime.fr\/wp-content\/uploads\/2025\/09\/logo-Eveil-Intime.png\",\"width\":417,\"height\":160,\"caption\":\"\u00c9veilintime\"},\"image\":{\"@id\":\"https:\/\/eveilintime.fr\/#\/schema\/logo\/image\/\"}}]}<\/script>\n<!-- \/ Yoast SEO plugin. -->","yoast_head_json":{"title":"Soutien-gorge Demi-seins \u00e0 armatures en fine dentelle noire - \u00c9veil Intime","description":"D\u00e9couvrez notre collection de soutiens-gorge \u00e9l\u00e9gants et confortables. Lingerie raffin\u00e9e, toutes tailles et styles pour sublimer votre f\u00e9minit\u00e9.","robots":{"index":"index","follow":"follow","max-snippet":"max-snippet:-1","max-image-preview":"max-image-preview:large","max-video-preview":"max-video-preview:-1"},"canonical":"https:\/\/eveilintime.fr\/index.php\/produit\/soutien-gorge-demi-seins-a-armatures-en-fine-dentelle-noire\/","og_locale":"fr_FR","og_type":"article","og_title":"Soutien-gorge Demi-seins \u00e0 armatures en fine dentelle noire - \u00c9veil Intime","og_description":"D\u00e9couvrez notre collection de soutiens-gorge \u00e9l\u00e9gants et confortables. Lingerie raffin\u00e9e, toutes tailles et styles pour sublimer votre f\u00e9minit\u00e9.","og_url":"https:\/\/eveilintime.fr\/index.php\/produit\/soutien-gorge-demi-seins-a-armatures-en-fine-dentelle-noire\/","og_site_name":"\u00c9veil Intime","og_image":[{"width":800,"height":800,"url":"https:\/\/eveilintime.fr\/wp-content\/uploads\/2025\/10\/soutien-gorge-demi-seins-a-armatures-en-fine-dentelle-noire-dg13252blk.jpg","type":"image\/jpeg"}],"twitter_card":"summary_large_image","twitter_misc":{"Dur\u00e9e de lecture estim\u00e9e":"1 minute"},"schema":{"@context":"https:\/\/schema.org","@graph":[{"@type":"WebPage","@id":"https:\/\/eveilintime.fr\/index.php\/produit\/soutien-gorge-demi-seins-a-armatures-en-fine-dentelle-noire\/","url":"https:\/\/eveilintime.fr\/index.php\/produit\/soutien-gorge-demi-seins-a-armatures-en-fine-dentelle-noire\/","name":"Soutien-gorge Demi-seins \u00e0 armatures en fine dentelle noire - \u00c9veil Intime","isPartOf":{"@id":"https:\/\/eveilintime.fr\/#website"},"primaryImageOfPage":{"@id":"https:\/\/eveilintime.fr\/index.php\/produit\/soutien-gorge-demi-seins-a-armatures-en-fine-dentelle-noire\/#primaryimage"},"image":{"@id":"https:\/\/eveilintime.fr\/index.php\/produit\/soutien-gorge-demi-seins-a-armatures-en-fine-dentelle-noire\/#primaryimage"},"thumbnailUrl":"https:\/\/eveilintime.fr\/wp-content\/uploads\/2025\/10\/soutien-gorge-demi-seins-a-armatures-en-fine-dentelle-noire-dg13252blk.jpg","datePublished":"2025-10-03T20:14:41+00:00","description":"D\u00e9couvrez notre collection de soutiens-gorge \u00e9l\u00e9gants et confortables. Lingerie raffin\u00e9e, toutes tailles et styles pour sublimer votre f\u00e9minit\u00e9.","breadcrumb":{"@id":"https:\/\/eveilintime.fr\/index.php\/produit\/soutien-gorge-demi-seins-a-armatures-en-fine-dentelle-noire\/#breadcrumb"},"inLanguage":"fr-FR","potentialAction":[{"@type":"ReadAction","target":["https:\/\/eveilintime.fr\/index.php\/produit\/soutien-gorge-demi-seins-a-armatures-en-fine-dentelle-noire\/"]}]},{"@type":"ImageObject","inLanguage":"fr-FR","@id":"https:\/\/eveilintime.fr\/index.php\/produit\/soutien-gorge-demi-seins-a-armatures-en-fine-dentelle-noire\/#primaryimage","url":"https:\/\/eveilintime.fr\/wp-content\/uploads\/2025\/10\/soutien-gorge-demi-seins-a-armatures-en-fine-dentelle-noire-dg13252blk.jpg","contentUrl":"https:\/\/eveilintime.fr\/wp-content\/uploads\/2025\/10\/soutien-gorge-demi-seins-a-armatures-en-fine-dentelle-noire-dg13252blk.jpg","width":800,"height":800},{"@type":"BreadcrumbList","@id":"https:\/\/eveilintime.fr\/index.php\/produit\/soutien-gorge-demi-seins-a-armatures-en-fine-dentelle-noire\/#breadcrumb","itemListElement":[{"@type":"ListItem","position":1,"name":"Accueil","item":"https:\/\/eveilintime.fr\/"},{"@type":"ListItem","position":2,"name":"Boutique","item":"https:\/\/eveilintime.fr\/?page_id=8"},{"@type":"ListItem","position":3,"name":"Soutien-gorge Demi-seins \u00e0 armatures en fine dentelle noire"}]},{"@type":"WebSite","@id":"https:\/\/eveilintime.fr\/#website","url":"https:\/\/eveilintime.fr\/","name":"\u00c9veilintime","description":"Parce que l&#039;intime m\u00e9rite l&#039;\u00e9l\u00e9gance","publisher":{"@id":"https:\/\/eveilintime.fr\/#organization"},"potentialAction":[{"@type":"SearchAction","target":{"@type":"EntryPoint","urlTemplate":"https:\/\/eveilintime.fr\/?s={search_term_string}"},"query-input":{"@type":"PropertyValueSpecification","valueRequired":true,"valueName":"search_term_string"}}],"inLanguage":"fr-FR"},{"@type":"Organization","@id":"https:\/\/eveilintime.fr\/#organization","name":"\u00c9veilintime","url":"https:\/\/eveilintime.fr\/","logo":{"@type":"ImageObject","inLanguage":"fr-FR","@id":"https:\/\/eveilintime.fr\/#\/schema\/logo\/image\/","url":"https:\/\/eveilintime.fr\/wp-content\/uploads\/2025\/09\/logo-Eveil-Intime.png","contentUrl":"https:\/\/eveilintime.fr\/wp-content\/uploads\/2025\/09\/logo-Eveil-Intime.png","width":417,"height":160,"caption":"\u00c9veilintime"},"image":{"@id":"https:\/\/eveilintime.fr\/#\/schema\/logo\/image\/"}}]}},"jetpack_sharing_enabled":true,"_links":{"self":[{"href":"https:\/\/eveilintime.fr\/index.php?rest_route=\/wp\/v2\/product\/1122","targetHints":{"allow":["GET"]}}],"collection":[{"href":"https:\/\/eveilintime.fr\/index.php?rest_route=\/wp\/v2\/product"}],"about":[{"href":"https:\/\/eveilintime.fr\/index.php?rest_route=\/wp\/v2\/types\/product"}],"replies":[{"embeddable":true,"href":"https:\/\/eveilintime.fr\/index.php?rest_route=%2Fwp%2Fv2%2Fcomments&post=1122"}],"version-history":[{"count":1,"href":"https:\/\/eveilintime.fr\/index.php?rest_route=\/wp\/v2\/product\/1122\/revisions"}],"predecessor-version":[{"id":1130,"href":"https:\/\/eveilintime.fr\/index.php?rest_route=\/wp\/v2\/product\/1122\/revisions\/1130"}],"wp:featuredmedia":[{"embeddable":true,"href":"https:\/\/eveilintime.fr\/index.php?rest_route=\/wp\/v2\/media\/1125"}],"wp:attachment":[{"href":"https:\/\/eveilintime.fr\/index.php?rest_route=%2Fwp%2Fv2%2Fmedia&parent=1122"}],"wp:term":[{"taxonomy":"product_brand","embeddable":true,"href":"https:\/\/eveilintime.fr\/index.php?rest_route=%2Fwp%2Fv2%2Fproduct_brand&post=1122"},{"taxonomy":"product_cat","embeddable":true,"href":"https:\/\/eveilintime.fr\/index.php?rest_route=%2Fwp%2Fv2%2Fproduct_cat&post=1122"},{"taxonomy":"product_tag","embeddable":true,"href":"https:\/\/eveilintime.fr\/index.php?rest_route=%2Fwp%2Fv2%2Fproduct_tag&post=1122"}],"curies":[{"name":"wp","href":"https:\/\/api.w.org\/{rel}","templated":true}]}}