{"id":1039,"date":"2025-10-02T22:12:29","date_gmt":"2025-10-02T22:12:29","guid":{"rendered":"https:\/\/eveilintime.fr\/?post_type=product&#038;p=1039"},"modified":"2025-10-03T22:10:45","modified_gmt":"2025-10-03T22:10:45","slug":"coffret-ensemble-coquin-4-produits-shunga","status":"publish","type":"product","link":"https:\/\/eveilintime.fr\/?product=coffret-ensemble-coquin-4-produits-shunga","title":{"rendered":"Coffret Ensemble coquin 4 produits Shunga"},"content":{"rendered":"<section id=\"DESCRIPTION\" class=\"elementor-element elementor-element-7824a04e elementor-widget-nav-menu elementor-section-tabbed elementor-section-boxed elementor-section-height-default elementor-section-height-default elementor-section elementor-top-section\" data-id=\"7824a04e\" data-element_type=\"section\">\n<div class=\"elementor-container elementor-column-gap-default\">\n<div class=\"elementor-row\">\n<div class=\"elementor-element elementor-element-23d0278 description elementor-column elementor-col-100 elementor-top-column elementor-active\" data-id=\"23d0278\" data-element_type=\"column\">\n<div class=\"elementor-column-wrap elementor-element-populated\">\n<div class=\"elementor-widget-wrap\">\n<div class=\"elementor-element elementor-element-2c16be9 elementor-widget elementor-widget-product-description elementor-widget-text-editor\" data-id=\"2c16be9\" data-element_type=\"widget\" data-widget_type=\"product-description.default\">\n<div class=\"elementor-widget-container\">\n<p>Coffret ensemble coquin contenant 4 produits.<\/p>\n<p>&#8211; Cr\u00e8me point G Pluie d&rsquo;amour 30 ml<\/p>\n<p>Ingredients (INCI): Water\/Eau (Aqua), Safflower Seed Oil\/Huile de carthame (Carthamus Tinctorius Oil), Glycerin\/Glyc\u00e9rine, Almond Oil\/Huile d\u2019amande (Prunus Amygdalus Dulcis Oil), Acrylates\/C10-30 Alkyl Acrylate Crosspolymer, Grape Seed Oil\/Huile de p\u00e9pin de raisin (Vitis Vinifera Seed Oil), Sesame Seed Oil\/ Huile de sesame (Sesamum Indicium Seed Oil), Avocado Oil\/Huile d\u2019avocat (Persea Gratissima Oil), Glycereth-2 cocoate\/Benzoic Acid\/Sodium PCA, L-Arginine, Peppermint Oil\/Huile de menthe poivr\u00e9e (Mentha Piperita Oil), Menthyl Lactate, Damiana Extract\/Extrait de damiane (Tunera Aphrodisiaca Extract), Horny Goat Weed Extract\/ Extrait d&rsquo;Epimedium (Epimedium), Vitamin\/Vitamine E (Tocopherol).<\/p>\n<p>&#8211; Dragon Cr\u00e8me 60 ml.<\/p>\n<p>Ingredients (INCI): Water\/Eau (Aqua), Glycerin\/Glyc\u00e9rine, Hydrogenated Polyisobutene (And) Ethylene\/Propylene\/<br \/>\nStyrene Copolymer , (And) Butylene \/ Ethylene \/ Styrene Copolymer, Propylene Glycol, Safflower Oil\/Huile de<br \/>\ncarthame (Carthamus Tinctorius Oil), Polyquaternium-7, Caprylic\/Capric Triglyceride, Sweet Almond Oil\/Huile<br \/>\nd\u2019amande douce (Prunus Dulcis Oil), Menthyl Lactate, Grape Seed Oil\/Huile de p\u00e9pin de raisin (Vitis Vinifera Oil),<br \/>\nSesame Oil\/Huile de sesame (Sesamum Indicum Oil), Avocado Oil\/Huile d\u2019avocat (Persa Americana Oil), Flavor\/<br \/>\nSaveur (Aroma), Decaglycerol Decaoleate, Hydroxyethyl Cellulose, Acrylates\/C10-30 Alkylacrylate Crosspolymer,<br \/>\nDecaglycerol Oleate, L-Arginine, Carbomer, Proprietary Extract Blend of\/M\u00e9lange propri\u00e9taire (Maca,<br \/>\nEpimedium, Damiane, Tribulus), Sucralose, Vitamin\/Vitamine E (Tocopherol), Vanillyl Butyl Ether, Capsicum<br \/>\nOR, Benzyl Alcohol.<\/p>\n<p>&#8211; Cr\u00e8me Jardin Secret 30 ml.<\/p>\n<p>Ingredients (INCI): Water\/Eau (Aqua), Glycerin\/Glyc\u00e9rine, Propylene Glycol, Polyquaternium-7, L-Arginine HCL, Hydroxyethyl<br \/>\nCellulose, Damiana Extract\/Extrait de damiane (Tunera Aphrodisiaca Extract), DMDM Hydantoin, Sodium Benzoate,<br \/>\nPeppermint Oil\/Huile de menthe poivr\u00e9e (Mentha Piperita), Capsicum O.R., Vitamin\/Vitamine E (Tocopherol), Citric Acid\/<br \/>\nAcide citrique.<\/p>\n<p>&#8211; Lubrifiant Toko Aqua 165 ml.<\/p>\n<p>Ingredients (INCI): Water\/Eau (Aqua), Glycerin\/Glyc\u00e9rine, Propylene Glycol, Polyquaternium-7.<\/p>\n<\/div>\n<\/div>\n<\/div>\n<\/div>\n<\/div>\n<\/div>\n<\/div>\n<\/section>\n<section class=\"elementor-element elementor-element-78a1835 elementor-section-boxed elementor-section-height-default elementor-section-height-default elementor-section elementor-top-section\" data-id=\"78a1835\" data-element_type=\"section\">\n<div class=\"elementor-container elementor-column-gap-default\">\n<div class=\"elementor-row\">\n<div class=\"elementor-element elementor-element-e9f2151 elementor-column elementor-col-100 elementor-top-column\" data-id=\"e9f2151\" data-element_type=\"column\">\n<div class=\"elementor-column-wrap elementor-element-populated\">\n<div class=\"elementor-widget-wrap\">\n<div class=\"elementor-element elementor-element-4ac083b elementor-widget elementor-widget-spacer\" data-id=\"4ac083b\" data-element_type=\"widget\" data-widget_type=\"spacer.default\">\n<div class=\"elementor-widget-container\">\n<div class=\"elementor-spacer\"><\/div>\n<\/div>\n<\/div>\n<\/div>\n<\/div>\n<\/div>\n<\/div>\n<\/div>\n<\/section>\n","protected":false},"excerpt":{"rendered":"<p>Coffret ensemble coquin contenant 4 produits. &#8211; Cr\u00e8me point G Pluie d&rsquo;amour 30 ml Ingredients (INCI): Water\/Eau (Aqua), Safflower Seed Oil\/Huile de carthame (Carthamus Tinctorius Oil), Glycerin\/Glyc\u00e9rine, Almond Oil\/Huile d\u2019amande (Prunus Amygdalus Dulcis Oil), Acrylates\/C10-30 Alkyl Acrylate Crosspolymer, Grape Seed Oil\/Huile de p\u00e9pin de raisin (Vitis Vinifera Seed Oil), Sesame Seed Oil\/ Huile de sesame [&hellip;]<\/p>\n","protected":false},"featured_media":1041,"comment_status":"open","ping_status":"closed","template":"","meta":[],"product_brand":[41],"product_cat":[59],"product_tag":[61,60],"class_list":{"0":"post-1039","1":"product","2":"type-product","3":"status-publish","4":"has-post-thumbnail","6":"product_brand-shunga","7":"product_cat-box-soin-et-beaute","8":"product_tag-beaute","9":"product_tag-soin","11":"first","12":"instock","13":"taxable","14":"shipping-taxable","15":"purchasable","16":"product-type-simple"},"yoast_head":"<!-- This site is optimized with the Yoast SEO plugin v27.1.1 - https:\/\/yoast.com\/product\/yoast-seo-wordpress\/ -->\n<title>Coffret Ensemble coquin 4 produits Shunga - \u00c9veil Intime<\/title>\n<meta name=\"description\" content=\"BDSM en toute confiance : accessoires pour d\u00e9butants ou experts, qualit\u00e9 et discr\u00e9tion assur\u00e9es. Explorez vos envies sans tabous.\" \/>\n<meta name=\"robots\" content=\"index, follow, max-snippet:-1, max-image-preview:large, max-video-preview:-1\" \/>\n<link rel=\"canonical\" href=\"https:\/\/eveilintime.fr\/index.php\/produit\/coffret-ensemble-coquin-4-produits-shunga\/\" \/>\n<meta property=\"og:locale\" content=\"fr_FR\" \/>\n<meta property=\"og:type\" content=\"article\" \/>\n<meta property=\"og:title\" content=\"Coffret Ensemble coquin 4 produits Shunga - \u00c9veil Intime\" \/>\n<meta property=\"og:description\" content=\"BDSM en toute confiance : accessoires pour d\u00e9butants ou experts, qualit\u00e9 et discr\u00e9tion assur\u00e9es. Explorez vos envies sans tabous.\" \/>\n<meta property=\"og:url\" content=\"https:\/\/eveilintime.fr\/index.php\/produit\/coffret-ensemble-coquin-4-produits-shunga\/\" \/>\n<meta property=\"og:site_name\" content=\"\u00c9veil Intime\" \/>\n<meta property=\"article:modified_time\" content=\"2025-10-03T22:10:45+00:00\" \/>\n<meta property=\"og:image\" content=\"https:\/\/eveilintime.fr\/wp-content\/uploads\/2025\/10\/coffret-ensemble-coquin-4-produits-shunga-cc2005.jpg\" \/>\n\t<meta property=\"og:image:width\" content=\"800\" \/>\n\t<meta property=\"og:image:height\" content=\"800\" \/>\n\t<meta property=\"og:image:type\" content=\"image\/jpeg\" \/>\n<meta name=\"twitter:card\" content=\"summary_large_image\" \/>\n<meta name=\"twitter:label1\" content=\"Dur\u00e9e de lecture estim\u00e9e\" \/>\n\t<meta name=\"twitter:data1\" content=\"2 minutes\" \/>\n<script type=\"application\/ld+json\" class=\"yoast-schema-graph\">{\"@context\":\"https:\/\/schema.org\",\"@graph\":[{\"@type\":\"WebPage\",\"@id\":\"https:\/\/eveilintime.fr\/index.php\/produit\/coffret-ensemble-coquin-4-produits-shunga\/\",\"url\":\"https:\/\/eveilintime.fr\/index.php\/produit\/coffret-ensemble-coquin-4-produits-shunga\/\",\"name\":\"Coffret Ensemble coquin 4 produits Shunga - \u00c9veil Intime\",\"isPartOf\":{\"@id\":\"https:\/\/eveilintime.fr\/#website\"},\"primaryImageOfPage\":{\"@id\":\"https:\/\/eveilintime.fr\/index.php\/produit\/coffret-ensemble-coquin-4-produits-shunga\/#primaryimage\"},\"image\":{\"@id\":\"https:\/\/eveilintime.fr\/index.php\/produit\/coffret-ensemble-coquin-4-produits-shunga\/#primaryimage\"},\"thumbnailUrl\":\"https:\/\/eveilintime.fr\/wp-content\/uploads\/2025\/10\/coffret-ensemble-coquin-4-produits-shunga-cc2005.jpg\",\"datePublished\":\"2025-10-02T22:12:29+00:00\",\"dateModified\":\"2025-10-03T22:10:45+00:00\",\"description\":\"BDSM en toute confiance : accessoires pour d\u00e9butants ou experts, qualit\u00e9 et discr\u00e9tion assur\u00e9es. Explorez vos envies sans tabous.\",\"breadcrumb\":{\"@id\":\"https:\/\/eveilintime.fr\/index.php\/produit\/coffret-ensemble-coquin-4-produits-shunga\/#breadcrumb\"},\"inLanguage\":\"fr-FR\",\"potentialAction\":[{\"@type\":\"ReadAction\",\"target\":[\"https:\/\/eveilintime.fr\/index.php\/produit\/coffret-ensemble-coquin-4-produits-shunga\/\"]}]},{\"@type\":\"ImageObject\",\"inLanguage\":\"fr-FR\",\"@id\":\"https:\/\/eveilintime.fr\/index.php\/produit\/coffret-ensemble-coquin-4-produits-shunga\/#primaryimage\",\"url\":\"https:\/\/eveilintime.fr\/wp-content\/uploads\/2025\/10\/coffret-ensemble-coquin-4-produits-shunga-cc2005.jpg\",\"contentUrl\":\"https:\/\/eveilintime.fr\/wp-content\/uploads\/2025\/10\/coffret-ensemble-coquin-4-produits-shunga-cc2005.jpg\",\"width\":800,\"height\":800},{\"@type\":\"BreadcrumbList\",\"@id\":\"https:\/\/eveilintime.fr\/index.php\/produit\/coffret-ensemble-coquin-4-produits-shunga\/#breadcrumb\",\"itemListElement\":[{\"@type\":\"ListItem\",\"position\":1,\"name\":\"Accueil\",\"item\":\"https:\/\/eveilintime.fr\/\"},{\"@type\":\"ListItem\",\"position\":2,\"name\":\"Boutique\",\"item\":\"https:\/\/eveilintime.fr\/?page_id=8\"},{\"@type\":\"ListItem\",\"position\":3,\"name\":\"Coffret Ensemble coquin 4 produits Shunga\"}]},{\"@type\":\"WebSite\",\"@id\":\"https:\/\/eveilintime.fr\/#website\",\"url\":\"https:\/\/eveilintime.fr\/\",\"name\":\"\u00c9veilintime\",\"description\":\"Parce que l&#039;intime m\u00e9rite l&#039;\u00e9l\u00e9gance\",\"publisher\":{\"@id\":\"https:\/\/eveilintime.fr\/#organization\"},\"potentialAction\":[{\"@type\":\"SearchAction\",\"target\":{\"@type\":\"EntryPoint\",\"urlTemplate\":\"https:\/\/eveilintime.fr\/?s={search_term_string}\"},\"query-input\":{\"@type\":\"PropertyValueSpecification\",\"valueRequired\":true,\"valueName\":\"search_term_string\"}}],\"inLanguage\":\"fr-FR\"},{\"@type\":\"Organization\",\"@id\":\"https:\/\/eveilintime.fr\/#organization\",\"name\":\"\u00c9veilintime\",\"url\":\"https:\/\/eveilintime.fr\/\",\"logo\":{\"@type\":\"ImageObject\",\"inLanguage\":\"fr-FR\",\"@id\":\"https:\/\/eveilintime.fr\/#\/schema\/logo\/image\/\",\"url\":\"https:\/\/eveilintime.fr\/wp-content\/uploads\/2025\/09\/logo-Eveil-Intime.png\",\"contentUrl\":\"https:\/\/eveilintime.fr\/wp-content\/uploads\/2025\/09\/logo-Eveil-Intime.png\",\"width\":417,\"height\":160,\"caption\":\"\u00c9veilintime\"},\"image\":{\"@id\":\"https:\/\/eveilintime.fr\/#\/schema\/logo\/image\/\"}}]}<\/script>\n<!-- \/ Yoast SEO plugin. -->","yoast_head_json":{"title":"Coffret Ensemble coquin 4 produits Shunga - \u00c9veil Intime","description":"BDSM en toute confiance : accessoires pour d\u00e9butants ou experts, qualit\u00e9 et discr\u00e9tion assur\u00e9es. Explorez vos envies sans tabous.","robots":{"index":"index","follow":"follow","max-snippet":"max-snippet:-1","max-image-preview":"max-image-preview:large","max-video-preview":"max-video-preview:-1"},"canonical":"https:\/\/eveilintime.fr\/index.php\/produit\/coffret-ensemble-coquin-4-produits-shunga\/","og_locale":"fr_FR","og_type":"article","og_title":"Coffret Ensemble coquin 4 produits Shunga - \u00c9veil Intime","og_description":"BDSM en toute confiance : accessoires pour d\u00e9butants ou experts, qualit\u00e9 et discr\u00e9tion assur\u00e9es. Explorez vos envies sans tabous.","og_url":"https:\/\/eveilintime.fr\/index.php\/produit\/coffret-ensemble-coquin-4-produits-shunga\/","og_site_name":"\u00c9veil Intime","article_modified_time":"2025-10-03T22:10:45+00:00","og_image":[{"width":800,"height":800,"url":"https:\/\/eveilintime.fr\/wp-content\/uploads\/2025\/10\/coffret-ensemble-coquin-4-produits-shunga-cc2005.jpg","type":"image\/jpeg"}],"twitter_card":"summary_large_image","twitter_misc":{"Dur\u00e9e de lecture estim\u00e9e":"2 minutes"},"schema":{"@context":"https:\/\/schema.org","@graph":[{"@type":"WebPage","@id":"https:\/\/eveilintime.fr\/index.php\/produit\/coffret-ensemble-coquin-4-produits-shunga\/","url":"https:\/\/eveilintime.fr\/index.php\/produit\/coffret-ensemble-coquin-4-produits-shunga\/","name":"Coffret Ensemble coquin 4 produits Shunga - \u00c9veil Intime","isPartOf":{"@id":"https:\/\/eveilintime.fr\/#website"},"primaryImageOfPage":{"@id":"https:\/\/eveilintime.fr\/index.php\/produit\/coffret-ensemble-coquin-4-produits-shunga\/#primaryimage"},"image":{"@id":"https:\/\/eveilintime.fr\/index.php\/produit\/coffret-ensemble-coquin-4-produits-shunga\/#primaryimage"},"thumbnailUrl":"https:\/\/eveilintime.fr\/wp-content\/uploads\/2025\/10\/coffret-ensemble-coquin-4-produits-shunga-cc2005.jpg","datePublished":"2025-10-02T22:12:29+00:00","dateModified":"2025-10-03T22:10:45+00:00","description":"BDSM en toute confiance : accessoires pour d\u00e9butants ou experts, qualit\u00e9 et discr\u00e9tion assur\u00e9es. Explorez vos envies sans tabous.","breadcrumb":{"@id":"https:\/\/eveilintime.fr\/index.php\/produit\/coffret-ensemble-coquin-4-produits-shunga\/#breadcrumb"},"inLanguage":"fr-FR","potentialAction":[{"@type":"ReadAction","target":["https:\/\/eveilintime.fr\/index.php\/produit\/coffret-ensemble-coquin-4-produits-shunga\/"]}]},{"@type":"ImageObject","inLanguage":"fr-FR","@id":"https:\/\/eveilintime.fr\/index.php\/produit\/coffret-ensemble-coquin-4-produits-shunga\/#primaryimage","url":"https:\/\/eveilintime.fr\/wp-content\/uploads\/2025\/10\/coffret-ensemble-coquin-4-produits-shunga-cc2005.jpg","contentUrl":"https:\/\/eveilintime.fr\/wp-content\/uploads\/2025\/10\/coffret-ensemble-coquin-4-produits-shunga-cc2005.jpg","width":800,"height":800},{"@type":"BreadcrumbList","@id":"https:\/\/eveilintime.fr\/index.php\/produit\/coffret-ensemble-coquin-4-produits-shunga\/#breadcrumb","itemListElement":[{"@type":"ListItem","position":1,"name":"Accueil","item":"https:\/\/eveilintime.fr\/"},{"@type":"ListItem","position":2,"name":"Boutique","item":"https:\/\/eveilintime.fr\/?page_id=8"},{"@type":"ListItem","position":3,"name":"Coffret Ensemble coquin 4 produits Shunga"}]},{"@type":"WebSite","@id":"https:\/\/eveilintime.fr\/#website","url":"https:\/\/eveilintime.fr\/","name":"\u00c9veilintime","description":"Parce que l&#039;intime m\u00e9rite l&#039;\u00e9l\u00e9gance","publisher":{"@id":"https:\/\/eveilintime.fr\/#organization"},"potentialAction":[{"@type":"SearchAction","target":{"@type":"EntryPoint","urlTemplate":"https:\/\/eveilintime.fr\/?s={search_term_string}"},"query-input":{"@type":"PropertyValueSpecification","valueRequired":true,"valueName":"search_term_string"}}],"inLanguage":"fr-FR"},{"@type":"Organization","@id":"https:\/\/eveilintime.fr\/#organization","name":"\u00c9veilintime","url":"https:\/\/eveilintime.fr\/","logo":{"@type":"ImageObject","inLanguage":"fr-FR","@id":"https:\/\/eveilintime.fr\/#\/schema\/logo\/image\/","url":"https:\/\/eveilintime.fr\/wp-content\/uploads\/2025\/09\/logo-Eveil-Intime.png","contentUrl":"https:\/\/eveilintime.fr\/wp-content\/uploads\/2025\/09\/logo-Eveil-Intime.png","width":417,"height":160,"caption":"\u00c9veilintime"},"image":{"@id":"https:\/\/eveilintime.fr\/#\/schema\/logo\/image\/"}}]}},"jetpack_sharing_enabled":true,"_links":{"self":[{"href":"https:\/\/eveilintime.fr\/index.php?rest_route=\/wp\/v2\/product\/1039","targetHints":{"allow":["GET"]}}],"collection":[{"href":"https:\/\/eveilintime.fr\/index.php?rest_route=\/wp\/v2\/product"}],"about":[{"href":"https:\/\/eveilintime.fr\/index.php?rest_route=\/wp\/v2\/types\/product"}],"replies":[{"embeddable":true,"href":"https:\/\/eveilintime.fr\/index.php?rest_route=%2Fwp%2Fv2%2Fcomments&post=1039"}],"version-history":[{"count":1,"href":"https:\/\/eveilintime.fr\/index.php?rest_route=\/wp\/v2\/product\/1039\/revisions"}],"predecessor-version":[{"id":1042,"href":"https:\/\/eveilintime.fr\/index.php?rest_route=\/wp\/v2\/product\/1039\/revisions\/1042"}],"wp:featuredmedia":[{"embeddable":true,"href":"https:\/\/eveilintime.fr\/index.php?rest_route=\/wp\/v2\/media\/1041"}],"wp:attachment":[{"href":"https:\/\/eveilintime.fr\/index.php?rest_route=%2Fwp%2Fv2%2Fmedia&parent=1039"}],"wp:term":[{"taxonomy":"product_brand","embeddable":true,"href":"https:\/\/eveilintime.fr\/index.php?rest_route=%2Fwp%2Fv2%2Fproduct_brand&post=1039"},{"taxonomy":"product_cat","embeddable":true,"href":"https:\/\/eveilintime.fr\/index.php?rest_route=%2Fwp%2Fv2%2Fproduct_cat&post=1039"},{"taxonomy":"product_tag","embeddable":true,"href":"https:\/\/eveilintime.fr\/index.php?rest_route=%2Fwp%2Fv2%2Fproduct_tag&post=1039"}],"curies":[{"name":"wp","href":"https:\/\/api.w.org\/{rel}","templated":true}]}}